{"id":2243,"date":"2020-08-23T22:16:07","date_gmt":"2020-08-23T22:16:07","guid":{"rendered":"https:\/\/zoe-t.es\/white-nature\/way-color\/"},"modified":"2021-04-13T10:52:16","modified_gmt":"2021-04-13T10:52:16","slug":"way-color","status":"publish","type":"page","link":"https:\/\/zoe-t.es\/es\/white-nature\/way-color\/","title":{"rendered":"WAY COLOR"},"content":{"rendered":"<p>[et_pb_section fb_built=\u00bb1&#8243; _builder_version=\u00bb4.5.3&#8243; _module_preset=\u00bbdefault\u00bb custom_padding=\u00bb0px||0px||false|false\u00bb][et_pb_row column_structure=\u00bb3_5,2_5&#8243; use_custom_gutter=\u00bbon\u00bb make_equal=\u00bbon\u00bb custom_padding_last_edited=\u00bbon|desktop\u00bb _builder_version=\u00bb4.5.6&#8243; _module_preset=\u00bbdefault\u00bb background_color=\u00bb#000000&#8243; background_image=\u00bbhttps:\/\/zoe-t.es\/wp-content\/uploads\/2020\/08\/bg-white-nature-2.jpg\u00bb width=\u00bb100%\u00bb custom_margin=\u00bb||0px||false|false\u00bb custom_margin_tablet=\u00bb||-25px||false|false\u00bb custom_margin_phone=\u00bb\u00bb custom_margin_last_edited=\u00bbon|desktop\u00bb custom_padding=\u00bb0px||0px||false|false\u00bb custom_padding_tablet=\u00bb0px||0px||false|false\u00bb custom_padding_phone=\u00bb\u00bb background_last_edited=\u00bbon|phone\u00bb background_image_tablet=\u00bbhttps:\/\/zoe-t.es\/wp-content\/uploads\/2020\/08\/bg_white_nature2.jpg\u00bb background_image_phone=\u00bbhttps:\/\/zoe-t.es\/wp-content\/uploads\/2020\/08\/bg_white_nature2.jpg\u00bb background_enable_image_tablet=\u00bbon\u00bb background_enable_image_phone=\u00bbon\u00bb background_size_phone=\u00bbcover\u00bb title_text_phone=\u00bbWHITE NATURE\u00bb title_text_tablet=\u00bbWHITE NATURE\u00bb alt_tablet=\u00bbWHITE NATURE\u00bb alt_phone=\u00bbWHITE NATURE\u00bb][et_pb_column type=\u00bb3_5&#8243; _builder_version=\u00bb4.5.6&#8243; _module_preset=\u00bbdefault\u00bb background_image=\u00bbhttps:\/\/zoe-t.es\/wp-content\/uploads\/2020\/08\/way-color-products-1.png\u00bb custom_padding=\u00bb185px||185px||true|false\u00bb custom_padding_tablet=\u00bb165px||165px||true|false\u00bb custom_padding_phone=\u00bb165px||165px||true|false\u00bb custom_padding_last_edited=\u00bbon|tablet\u00bb background_last_edited=\u00bbon|phone\u00bb background_image_tablet=\u00bbhttps:\/\/zoe-t.es\/wp-content\/uploads\/2020\/08\/way-color-products-mobile-1.png\u00bb background_image_phone=\u00bbhttps:\/\/zoe-t.es\/wp-content\/uploads\/2020\/08\/way-color-products-mobile-1.png\u00bb background_enable_image_tablet=\u00bbon\u00bb background_enable_image_phone=\u00bbon\u00bb background_size_tablet=\u00bbcontain\u00bb alt_tablet=\u00bbWAY COLOR\u00bb title_text_tablet=\u00bbWAY COLOR\u00bb alt_phone=\u00bbWAY COLOR\u00bb title_text_phone=\u00bbWAY COLOR\u00bb][\/et_pb_column][et_pb_column type=\u00bb2_5&#8243; _builder_version=\u00bb4.5.3&#8243; _module_preset=\u00bbdefault\u00bb background_enable_color=\u00bboff\u00bb custom_padding=\u00bb80px|||25px|false|false\u00bb custom_padding_tablet=\u00bb0px|||0px|false|false\u00bb custom_padding_phone=\u00bb\u00bb custom_padding_last_edited=\u00bbon|desktop\u00bb][et_pb_image src=\u00bbhttps:\/\/zoe-t.es\/wp-content\/uploads\/2020\/08\/way-color-2.jpg\u00bb alt=\u00bbWAY COLOR\u00bb title_text=\u00bbWAY COLOR\u00bb align=\u00bbcenter\u00bb align_tablet=\u00bbcenter\u00bb align_phone=\u00bb\u00bb align_last_edited=\u00bbon|tablet\u00bb _builder_version=\u00bb4.5.6&#8243; _module_preset=\u00bbdefault\u00bb width=\u00bb30%\u00bb width_tablet=\u00bb19%\u00bb width_phone=\u00bb27%\u00bb width_last_edited=\u00bbon|desktop\u00bb module_alignment=\u00bbleft\u00bb custom_margin=\u00bb14vh||||false|false\u00bb custom_margin_tablet=\u00bb0vh||||false|false\u00bb custom_margin_phone=\u00bb-3vh||||false|false\u00bb custom_margin_last_edited=\u00bbon|desktop\u00bb custom_padding=\u00bb63px||0px||false|false\u00bb custom_padding_tablet=\u00bb19px||27px||false|false\u00bb custom_padding_phone=\u00bb\u00bb custom_padding_last_edited=\u00bbon|phone\u00bb module_alignment_tablet=\u00bbcenter\u00bb module_alignment_phone=\u00bbcenter\u00bb module_alignment_last_edited=\u00bbon|phone\u00bb border_color_all=\u00bb#000000&#8243;][\/et_pb_image][\/et_pb_column][\/et_pb_row][\/et_pb_section][et_pb_section fb_built=\u00bb1&#8243; _builder_version=\u00bb4.5.6&#8243; _module_preset=\u00bbdefault\u00bb custom_padding=\u00bb0px||0px||false|false\u00bb][et_pb_row column_structure=\u00bb1_2,1_2&#8243; _builder_version=\u00bb4.5.3&#8243; _module_preset=\u00bbdefault\u00bb background_enable_image=\u00bboff\u00bb custom_padding=\u00bb81px||2px|||\u00bb][et_pb_column type=\u00bb1_2&#8243; _builder_version=\u00bb4.5.3&#8243; _module_preset=\u00bbdefault\u00bb][et_pb_text _builder_version=\u00bb4.5.6&#8243; _module_preset=\u00bbdefault\u00bb]<\/p>\n<h1>FILOSOF\u00cdA<\/h1>\n<p>Way Color es una formulaci\u00f3n exclusiva de nueva generaci\u00f3n que, adem\u00e1s de\u00a0 cubrir al cien por cien las canas, garantiza una aplicaci\u00f3n c\u00f3moda, colores m\u00e1s intensos, m\u00e1s luminosos, extraordinariamente brillantes y vivos con una\u00a0 excepcional durabilidad gracias a los filtros UV introducidos. El cabello cobra una luz especial, caracterizada por presentar dos facetas: un primer reflejo resplandece sobre la superficie del pelo; el segundo, intenso y vivo, llega hasta el n\u00facleo del cabello, asegurando de este modo una luminosidad total. El pelo se ve hidratado y regenerado, y se peina con toda facilidad.<\/p>\n<p>[\/et_pb_text][et_pb_image _builder_version=\u00bb4.5.3&#8243; _module_preset=\u00bbdefault\u00bb][\/et_pb_image][\/et_pb_column][et_pb_column type=\u00bb1_2&#8243; _builder_version=\u00bb4.5.3&#8243; _module_preset=\u00bbdefault\u00bb][et_pb_text _builder_version=\u00bb4.5.6&#8243; _module_preset=\u00bbdefault\u00bb text_text_color=\u00bb#ffffff\u00bb custom_padding=\u00bb||0px|||\u00bb]<\/p>\n<h1>Professional Hair<br \/>\nCREAM COLOR<\/h1>\n<p>[\/et_pb_text][et_pb_image src=\u00bbhttps:\/\/zoe-t.es\/wp-content\/uploads\/2020\/08\/way-color-ingredients.jpg\u00bb alt=\u00bbProfessional Hair CREAM COLOR\u00bb title_text=\u00bbProfessional Hair CREAM COLOR\u00bb _builder_version=\u00bb4.5.6&#8243; _module_preset=\u00bbdefault\u00bb][\/et_pb_image][\/et_pb_column][\/et_pb_row][et_pb_row column_structure=\u00bb1_4,1_4,1_4,1_4&#8243; _builder_version=\u00bb4.5.3&#8243; _module_preset=\u00bbdefault\u00bb][et_pb_column type=\u00bb1_4&#8243; _builder_version=\u00bb4.5.3&#8243; _module_preset=\u00bbdefault\u00bb][et_pb_image src=\u00bbhttps:\/\/zoe-t.es\/wp-content\/uploads\/2020\/08\/way-color.png\u00bb alt=\u00bbWAY COLOR\u00bb title_text=\u00bbWAY COLOR\u00bb align=\u00bbcenter\u00bb _builder_version=\u00bb4.5.6&#8243; _module_preset=\u00bbdefault\u00bb max_width=\u00bb100%\u00bb max_width_tablet=\u00bb60%\u00bb max_width_phone=\u00bb60%\u00bb max_width_last_edited=\u00bbon|phone\u00bb custom_margin=\u00bb||-3px|||\u00bb custom_padding=\u00bb0px|||||\u00bb][\/et_pb_image][et_pb_text _builder_version=\u00bb4.5.6&#8243; _module_preset=\u00bbdefault\u00bb header_font=\u00bbMolengo|300|||||||\u00bb header_text_align=\u00bbcenter\u00bb header_font_size=\u00bb29px\u00bb header_2_font=\u00bbRoboto|300|||||||\u00bb text_orientation=\u00bbcenter\u00bb custom_padding=\u00bb19px||||false|false\u00bb custom_padding_tablet=\u00bb\u00bb custom_padding_phone=\u00bb\u00bb custom_padding_last_edited=\u00bbon|desktop\u00bb header_font_size_tablet=\u00bb\u00bb header_font_size_phone=\u00bb\u00bb header_font_size_last_edited=\u00bbon|desktop\u00bb border_color_top=\u00bb#006FBA\u00bb]<\/p>\n<h1>Way<br \/>\nColor<\/h1>\n<p>100 ml[\/et_pb_text][\/et_pb_column][et_pb_column type=\u00bb1_4&#8243; _builder_version=\u00bb4.5.3&#8243; _module_preset=\u00bbdefault\u00bb][et_pb_text _builder_version=\u00bb4.5.6&#8243; _module_preset=\u00bbdefault\u00bb header_text_color=\u00bb#ffffff\u00bb header_2_text_color=\u00bb#ffffff\u00bb header_3_text_color=\u00bb#ffffff\u00bb custom_padding=\u00bb60px||||false|false\u00bb]Tratamiento de oxidaci\u00f3n para colorear<br \/>\n&#8211; 100% cobertura de cabellos blancos<br \/>\n&#8211; Aclaraci\u00f3n de hasta 4 tonos<br \/>\n&#8211; Respeta la piel y la fibra<br \/>\n&#8211; Resultado brillante y multidimensional capilar<br \/>\n&#8211; Color estable de larga duraci\u00f3n[\/et_pb_text][\/et_pb_column][et_pb_column type=\u00bb1_4&#8243; _builder_version=\u00bb4.5.3&#8243; _module_preset=\u00bbdefault\u00bb][et_pb_image src=\u00bbhttps:\/\/zoe-t.es\/wp-content\/uploads\/2020\/08\/way-color-activador.png\u00bb alt=\u00bbWAY ACTIVATOR\u00bb title_text=\u00bbWAY ACTIVATOR\u00bb align=\u00bbcenter\u00bb _builder_version=\u00bb4.5.6&#8243; _module_preset=\u00bbdefault\u00bb max_width=\u00bb100%\u00bb max_width_tablet=\u00bb60%\u00bb max_width_phone=\u00bb60%\u00bb max_width_last_edited=\u00bbon|phone\u00bb custom_margin=\u00bb||-3px|||\u00bb custom_padding=\u00bb0px|||||\u00bb][\/et_pb_image][et_pb_text _builder_version=\u00bb4.5.6&#8243; _module_preset=\u00bbdefault\u00bb header_font=\u00bbMolengo|300|||||||\u00bb header_text_align=\u00bbcenter\u00bb header_font_size=\u00bb29px\u00bb header_2_font=\u00bbRoboto|300|||||||\u00bb text_orientation=\u00bbcenter\u00bb custom_padding=\u00bb19px||||false|false\u00bb custom_padding_tablet=\u00bb\u00bb custom_padding_phone=\u00bb\u00bb custom_padding_last_edited=\u00bbon|desktop\u00bb header_font_size_tablet=\u00bb\u00bb header_font_size_phone=\u00bb\u00bb header_font_size_last_edited=\u00bbon|desktop\u00bb border_color_top=\u00bb#006FBA\u00bb]<\/p>\n<h1>Way<br \/>\nActivator<\/h1>\n<p>1000 ml[\/et_pb_text][\/et_pb_column][et_pb_column type=\u00bb1_4&#8243; _builder_version=\u00bb4.5.3&#8243; _module_preset=\u00bbdefault\u00bb][et_pb_text _builder_version=\u00bb4.5.6&#8243; _module_preset=\u00bbdefault\u00bb header_text_color=\u00bb#ffffff\u00bb header_2_text_color=\u00bb#ffffff\u00bb header_3_text_color=\u00bb#ffffff\u00bb custom_padding=\u00bb27px||||false|false\u00bb]Gracias a su f\u00f3rmula estabilizada y calibrada, act\u00faa dando al tratamiento un color m\u00e1s duradero y con eficaces resultados.[\/et_pb_text][\/et_pb_column][\/et_pb_row][et_pb_row column_structure=\u00bb1_4,1_4,1_4,1_4&#8243; _builder_version=\u00bb4.5.3&#8243; _module_preset=\u00bbdefault\u00bb][et_pb_column type=\u00bb1_4&#8243; _builder_version=\u00bb4.5.3&#8243; _module_preset=\u00bbdefault\u00bb][et_pb_image src=\u00bbhttps:\/\/zoe-t.es\/wp-content\/uploads\/2020\/08\/way-color-mixing.png\u00bb alt=\u00bbWay Color Mixing\u00bb title_text=\u00bbWay Color Mixing\u00bb align=\u00bbcenter\u00bb _builder_version=\u00bb4.5.6&#8243; _module_preset=\u00bbdefault\u00bb max_width=\u00bb100%\u00bb max_width_tablet=\u00bb60%\u00bb max_width_phone=\u00bb60%\u00bb max_width_last_edited=\u00bbon|phone\u00bb custom_margin=\u00bb||-3px|||\u00bb custom_padding=\u00bb0px|||||\u00bb][\/et_pb_image][et_pb_text _builder_version=\u00bb4.5.6&#8243; _module_preset=\u00bbdefault\u00bb header_font=\u00bbMolengo|300|||||||\u00bb header_text_align=\u00bbcenter\u00bb header_font_size=\u00bb29px\u00bb header_2_font=\u00bbRoboto|300|||||||\u00bb text_orientation=\u00bbcenter\u00bb custom_padding=\u00bb19px||||false|false\u00bb custom_padding_tablet=\u00bb\u00bb custom_padding_phone=\u00bb\u00bb custom_padding_last_edited=\u00bbon|desktop\u00bb header_font_size_tablet=\u00bb\u00bb header_font_size_phone=\u00bb\u00bb header_font_size_last_edited=\u00bbon|desktop\u00bb border_color_top=\u00bb#006FBA\u00bb]<\/p>\n<h1>Way<br \/>\nColor<br \/>\nMixing<\/h1>\n<p>[\/et_pb_text][\/et_pb_column][et_pb_column type=\u00bb1_4&#8243; _builder_version=\u00bb4.5.3&#8243; _module_preset=\u00bbdefault\u00bb][et_pb_text _builder_version=\u00bb4.5.6&#8243; _module_preset=\u00bbdefault\u00bb header_text_color=\u00bb#ffffff\u00bb header_2_text_color=\u00bb#ffffff\u00bb header_3_text_color=\u00bb#ffffff\u00bb custom_padding=\u00bb60px||||false|false\u00bb]MEZCLA: En un recipiente no met\u00e1lico mezclar 50 ml de My Color con 75 ml de Way Activator, con unas proporciones de 1:1,5.<br \/>\n<strong>En el caso de la Serie Superaclarador:<\/strong><br \/>\n50 ml de My Color + 100 ml de Way Activator, en la proporci\u00f3n de 1:2.<br \/>\nMezclar concienzudamente hasta conseguir una mezcla cremosa y homog\u00e9nea.[\/et_pb_text][\/et_pb_column][et_pb_column type=\u00bb1_4&#8243; _builder_version=\u00bb4.5.3&#8243; _module_preset=\u00bbdefault\u00bb][\/et_pb_column][et_pb_column type=\u00bb1_4&#8243; _builder_version=\u00bb4.5.3&#8243; _module_preset=\u00bbdefault\u00bb][\/et_pb_column][\/et_pb_row][et_pb_row _builder_version=\u00bb4.5.3&#8243; _module_preset=\u00bbdefault\u00bb][et_pb_column type=\u00bb4_4&#8243; _builder_version=\u00bb4.5.3&#8243; _module_preset=\u00bbdefault\u00bb][et_pb_text _builder_version=\u00bb4.9.3&#8243; _module_preset=\u00bbdefault\u00bb header_font=\u00bbMolengo|300|||||||\u00bb header_text_align=\u00bbcenter\u00bb header_font_size=\u00bb29px\u00bb header_2_font=\u00bbRoboto|300|||||||\u00bb text_orientation=\u00bbcenter\u00bb custom_padding=\u00bb19px||||false|false\u00bb custom_padding_tablet=\u00bb\u00bb custom_padding_phone=\u00bb\u00bb custom_padding_last_edited=\u00bbon|desktop\u00bb hover_enabled=\u00bb0&#8243; header_font_size_tablet=\u00bb\u00bb header_font_size_phone=\u00bb\u00bb header_font_size_last_edited=\u00bbon|desktop\u00bb border_color_top=\u00bb#006FBA\u00bb sticky_enabled=\u00bb0&#8243;]<\/p>\n<h1>Nuevos tonos<\/h1>\n<p><img loading=\"lazy\" decoding=\"async\" class=\"wp-image-3738 aligncenter size-full\" src=\"https:\/\/zoe-t.es\/wp-content\/uploads\/2021\/04\/way-color-new-shades.jpeg\" alt=\"\" width=\"1344\" height=\"828\" srcset=\"https:\/\/zoe-t.es\/wp-content\/uploads\/2021\/04\/way-color-new-shades.jpeg 1344w, https:\/\/zoe-t.es\/wp-content\/uploads\/2021\/04\/way-color-new-shades-1280x789.jpeg 1280w, https:\/\/zoe-t.es\/wp-content\/uploads\/2021\/04\/way-color-new-shades-980x604.jpeg 980w, https:\/\/zoe-t.es\/wp-content\/uploads\/2021\/04\/way-color-new-shades-480x296.jpeg 480w\" sizes=\"(min-width: 0px) and (max-width: 480px) 480px, (min-width: 481px) and (max-width: 980px) 980px, (min-width: 981px) and (max-width: 1280px) 1280px, (min-width: 1281px) 1344px, 100vw\" \/><\/p>\n<p>[\/et_pb_text][\/et_pb_column][\/et_pb_row][\/et_pb_section]<\/p>\n","protected":false},"excerpt":{"rendered":"<p>FILOSOF\u00cdA Way Color es una formulaci\u00f3n exclusiva de nueva generaci\u00f3n que, adem\u00e1s de\u00a0 cubrir al cien por cien las canas, garantiza una aplicaci\u00f3n c\u00f3moda, colores m\u00e1s intensos, m\u00e1s luminosos, extraordinariamente brillantes y vivos con una\u00a0 excepcional durabilidad gracias a los filtros UV introducidos. El cabello cobra una luz especial, caracterizada por presentar dos facetas: un [&hellip;]<\/p>\n","protected":false},"author":1,"featured_media":0,"parent":2237,"menu_order":0,"comment_status":"closed","ping_status":"closed","template":"","meta":{"_et_pb_use_builder":"on","_et_pb_old_content":"","_et_gb_content_width":"","footnotes":""},"class_list":["post-2243","page","type-page","status-publish","hentry"],"yoast_head":"<!-- This site is optimized with the Yoast SEO plugin v26.8 - https:\/\/yoast.com\/product\/yoast-seo-wordpress\/ -->\n<title>WAY COLOR - Color profesional en crema para el cabello - ZOET<\/title>\n<meta name=\"description\" content=\"Color profesional en crema para el cabello. F\u00f3rmula de \u00faltima generaci\u00f3n que proporciona una cobertura del 100% de las canas pero tambi\u00e9n una aplicaci\u00f3n c\u00f3moda y colores m\u00e1s intensos.\" \/>\n<meta name=\"robots\" content=\"index, follow, max-snippet:-1, max-image-preview:large, max-video-preview:-1\" \/>\n<link rel=\"canonical\" href=\"https:\/\/zoe-t.es\/es\/white-nature\/way-color\/\" \/>\n<meta property=\"og:locale\" content=\"es_ES\" \/>\n<meta property=\"og:type\" content=\"article\" \/>\n<meta property=\"og:title\" content=\"WAY COLOR - Color profesional en crema para el cabello - ZOET\" \/>\n<meta property=\"og:description\" content=\"Color profesional en crema para el cabello. F\u00f3rmula de \u00faltima generaci\u00f3n que proporciona una cobertura del 100% de las canas pero tambi\u00e9n una aplicaci\u00f3n c\u00f3moda y colores m\u00e1s intensos.\" \/>\n<meta property=\"og:url\" content=\"https:\/\/zoe-t.es\/es\/white-nature\/way-color\/\" \/>\n<meta property=\"og:site_name\" content=\"Zoe-t\" \/>\n<meta property=\"article:modified_time\" content=\"2021-04-13T10:52:16+00:00\" \/>\n<meta property=\"og:image\" content=\"https:\/\/zoe-t.es\/wp-content\/uploads\/2021\/04\/way-color-new-shades.jpeg\" \/>\n<meta name=\"twitter:card\" content=\"summary_large_image\" \/>\n<meta name=\"twitter:label1\" content=\"Tiempo de lectura\" \/>\n\t<meta name=\"twitter:data1\" content=\"7 minutos\" \/>\n<script type=\"application\/ld+json\" class=\"yoast-schema-graph\">{\"@context\":\"https:\/\/schema.org\",\"@graph\":[{\"@type\":\"WebPage\",\"@id\":\"https:\/\/zoe-t.es\/es\/white-nature\/way-color\/\",\"url\":\"https:\/\/zoe-t.es\/es\/white-nature\/way-color\/\",\"name\":\"WAY COLOR - Color profesional en crema para el cabello - ZOET\",\"isPartOf\":{\"@id\":\"https:\/\/zoe-t.es\/es\/#website\"},\"primaryImageOfPage\":{\"@id\":\"https:\/\/zoe-t.es\/es\/white-nature\/way-color\/#primaryimage\"},\"image\":{\"@id\":\"https:\/\/zoe-t.es\/es\/white-nature\/way-color\/#primaryimage\"},\"thumbnailUrl\":\"https:\/\/zoe-t.es\/wp-content\/uploads\/2021\/04\/way-color-new-shades.jpeg\",\"datePublished\":\"2020-08-23T22:16:07+00:00\",\"dateModified\":\"2021-04-13T10:52:16+00:00\",\"description\":\"Color profesional en crema para el cabello. F\u00f3rmula de \u00faltima generaci\u00f3n que proporciona una cobertura del 100% de las canas pero tambi\u00e9n una aplicaci\u00f3n c\u00f3moda y colores m\u00e1s intensos.\",\"breadcrumb\":{\"@id\":\"https:\/\/zoe-t.es\/es\/white-nature\/way-color\/#breadcrumb\"},\"inLanguage\":\"es\",\"potentialAction\":[{\"@type\":\"ReadAction\",\"target\":[\"https:\/\/zoe-t.es\/es\/white-nature\/way-color\/\"]}]},{\"@type\":\"ImageObject\",\"inLanguage\":\"es\",\"@id\":\"https:\/\/zoe-t.es\/es\/white-nature\/way-color\/#primaryimage\",\"url\":\"https:\/\/zoe-t.es\/wp-content\/uploads\/2021\/04\/way-color-new-shades.jpeg\",\"contentUrl\":\"https:\/\/zoe-t.es\/wp-content\/uploads\/2021\/04\/way-color-new-shades.jpeg\"},{\"@type\":\"BreadcrumbList\",\"@id\":\"https:\/\/zoe-t.es\/es\/white-nature\/way-color\/#breadcrumb\",\"itemListElement\":[{\"@type\":\"ListItem\",\"position\":1,\"name\":\"Portada\",\"item\":\"https:\/\/zoe-t.es\/es\/\"},{\"@type\":\"ListItem\",\"position\":2,\"name\":\"WHITE NATURE\",\"item\":\"https:\/\/zoe-t.es\/es\/white-nature\/\"},{\"@type\":\"ListItem\",\"position\":3,\"name\":\"WAY COLOR\"}]},{\"@type\":\"WebSite\",\"@id\":\"https:\/\/zoe-t.es\/es\/#website\",\"url\":\"https:\/\/zoe-t.es\/es\/\",\"name\":\"Zoe-t\",\"description\":\"Luxury for your Hair\",\"potentialAction\":[{\"@type\":\"SearchAction\",\"target\":{\"@type\":\"EntryPoint\",\"urlTemplate\":\"https:\/\/zoe-t.es\/es\/?s={search_term_string}\"},\"query-input\":{\"@type\":\"PropertyValueSpecification\",\"valueRequired\":true,\"valueName\":\"search_term_string\"}}],\"inLanguage\":\"es\"}]}<\/script>\n<!-- \/ Yoast SEO plugin. -->","yoast_head_json":{"title":"WAY COLOR - Color profesional en crema para el cabello - ZOET","description":"Color profesional en crema para el cabello. F\u00f3rmula de \u00faltima generaci\u00f3n que proporciona una cobertura del 100% de las canas pero tambi\u00e9n una aplicaci\u00f3n c\u00f3moda y colores m\u00e1s intensos.","robots":{"index":"index","follow":"follow","max-snippet":"max-snippet:-1","max-image-preview":"max-image-preview:large","max-video-preview":"max-video-preview:-1"},"canonical":"https:\/\/zoe-t.es\/es\/white-nature\/way-color\/","og_locale":"es_ES","og_type":"article","og_title":"WAY COLOR - Color profesional en crema para el cabello - ZOET","og_description":"Color profesional en crema para el cabello. F\u00f3rmula de \u00faltima generaci\u00f3n que proporciona una cobertura del 100% de las canas pero tambi\u00e9n una aplicaci\u00f3n c\u00f3moda y colores m\u00e1s intensos.","og_url":"https:\/\/zoe-t.es\/es\/white-nature\/way-color\/","og_site_name":"Zoe-t","article_modified_time":"2021-04-13T10:52:16+00:00","og_image":[{"url":"https:\/\/zoe-t.es\/wp-content\/uploads\/2021\/04\/way-color-new-shades.jpeg","type":"","width":"","height":""}],"twitter_card":"summary_large_image","twitter_misc":{"Tiempo de lectura":"7 minutos"},"schema":{"@context":"https:\/\/schema.org","@graph":[{"@type":"WebPage","@id":"https:\/\/zoe-t.es\/es\/white-nature\/way-color\/","url":"https:\/\/zoe-t.es\/es\/white-nature\/way-color\/","name":"WAY COLOR - Color profesional en crema para el cabello - ZOET","isPartOf":{"@id":"https:\/\/zoe-t.es\/es\/#website"},"primaryImageOfPage":{"@id":"https:\/\/zoe-t.es\/es\/white-nature\/way-color\/#primaryimage"},"image":{"@id":"https:\/\/zoe-t.es\/es\/white-nature\/way-color\/#primaryimage"},"thumbnailUrl":"https:\/\/zoe-t.es\/wp-content\/uploads\/2021\/04\/way-color-new-shades.jpeg","datePublished":"2020-08-23T22:16:07+00:00","dateModified":"2021-04-13T10:52:16+00:00","description":"Color profesional en crema para el cabello. F\u00f3rmula de \u00faltima generaci\u00f3n que proporciona una cobertura del 100% de las canas pero tambi\u00e9n una aplicaci\u00f3n c\u00f3moda y colores m\u00e1s intensos.","breadcrumb":{"@id":"https:\/\/zoe-t.es\/es\/white-nature\/way-color\/#breadcrumb"},"inLanguage":"es","potentialAction":[{"@type":"ReadAction","target":["https:\/\/zoe-t.es\/es\/white-nature\/way-color\/"]}]},{"@type":"ImageObject","inLanguage":"es","@id":"https:\/\/zoe-t.es\/es\/white-nature\/way-color\/#primaryimage","url":"https:\/\/zoe-t.es\/wp-content\/uploads\/2021\/04\/way-color-new-shades.jpeg","contentUrl":"https:\/\/zoe-t.es\/wp-content\/uploads\/2021\/04\/way-color-new-shades.jpeg"},{"@type":"BreadcrumbList","@id":"https:\/\/zoe-t.es\/es\/white-nature\/way-color\/#breadcrumb","itemListElement":[{"@type":"ListItem","position":1,"name":"Portada","item":"https:\/\/zoe-t.es\/es\/"},{"@type":"ListItem","position":2,"name":"WHITE NATURE","item":"https:\/\/zoe-t.es\/es\/white-nature\/"},{"@type":"ListItem","position":3,"name":"WAY COLOR"}]},{"@type":"WebSite","@id":"https:\/\/zoe-t.es\/es\/#website","url":"https:\/\/zoe-t.es\/es\/","name":"Zoe-t","description":"Luxury for your Hair","potentialAction":[{"@type":"SearchAction","target":{"@type":"EntryPoint","urlTemplate":"https:\/\/zoe-t.es\/es\/?s={search_term_string}"},"query-input":{"@type":"PropertyValueSpecification","valueRequired":true,"valueName":"search_term_string"}}],"inLanguage":"es"}]}},"_links":{"self":[{"href":"https:\/\/zoe-t.es\/es\/wp-json\/wp\/v2\/pages\/2243","targetHints":{"allow":["GET"]}}],"collection":[{"href":"https:\/\/zoe-t.es\/es\/wp-json\/wp\/v2\/pages"}],"about":[{"href":"https:\/\/zoe-t.es\/es\/wp-json\/wp\/v2\/types\/page"}],"author":[{"embeddable":true,"href":"https:\/\/zoe-t.es\/es\/wp-json\/wp\/v2\/users\/1"}],"replies":[{"embeddable":true,"href":"https:\/\/zoe-t.es\/es\/wp-json\/wp\/v2\/comments?post=2243"}],"version-history":[{"count":12,"href":"https:\/\/zoe-t.es\/es\/wp-json\/wp\/v2\/pages\/2243\/revisions"}],"predecessor-version":[{"id":3750,"href":"https:\/\/zoe-t.es\/es\/wp-json\/wp\/v2\/pages\/2243\/revisions\/3750"}],"up":[{"embeddable":true,"href":"https:\/\/zoe-t.es\/es\/wp-json\/wp\/v2\/pages\/2237"}],"wp:attachment":[{"href":"https:\/\/zoe-t.es\/es\/wp-json\/wp\/v2\/media?parent=2243"}],"curies":[{"name":"wp","href":"https:\/\/api.w.org\/{rel}","templated":true}]}}