{"id":2255,"date":"2020-08-23T22:23:18","date_gmt":"2020-08-23T22:23:18","guid":{"rendered":"https:\/\/zoe-t.es\/white-nature\/way-blond-zero-color\/"},"modified":"2020-11-10T16:48:33","modified_gmt":"2020-11-10T16:48:33","slug":"way-blond-zero-color","status":"publish","type":"page","link":"https:\/\/zoe-t.es\/es\/white-nature\/way-blond-zero-color\/","title":{"rendered":"WAY BLOND ZERO COLOR"},"content":{"rendered":"<p>[et_pb_section fb_built=\u00bb1&#8243; _builder_version=\u00bb4.5.3&#8243; _module_preset=\u00bbdefault\u00bb custom_padding=\u00bb0px||0px||false|false\u00bb][et_pb_row column_structure=\u00bb3_5,2_5&#8243; use_custom_gutter=\u00bbon\u00bb make_equal=\u00bbon\u00bb custom_padding_last_edited=\u00bbon|desktop\u00bb _builder_version=\u00bb4.5.6&#8243; _module_preset=\u00bbdefault\u00bb background_color=\u00bb#000000&#8243; background_image=\u00bbhttps:\/\/zoe-t.es\/wp-content\/uploads\/2020\/08\/bg-white-nature-2.jpg\u00bb width=\u00bb100%\u00bb custom_margin=\u00bb||0px||false|false\u00bb custom_margin_tablet=\u00bb||-25px||false|false\u00bb custom_margin_phone=\u00bb\u00bb custom_margin_last_edited=\u00bbon|desktop\u00bb custom_padding=\u00bb0px||0px||false|false\u00bb custom_padding_tablet=\u00bb0px||0px||false|false\u00bb custom_padding_phone=\u00bb\u00bb background_last_edited=\u00bbon|phone\u00bb background_image_tablet=\u00bbhttps:\/\/zoe-t.es\/wp-content\/uploads\/2020\/08\/bg_white_nature2.jpg\u00bb background_image_phone=\u00bbhttps:\/\/zoe-t.es\/wp-content\/uploads\/2020\/08\/bg_white_nature2.jpg\u00bb background_enable_image_tablet=\u00bbon\u00bb background_enable_image_phone=\u00bbon\u00bb background_size_phone=\u00bbcover\u00bb title_text_phone=\u00bbWHITE NATURE\u00bb title_text_tablet=\u00bbWHITE NATURE\u00bb alt_tablet=\u00bbWHITE NATURE\u00bb alt_phone=\u00bbWHITE NATURE\u00bb][et_pb_column type=\u00bb3_5&#8243; _builder_version=\u00bb4.5.6&#8243; _module_preset=\u00bbdefault\u00bb background_image=\u00bbhttps:\/\/zoe-t.es\/wp-content\/uploads\/2020\/08\/way-blond-powderplex.png\u00bb custom_padding=\u00bb185px||185px||true|false\u00bb custom_padding_tablet=\u00bb165px||165px||true|false\u00bb custom_padding_phone=\u00bb165px||165px||true|false\u00bb custom_padding_last_edited=\u00bbon|tablet\u00bb background_last_edited=\u00bbon|phone\u00bb background_image_tablet=\u00bbhttps:\/\/zoe-t.es\/wp-content\/uploads\/2020\/08\/way-blond-powderplex-mobile.png\u00bb background_image_phone=\u00bbhttps:\/\/zoe-t.es\/wp-content\/uploads\/2020\/08\/way-blond-powderplex-mobile.png\u00bb background_enable_image_tablet=\u00bbon\u00bb background_enable_image_phone=\u00bbon\u00bb background_size_tablet=\u00bbcontain\u00bb alt_tablet=\u00bbWAY BLOND ZERO COLOR\u00bb title_text_tablet=\u00bbWAY BLOND ZERO COLOR\u00bb alt_phone=\u00bbWAY BLOND ZERO COLOR\u00bb title_text_phone=\u00bbWAY BLOND ZERO COLOR\u00bb][\/et_pb_column][et_pb_column type=\u00bb2_5&#8243; _builder_version=\u00bb4.5.3&#8243; _module_preset=\u00bbdefault\u00bb background_enable_color=\u00bboff\u00bb custom_padding=\u00bb80px|||25px|false|false\u00bb custom_padding_tablet=\u00bb0px|||0px|false|false\u00bb custom_padding_phone=\u00bb\u00bb custom_padding_last_edited=\u00bbon|desktop\u00bb][et_pb_image src=\u00bbhttps:\/\/zoe-t.es\/wp-content\/uploads\/2020\/08\/way-blond-zero-color-4.jpg\u00bb alt=\u00bbWAY BLOND ZERO COLOR\u00bb title_text=\u00bbWAY BLOND ZERO COLOR\u00bb align=\u00bbcenter\u00bb align_tablet=\u00bbcenter\u00bb align_phone=\u00bb\u00bb align_last_edited=\u00bbon|tablet\u00bb _builder_version=\u00bb4.5.6&#8243; _module_preset=\u00bbdefault\u00bb width=\u00bb30%\u00bb width_tablet=\u00bb19%\u00bb width_phone=\u00bb27%\u00bb width_last_edited=\u00bbon|desktop\u00bb module_alignment=\u00bbleft\u00bb custom_margin=\u00bb14vh||||false|false\u00bb custom_margin_tablet=\u00bb0vh||||false|false\u00bb custom_margin_phone=\u00bb-3vh||||false|false\u00bb custom_margin_last_edited=\u00bbon|desktop\u00bb custom_padding=\u00bb63px||0px||false|false\u00bb custom_padding_tablet=\u00bb19px||27px||false|false\u00bb custom_padding_phone=\u00bb\u00bb custom_padding_last_edited=\u00bbon|phone\u00bb module_alignment_tablet=\u00bbcenter\u00bb module_alignment_phone=\u00bbcenter\u00bb module_alignment_last_edited=\u00bbon|phone\u00bb border_color_all=\u00bb#000000&#8243;][\/et_pb_image][\/et_pb_column][\/et_pb_row][\/et_pb_section][et_pb_section fb_built=\u00bb1&#8243; _builder_version=\u00bb4.5.6&#8243; _module_preset=\u00bbdefault\u00bb custom_padding=\u00bb0px||0px||false|false\u00bb][et_pb_row column_structure=\u00bb1_2,1_2&#8243; _builder_version=\u00bb4.5.3&#8243; _module_preset=\u00bbdefault\u00bb background_enable_image=\u00bboff\u00bb custom_padding=\u00bb81px||2px|||\u00bb][et_pb_column type=\u00bb1_2&#8243; _builder_version=\u00bb4.5.3&#8243; _module_preset=\u00bbdefault\u00bb][et_pb_text _builder_version=\u00bb4.5.6&#8243; _module_preset=\u00bbdefault\u00bb]<\/p>\n<h1>FILOSOF\u00cdA<\/h1>\n<p><strong>WayBlond PowderPlex<\/strong> Decolorante de alta proteccion para el cabello, con aclaracion asta Zero color. Este decolorante puede obtener el maximo de aclarado respetando el cabello con toda su integridad y naturalidad. Apto para todas las tecnicas de decoloracion manteniendo la integridad del cabello.<\/p>\n<p>[\/et_pb_text][et_pb_image _builder_version=\u00bb4.5.3&#8243; _module_preset=\u00bbdefault\u00bb][\/et_pb_image][\/et_pb_column][et_pb_column type=\u00bb1_2&#8243; _builder_version=\u00bb4.5.3&#8243; _module_preset=\u00bbdefault\u00bb][et_pb_text _builder_version=\u00bb4.5.6&#8243; _module_preset=\u00bbdefault\u00bb text_text_color=\u00bb#ffffff\u00bb custom_padding=\u00bb||0px|||\u00bb]<\/p>\n<h1>PowderPlex<br \/>\nLightening Zero Color<\/h1>\n<p>[\/et_pb_text][et_pb_image src=\u00bbhttps:\/\/zoe-t.es\/wp-content\/uploads\/2020\/08\/way-blond-zero.jpg\u00bb alt=\u00bbPowderPlex Lightening Zero Color\u00bb title_text=\u00bbPowderPlex Lightening Zero Color\u00bb _builder_version=\u00bb4.5.6&#8243; _module_preset=\u00bbdefault\u00bb][\/et_pb_image][\/et_pb_column][\/et_pb_row][et_pb_row column_structure=\u00bb1_2,1_2&#8243; _builder_version=\u00bb4.5.3&#8243; _module_preset=\u00bbdefault\u00bb][et_pb_column type=\u00bb1_2&#8243; _builder_version=\u00bb4.5.3&#8243; _module_preset=\u00bbdefault\u00bb][et_pb_image src=\u00bbhttps:\/\/zoe-t.es\/wp-content\/uploads\/2020\/08\/way-blond-powder.png\u00bb alt=\u00bbWay BLOND PowderPlex\u00bb title_text=\u00bbWay BLOND PowderPlex\u00bb align=\u00bbcenter\u00bb _builder_version=\u00bb4.5.6&#8243; _module_preset=\u00bbdefault\u00bb max_width=\u00bb100%\u00bb max_width_tablet=\u00bb60%\u00bb max_width_phone=\u00bb60%\u00bb max_width_last_edited=\u00bbon|phone\u00bb custom_margin=\u00bb||-3px|||\u00bb custom_padding=\u00bb0px|||||\u00bb][\/et_pb_image][et_pb_text _builder_version=\u00bb4.5.6&#8243; _module_preset=\u00bbdefault\u00bb header_font=\u00bbMolengo|300|||||||\u00bb header_text_align=\u00bbcenter\u00bb header_font_size=\u00bb29px\u00bb header_2_font=\u00bbRoboto|300|||||||\u00bb text_orientation=\u00bbcenter\u00bb custom_padding=\u00bb19px||||false|false\u00bb custom_padding_tablet=\u00bb\u00bb custom_padding_phone=\u00bb\u00bb custom_padding_last_edited=\u00bbon|desktop\u00bb header_font_size_tablet=\u00bb\u00bb header_font_size_phone=\u00bb\u00bb header_font_size_last_edited=\u00bbon|desktop\u00bb border_color_top=\u00bb#006FBA\u00bb]<\/p>\n<h1>Way<br \/>\nBLOND<br \/>\nPowderPlex<\/h1>\n<p>500 ml \/ 4&#215;500 gr.: 2 Kg[\/et_pb_text][\/et_pb_column][et_pb_column type=\u00bb1_2&#8243; _builder_version=\u00bb4.5.3&#8243; _module_preset=\u00bbdefault\u00bb][et_pb_text _builder_version=\u00bb4.5.6&#8243; _module_preset=\u00bbdefault\u00bb header_text_color=\u00bb#ffffff\u00bb header_2_text_color=\u00bb#ffffff\u00bb header_3_text_color=\u00bb#ffffff\u00bb custom_padding=\u00bb60px||||false|false\u00bb]Polvo decolorante gris<br \/>\nReporte de mezcla . 1:2<br \/>\nAplicacion de producto siempre con guantes en las manos.<br \/>\nMezclar en un recipiente no metalico.<br \/>\n1 parte de polvo decolorante + 2 partes de crema oxidante.<br \/>\n(10, 20, 30 vol. &#8211; usar 40 vol. para obtener un mejor poder de aclaracion).<\/p>\n<p>&nbsp;<\/p>\n<p>Sin embargo, es posible alcanzar ZERO COLOR a temperatura ambiente,\u00a0 Sustituyendo de la emulsi\u00f3n decolorante que se est\u00e1 agotando por una nueva<br \/>\nemulsi\u00f3n reci\u00e9n preparada y tiempo de aplicaci\u00f3n de 20 minutos m\u00e1s.<br \/>\n5\/6 tonos de iluminaci\u00f3n \u2192 45 \u2018a temperatura ambiente<br \/>\n8 tonos de aclarado \u2192 90 \u2018a temperatura ambiente<br \/>\n+9 tonos de aclarado o COLOR CERO \u2192 90 \u2018a 37-39 \u00b0C<br \/>\n+9 tonos de aclarado o COLOR CERO \u2192 90 \u2018+ 20\u2019 a temperatura ambiente.[\/et_pb_text][\/et_pb_column][\/et_pb_row][\/et_pb_section]<\/p>\n","protected":false},"excerpt":{"rendered":"<p>FILOSOF\u00cdA WayBlond PowderPlex Decolorante de alta proteccion para el cabello, con aclaracion asta Zero color. Este decolorante puede obtener el maximo de aclarado respetando el cabello con toda su integridad y naturalidad. Apto para todas las tecnicas de decoloracion manteniendo la integridad del cabello.PowderPlex Lightening Zero ColorWay BLOND PowderPlex 500 ml \/ 4&#215;500 gr.: 2 [&hellip;]<\/p>\n","protected":false},"author":1,"featured_media":0,"parent":2237,"menu_order":0,"comment_status":"closed","ping_status":"closed","template":"","meta":{"_et_pb_use_builder":"on","_et_pb_old_content":"","_et_gb_content_width":"","footnotes":""},"class_list":["post-2255","page","type-page","status-publish","hentry"],"yoast_head":"<!-- This site is optimized with the Yoast SEO plugin v26.8 - https:\/\/yoast.com\/product\/yoast-seo-wordpress\/ -->\n<title>WayBlond Zero Color - Decolorante de alta protecci\u00f3n para el cabello<\/title>\n<meta name=\"description\" content=\"WayBlond PowderPlex. Decolorante de alta protecci\u00f3n para el cabello, con aclaraci\u00f3n hasta el color Cero. Este decolorante puede obtener el m\u00e1ximo aclaramiento respetando el cabello.\" \/>\n<meta name=\"robots\" content=\"index, follow, max-snippet:-1, max-image-preview:large, max-video-preview:-1\" \/>\n<link rel=\"canonical\" href=\"https:\/\/zoe-t.es\/es\/white-nature\/way-blond-zero-color\/\" \/>\n<meta property=\"og:locale\" content=\"es_ES\" \/>\n<meta property=\"og:type\" content=\"article\" \/>\n<meta property=\"og:title\" content=\"WayBlond Zero Color - Decolorante de alta protecci\u00f3n para el cabello\" \/>\n<meta property=\"og:description\" content=\"WayBlond PowderPlex. Decolorante de alta protecci\u00f3n para el cabello, con aclaraci\u00f3n hasta el color Cero. Este decolorante puede obtener el m\u00e1ximo aclaramiento respetando el cabello.\" \/>\n<meta property=\"og:url\" content=\"https:\/\/zoe-t.es\/es\/white-nature\/way-blond-zero-color\/\" \/>\n<meta property=\"og:site_name\" content=\"Zoe-t\" \/>\n<meta property=\"article:modified_time\" content=\"2020-11-10T16:48:33+00:00\" \/>\n<meta name=\"twitter:card\" content=\"summary_large_image\" \/>\n<meta name=\"twitter:label1\" content=\"Tiempo de lectura\" \/>\n\t<meta name=\"twitter:data1\" content=\"5 minutos\" \/>\n<script type=\"application\/ld+json\" class=\"yoast-schema-graph\">{\"@context\":\"https:\/\/schema.org\",\"@graph\":[{\"@type\":\"WebPage\",\"@id\":\"https:\/\/zoe-t.es\/es\/white-nature\/way-blond-zero-color\/\",\"url\":\"https:\/\/zoe-t.es\/es\/white-nature\/way-blond-zero-color\/\",\"name\":\"WayBlond Zero Color - Decolorante de alta protecci\u00f3n para el cabello\",\"isPartOf\":{\"@id\":\"https:\/\/zoe-t.es\/es\/#website\"},\"datePublished\":\"2020-08-23T22:23:18+00:00\",\"dateModified\":\"2020-11-10T16:48:33+00:00\",\"description\":\"WayBlond PowderPlex. Decolorante de alta protecci\u00f3n para el cabello, con aclaraci\u00f3n hasta el color Cero. Este decolorante puede obtener el m\u00e1ximo aclaramiento respetando el cabello.\",\"breadcrumb\":{\"@id\":\"https:\/\/zoe-t.es\/es\/white-nature\/way-blond-zero-color\/#breadcrumb\"},\"inLanguage\":\"es\",\"potentialAction\":[{\"@type\":\"ReadAction\",\"target\":[\"https:\/\/zoe-t.es\/es\/white-nature\/way-blond-zero-color\/\"]}]},{\"@type\":\"BreadcrumbList\",\"@id\":\"https:\/\/zoe-t.es\/es\/white-nature\/way-blond-zero-color\/#breadcrumb\",\"itemListElement\":[{\"@type\":\"ListItem\",\"position\":1,\"name\":\"Portada\",\"item\":\"https:\/\/zoe-t.es\/es\/\"},{\"@type\":\"ListItem\",\"position\":2,\"name\":\"WHITE NATURE\",\"item\":\"https:\/\/zoe-t.es\/es\/white-nature\/\"},{\"@type\":\"ListItem\",\"position\":3,\"name\":\"WAY BLOND ZERO COLOR\"}]},{\"@type\":\"WebSite\",\"@id\":\"https:\/\/zoe-t.es\/es\/#website\",\"url\":\"https:\/\/zoe-t.es\/es\/\",\"name\":\"Zoe-t\",\"description\":\"Luxury for your Hair\",\"potentialAction\":[{\"@type\":\"SearchAction\",\"target\":{\"@type\":\"EntryPoint\",\"urlTemplate\":\"https:\/\/zoe-t.es\/es\/?s={search_term_string}\"},\"query-input\":{\"@type\":\"PropertyValueSpecification\",\"valueRequired\":true,\"valueName\":\"search_term_string\"}}],\"inLanguage\":\"es\"}]}<\/script>\n<!-- \/ Yoast SEO plugin. -->","yoast_head_json":{"title":"WayBlond Zero Color - Decolorante de alta protecci\u00f3n para el cabello","description":"WayBlond PowderPlex. Decolorante de alta protecci\u00f3n para el cabello, con aclaraci\u00f3n hasta el color Cero. Este decolorante puede obtener el m\u00e1ximo aclaramiento respetando el cabello.","robots":{"index":"index","follow":"follow","max-snippet":"max-snippet:-1","max-image-preview":"max-image-preview:large","max-video-preview":"max-video-preview:-1"},"canonical":"https:\/\/zoe-t.es\/es\/white-nature\/way-blond-zero-color\/","og_locale":"es_ES","og_type":"article","og_title":"WayBlond Zero Color - Decolorante de alta protecci\u00f3n para el cabello","og_description":"WayBlond PowderPlex. Decolorante de alta protecci\u00f3n para el cabello, con aclaraci\u00f3n hasta el color Cero. Este decolorante puede obtener el m\u00e1ximo aclaramiento respetando el cabello.","og_url":"https:\/\/zoe-t.es\/es\/white-nature\/way-blond-zero-color\/","og_site_name":"Zoe-t","article_modified_time":"2020-11-10T16:48:33+00:00","twitter_card":"summary_large_image","twitter_misc":{"Tiempo de lectura":"5 minutos"},"schema":{"@context":"https:\/\/schema.org","@graph":[{"@type":"WebPage","@id":"https:\/\/zoe-t.es\/es\/white-nature\/way-blond-zero-color\/","url":"https:\/\/zoe-t.es\/es\/white-nature\/way-blond-zero-color\/","name":"WayBlond Zero Color - Decolorante de alta protecci\u00f3n para el cabello","isPartOf":{"@id":"https:\/\/zoe-t.es\/es\/#website"},"datePublished":"2020-08-23T22:23:18+00:00","dateModified":"2020-11-10T16:48:33+00:00","description":"WayBlond PowderPlex. Decolorante de alta protecci\u00f3n para el cabello, con aclaraci\u00f3n hasta el color Cero. Este decolorante puede obtener el m\u00e1ximo aclaramiento respetando el cabello.","breadcrumb":{"@id":"https:\/\/zoe-t.es\/es\/white-nature\/way-blond-zero-color\/#breadcrumb"},"inLanguage":"es","potentialAction":[{"@type":"ReadAction","target":["https:\/\/zoe-t.es\/es\/white-nature\/way-blond-zero-color\/"]}]},{"@type":"BreadcrumbList","@id":"https:\/\/zoe-t.es\/es\/white-nature\/way-blond-zero-color\/#breadcrumb","itemListElement":[{"@type":"ListItem","position":1,"name":"Portada","item":"https:\/\/zoe-t.es\/es\/"},{"@type":"ListItem","position":2,"name":"WHITE NATURE","item":"https:\/\/zoe-t.es\/es\/white-nature\/"},{"@type":"ListItem","position":3,"name":"WAY BLOND ZERO COLOR"}]},{"@type":"WebSite","@id":"https:\/\/zoe-t.es\/es\/#website","url":"https:\/\/zoe-t.es\/es\/","name":"Zoe-t","description":"Luxury for your Hair","potentialAction":[{"@type":"SearchAction","target":{"@type":"EntryPoint","urlTemplate":"https:\/\/zoe-t.es\/es\/?s={search_term_string}"},"query-input":{"@type":"PropertyValueSpecification","valueRequired":true,"valueName":"search_term_string"}}],"inLanguage":"es"}]}},"_links":{"self":[{"href":"https:\/\/zoe-t.es\/es\/wp-json\/wp\/v2\/pages\/2255","targetHints":{"allow":["GET"]}}],"collection":[{"href":"https:\/\/zoe-t.es\/es\/wp-json\/wp\/v2\/pages"}],"about":[{"href":"https:\/\/zoe-t.es\/es\/wp-json\/wp\/v2\/types\/page"}],"author":[{"embeddable":true,"href":"https:\/\/zoe-t.es\/es\/wp-json\/wp\/v2\/users\/1"}],"replies":[{"embeddable":true,"href":"https:\/\/zoe-t.es\/es\/wp-json\/wp\/v2\/comments?post=2255"}],"version-history":[{"count":4,"href":"https:\/\/zoe-t.es\/es\/wp-json\/wp\/v2\/pages\/2255\/revisions"}],"predecessor-version":[{"id":3541,"href":"https:\/\/zoe-t.es\/es\/wp-json\/wp\/v2\/pages\/2255\/revisions\/3541"}],"up":[{"embeddable":true,"href":"https:\/\/zoe-t.es\/es\/wp-json\/wp\/v2\/pages\/2237"}],"wp:attachment":[{"href":"https:\/\/zoe-t.es\/es\/wp-json\/wp\/v2\/media?parent=2255"}],"curies":[{"name":"wp","href":"https:\/\/api.w.org\/{rel}","templated":true}]}}