{"id":2290,"date":"2020-08-23T22:55:08","date_gmt":"2020-08-23T22:55:08","guid":{"rendered":"https:\/\/zoe-t.es\/white-nature\/paint-color\/"},"modified":"2020-11-10T19:50:20","modified_gmt":"2020-11-10T19:50:20","slug":"paint-color","status":"publish","type":"page","link":"https:\/\/zoe-t.es\/es\/white-nature\/paint-color\/","title":{"rendered":"PAINT COLOR"},"content":{"rendered":"<p>[et_pb_section fb_built=\u00bb1&#8243; _builder_version=\u00bb4.5.3&#8243; _module_preset=\u00bbdefault\u00bb custom_padding=\u00bb0px||0px||false|false\u00bb][et_pb_row column_structure=\u00bb3_5,2_5&#8243; use_custom_gutter=\u00bbon\u00bb make_equal=\u00bbon\u00bb custom_padding_last_edited=\u00bbon|desktop\u00bb _builder_version=\u00bb4.5.8&#8243; _module_preset=\u00bbdefault\u00bb background_color=\u00bb#000000&#8243; background_image=\u00bbhttps:\/\/zoe-t.es\/wp-content\/uploads\/2020\/08\/bg-white-nature-2.jpg\u00bb width=\u00bb100%\u00bb custom_margin=\u00bb||0px||false|false\u00bb custom_margin_tablet=\u00bb||-25px||false|false\u00bb custom_margin_phone=\u00bb\u00bb custom_margin_last_edited=\u00bbon|desktop\u00bb custom_padding=\u00bb0px||0px||false|false\u00bb custom_padding_tablet=\u00bb0px||0px||false|false\u00bb custom_padding_phone=\u00bb\u00bb background_last_edited=\u00bbon|phone\u00bb background_image_tablet=\u00bbhttps:\/\/zoe-t.es\/wp-content\/uploads\/2020\/08\/bg_white_nature2.jpg\u00bb background_image_phone=\u00bbhttps:\/\/zoe-t.es\/wp-content\/uploads\/2020\/08\/bg_white_nature2.jpg\u00bb background_enable_image_tablet=\u00bbon\u00bb background_enable_image_phone=\u00bbon\u00bb background_size_phone=\u00bbcover\u00bb title_text_phone=\u00bbWHITE NATURE\u00bb title_text_tablet=\u00bbWHITE NATURE\u00bb alt_tablet=\u00bbWHITE NATURE\u00bb alt_phone=\u00bbWHITE NATURE\u00bb][et_pb_column type=\u00bb3_5&#8243; _builder_version=\u00bb4.5.8&#8243; _module_preset=\u00bbdefault\u00bb background_image=\u00bbhttps:\/\/zoe-t.es\/wp-content\/uploads\/2020\/08\/paint-color-4.png\u00bb custom_padding=\u00bb185px||185px||true|false\u00bb custom_padding_tablet=\u00bb165px||165px||true|false\u00bb custom_padding_phone=\u00bb165px||165px||true|false\u00bb custom_padding_last_edited=\u00bbon|tablet\u00bb background_last_edited=\u00bbon|phone\u00bb background_image_tablet=\u00bbhttps:\/\/zoe-t.es\/wp-content\/uploads\/2020\/08\/paint-color-mobile-3.png\u00bb background_image_phone=\u00bbhttps:\/\/zoe-t.es\/wp-content\/uploads\/2020\/08\/paint-color-mobile-3.png\u00bb background_enable_image_tablet=\u00bbon\u00bb background_enable_image_phone=\u00bbon\u00bb background_size_tablet=\u00bbcontain\u00bb alt_tablet=\u00bbPAINT COLOR\u00bb title_text_tablet=\u00bbPAINT COLOR\u00bb alt_phone=\u00bbPAINT COLOR\u00bb title_text_phone=\u00bbPAINT COLOR\u00bb][\/et_pb_column][et_pb_column type=\u00bb2_5&#8243; _builder_version=\u00bb4.5.3&#8243; _module_preset=\u00bbdefault\u00bb background_enable_color=\u00bboff\u00bb custom_padding=\u00bb80px|||25px|false|false\u00bb custom_padding_tablet=\u00bb0px|||0px|false|false\u00bb custom_padding_phone=\u00bb\u00bb custom_padding_last_edited=\u00bbon|desktop\u00bb][et_pb_image src=\u00bbhttps:\/\/zoe-t.es\/wp-content\/uploads\/2020\/08\/LINEAS-cuadrado.jpg\u00bb alt=\u00bbPAINT COLOR\u00bb title_text=\u00bbPAINT COLOR\u00bb align=\u00bbcenter\u00bb align_tablet=\u00bbcenter\u00bb align_phone=\u00bb\u00bb align_last_edited=\u00bbon|tablet\u00bb _builder_version=\u00bb4.5.6&#8243; _module_preset=\u00bbdefault\u00bb width=\u00bb30%\u00bb width_tablet=\u00bb19%\u00bb width_phone=\u00bb27%\u00bb width_last_edited=\u00bbon|desktop\u00bb module_alignment=\u00bbleft\u00bb custom_margin=\u00bb14vh||||false|false\u00bb custom_margin_tablet=\u00bb0vh||||false|false\u00bb custom_margin_phone=\u00bb-3vh||||false|false\u00bb custom_margin_last_edited=\u00bbon|desktop\u00bb custom_padding=\u00bb63px||0px||false|false\u00bb custom_padding_tablet=\u00bb19px||27px||false|false\u00bb custom_padding_phone=\u00bb\u00bb custom_padding_last_edited=\u00bbon|phone\u00bb module_alignment_tablet=\u00bbcenter\u00bb module_alignment_phone=\u00bbcenter\u00bb module_alignment_last_edited=\u00bbon|phone\u00bb border_width_all=\u00bb1px\u00bb border_color_all=\u00bb#000000&#8243;][\/et_pb_image][\/et_pb_column][\/et_pb_row][\/et_pb_section][et_pb_section fb_built=\u00bb1&#8243; _builder_version=\u00bb4.5.6&#8243; _module_preset=\u00bbdefault\u00bb custom_padding=\u00bb0px||0px||false|false\u00bb][et_pb_row column_structure=\u00bb1_2,1_2&#8243; _builder_version=\u00bb4.5.3&#8243; _module_preset=\u00bbdefault\u00bb background_enable_image=\u00bboff\u00bb custom_padding=\u00bb81px||2px|||\u00bb][et_pb_column type=\u00bb1_2&#8243; _builder_version=\u00bb4.5.3&#8243; _module_preset=\u00bbdefault\u00bb][et_pb_text _builder_version=\u00bb4.5.6&#8243; _module_preset=\u00bbdefault\u00bb]<\/p>\n<h1>FILOSOF\u00cdA<\/h1>\n<p><strong>PAINT Color<\/strong> es una l\u00ednea de coloraci\u00f3n directa sin oxidaci\u00f3n a pH \u00e1cido para cabello coloreado, descolorido o natural. Pula su cabello y cree colores intensos y vibrantes. Un aut\u00e9ntico tributo a la inspiraci\u00f3n de todos los peinados que\u00a0 desean dar rienda suelta a su creatividad a trav\u00e9s del color. Si desea personalizar un detalle, tonalizar cordones, trabajar en secciones o todo el cabello. PAINT\u00a0 Color y garant\u00eda de precisi\u00f3n, calidad, bienestar y brillo. \u00a0<\/p>\n<h3>CRUELTY Free AMMONIA Free PPD Free PARABEN Free SLS\/SLES Free<\/h3>\n<p>[\/et_pb_text][et_pb_image _builder_version=\u00bb4.5.3&#8243; _module_preset=\u00bbdefault\u00bb][\/et_pb_image][\/et_pb_column][et_pb_column type=\u00bb1_2&#8243; _builder_version=\u00bb4.5.3&#8243; _module_preset=\u00bbdefault\u00bb][et_pb_text _builder_version=\u00bb4.5.6&#8243; _module_preset=\u00bbdefault\u00bb text_text_color=\u00bb#ffffff\u00bb custom_padding=\u00bb||0px|||\u00bb]<\/p>\n<h1>The Creativity make it<br \/>\nsimulating Style Cool<\/h1>\n<p>[\/et_pb_text][et_pb_image src=\u00bbhttps:\/\/zoe-t.es\/wp-content\/uploads\/2020\/08\/paint-color-3.jpg\u00bb alt=\u00bbPAINT COLOR\u00bb title_text=\u00bbPAINT COLOR\u00bb _builder_version=\u00bb4.5.6&#8243; _module_preset=\u00bbdefault\u00bb][\/et_pb_image][\/et_pb_column][\/et_pb_row][et_pb_row column_structure=\u00bb1_2,1_2&#8243; _builder_version=\u00bb4.5.3&#8243; _module_preset=\u00bbdefault\u00bb][et_pb_column type=\u00bb1_2&#8243; _builder_version=\u00bb4.5.3&#8243; _module_preset=\u00bbdefault\u00bb][et_pb_image src=\u00bbhttps:\/\/zoe-t.es\/wp-content\/uploads\/2020\/08\/paint-color-1.png\u00bb alt=\u00bbPAINT COLOR\u00bb title_text=\u00bbPAINT COLOR\u00bb align=\u00bbcenter\u00bb _builder_version=\u00bb4.5.6&#8243; _module_preset=\u00bbdefault\u00bb max_width=\u00bb100%\u00bb max_width_tablet=\u00bb60%\u00bb max_width_phone=\u00bb60%\u00bb max_width_last_edited=\u00bbon|phone\u00bb custom_margin=\u00bb||-3px|||\u00bb custom_padding=\u00bb0px|||||\u00bb][\/et_pb_image][et_pb_text _builder_version=\u00bb4.5.6&#8243; _module_preset=\u00bbdefault\u00bb header_font=\u00bbMolengo|300|||||||\u00bb header_text_align=\u00bbcenter\u00bb header_font_size=\u00bb29px\u00bb header_2_font=\u00bbRoboto|300|||||||\u00bb text_orientation=\u00bbcenter\u00bb custom_padding=\u00bb19px||||false|false\u00bb custom_padding_tablet=\u00bb\u00bb custom_padding_phone=\u00bb\u00bb custom_padding_last_edited=\u00bbon|desktop\u00bb header_font_size_tablet=\u00bb\u00bb header_font_size_phone=\u00bb\u00bb header_font_size_last_edited=\u00bbon|desktop\u00bb border_color_top=\u00bb#006FBA\u00bb]<\/p>\n<h1>PAINT<br \/>\nCOLOR<br \/>\nDIRECT<\/h1>\n<p>[\/et_pb_text][\/et_pb_column][et_pb_column type=\u00bb1_2&#8243; _builder_version=\u00bb4.5.3&#8243; _module_preset=\u00bbdefault\u00bb][et_pb_text _builder_version=\u00bb4.5.6&#8243; _module_preset=\u00bbdefault\u00bb header_text_color=\u00bb#ffffff\u00bb header_2_text_color=\u00bb#ffffff\u00bb header_3_text_color=\u00bb#ffffff\u00bb custom_padding=\u00bb60px||||false|false\u00bb]<strong>INSTRUCCIONES DE USO<\/strong><br \/>\nPaso 1: despu\u00e9s de haber aclarado o descolorado el cabello proceda con el lavado con un champ\u00fa espec\u00edfico, secando cuidadosamente todo el cabello. NO use el acondicionador.<br \/>\nPaso 2: use guantes de protecci\u00f3n para la aplicaci\u00f3n. Vierta la cantidad deseada en un recipiente no met\u00e1lico.<br \/>\nPaso 3: aplica el color de manera uniforme. Comience desde la ra\u00edz del cabello y distrib\u00fayalo uniformemente hasta los extremos. Comenzar desde la parte posterior de la cabeza y avanzar hacia arriba de la cabeza y asegurando de haber colocado suficiente producto para saturar por completo el tallo del cabello.<br \/>\nPaso 4: dejar el color posar de 5 a 20 minutos. PAINT Color NO DA\u00d1A el cabello, gracias a su base acondicionadora regenera y reestructura el cabello y no tiene contraindicaciones si se deja m\u00e1s tiempo.<br \/>\nPaso 5: enjuague el cabello completamente con agua tibia hasta que el agua sea clara.[\/et_pb_text][\/et_pb_column][\/et_pb_row][\/et_pb_section]<\/p>\n","protected":false},"excerpt":{"rendered":"<p>FILOSOF\u00cdA PAINT Color es una l\u00ednea de coloraci\u00f3n directa sin oxidaci\u00f3n a pH \u00e1cido para cabello coloreado, descolorido o natural. Pula su cabello y cree colores intensos y vibrantes. Un aut\u00e9ntico tributo a la inspiraci\u00f3n de todos los peinados que\u00a0 desean dar rienda suelta a su creatividad a trav\u00e9s del color. Si desea personalizar un [&hellip;]<\/p>\n","protected":false},"author":1,"featured_media":0,"parent":2237,"menu_order":0,"comment_status":"closed","ping_status":"closed","template":"","meta":{"_et_pb_use_builder":"on","_et_pb_old_content":"","_et_gb_content_width":"","footnotes":""},"class_list":["post-2290","page","type-page","status-publish","hentry"],"yoast_head":"<!-- This site is optimized with the Yoast SEO plugin v26.8 - https:\/\/yoast.com\/product\/yoast-seo-wordpress\/ -->\n<title>PAINT COLOR - L\u00ednea de coloraci\u00f3n directa sin oxidaci\u00f3n a PH \u00e1cido<\/title>\n<meta name=\"description\" content=\"Coloraci\u00f3n directa para cabellos Te\u00f1idos, Decolorados o Naturales. Un aut\u00e9ntico homenaje a la inspiraci\u00f3n de todos los Hair Styles que desean dar libertad a su creatividad a trav\u00e9s del color.\" \/>\n<meta name=\"robots\" content=\"index, follow, max-snippet:-1, max-image-preview:large, max-video-preview:-1\" \/>\n<link rel=\"canonical\" href=\"https:\/\/zoe-t.es\/es\/white-nature\/paint-color\/\" \/>\n<meta property=\"og:locale\" content=\"es_ES\" \/>\n<meta property=\"og:type\" content=\"article\" \/>\n<meta property=\"og:title\" content=\"PAINT COLOR - L\u00ednea de coloraci\u00f3n directa sin oxidaci\u00f3n a PH \u00e1cido\" \/>\n<meta property=\"og:description\" content=\"Coloraci\u00f3n directa para cabellos Te\u00f1idos, Decolorados o Naturales. Un aut\u00e9ntico homenaje a la inspiraci\u00f3n de todos los Hair Styles que desean dar libertad a su creatividad a trav\u00e9s del color.\" \/>\n<meta property=\"og:url\" content=\"https:\/\/zoe-t.es\/es\/white-nature\/paint-color\/\" \/>\n<meta property=\"og:site_name\" content=\"Zoe-t\" \/>\n<meta property=\"article:modified_time\" content=\"2020-11-10T19:50:20+00:00\" \/>\n<meta name=\"twitter:card\" content=\"summary_large_image\" \/>\n<meta name=\"twitter:label1\" content=\"Tiempo de lectura\" \/>\n\t<meta name=\"twitter:data1\" content=\"5 minutos\" \/>\n<script type=\"application\/ld+json\" class=\"yoast-schema-graph\">{\"@context\":\"https:\/\/schema.org\",\"@graph\":[{\"@type\":\"WebPage\",\"@id\":\"https:\/\/zoe-t.es\/es\/white-nature\/paint-color\/\",\"url\":\"https:\/\/zoe-t.es\/es\/white-nature\/paint-color\/\",\"name\":\"PAINT COLOR - L\u00ednea de coloraci\u00f3n directa sin oxidaci\u00f3n a PH \u00e1cido\",\"isPartOf\":{\"@id\":\"https:\/\/zoe-t.es\/es\/#website\"},\"datePublished\":\"2020-08-23T22:55:08+00:00\",\"dateModified\":\"2020-11-10T19:50:20+00:00\",\"description\":\"Coloraci\u00f3n directa para cabellos Te\u00f1idos, Decolorados o Naturales. Un aut\u00e9ntico homenaje a la inspiraci\u00f3n de todos los Hair Styles que desean dar libertad a su creatividad a trav\u00e9s del color.\",\"breadcrumb\":{\"@id\":\"https:\/\/zoe-t.es\/es\/white-nature\/paint-color\/#breadcrumb\"},\"inLanguage\":\"es\",\"potentialAction\":[{\"@type\":\"ReadAction\",\"target\":[\"https:\/\/zoe-t.es\/es\/white-nature\/paint-color\/\"]}]},{\"@type\":\"BreadcrumbList\",\"@id\":\"https:\/\/zoe-t.es\/es\/white-nature\/paint-color\/#breadcrumb\",\"itemListElement\":[{\"@type\":\"ListItem\",\"position\":1,\"name\":\"Portada\",\"item\":\"https:\/\/zoe-t.es\/es\/\"},{\"@type\":\"ListItem\",\"position\":2,\"name\":\"WHITE NATURE\",\"item\":\"https:\/\/zoe-t.es\/es\/white-nature\/\"},{\"@type\":\"ListItem\",\"position\":3,\"name\":\"PAINT COLOR\"}]},{\"@type\":\"WebSite\",\"@id\":\"https:\/\/zoe-t.es\/es\/#website\",\"url\":\"https:\/\/zoe-t.es\/es\/\",\"name\":\"Zoe-t\",\"description\":\"Luxury for your Hair\",\"potentialAction\":[{\"@type\":\"SearchAction\",\"target\":{\"@type\":\"EntryPoint\",\"urlTemplate\":\"https:\/\/zoe-t.es\/es\/?s={search_term_string}\"},\"query-input\":{\"@type\":\"PropertyValueSpecification\",\"valueRequired\":true,\"valueName\":\"search_term_string\"}}],\"inLanguage\":\"es\"}]}<\/script>\n<!-- \/ Yoast SEO plugin. -->","yoast_head_json":{"title":"PAINT COLOR - L\u00ednea de coloraci\u00f3n directa sin oxidaci\u00f3n a PH \u00e1cido","description":"Coloraci\u00f3n directa para cabellos Te\u00f1idos, Decolorados o Naturales. Un aut\u00e9ntico homenaje a la inspiraci\u00f3n de todos los Hair Styles que desean dar libertad a su creatividad a trav\u00e9s del color.","robots":{"index":"index","follow":"follow","max-snippet":"max-snippet:-1","max-image-preview":"max-image-preview:large","max-video-preview":"max-video-preview:-1"},"canonical":"https:\/\/zoe-t.es\/es\/white-nature\/paint-color\/","og_locale":"es_ES","og_type":"article","og_title":"PAINT COLOR - L\u00ednea de coloraci\u00f3n directa sin oxidaci\u00f3n a PH \u00e1cido","og_description":"Coloraci\u00f3n directa para cabellos Te\u00f1idos, Decolorados o Naturales. Un aut\u00e9ntico homenaje a la inspiraci\u00f3n de todos los Hair Styles que desean dar libertad a su creatividad a trav\u00e9s del color.","og_url":"https:\/\/zoe-t.es\/es\/white-nature\/paint-color\/","og_site_name":"Zoe-t","article_modified_time":"2020-11-10T19:50:20+00:00","twitter_card":"summary_large_image","twitter_misc":{"Tiempo de lectura":"5 minutos"},"schema":{"@context":"https:\/\/schema.org","@graph":[{"@type":"WebPage","@id":"https:\/\/zoe-t.es\/es\/white-nature\/paint-color\/","url":"https:\/\/zoe-t.es\/es\/white-nature\/paint-color\/","name":"PAINT COLOR - L\u00ednea de coloraci\u00f3n directa sin oxidaci\u00f3n a PH \u00e1cido","isPartOf":{"@id":"https:\/\/zoe-t.es\/es\/#website"},"datePublished":"2020-08-23T22:55:08+00:00","dateModified":"2020-11-10T19:50:20+00:00","description":"Coloraci\u00f3n directa para cabellos Te\u00f1idos, Decolorados o Naturales. Un aut\u00e9ntico homenaje a la inspiraci\u00f3n de todos los Hair Styles que desean dar libertad a su creatividad a trav\u00e9s del color.","breadcrumb":{"@id":"https:\/\/zoe-t.es\/es\/white-nature\/paint-color\/#breadcrumb"},"inLanguage":"es","potentialAction":[{"@type":"ReadAction","target":["https:\/\/zoe-t.es\/es\/white-nature\/paint-color\/"]}]},{"@type":"BreadcrumbList","@id":"https:\/\/zoe-t.es\/es\/white-nature\/paint-color\/#breadcrumb","itemListElement":[{"@type":"ListItem","position":1,"name":"Portada","item":"https:\/\/zoe-t.es\/es\/"},{"@type":"ListItem","position":2,"name":"WHITE NATURE","item":"https:\/\/zoe-t.es\/es\/white-nature\/"},{"@type":"ListItem","position":3,"name":"PAINT COLOR"}]},{"@type":"WebSite","@id":"https:\/\/zoe-t.es\/es\/#website","url":"https:\/\/zoe-t.es\/es\/","name":"Zoe-t","description":"Luxury for your Hair","potentialAction":[{"@type":"SearchAction","target":{"@type":"EntryPoint","urlTemplate":"https:\/\/zoe-t.es\/es\/?s={search_term_string}"},"query-input":{"@type":"PropertyValueSpecification","valueRequired":true,"valueName":"search_term_string"}}],"inLanguage":"es"}]}},"_links":{"self":[{"href":"https:\/\/zoe-t.es\/es\/wp-json\/wp\/v2\/pages\/2290","targetHints":{"allow":["GET"]}}],"collection":[{"href":"https:\/\/zoe-t.es\/es\/wp-json\/wp\/v2\/pages"}],"about":[{"href":"https:\/\/zoe-t.es\/es\/wp-json\/wp\/v2\/types\/page"}],"author":[{"embeddable":true,"href":"https:\/\/zoe-t.es\/es\/wp-json\/wp\/v2\/users\/1"}],"replies":[{"embeddable":true,"href":"https:\/\/zoe-t.es\/es\/wp-json\/wp\/v2\/comments?post=2290"}],"version-history":[{"count":6,"href":"https:\/\/zoe-t.es\/es\/wp-json\/wp\/v2\/pages\/2290\/revisions"}],"predecessor-version":[{"id":3566,"href":"https:\/\/zoe-t.es\/es\/wp-json\/wp\/v2\/pages\/2290\/revisions\/3566"}],"up":[{"embeddable":true,"href":"https:\/\/zoe-t.es\/es\/wp-json\/wp\/v2\/pages\/2237"}],"wp:attachment":[{"href":"https:\/\/zoe-t.es\/es\/wp-json\/wp\/v2\/media?parent=2290"}],"curies":[{"name":"wp","href":"https:\/\/api.w.org\/{rel}","templated":true}]}}