{"id":2330,"date":"2020-08-23T23:46:16","date_gmt":"2020-08-23T23:46:16","guid":{"rendered":"https:\/\/zoe-t.es\/white-nature\/my-life-supreme\/my-life-supreme-anti-dandurff\/"},"modified":"2020-11-11T15:47:18","modified_gmt":"2020-11-11T15:47:18","slug":"my-life-supreme-anti-dandurff","status":"publish","type":"page","link":"https:\/\/zoe-t.es\/es\/white-nature\/my-life-supreme\/my-life-supreme-anti-dandurff\/","title":{"rendered":"MY.LIFE SUPREME ANTI-DANDURFF"},"content":{"rendered":"<p>[et_pb_section fb_built=\u00bb1&#8243; _builder_version=\u00bb4.5.3&#8243; _module_preset=\u00bbdefault\u00bb custom_padding=\u00bb0px||0px||false|false\u00bb][et_pb_row column_structure=\u00bb3_5,2_5&#8243; use_custom_gutter=\u00bbon\u00bb make_equal=\u00bbon\u00bb custom_padding_last_edited=\u00bbon|desktop\u00bb _builder_version=\u00bb4.5.7&#8243; _module_preset=\u00bbdefault\u00bb background_color=\u00bb#000000&#8243; background_image=\u00bbhttps:\/\/zoe-t.es\/wp-content\/uploads\/2020\/08\/bg-white-nature-2.jpg\u00bb width=\u00bb100%\u00bb custom_margin=\u00bb||0px||false|false\u00bb custom_margin_tablet=\u00bb||-25px||false|false\u00bb custom_margin_phone=\u00bb\u00bb custom_margin_last_edited=\u00bbon|desktop\u00bb custom_padding=\u00bb0px||0px||false|false\u00bb custom_padding_tablet=\u00bb0px||0px||false|false\u00bb custom_padding_phone=\u00bb\u00bb background_last_edited=\u00bbon|phone\u00bb background_image_tablet=\u00bbhttps:\/\/zoe-t.es\/wp-content\/uploads\/2020\/08\/bg_white_nature2.jpg\u00bb background_image_phone=\u00bbhttps:\/\/zoe-t.es\/wp-content\/uploads\/2020\/08\/bg_white_nature2.jpg\u00bb background_enable_image_tablet=\u00bbon\u00bb background_enable_image_phone=\u00bbon\u00bb background_size_phone=\u00bbcover\u00bb title_text_phone=\u00bbWHITE NATURE\u00bb title_text_tablet=\u00bbWHITE NATURE\u00bb alt_tablet=\u00bbWHITE NATURE\u00bb alt_phone=\u00bbWHITE NATURE\u00bb][et_pb_column type=\u00bb3_5&#8243; _builder_version=\u00bb4.5.7&#8243; _module_preset=\u00bbdefault\u00bb background_image=\u00bbhttps:\/\/zoe-t.es\/wp-content\/uploads\/2020\/08\/mylife-dandurff-1.png\u00bb custom_padding=\u00bb185px||185px||true|false\u00bb custom_padding_tablet=\u00bb165px||165px||true|false\u00bb custom_padding_phone=\u00bb165px||165px||true|false\u00bb custom_padding_last_edited=\u00bbon|tablet\u00bb background_last_edited=\u00bbon|phone\u00bb background_image_tablet=\u00bbhttps:\/\/zoe-t.es\/wp-content\/uploads\/2020\/08\/mylife-dandurff-mobile-1.png\u00bb background_image_phone=\u00bbhttps:\/\/zoe-t.es\/wp-content\/uploads\/2020\/08\/mylife-dandurff-mobile-1.png\u00bb background_enable_image_tablet=\u00bbon\u00bb background_enable_image_phone=\u00bbon\u00bb background_size_tablet=\u00bbcontain\u00bb alt_tablet=\u00bbMY.LIFE ANTI-DANDRUFF\u00bb title_text_tablet=\u00bbMY.LIFE ANTI-DANDRUFF\u00bb alt_phone=\u00bbMY.LIFE ANTI-DANDRUFF\u00bb title_text_phone=\u00bbMY.LIFE ANTI-DANDRUFF\u00bb][\/et_pb_column][et_pb_column type=\u00bb2_5&#8243; _builder_version=\u00bb4.5.3&#8243; _module_preset=\u00bbdefault\u00bb background_enable_color=\u00bboff\u00bb custom_padding=\u00bb80px|||25px|false|false\u00bb custom_padding_tablet=\u00bb0px|||0px|false|false\u00bb custom_padding_phone=\u00bb\u00bb custom_padding_last_edited=\u00bbon|desktop\u00bb][et_pb_image src=\u00bbhttps:\/\/zoe-t.es\/wp-content\/uploads\/2020\/08\/my-life-supreme-dranduff-1.jpg\u00bb alt=\u00bbMY.LIFE ANTI-DANDRUFF\u00bb title_text=\u00bbMY.LIFE ANTI-DANDRUFF\u00bb align=\u00bbcenter\u00bb align_tablet=\u00bbcenter\u00bb align_phone=\u00bb\u00bb align_last_edited=\u00bbon|tablet\u00bb _builder_version=\u00bb4.5.6&#8243; _module_preset=\u00bbdefault\u00bb width=\u00bb30%\u00bb width_tablet=\u00bb19%\u00bb width_phone=\u00bb27%\u00bb width_last_edited=\u00bbon|desktop\u00bb module_alignment=\u00bbleft\u00bb custom_margin=\u00bb14vh||||false|false\u00bb custom_margin_tablet=\u00bb0vh||||false|false\u00bb custom_margin_phone=\u00bb-3vh||||false|false\u00bb custom_margin_last_edited=\u00bbon|desktop\u00bb custom_padding=\u00bb63px||0px||false|false\u00bb custom_padding_tablet=\u00bb19px||27px||false|false\u00bb custom_padding_phone=\u00bb\u00bb custom_padding_last_edited=\u00bbon|phone\u00bb module_alignment_tablet=\u00bbcenter\u00bb module_alignment_phone=\u00bbcenter\u00bb module_alignment_last_edited=\u00bbon|phone\u00bb border_color_all=\u00bb#000000&#8243;][\/et_pb_image][\/et_pb_column][\/et_pb_row][\/et_pb_section][et_pb_section fb_built=\u00bb1&#8243; _builder_version=\u00bb4.5.6&#8243; _module_preset=\u00bbdefault\u00bb custom_padding=\u00bb0px||0px||false|false\u00bb][et_pb_row column_structure=\u00bb1_2,1_2&#8243; _builder_version=\u00bb4.5.3&#8243; _module_preset=\u00bbdefault\u00bb background_enable_image=\u00bboff\u00bb custom_padding=\u00bb81px||2px|||\u00bb][et_pb_column type=\u00bb1_2&#8243; _builder_version=\u00bb4.5.3&#8243; _module_preset=\u00bbdefault\u00bb][et_pb_text _builder_version=\u00bb4.5.6&#8243; _module_preset=\u00bbdefault\u00bb]<\/p>\n<h1>FILOSOF\u00cdA<\/h1>\n<p>&nbsp;<\/p>\n<p><strong>MY.LIFE SUPREME<\/strong> es seguridad, eficacia e incre\u00edble facilidad de uso para un resultado a la altura de las exigencias del cliente, combinando siempre belleza y bienestar. Cada proceso ha sido mejorado con rituales hol\u00edsticos (de la palabra griega H\u00d3LOS= totalidad) de aplicaci\u00f3n, dise\u00f1ada para optimizar resultados, ofreciendo experiencia y beneficios dise\u00f1ados para llevar a la persona en un estado de equilibrio, sin perder de vista la necesidad de rapidez y aplicaci\u00f3n continuada, tanto por el estilista como por parte del cliente final. Los rituales MY.LIFE SUPREME s\u00f3lo requieren un m\u00ednimo de atenci\u00f3n y un tiempo de aplicaci\u00f3n muy breveo. Los rituales ofrecen al cliente preciosos momentos de emociones positivas y bienestar con altos y potentes resultados.[\/et_pb_text][et_pb_image _builder_version=\u00bb4.5.3&#8243; _module_preset=\u00bbdefault\u00bb][\/et_pb_image][\/et_pb_column][et_pb_column type=\u00bb1_2&#8243; _builder_version=\u00bb4.5.3&#8243; _module_preset=\u00bbdefault\u00bb][et_pb_text _builder_version=\u00bb4.5.6&#8243; _module_preset=\u00bbdefault\u00bb text_text_color=\u00bb#ffffff\u00bb custom_padding=\u00bb||0px|||\u00bb]<\/p>\n<h1>Beauty &amp; Care<br \/>\nScalp and Hair<\/h1>\n<p>[\/et_pb_text][et_pb_image src=\u00bbhttps:\/\/zoe-t.es\/wp-content\/uploads\/2020\/08\/my-life-anti-dandruff.jpg\u00bb alt=\u00bbBeauty &amp; Care Scalp and Hair\u00bb title_text=\u00bbBeauty &amp; Care Scalp and Hair\u00bb _builder_version=\u00bb4.5.6&#8243; _module_preset=\u00bbdefault\u00bb][\/et_pb_image][\/et_pb_column][\/et_pb_row][et_pb_row column_structure=\u00bb1_4,1_4,1_4,1_4&#8243; _builder_version=\u00bb4.5.3&#8243; _module_preset=\u00bbdefault\u00bb][et_pb_column type=\u00bb1_4&#8243; _builder_version=\u00bb4.5.3&#8243; _module_preset=\u00bbdefault\u00bb][et_pb_image src=\u00bbhttps:\/\/zoe-t.es\/wp-content\/uploads\/2020\/08\/mylife-antidranduff-shampoo.png\u00bb alt=\u00bbANTI-DANDRUFF SHAMPOO\u00bb title_text=\u00bbANTI-DANDRUFF SHAMPOO\u00bb align=\u00bbcenter\u00bb _builder_version=\u00bb4.5.6&#8243; _module_preset=\u00bbdefault\u00bb max_width=\u00bb100%\u00bb max_width_tablet=\u00bb60%\u00bb max_width_phone=\u00bb60%\u00bb max_width_last_edited=\u00bbon|phone\u00bb custom_margin=\u00bb||-3px|||\u00bb custom_padding=\u00bb0px|||||\u00bb][\/et_pb_image][et_pb_text _builder_version=\u00bb4.5.6&#8243; _module_preset=\u00bbdefault\u00bb header_font=\u00bbMolengo|300|||||||\u00bb header_text_align=\u00bbcenter\u00bb header_font_size=\u00bb29px\u00bb header_2_font=\u00bbRoboto|300|||||||\u00bb text_orientation=\u00bbcenter\u00bb custom_padding=\u00bb19px||||false|false\u00bb custom_padding_tablet=\u00bb\u00bb custom_padding_phone=\u00bb\u00bb custom_padding_last_edited=\u00bbon|desktop\u00bb header_font_size_tablet=\u00bb\u00bb header_font_size_phone=\u00bb\u00bb header_font_size_last_edited=\u00bbon|desktop\u00bb border_color_top=\u00bb#006FBA\u00bb]<\/p>\n<h1>ANTI-DANDRUFF<br \/>SHAMPOO<\/h1>\n<p>250 ml<\/p>\n<p>[\/et_pb_text][\/et_pb_column][et_pb_column type=\u00bb1_4&#8243; _builder_version=\u00bb4.5.3&#8243; _module_preset=\u00bbdefault\u00bb][et_pb_text _builder_version=\u00bb4.5.6&#8243; _module_preset=\u00bbdefault\u00bb header_text_color=\u00bb#ffffff\u00bb header_2_text_color=\u00bb#ffffff\u00bb header_3_text_color=\u00bb#ffffff\u00bb custom_padding=\u00bb60px||||false|false\u00bb]<strong>MY.LIFE SUPREME ANTI DANDRUFF SHAMPOO<\/strong><br \/>\nChamp\u00fa espec\u00edfico para la limpieza y el bienestar del cabello con Presencia de la\u00a0 caspa. Gracias a sus principios activos espec\u00edficos, elimina el exceso de caspa y dificulta su formaci\u00f3n, purifica el cabello y el cuero cabelludo.[\/et_pb_text][\/et_pb_column][et_pb_column type=\u00bb1_4&#8243; _builder_version=\u00bb4.5.3&#8243; _module_preset=\u00bbdefault\u00bb][et_pb_image src=\u00bbhttps:\/\/zoe-t.es\/wp-content\/uploads\/2020\/08\/mylife-antidranduff-serum.png\u00bb alt=\u00bbANTI-DANDRUFF SERUM\u00bb title_text=\u00bbANTI-DANDRUFF SERUM\u00bb align=\u00bbcenter\u00bb _builder_version=\u00bb4.5.6&#8243; _module_preset=\u00bbdefault\u00bb max_width=\u00bb100%\u00bb max_width_tablet=\u00bb60%\u00bb max_width_phone=\u00bb60%\u00bb max_width_last_edited=\u00bbon|phone\u00bb custom_margin=\u00bb||-3px|||\u00bb custom_padding=\u00bb0px|||||\u00bb][\/et_pb_image][et_pb_text _builder_version=\u00bb4.5.6&#8243; _module_preset=\u00bbdefault\u00bb header_font=\u00bbMolengo|300|||||||\u00bb header_text_align=\u00bbcenter\u00bb header_font_size=\u00bb29px\u00bb header_2_font=\u00bbRoboto|300|||||||\u00bb text_orientation=\u00bbcenter\u00bb custom_padding=\u00bb19px||||false|false\u00bb custom_padding_tablet=\u00bb\u00bb custom_padding_phone=\u00bb\u00bb custom_padding_last_edited=\u00bbon|desktop\u00bb header_font_size_tablet=\u00bb\u00bb header_font_size_phone=\u00bb\u00bb header_font_size_last_edited=\u00bbon|desktop\u00bb border_color_top=\u00bb#006FBA\u00bb]<\/p>\n<h1>ANTI-DANDRUFF<br \/>SERUM<\/h1>\n<p>10 ml<\/p>\n<p>[\/et_pb_text][\/et_pb_column][et_pb_column type=\u00bb1_4&#8243; _builder_version=\u00bb4.5.3&#8243; _module_preset=\u00bbdefault\u00bb][et_pb_text _builder_version=\u00bb4.5.6&#8243; _module_preset=\u00bbdefault\u00bb header_text_color=\u00bb#ffffff\u00bb header_2_text_color=\u00bb#ffffff\u00bb header_3_text_color=\u00bb#ffffff\u00bb custom_padding=\u00bb27px||||false|false\u00bb]<strong>ANTI-DANDRUFF SERUM MY.LIFE<\/strong><br \/>\nEs un tratamiento ESPEC\u00cdFICO para el cuidado, limpieza y bienestar del cabello con exceso de caspa y dificultando la formaci\u00f3n.[\/et_pb_text][\/et_pb_column][\/et_pb_row][et_pb_row _builder_version=\u00bb4.5.6&#8243; _module_preset=\u00bbdefault\u00bb][et_pb_column type=\u00bb4_4&#8243; _builder_version=\u00bb4.5.6&#8243; _module_preset=\u00bbdefault\u00bb][et_pb_text _builder_version=\u00bb4.5.6&#8243; _module_preset=\u00bbdefault\u00bb header_text_color=\u00bb#e0ce55&#8243; header_2_text_color=\u00bb#a43935&#8243; header_text_color__hover_enabled=\u00bbon|desktop\u00bb]<\/p>\n<h2>RITUAL ESPEC\u00cdFICO ANTI-DANDRUFF<\/h2>\n<p>[\/et_pb_text][\/et_pb_column][\/et_pb_row][et_pb_row column_structure=\u00bb1_4,1_4,1_4,1_4&#8243; _builder_version=\u00bb4.5.3&#8243; _module_preset=\u00bbdefault\u00bb][et_pb_column type=\u00bb1_4&#8243; _builder_version=\u00bb4.5.3&#8243; _module_preset=\u00bbdefault\u00bb][et_pb_text _builder_version=\u00bb4.5.6&#8243; _module_preset=\u00bbdefault\u00bb header_font=\u00bbMolengo|300|||||||\u00bb header_text_align=\u00bbcenter\u00bb header_font_size=\u00bb29px\u00bb header_2_font=\u00bbRoboto|300|||||||\u00bb text_orientation=\u00bbcenter\u00bb custom_padding=\u00bb19px||||false|false\u00bb custom_padding_tablet=\u00bb\u00bb custom_padding_phone=\u00bb\u00bb custom_padding_last_edited=\u00bbon|desktop\u00bb header_font_size_tablet=\u00bb\u00bb header_font_size_phone=\u00bb\u00bb header_font_size_last_edited=\u00bbon|desktop\u00bb border_color_top=\u00bb#006FBA\u00bb]<\/p>\n<h1>CALMING<br \/>\nPEELING<\/h1>\n<p>[\/et_pb_text][\/et_pb_column][et_pb_column type=\u00bb1_4&#8243; _builder_version=\u00bb4.5.3&#8243; _module_preset=\u00bbdefault\u00bb][et_pb_text _builder_version=\u00bb4.5.6&#8243; _module_preset=\u00bbdefault\u00bb header_text_color=\u00bb#ffffff\u00bb header_2_text_color=\u00bb#ffffff\u00bb header_3_text_color=\u00bb#ffffff\u00bb](Previo al MY.LIFE SUPREME CALMING SHAMPOO). Aplicar CALMING PEELING al cuero cabelludo con la ayuda de las manos. Deja por lo menos durante 3 minutos y masajear suavemente el cuero cabelludo con los dedos. Mejora la viabilidad celular y la r\u00e1pida eliminaci\u00f3n de toxinas metab\u00f3licas. Proceder para enjuagar y limpiar con CALMING SHAMPOO.[\/et_pb_text][\/et_pb_column][et_pb_column type=\u00bb1_4&#8243; _builder_version=\u00bb4.5.3&#8243; _module_preset=\u00bbdefault\u00bb][et_pb_text _builder_version=\u00bb4.5.6&#8243; _module_preset=\u00bbdefault\u00bb header_font=\u00bbMolengo|300|||||||\u00bb header_text_align=\u00bbcenter\u00bb header_font_size=\u00bb29px\u00bb header_2_font=\u00bbRoboto|300|||||||\u00bb text_orientation=\u00bbcenter\u00bb custom_padding=\u00bb19px||||false|false\u00bb custom_padding_tablet=\u00bb\u00bb custom_padding_phone=\u00bb\u00bb custom_padding_last_edited=\u00bbon|desktop\u00bb header_font_size_tablet=\u00bb\u00bb header_font_size_phone=\u00bb\u00bb header_font_size_last_edited=\u00bbon|desktop\u00bb border_color_top=\u00bb#006FBA\u00bb]<\/p>\n<h1>CALMING<br \/> SHAMPOO \/ ANTI-DANDRUFF SHAMPOO<\/h1>\n<p>[\/et_pb_text][\/et_pb_column][et_pb_column type=\u00bb1_4&#8243; _builder_version=\u00bb4.5.3&#8243; _module_preset=\u00bbdefault\u00bb][et_pb_text _builder_version=\u00bb4.5.6&#8243; _module_preset=\u00bbdefault\u00bb header_text_color=\u00bb#ffffff\u00bb header_2_text_color=\u00bb#ffffff\u00bb header_3_text_color=\u00bb#ffffff\u00bb]Aplique CALMING SHAMPOO para la limpieza y el bienestar del cabello y el cuero cabelludo. Sus principios activos en perfecta combinaci\u00f3n activan el complejo\u00a0 natural, fortificando el cabello profundamente, haci\u00e9ndolo suave, brillante y f\u00e1cil de peinar. La ausencia de agentes espumantes agresivos garantiza una limpieza eficaz y profunda. Repetir una segunda aplicaci\u00f3n con ANTI-DANDRUFFSHAMPOO.[\/et_pb_text][\/et_pb_column][\/et_pb_row][et_pb_row column_structure=\u00bb1_4,1_4,1_4,1_4&#8243; _builder_version=\u00bb4.5.3&#8243; _module_preset=\u00bbdefault\u00bb][et_pb_column type=\u00bb1_4&#8243; _builder_version=\u00bb4.5.3&#8243; _module_preset=\u00bbdefault\u00bb][et_pb_text _builder_version=\u00bb4.5.6&#8243; _module_preset=\u00bbdefault\u00bb header_font=\u00bbMolengo|300|||||||\u00bb header_text_align=\u00bbcenter\u00bb header_font_size=\u00bb29px\u00bb header_2_font=\u00bbRoboto|300|||||||\u00bb text_orientation=\u00bbcenter\u00bb custom_padding=\u00bb19px||||false|false\u00bb custom_padding_tablet=\u00bb\u00bb custom_padding_phone=\u00bb\u00bb custom_padding_last_edited=\u00bbon|desktop\u00bb header_font_size_tablet=\u00bb\u00bb header_font_size_phone=\u00bb\u00bb header_font_size_last_edited=\u00bbon|desktop\u00bb border_color_top=\u00bb#006FBA\u00bb]<\/p>\n<h1>CALMING<br \/>\nMASK<\/h1>\n<p>[\/et_pb_text][\/et_pb_column][et_pb_column type=\u00bb1_4&#8243; _builder_version=\u00bb4.5.3&#8243; _module_preset=\u00bbdefault\u00bb][et_pb_text _builder_version=\u00bb4.5.6&#8243; _module_preset=\u00bbdefault\u00bb header_text_color=\u00bb#ffffff\u00bb header_2_text_color=\u00bb#ffffff\u00bb header_3_text_color=\u00bb#ffffff\u00bb]Aplique CALMING MASK para la nutrici\u00f3n y el bienestar del cabello y cuero cabelludo. Sus principios activos en perfecta combinaci\u00f3n activan el complejo natural, regeneran el cabello en profundidad y lo hacen suave, brillante y f\u00e1cil de peinar.[\/et_pb_text][\/et_pb_column][et_pb_column type=\u00bb1_4&#8243; _builder_version=\u00bb4.5.3&#8243; _module_preset=\u00bbdefault\u00bb][et_pb_text _builder_version=\u00bb4.5.6&#8243; _module_preset=\u00bbdefault\u00bb header_font=\u00bbMolengo|300|||||||\u00bb header_text_align=\u00bbcenter\u00bb header_font_size=\u00bb29px\u00bb header_2_font=\u00bbRoboto|300|||||||\u00bb text_orientation=\u00bbcenter\u00bb custom_padding=\u00bb19px||||false|false\u00bb custom_padding_tablet=\u00bb\u00bb custom_padding_phone=\u00bb\u00bb custom_padding_last_edited=\u00bbon|desktop\u00bb header_font_size_tablet=\u00bb\u00bb header_font_size_phone=\u00bb\u00bb header_font_size_last_edited=\u00bbon|desktop\u00bb border_color_top=\u00bb#006FBA\u00bb]<\/p>\n<h1>ANTI-DANDRUFF<br \/>SERUM<\/h1>\n<p>[\/et_pb_text][\/et_pb_column][et_pb_column type=\u00bb1_4&#8243; _builder_version=\u00bb4.5.3&#8243; _module_preset=\u00bbdefault\u00bb][et_pb_text _builder_version=\u00bb4.5.6&#8243; _module_preset=\u00bbdefault\u00bb header_text_color=\u00bb#ffffff\u00bb header_2_text_color=\u00bb#ffffff\u00bb header_3_text_color=\u00bb#ffffff\u00bb]Aplique el contenido de un frasco de MY.LIFE ANTIDANDRUFF SERUM 10ml en el cuero cabelludo. Para dosificar el producto presione suavemente sobre el\u00a0 recipiente y masajee la piel hasta que se absorba. No enjuague. El producto puede aplicarse en cuero cabelludo h\u00famedo o levemente secado con una toalla.[\/et_pb_text][\/et_pb_column][\/et_pb_row][\/et_pb_section]<\/p>\n","protected":false},"excerpt":{"rendered":"<p>FILOSOF\u00cdA &nbsp; MY.LIFE SUPREME es seguridad, eficacia e incre\u00edble facilidad de uso para un resultado a la altura de las exigencias del cliente, combinando siempre belleza y bienestar. Cada proceso ha sido mejorado con rituales hol\u00edsticos (de la palabra griega H\u00d3LOS= totalidad) de aplicaci\u00f3n, dise\u00f1ada para optimizar resultados, ofreciendo experiencia y beneficios dise\u00f1ados para llevar [&hellip;]<\/p>\n","protected":false},"author":1,"featured_media":0,"parent":2296,"menu_order":0,"comment_status":"closed","ping_status":"closed","template":"","meta":{"_et_pb_use_builder":"on","_et_pb_old_content":"","_et_gb_content_width":"","footnotes":""},"class_list":["post-2330","page","type-page","status-publish","hentry"],"yoast_head":"<!-- This site is optimized with the Yoast SEO plugin v26.8 - https:\/\/yoast.com\/product\/yoast-seo-wordpress\/ -->\n<title>MY.LIFE SUPREME ANTI DANDRUFF \u2764\ufe0f Tratamiento espec\u00edfico para la caspa<\/title>\n<meta name=\"description\" content=\"Es un tratamiento ESPEC\u00cdFICO para el cuidado, la limpieza y el bienestar del cabello con exceso de caspa que dificulta su formaci\u00f3n.\" \/>\n<meta name=\"robots\" content=\"index, follow, max-snippet:-1, max-image-preview:large, max-video-preview:-1\" \/>\n<link rel=\"canonical\" href=\"https:\/\/zoe-t.es\/es\/white-nature\/my-life-supreme\/my-life-supreme-anti-dandurff\/\" \/>\n<meta property=\"og:locale\" content=\"es_ES\" \/>\n<meta property=\"og:type\" content=\"article\" \/>\n<meta property=\"og:title\" content=\"MY.LIFE SUPREME ANTI DANDRUFF \u2764\ufe0f Tratamiento espec\u00edfico para la caspa\" \/>\n<meta property=\"og:description\" content=\"Es un tratamiento ESPEC\u00cdFICO para el cuidado, la limpieza y el bienestar del cabello con exceso de caspa que dificulta su formaci\u00f3n.\" \/>\n<meta property=\"og:url\" content=\"https:\/\/zoe-t.es\/es\/white-nature\/my-life-supreme\/my-life-supreme-anti-dandurff\/\" \/>\n<meta property=\"og:site_name\" content=\"Zoe-t\" \/>\n<meta property=\"article:modified_time\" content=\"2020-11-11T15:47:18+00:00\" \/>\n<meta name=\"twitter:card\" content=\"summary_large_image\" \/>\n<meta name=\"twitter:label1\" content=\"Tiempo de lectura\" \/>\n\t<meta name=\"twitter:data1\" content=\"9 minutos\" \/>\n<script type=\"application\/ld+json\" class=\"yoast-schema-graph\">{\"@context\":\"https:\/\/schema.org\",\"@graph\":[{\"@type\":\"WebPage\",\"@id\":\"https:\/\/zoe-t.es\/es\/white-nature\/my-life-supreme\/my-life-supreme-anti-dandurff\/\",\"url\":\"https:\/\/zoe-t.es\/es\/white-nature\/my-life-supreme\/my-life-supreme-anti-dandurff\/\",\"name\":\"MY.LIFE SUPREME ANTI DANDRUFF \u2764\ufe0f Tratamiento espec\u00edfico para la caspa\",\"isPartOf\":{\"@id\":\"https:\/\/zoe-t.es\/es\/#website\"},\"datePublished\":\"2020-08-23T23:46:16+00:00\",\"dateModified\":\"2020-11-11T15:47:18+00:00\",\"description\":\"Es un tratamiento ESPEC\u00cdFICO para el cuidado, la limpieza y el bienestar del cabello con exceso de caspa que dificulta su formaci\u00f3n.\",\"breadcrumb\":{\"@id\":\"https:\/\/zoe-t.es\/es\/white-nature\/my-life-supreme\/my-life-supreme-anti-dandurff\/#breadcrumb\"},\"inLanguage\":\"es\",\"potentialAction\":[{\"@type\":\"ReadAction\",\"target\":[\"https:\/\/zoe-t.es\/es\/white-nature\/my-life-supreme\/my-life-supreme-anti-dandurff\/\"]}]},{\"@type\":\"BreadcrumbList\",\"@id\":\"https:\/\/zoe-t.es\/es\/white-nature\/my-life-supreme\/my-life-supreme-anti-dandurff\/#breadcrumb\",\"itemListElement\":[{\"@type\":\"ListItem\",\"position\":1,\"name\":\"Portada\",\"item\":\"https:\/\/zoe-t.es\/es\/\"},{\"@type\":\"ListItem\",\"position\":2,\"name\":\"WHITE NATURE\",\"item\":\"https:\/\/zoe-t.es\/es\/white-nature\/\"},{\"@type\":\"ListItem\",\"position\":3,\"name\":\"MY.LIFE SUPREME\",\"item\":\"https:\/\/zoe-t.es\/es\/white-nature\/my-life-supreme\/\"},{\"@type\":\"ListItem\",\"position\":4,\"name\":\"MY.LIFE SUPREME ANTI-DANDURFF\"}]},{\"@type\":\"WebSite\",\"@id\":\"https:\/\/zoe-t.es\/es\/#website\",\"url\":\"https:\/\/zoe-t.es\/es\/\",\"name\":\"Zoe-t\",\"description\":\"Luxury for your Hair\",\"potentialAction\":[{\"@type\":\"SearchAction\",\"target\":{\"@type\":\"EntryPoint\",\"urlTemplate\":\"https:\/\/zoe-t.es\/es\/?s={search_term_string}\"},\"query-input\":{\"@type\":\"PropertyValueSpecification\",\"valueRequired\":true,\"valueName\":\"search_term_string\"}}],\"inLanguage\":\"es\"}]}<\/script>\n<!-- \/ Yoast SEO plugin. -->","yoast_head_json":{"title":"MY.LIFE SUPREME ANTI DANDRUFF \u2764\ufe0f Tratamiento espec\u00edfico para la caspa","description":"Es un tratamiento ESPEC\u00cdFICO para el cuidado, la limpieza y el bienestar del cabello con exceso de caspa que dificulta su formaci\u00f3n.","robots":{"index":"index","follow":"follow","max-snippet":"max-snippet:-1","max-image-preview":"max-image-preview:large","max-video-preview":"max-video-preview:-1"},"canonical":"https:\/\/zoe-t.es\/es\/white-nature\/my-life-supreme\/my-life-supreme-anti-dandurff\/","og_locale":"es_ES","og_type":"article","og_title":"MY.LIFE SUPREME ANTI DANDRUFF \u2764\ufe0f Tratamiento espec\u00edfico para la caspa","og_description":"Es un tratamiento ESPEC\u00cdFICO para el cuidado, la limpieza y el bienestar del cabello con exceso de caspa que dificulta su formaci\u00f3n.","og_url":"https:\/\/zoe-t.es\/es\/white-nature\/my-life-supreme\/my-life-supreme-anti-dandurff\/","og_site_name":"Zoe-t","article_modified_time":"2020-11-11T15:47:18+00:00","twitter_card":"summary_large_image","twitter_misc":{"Tiempo de lectura":"9 minutos"},"schema":{"@context":"https:\/\/schema.org","@graph":[{"@type":"WebPage","@id":"https:\/\/zoe-t.es\/es\/white-nature\/my-life-supreme\/my-life-supreme-anti-dandurff\/","url":"https:\/\/zoe-t.es\/es\/white-nature\/my-life-supreme\/my-life-supreme-anti-dandurff\/","name":"MY.LIFE SUPREME ANTI DANDRUFF \u2764\ufe0f Tratamiento espec\u00edfico para la caspa","isPartOf":{"@id":"https:\/\/zoe-t.es\/es\/#website"},"datePublished":"2020-08-23T23:46:16+00:00","dateModified":"2020-11-11T15:47:18+00:00","description":"Es un tratamiento ESPEC\u00cdFICO para el cuidado, la limpieza y el bienestar del cabello con exceso de caspa que dificulta su formaci\u00f3n.","breadcrumb":{"@id":"https:\/\/zoe-t.es\/es\/white-nature\/my-life-supreme\/my-life-supreme-anti-dandurff\/#breadcrumb"},"inLanguage":"es","potentialAction":[{"@type":"ReadAction","target":["https:\/\/zoe-t.es\/es\/white-nature\/my-life-supreme\/my-life-supreme-anti-dandurff\/"]}]},{"@type":"BreadcrumbList","@id":"https:\/\/zoe-t.es\/es\/white-nature\/my-life-supreme\/my-life-supreme-anti-dandurff\/#breadcrumb","itemListElement":[{"@type":"ListItem","position":1,"name":"Portada","item":"https:\/\/zoe-t.es\/es\/"},{"@type":"ListItem","position":2,"name":"WHITE NATURE","item":"https:\/\/zoe-t.es\/es\/white-nature\/"},{"@type":"ListItem","position":3,"name":"MY.LIFE SUPREME","item":"https:\/\/zoe-t.es\/es\/white-nature\/my-life-supreme\/"},{"@type":"ListItem","position":4,"name":"MY.LIFE SUPREME ANTI-DANDURFF"}]},{"@type":"WebSite","@id":"https:\/\/zoe-t.es\/es\/#website","url":"https:\/\/zoe-t.es\/es\/","name":"Zoe-t","description":"Luxury for your Hair","potentialAction":[{"@type":"SearchAction","target":{"@type":"EntryPoint","urlTemplate":"https:\/\/zoe-t.es\/es\/?s={search_term_string}"},"query-input":{"@type":"PropertyValueSpecification","valueRequired":true,"valueName":"search_term_string"}}],"inLanguage":"es"}]}},"_links":{"self":[{"href":"https:\/\/zoe-t.es\/es\/wp-json\/wp\/v2\/pages\/2330","targetHints":{"allow":["GET"]}}],"collection":[{"href":"https:\/\/zoe-t.es\/es\/wp-json\/wp\/v2\/pages"}],"about":[{"href":"https:\/\/zoe-t.es\/es\/wp-json\/wp\/v2\/types\/page"}],"author":[{"embeddable":true,"href":"https:\/\/zoe-t.es\/es\/wp-json\/wp\/v2\/users\/1"}],"replies":[{"embeddable":true,"href":"https:\/\/zoe-t.es\/es\/wp-json\/wp\/v2\/comments?post=2330"}],"version-history":[{"count":6,"href":"https:\/\/zoe-t.es\/es\/wp-json\/wp\/v2\/pages\/2330\/revisions"}],"predecessor-version":[{"id":3600,"href":"https:\/\/zoe-t.es\/es\/wp-json\/wp\/v2\/pages\/2330\/revisions\/3600"}],"up":[{"embeddable":true,"href":"https:\/\/zoe-t.es\/es\/wp-json\/wp\/v2\/pages\/2296"}],"wp:attachment":[{"href":"https:\/\/zoe-t.es\/es\/wp-json\/wp\/v2\/media?parent=2330"}],"curies":[{"name":"wp","href":"https:\/\/api.w.org\/{rel}","templated":true}]}}