{"id":2343,"date":"2020-08-24T09:55:00","date_gmt":"2020-08-24T09:55:00","guid":{"rendered":"https:\/\/zoe-t.es\/aviso-legal\/"},"modified":"2022-04-19T15:16:18","modified_gmt":"2022-04-19T15:16:18","slug":"aviso-legal","status":"publish","type":"page","link":"https:\/\/zoe-t.es\/es\/aviso-legal\/","title":{"rendered":"AVISO LEGAL"},"content":{"rendered":"<p>[et_pb_section fb_built=\u00bb1&#8243; _builder_version=\u00bb4.16&#8243; _module_preset=\u00bbdefault\u00bb global_colors_info=\u00bb{}\u00bb][et_pb_row _builder_version=\u00bb4.16&#8243; _module_preset=\u00bbdefault\u00bb global_colors_info=\u00bb{}\u00bb][et_pb_column type=\u00bb4_4&#8243; _builder_version=\u00bb4.16&#8243; _module_preset=\u00bbdefault\u00bb global_colors_info=\u00bb{}\u00bb][et_pb_text _builder_version=\u00bb4.17.1&#8243; _module_preset=\u00bbdefault\u00bb hover_enabled=\u00bb0&#8243; global_colors_info=\u00bb{}\u00bb sticky_enabled=\u00bb0&#8243;]<\/p>\n<div class=\"text-wrap tlid-copy-target\">\n<div class=\"result-shield-container tlid-copy-target\" tabindex=\"0\">\n<h1><span class=\"tlid-translation translation\" lang=\"en\"><span class=\"tlid-translation translation\" lang=\"es\">AVISO LEGAL<\/span><\/span><\/h1>\n<p>&nbsp;<\/p>\n<p><span class=\"tlid-translation translation\" lang=\"es\">1. DATOS DE IDENTIFICACI\u00d3N:<\/span><\/p>\n<p>En cumplimiento con el deber de informaci\u00f3n recogido en el art\u00edculo 10 de la Ley 34\/2002, de 11 de julio, de Servicios de la Sociedad de la Informaci\u00f3n y Comercio Electr\u00f3nico, a continuaci\u00f3n se refleja la siguiente informaci\u00f3n: la empresa propietaria del dominio web es ZOE-T COSMETICS SL con domicilio a estos efectos en C\/ 2, nave 36, Pol. Ind. L\u2019Horta Vella 46117 B\u00e8tera (Valencia), CIF n\u00famero: B98844772. Correo electr\u00f3nico de contacto: <a href=\"mailto:info@zoe-t.es\">info@zoe-t.es<\/a> del sitio web.<\/p>\n<p>2. USUARIOS:<\/p>\n<p>El acceso y \/ o uso de este portal de ZOE-T COSMETICS S.L creador del sitio web atribuye la condici\u00f3n de USUARIO, que acepta, desde dicho acceso y \/ o uso, las Condiciones Generales de Uso aqu\u00ed reflejadas. Las citadas Condiciones ser\u00e1n de aplicaci\u00f3n independientemente de las Condiciones Generales de Contrataci\u00f3n que en su caso resulten de obligado cumplimiento.<\/p>\n<p>3. USO DEL PORTAL:<\/p>\n<p>zoe-t.es proporciona el acceso a multitud de informaciones, servicios, programas o datos (en adelante, \u00ablos contenidos\u00bb) en Internet pertenecientes a ZOE-T COSMETICS SL creador del sitio web o sus licenciantes a los que el USUARIO pueda tener acceso . El USUARIO asume la responsabilidad del uso del portal. Esta responsabilidad se extiende al registro que sea necesario para acceder a determinados servicios o contenidos. En dicho registro, el USUARIO ser\u00e1 responsable de proporcionar informaci\u00f3n veraz y l\u00edcita. Como consecuencia de este registro, al USUARIO se le puede proporcionar una contrase\u00f1a de la que ser\u00e1 responsable, comprometi\u00e9ndose a hacer un uso diligente y confidencial de la misma.<\/p>\n<p>4. PROTECCI\u00d3N DE DATOS:<\/p>\n<p>ZOE-T COSMETICS SL creadora del sitio web cumple con las directrices de la Ley Org\u00e1nica 15\/1999 de 13 de diciembre de Protecci\u00f3n de Datos de Car\u00e1cter Personal, el Real Decreto 1720\/2007 de 21 de diciembre por el que se aprueba el Reglamento de desarrollo de la Ley Org\u00e1nica y dem\u00e1s normativa vigente en cada momento, y vela por el correcto uso y tratamiento de los datos personales del usuario. Para ello, junto con cada formulario de recogida de datos personales, en los servicios que el usuario pueda solicitar a ZOE-T COSMETICS SL, informar\u00e1 al usuario de la existencia y aceptaci\u00f3n de las condiciones particulares para el tratamiento de sus datos en cada caso. , inform\u00e1ndoles de la responsabilidad del fichero creado, el domicilio del responsable, la posibilidad de ejercitar sus derechos de acceso, rectificaci\u00f3n, cancelaci\u00f3n u oposici\u00f3n, la finalidad del tratamiento y la comunicaci\u00f3n de los datos a terceros, en su caso .<\/p>\n<p>Asimismo, ZOE-T COSMETICS SL, creadora del sitio web, informa que da cumplimiento a la Ley 34\/2002 de 11 de julio, de Servicios de la Sociedad de la Informaci\u00f3n y Comercio Electr\u00f3nico y le solicitar\u00e1 su consentimiento al tratamiento de su correo electr\u00f3nico con fines comerciales. en cada momento.<\/p>\n<\/div>\n<p><span class=\"tlid-translation translation\" lang=\"es\">5. PROPIEDAD INTELECTUAL E INDUSTRIAL:<\/span><\/p>\n<p>ZOE-T COSMETICS SL creador del sitio web por s\u00ed mismo o como cesionario, es titular de todos los derechos de propiedad intelectual e industrial de su sitio web, as\u00ed como de los elementos contenidos en el mismo (a t\u00edtulo de ejemplo, im\u00e1genes, sonido, audio, v\u00eddeo , software o textos; marcas o logotipos, combinaciones de colores, estructura y dise\u00f1o, selecci\u00f3n de materiales utilizados, programas inform\u00e1ticos necesarios para su funcionamiento, acceso y uso, etc.), propiedad de ZOE-T COSMETICS SL o sus licenciantes. Todos los derechos reservados. En virtud de lo dispuesto en los art\u00edculos 8 y 32.1, p\u00e1rrafo segundo, de la Ley de Propiedad Intelectual, la reproducci\u00f3n, distribuci\u00f3n y comunicaci\u00f3n p\u00fablica, incluida la forma de puesta a disposici\u00f3n, de todo o parte de los contenidos de esta p\u00e1gina web, con fines comerciales fines, en cualquier soporte y por cualquier medio t\u00e9cnico, sin la autorizaci\u00f3n de ZOE-T COSMETICS SL El USUARIO se compromete a respetar los derechos de Propiedad Intelectual e Industrial titularidad de ZOE-T COSMETICS S.L. Puede visualizar los elementos del portal e incluso imprimirlos, copiarlos y almacenarlos en el disco duro de su ordenador o en cualquier otro medio f\u00edsico siempre que sea \u00fanica y exclusivamente para su uso personal y privado. El USUARIO deber\u00e1 abstenerse de suprimir, alterar, eludir o manipular cualquier dispositivo de protecci\u00f3n o sistema de seguridad que estuviera instalado en las p\u00e1ginas de ZOE-T COSMETICS S.L.<\/p>\n<p>6.EXCLUSI\u00d3N DE GARANT\u00cdAS Y RESPONSABILIDAD:<\/p>\n<p>ZOE-T COSMETICS SL no se hace responsable, en ning\u00fan caso, de los da\u00f1os y perjuicios de toda naturaleza que pudieran ocasionar, a t\u00edtulo enunciativo: errores u omisiones en los contenidos, falta de disponibilidad del portal o la transmisi\u00f3n de virus o programas maliciosos o lesivos. en el contenido, a pesar de haber adoptado todas las medidas tecnol\u00f3gicas necesarias para evitarlo.<\/p>\n<p>7. MODIFICACIONES:<\/p>\n<p>ZOE-T COSMETICS SL se reserva el derecho a realizar las modificaciones que considere oportunas en su sitio web sin previo aviso, pudiendo cambiar, eliminar o a\u00f1adir tanto los contenidos y servicios prestados a trav\u00e9s del mismo como la forma en que se presentan o localizan en su portal.<\/p>\n<p>8. ENLACES:<\/p>\n<p>En el caso de que por parte del dominio se dispusiesen enlaces o hiperv\u00ednculos hac\u00eda otros sitios de Internet, ZOE-T COSMETICS S.L no ejercer\u00e1 ning\u00fan tipo de control sobre dichos sitios y contenidos. En ning\u00fan caso ZOE-T COSMETICS SL asumir\u00e1 responsabilidad alguna por los contenidos de alg\u00fan enlace perteneciente a un sitio web ajeno, ni garantizar\u00e1 la disponibilidad t\u00e9cnica, calidad, fiabilidad, exactitud, amplitud, veracidad, validez y constitucionalidad de cualquier material o informaci\u00f3n contenida en cualquiera de dichos hiperv\u00ednculos u otros sitios de Internet. Asimismo, la inclusi\u00f3n de estas conexiones externas no implicar\u00e1 ning\u00fan tipo de asociaci\u00f3n, fusi\u00f3n o participaci\u00f3n con las entidades conectadas.<\/p>\n<p>9. DERECHO DE EXCLUSI\u00d3N:<\/p>\n<p>ZOE-T COSMETICS S.L se reserva el derecho a denegar o retirar el acceso a portal y \/ o los servicios ofrecidos sin necesidad de preaviso, a instancia propia o de un tercero, a aquellos usuarios que incumplan las presentes Condiciones Generales de Uso.<\/p>\n<p>10. GENERAL:<\/p>\n<p>ZOE-T COSMETICS S.L perseguir\u00e1 el incumplimiento de las presentes condiciones as\u00ed como cualquier utilizaci\u00f3n indebida de su portal ejerciendo todas las acciones civiles y penales que le puedan corresponder en derecho.<\/p>\n<p>11. MODIFICACI\u00d3N DE LAS PRESENTES CONDICIONES Y DURACI\u00d3N:<\/p>\n<p>ZOE-T COSMETICS S.L podr\u00e1 modificar las condiciones aqu\u00ed determinadas en cualquier momento, siendo debidamente publicadas como aqu\u00ed aparecen.<\/p>\n<p>La vigencia de las citadas condiciones depender\u00e1 de su exposici\u00f3n y estar\u00e1n vigentes hasta que sean modificadas por otras debidamente publicadas.<\/p>\n<p>12. LEGISLACI\u00d3N APLICABLE Y JURISDICCI\u00d3N:<\/p>\n<p>La relaci\u00f3n entre ZOE-T COSMETICS S.L y el USUARIO se regir\u00e1 por la normativa espa\u00f1ola vigente y cualquier controversia se someter\u00e1 a los Juzgados y Tribunales de la ciudad de Valencia.<\/p>\n<\/div>\n<p>[\/et_pb_text][\/et_pb_column][\/et_pb_row][\/et_pb_section]<\/p>\n","protected":false},"excerpt":{"rendered":"<p>AVISO LEGAL &nbsp; 1. DATOS DE IDENTIFICACI\u00d3N: En cumplimiento con el deber de informaci\u00f3n recogido en el art\u00edculo 10 de la Ley 34\/2002, de 11 de julio, de Servicios de la Sociedad de la Informaci\u00f3n y Comercio Electr\u00f3nico, a continuaci\u00f3n se refleja la siguiente informaci\u00f3n: la empresa propietaria del dominio web es ZOE-T COSMETICS SL [&hellip;]<\/p>\n","protected":false},"author":1,"featured_media":0,"parent":0,"menu_order":0,"comment_status":"closed","ping_status":"closed","template":"","meta":{"_et_pb_use_builder":"on","_et_pb_old_content":"","_et_gb_content_width":"","footnotes":""},"class_list":["post-2343","page","type-page","status-publish","hentry"],"yoast_head":"<!-- This site is optimized with the Yoast SEO plugin v26.8 - https:\/\/yoast.com\/product\/yoast-seo-wordpress\/ -->\n<title>AVISO LEGAL - Zoe-t<\/title>\n<meta name=\"robots\" content=\"index, follow, max-snippet:-1, max-image-preview:large, max-video-preview:-1\" \/>\n<link rel=\"canonical\" href=\"https:\/\/zoe-t.es\/es\/aviso-legal\/\" \/>\n<meta property=\"og:locale\" content=\"es_ES\" \/>\n<meta property=\"og:type\" content=\"article\" \/>\n<meta property=\"og:title\" content=\"AVISO LEGAL - Zoe-t\" \/>\n<meta property=\"og:description\" content=\"AVISO LEGAL &nbsp; 1. DATOS DE IDENTIFICACI\u00d3N: En cumplimiento con el deber de informaci\u00f3n recogido en el art\u00edculo 10 de la Ley 34\/2002, de 11 de julio, de Servicios de la Sociedad de la Informaci\u00f3n y Comercio Electr\u00f3nico, a continuaci\u00f3n se refleja la siguiente informaci\u00f3n: la empresa propietaria del dominio web es ZOE-T COSMETICS SL [&hellip;]\" \/>\n<meta property=\"og:url\" content=\"https:\/\/zoe-t.es\/es\/aviso-legal\/\" \/>\n<meta property=\"og:site_name\" content=\"Zoe-t\" \/>\n<meta property=\"article:modified_time\" content=\"2022-04-19T15:16:18+00:00\" \/>\n<meta name=\"twitter:card\" content=\"summary_large_image\" \/>\n<meta name=\"twitter:label1\" content=\"Tiempo de lectura\" \/>\n\t<meta name=\"twitter:data1\" content=\"6 minutos\" \/>\n<script type=\"application\/ld+json\" class=\"yoast-schema-graph\">{\"@context\":\"https:\/\/schema.org\",\"@graph\":[{\"@type\":\"WebPage\",\"@id\":\"https:\/\/zoe-t.es\/es\/aviso-legal\/\",\"url\":\"https:\/\/zoe-t.es\/es\/aviso-legal\/\",\"name\":\"AVISO LEGAL - Zoe-t\",\"isPartOf\":{\"@id\":\"https:\/\/zoe-t.es\/es\/#website\"},\"datePublished\":\"2020-08-24T09:55:00+00:00\",\"dateModified\":\"2022-04-19T15:16:18+00:00\",\"breadcrumb\":{\"@id\":\"https:\/\/zoe-t.es\/es\/aviso-legal\/#breadcrumb\"},\"inLanguage\":\"es\",\"potentialAction\":[{\"@type\":\"ReadAction\",\"target\":[\"https:\/\/zoe-t.es\/es\/aviso-legal\/\"]}]},{\"@type\":\"BreadcrumbList\",\"@id\":\"https:\/\/zoe-t.es\/es\/aviso-legal\/#breadcrumb\",\"itemListElement\":[{\"@type\":\"ListItem\",\"position\":1,\"name\":\"Portada\",\"item\":\"https:\/\/zoe-t.es\/es\/\"},{\"@type\":\"ListItem\",\"position\":2,\"name\":\"AVISO LEGAL\"}]},{\"@type\":\"WebSite\",\"@id\":\"https:\/\/zoe-t.es\/es\/#website\",\"url\":\"https:\/\/zoe-t.es\/es\/\",\"name\":\"Zoe-t\",\"description\":\"Luxury for your Hair\",\"potentialAction\":[{\"@type\":\"SearchAction\",\"target\":{\"@type\":\"EntryPoint\",\"urlTemplate\":\"https:\/\/zoe-t.es\/es\/?s={search_term_string}\"},\"query-input\":{\"@type\":\"PropertyValueSpecification\",\"valueRequired\":true,\"valueName\":\"search_term_string\"}}],\"inLanguage\":\"es\"}]}<\/script>\n<!-- \/ Yoast SEO plugin. -->","yoast_head_json":{"title":"AVISO LEGAL - Zoe-t","robots":{"index":"index","follow":"follow","max-snippet":"max-snippet:-1","max-image-preview":"max-image-preview:large","max-video-preview":"max-video-preview:-1"},"canonical":"https:\/\/zoe-t.es\/es\/aviso-legal\/","og_locale":"es_ES","og_type":"article","og_title":"AVISO LEGAL - Zoe-t","og_description":"AVISO LEGAL &nbsp; 1. DATOS DE IDENTIFICACI\u00d3N: En cumplimiento con el deber de informaci\u00f3n recogido en el art\u00edculo 10 de la Ley 34\/2002, de 11 de julio, de Servicios de la Sociedad de la Informaci\u00f3n y Comercio Electr\u00f3nico, a continuaci\u00f3n se refleja la siguiente informaci\u00f3n: la empresa propietaria del dominio web es ZOE-T COSMETICS SL [&hellip;]","og_url":"https:\/\/zoe-t.es\/es\/aviso-legal\/","og_site_name":"Zoe-t","article_modified_time":"2022-04-19T15:16:18+00:00","twitter_card":"summary_large_image","twitter_misc":{"Tiempo de lectura":"6 minutos"},"schema":{"@context":"https:\/\/schema.org","@graph":[{"@type":"WebPage","@id":"https:\/\/zoe-t.es\/es\/aviso-legal\/","url":"https:\/\/zoe-t.es\/es\/aviso-legal\/","name":"AVISO LEGAL - Zoe-t","isPartOf":{"@id":"https:\/\/zoe-t.es\/es\/#website"},"datePublished":"2020-08-24T09:55:00+00:00","dateModified":"2022-04-19T15:16:18+00:00","breadcrumb":{"@id":"https:\/\/zoe-t.es\/es\/aviso-legal\/#breadcrumb"},"inLanguage":"es","potentialAction":[{"@type":"ReadAction","target":["https:\/\/zoe-t.es\/es\/aviso-legal\/"]}]},{"@type":"BreadcrumbList","@id":"https:\/\/zoe-t.es\/es\/aviso-legal\/#breadcrumb","itemListElement":[{"@type":"ListItem","position":1,"name":"Portada","item":"https:\/\/zoe-t.es\/es\/"},{"@type":"ListItem","position":2,"name":"AVISO LEGAL"}]},{"@type":"WebSite","@id":"https:\/\/zoe-t.es\/es\/#website","url":"https:\/\/zoe-t.es\/es\/","name":"Zoe-t","description":"Luxury for your Hair","potentialAction":[{"@type":"SearchAction","target":{"@type":"EntryPoint","urlTemplate":"https:\/\/zoe-t.es\/es\/?s={search_term_string}"},"query-input":{"@type":"PropertyValueSpecification","valueRequired":true,"valueName":"search_term_string"}}],"inLanguage":"es"}]}},"_links":{"self":[{"href":"https:\/\/zoe-t.es\/es\/wp-json\/wp\/v2\/pages\/2343","targetHints":{"allow":["GET"]}}],"collection":[{"href":"https:\/\/zoe-t.es\/es\/wp-json\/wp\/v2\/pages"}],"about":[{"href":"https:\/\/zoe-t.es\/es\/wp-json\/wp\/v2\/types\/page"}],"author":[{"embeddable":true,"href":"https:\/\/zoe-t.es\/es\/wp-json\/wp\/v2\/users\/1"}],"replies":[{"embeddable":true,"href":"https:\/\/zoe-t.es\/es\/wp-json\/wp\/v2\/comments?post=2343"}],"version-history":[{"count":7,"href":"https:\/\/zoe-t.es\/es\/wp-json\/wp\/v2\/pages\/2343\/revisions"}],"predecessor-version":[{"id":5770,"href":"https:\/\/zoe-t.es\/es\/wp-json\/wp\/v2\/pages\/2343\/revisions\/5770"}],"wp:attachment":[{"href":"https:\/\/zoe-t.es\/es\/wp-json\/wp\/v2\/media?parent=2343"}],"curies":[{"name":"wp","href":"https:\/\/api.w.org\/{rel}","templated":true}]}}