{"id":2689,"date":"2020-08-26T21:43:10","date_gmt":"2020-08-26T21:43:10","guid":{"rendered":"https:\/\/zoe-t.es\/creative-lab\/"},"modified":"2020-11-11T17:29:49","modified_gmt":"2020-11-11T17:29:49","slug":"creative-lab","status":"publish","type":"page","link":"https:\/\/zoe-t.es\/es\/formacion\/creative-lab\/","title":{"rendered":"CREATIVE LAB"},"content":{"rendered":"<p>[et_pb_section fb_built=\u00bb1&#8243; fullwidth=\u00bbon\u00bb _builder_version=\u00bb4.5.3&#8243; _module_preset=\u00bbdefault\u00bb][et_pb_fullwidth_image src=\u00bbhttps:\/\/zoe-t.es\/wp-content\/uploads\/2020\/08\/creative-lab-2.jpg\u00bb alt=\u00bbCreative Lab\u00bb title_text=\u00bbCreative Lab\u00bb src_tablet=\u00bbhttps:\/\/zoe-t.es\/wp-content\/uploads\/2020\/08\/creative-lab-mobile-1.jpg\u00bb src_phone=\u00bbhttps:\/\/zoe-t.es\/wp-content\/uploads\/2020\/08\/creative-lab-mobile-1.jpg\u00bb src_last_edited=\u00bbon|phone\u00bb _builder_version=\u00bb4.5.8&#8243; _module_preset=\u00bbdefault\u00bb][\/et_pb_fullwidth_image][\/et_pb_section][et_pb_section fb_built=\u00bb1&#8243; _builder_version=\u00bb4.5.8&#8243; _module_preset=\u00bbdefault\u00bb custom_margin=\u00bb||||false|false\u00bb custom_padding=\u00bb7px||||false|false\u00bb][et_pb_row column_structure=\u00bb1_4,3_4&#8243; _builder_version=\u00bb4.5.8&#8243; _module_preset=\u00bbdefault\u00bb][et_pb_column type=\u00bb1_4&#8243; _builder_version=\u00bb4.5.8&#8243; _module_preset=\u00bbdefault\u00bb][et_pb_text _builder_version=\u00bb4.5.8&#8243; _module_preset=\u00bbdefault\u00bb link_font=\u00bb||||||||\u00bb header_2_font=\u00bb||||||||\u00bb header_2_font_size=\u00bb18px\u00bb custom_margin=\u00bb||20px||false|false\u00bb custom_padding=\u00bb0px||8px||false|false\u00bb header_2_font_size_tablet=\u00bb18px\u00bb header_2_font_size_phone=\u00bb16px\u00bb header_2_font_size_last_edited=\u00bbon|tablet\u00bb border_color_all=\u00bb#bfbfbf\u00bb border_width_bottom=\u00bb1px\u00bb]<\/p>\n<h2><a href=\"#sec1\">APPLIED TRICOLOGY<\/a><\/h2>\n<p>[\/et_pb_text][et_pb_text _builder_version=\u00bb4.5.8&#8243; _module_preset=\u00bbdefault\u00bb link_font=\u00bb||||||||\u00bb header_2_font=\u00bb||||||||\u00bb header_2_font_size=\u00bb18px\u00bb custom_margin=\u00bb||20px||false|false\u00bb custom_padding=\u00bb0px||8px||false|false\u00bb header_2_font_size_tablet=\u00bb18px\u00bb header_2_font_size_phone=\u00bb16px\u00bb header_2_font_size_last_edited=\u00bbon|desktop\u00bb border_color_all=\u00bb#bfbfbf\u00bb border_width_bottom=\u00bb1px\u00bb]<\/p>\n<h2><a href=\"#sec2\">COLORIMETRY<\/a><\/h2>\n<p>[\/et_pb_text][et_pb_text _builder_version=\u00bb4.5.8&#8243; _module_preset=\u00bbdefault\u00bb link_font=\u00bb||||||||\u00bb header_2_font=\u00bb||||||||\u00bb header_2_font_size=\u00bb18px\u00bb custom_margin=\u00bb||20px||false|false\u00bb custom_padding=\u00bb0px||8px||false|false\u00bb header_2_font_size_tablet=\u00bb18px\u00bb header_2_font_size_phone=\u00bb16px\u00bb header_2_font_size_last_edited=\u00bbon|phone\u00bb border_color_all=\u00bb#bfbfbf\u00bb border_width_bottom=\u00bb1px\u00bb]<\/p>\n<h2><a href=\"#sec3\">COLOR and COLOR | WAY&#8230; to Go<\/a><\/h2>\n<p>[\/et_pb_text][et_pb_text _builder_version=\u00bb4.5.8&#8243; _module_preset=\u00bbdefault\u00bb link_font=\u00bb||||||||\u00bb header_2_font=\u00bb||||||||\u00bb header_2_font_size=\u00bb18px\u00bb custom_margin=\u00bb||20px||false|false\u00bb custom_padding=\u00bb0px||8px||false|false\u00bb header_2_font_size_tablet=\u00bb18px\u00bb header_2_font_size_phone=\u00bb16px\u00bb header_2_font_size_last_edited=\u00bbon|desktop\u00bb border_color_all=\u00bb#bfbfbf\u00bb border_width_bottom=\u00bb1px\u00bb]<\/p>\n<h2><a href=\"#sec5\">THE RITUAL EFFICAC<\/a><\/h2>\n<p>[\/et_pb_text][\/et_pb_column][et_pb_column type=\u00bb3_4&#8243; _builder_version=\u00bb4.5.8&#8243; _module_preset=\u00bbdefault\u00bb][et_pb_image src=\u00bbhttps:\/\/zoe-t.es\/wp-content\/uploads\/2020\/08\/applied-tricology.jpg\u00bb alt=\u00bbAPPLIED TRICOLOGY\u00bb title_text=\u00bbAPPLIED TRICOLOGY\u00bb _builder_version=\u00bb4.5.8&#8243; _module_preset=\u00bbdefault\u00bb][\/et_pb_image][et_pb_text module_id=\u00bbsec1&#8243; _builder_version=\u00bb4.5.8&#8243; _module_preset=\u00bbdefault\u00bb text_line_height=\u00bb1em\u00bb]<\/p>\n<h1>APPLIED TRICOLOGY<\/h1>\n<p>&nbsp;<\/p>\n<p><strong><span class=\"tlid-translation translation\" lang=\"en\"><span class=\"\" title=\"\">Fisiolog\u00eda capilar:<\/span><\/span><\/strong><\/p>\n<p><span class=\"tlid-translation translation\" lang=\"en\"><span class=\"\" title=\"\">El cuero cabelludo y el fol\u00edculo piloseb\u00e1ceo<\/span><\/span><\/p>\n<p><span class=\"tlid-translation translation\" lang=\"en\"><span class=\"\" title=\"\">Estructura del cabello Estructura celular del cabello<\/span><\/span><\/p>\n<ul>\n<li><span class=\"tlid-translation translation\" lang=\"en\"><span class=\"\" title=\"\">Extractos vegetales de utilidad en tinci\u00f3n capilar<\/span><\/span><\/li>\n<\/ul>\n<p><span class=\"tlid-translation translation\" lang=\"en\" tabindex=\"-1\"><span class=\"\" title=\"\">Crecimiento capilar<\/span><\/span><\/p>\n<p>&nbsp;<\/p>\n<p><strong><span class=\"tlid-translation translation\" lang=\"en\" tabindex=\"-1\"><span class=\"\" title=\"\">Alteraciones del cabello y del cuero cabelludo:<\/span><\/span><\/strong><\/p>\n<p><span class=\"tlid-translation translation\" lang=\"en\" tabindex=\"-1\"><span title=\"\">Cabello seco<\/span><\/span><\/p>\n<ul>\n<li><span class=\"tlid-translation translation\" lang=\"en\" tabindex=\"-1\"><span class=\"\" title=\"\">Extractos vegetales y derivados de utilidad para el cabello seco<\/span><\/span><\/li>\n<\/ul>\n<p><span class=\"tlid-translation translation\" lang=\"en\" tabindex=\"-1\"><span title=\"\">Cabello graso<\/span><\/span><\/p>\n<ul>\n<li><span class=\"tlid-translation translation\" lang=\"en\" tabindex=\"-1\"><span class=\"\" title=\"\">Extractos vegetales y derivados de utilidad para el cabello graso<\/span><\/span><\/li>\n<\/ul>\n<p><span class=\"tlid-translation translation\" lang=\"en\" tabindex=\"-1\"><span title=\"\">Ca\u00edda del cabello<\/span><\/span><\/p>\n<ul>\n<li><span class=\"tlid-translation translation\" lang=\"en\" tabindex=\"-1\"><span class=\"\" title=\"\">La ca\u00edda oto\u00f1al del cabello<\/span><\/span><\/li>\n<li><span class=\"tlid-translation translation\" lang=\"en\" tabindex=\"-1\"><span class=\"\" title=\"\">La ca\u00edda del cabello: alopecia<\/span><\/span><\/li>\n<li><span class=\"tlid-translation translation\" lang=\"en\" tabindex=\"-1\"><span class=\"\" title=\"\">Extractos vegetales y derivados de utilidad para la ca\u00edda del cabello<\/span><\/span><\/li>\n<\/ul>\n<p><span class=\"tlid-translation translation\" lang=\"en\" tabindex=\"-1\"><span class=\"\" title=\"\">Descamaci\u00f3n del cuero cabelludo: la caspa<\/span><\/span><\/p>\n<ul>\n<li><span class=\"tlid-translation translation\" lang=\"en\" tabindex=\"-1\"><span class=\"\" title=\"\">Extractos vegetales y derivados de utilidad para la caspa<\/span><\/span><\/li>\n<\/ul>\n<p style=\"padding-left: 120px;\">\n<p>[\/et_pb_text][et_pb_divider _builder_version=\u00bb4.5.8&#8243; _module_preset=\u00bbdefault\u00bb][\/et_pb_divider][et_pb_image src=\u00bbhttps:\/\/zoe-t.es\/wp-content\/uploads\/2020\/08\/colorimetry.jpg\u00bb alt=\u00bbCOLORIMETRY\u00bb title_text=\u00bbCOLORIMETRY\u00bb _builder_version=\u00bb4.5.8&#8243; _module_preset=\u00bbdefault\u00bb][\/et_pb_image][et_pb_text module_id=\u00bbsec2&#8243; _builder_version=\u00bb4.5.8&#8243; _module_preset=\u00bbdefault\u00bb text_line_height=\u00bb1em\u00bb]<\/p>\n<h1>COLORIMETRY<\/h1>\n<ul>\n<li>PERCEPCI\u00d3N DEL COLOR<\/li>\n<li>\u00bfQU\u00c9 ES LA COLORIMETR\u00cdA?<\/li>\n<li>LEY DEL COLOR<\/li>\n<li>\u00bfQU\u00c9 ES EL PH?<\/li>\n<li>\u00bfQU\u00c9 ES UNA DECOLORACI\u00d3N?<\/li>\n<li>\u00bfQU\u00c8 ES EL PER\u00d3XIDO?<\/li>\n<li>TIEMPOS DE PAUSA EN LOS DIFERENTES<\/li>\n<li>TIPOS DE VOL\u00daMENES DE PER\u00d3XIDOS<\/li>\n<li>T\u00c9NICAS B\u00c1SICAS EN COLORIMETR\u00cdA<\/li>\n<\/ul>\n<p style=\"padding-left: 120px;\">\n<p>[\/et_pb_text][et_pb_divider _builder_version=\u00bb4.5.8&#8243; _module_preset=\u00bbdefault\u00bb][\/et_pb_divider][et_pb_image src=\u00bbhttps:\/\/zoe-t.es\/wp-content\/uploads\/2020\/08\/color-and-color.jpg\u00bb alt=\u00bbCOLOR and color\u00bb title_text=\u00bbCOLOR and color\u00bb _builder_version=\u00bb4.5.8&#8243; _module_preset=\u00bbdefault\u00bb][\/et_pb_image][et_pb_text module_id=\u00bbsec3&#8243; _builder_version=\u00bb4.5.8&#8243; _module_preset=\u00bbdefault\u00bb text_line_height=\u00bb1em\u00bb]<\/p>\n<h1>COLOR and COLOR | WAY\u2026 to Go<\/h1>\n<p>&nbsp;<\/p>\n<p><strong> <span class=\"tlid-translation translation\" lang=\"en\"><span title=\"\">NUEVAS T\u00c9CNICAS DE CONTRASTE<\/span><\/span><\/strong><\/p>\n<ul>\n<li><span class=\"tlid-translation translation\" lang=\"en\"><span title=\"\">Aplicaci\u00f3n de colores de forma creativa<\/span><\/span><\/li>\n<li><span class=\"tlid-translation translation\" lang=\"en\"><span title=\"\">T\u00e9cnicas de ruptura de color<\/span><\/span><\/li>\n<li><span class=\"tlid-translation translation\" lang=\"en\"><span title=\"\">Dise\u00f1ar sistemas de color basados en los principios b\u00e1sicos del visagismo.<\/span><\/span><\/li>\n<\/ul>\n<p><span class=\"tlid-translation translation\" lang=\"en\"><br \/>\n<strong>T\u00c9CNICAS DE MECHAS<\/strong><br \/>\n<\/span><\/p>\n<ul>\n<li><span class=\"tlid-translation translation\" lang=\"en\"><span class=\"\" title=\"\">Sistema en polvo. Puntos de luz estrat\u00e9gicos, crear sombras y relieves a trav\u00e9s de la decoloraci\u00f3n.<\/span><\/span><\/li>\n<li><span class=\"tlid-translation translation\" lang=\"en\"><span class=\"\" title=\"\">Sistema en crema. Todo tipo de balayage y decoloraci\u00f3n en ra\u00edces.<\/span><\/span><\/li>\n<li><span class=\"tlid-translation translation\" lang=\"en\"><span title=\"\">Sistema en liquido. Babylight , puntos de luz, iniciaci\u00f3n en mechas\u2026<\/span><\/span><\/li>\n<\/ul>\n<p><span class=\"tlid-translation translation\" lang=\"en\"><br \/>\n<strong><span class=\"\" title=\"\">THE SECRET \u00ab2\u00bb<\/span><\/strong><\/span><\/p>\n<ul>\n<li><span class=\"tlid-translation translation\" lang=\"en\"><span title=\"\">Nuevas mezclas secretas que hacen que nuestra coloraci\u00f3n no tenga limites.<\/span><\/span><\/li>\n<li><span class=\"tlid-translation translation\" lang=\"en\"><span class=\"\" title=\"\">Experimentar en la combinaci\u00f3n de colores.<\/span><\/span><\/li>\n<\/ul>\n<p style=\"padding-left: 120px;\">\n<p>[\/et_pb_text][et_pb_divider _builder_version=\u00bb4.5.8&#8243; _module_preset=\u00bbdefault\u00bb][\/et_pb_divider][et_pb_image src=\u00bbhttps:\/\/zoe-t.es\/wp-content\/uploads\/2020\/08\/ritual-efficac.jpg\u00bb alt=\u00bbTHE RITUAL EFFICAC\u00bb title_text=\u00bbTHE RITUAL EFFICAC\u00bb _builder_version=\u00bb4.5.8&#8243; _module_preset=\u00bbdefault\u00bb][\/et_pb_image][et_pb_text module_id=\u00bbsec5&#8243; _builder_version=\u00bb4.5.8&#8243; _module_preset=\u00bbdefault\u00bb text_line_height=\u00bb1em\u00bb]<\/p>\n<h1>THE RITUAL EFFICAC<\/h1>\n<p>&nbsp;<\/p>\n<p><strong><span class=\"tlid-translation translation\" lang=\"en\"><span title=\"\">Curso avanzado de aplicaci\u00f3n de todos las posibles tratamientos capilares<\/span><\/span><\/strong><\/p>\n<h3><span class=\"tlid-translation translation\" lang=\"en\"><br \/>\n<span style=\"text-decoration: underline;\"><strong><span title=\"\">JORNADA INTENSIVA<br \/>\n<\/span><\/strong><\/span><\/span><\/h3>\n<p><span class=\"tlid-translation translation\" lang=\"en\"><br \/>\n<span title=\"\">KEEPING<\/span><\/span><\/p>\n<p><span class=\"tlid-translation translation\" lang=\"en\"><br \/>\n<span title=\"\">VOLUMAX<\/span><\/span><\/p>\n<p><span class=\"tlid-translation translation\" lang=\"en\"><br \/>\n<span title=\"\">MY SMOOTH<\/span><\/span><\/p>\n<p><span class=\"tlid-translation translation\" lang=\"en\"><br \/>\n<span title=\"\">HEALTHY<\/span><\/span><\/p>\n<p><span class=\"tlid-translation translation\" lang=\"en\"><br \/>\n<span class=\"\" title=\"\">ENERGY<\/span><\/span>[\/et_pb_text][\/et_pb_column][\/et_pb_row][\/et_pb_section]<\/p>\n","protected":false},"excerpt":{"rendered":"<p>APPLIED TRICOLOGYCOLORIMETRYCOLOR and COLOR | WAY&#8230; to GoTHE RITUAL EFFICACAPPLIED TRICOLOGY &nbsp; Fisiolog\u00eda capilar: El cuero cabelludo y el fol\u00edculo piloseb\u00e1ceo Estructura del cabello Estructura celular del cabello Extractos vegetales de utilidad en tinci\u00f3n capilar Crecimiento capilar &nbsp; Alteraciones del cabello y del cuero cabelludo: Cabello seco Extractos vegetales y derivados de utilidad para el [&hellip;]<\/p>\n","protected":false},"author":1,"featured_media":0,"parent":3187,"menu_order":0,"comment_status":"closed","ping_status":"closed","template":"","meta":{"_et_pb_use_builder":"on","_et_pb_old_content":"","_et_gb_content_width":"","footnotes":""},"class_list":["post-2689","page","type-page","status-publish","hentry"],"yoast_head":"<!-- This site is optimized with the Yoast SEO plugin v26.8 - https:\/\/yoast.com\/product\/yoast-seo-wordpress\/ -->\n<title>CREATIVE LAB \ud83d\udd25 Buscando tu creatividad \ud83d\udd25 por ZOE-T<\/title>\n<meta name=\"description\" content=\"Formaci\u00f3n t\u00e9cnica para profesionales. Aprenda a sacar el m\u00e1ximo partido a nuestros productos con nuestra formaci\u00f3n CREATIVE LAB.\" \/>\n<meta name=\"robots\" content=\"index, follow, max-snippet:-1, max-image-preview:large, max-video-preview:-1\" \/>\n<link rel=\"canonical\" href=\"https:\/\/zoe-t.es\/es\/formacion\/creative-lab\/\" \/>\n<meta property=\"og:locale\" content=\"es_ES\" \/>\n<meta property=\"og:type\" content=\"article\" \/>\n<meta property=\"og:title\" content=\"CREATIVE LAB \ud83d\udd25 Buscando tu creatividad \ud83d\udd25 por ZOE-T\" \/>\n<meta property=\"og:description\" content=\"Formaci\u00f3n t\u00e9cnica para profesionales. Aprenda a sacar el m\u00e1ximo partido a nuestros productos con nuestra formaci\u00f3n CREATIVE LAB.\" \/>\n<meta property=\"og:url\" content=\"https:\/\/zoe-t.es\/es\/formacion\/creative-lab\/\" \/>\n<meta property=\"og:site_name\" content=\"Zoe-t\" \/>\n<meta property=\"article:modified_time\" content=\"2020-11-11T17:29:49+00:00\" \/>\n<meta name=\"twitter:card\" content=\"summary_large_image\" \/>\n<meta name=\"twitter:label1\" content=\"Tiempo de lectura\" \/>\n\t<meta name=\"twitter:data1\" content=\"4 minutos\" \/>\n<script type=\"application\/ld+json\" class=\"yoast-schema-graph\">{\"@context\":\"https:\/\/schema.org\",\"@graph\":[{\"@type\":\"WebPage\",\"@id\":\"https:\/\/zoe-t.es\/es\/formacion\/creative-lab\/\",\"url\":\"https:\/\/zoe-t.es\/es\/formacion\/creative-lab\/\",\"name\":\"CREATIVE LAB \ud83d\udd25 Buscando tu creatividad \ud83d\udd25 por ZOE-T\",\"isPartOf\":{\"@id\":\"https:\/\/zoe-t.es\/es\/#website\"},\"datePublished\":\"2020-08-26T21:43:10+00:00\",\"dateModified\":\"2020-11-11T17:29:49+00:00\",\"description\":\"Formaci\u00f3n t\u00e9cnica para profesionales. Aprenda a sacar el m\u00e1ximo partido a nuestros productos con nuestra formaci\u00f3n CREATIVE LAB.\",\"breadcrumb\":{\"@id\":\"https:\/\/zoe-t.es\/es\/formacion\/creative-lab\/#breadcrumb\"},\"inLanguage\":\"es\",\"potentialAction\":[{\"@type\":\"ReadAction\",\"target\":[\"https:\/\/zoe-t.es\/es\/formacion\/creative-lab\/\"]}]},{\"@type\":\"BreadcrumbList\",\"@id\":\"https:\/\/zoe-t.es\/es\/formacion\/creative-lab\/#breadcrumb\",\"itemListElement\":[{\"@type\":\"ListItem\",\"position\":1,\"name\":\"Portada\",\"item\":\"https:\/\/zoe-t.es\/es\/\"},{\"@type\":\"ListItem\",\"position\":2,\"name\":\"FORMACI\u00d3N\",\"item\":\"https:\/\/zoe-t.es\/es\/formacion\/\"},{\"@type\":\"ListItem\",\"position\":3,\"name\":\"CREATIVE LAB\"}]},{\"@type\":\"WebSite\",\"@id\":\"https:\/\/zoe-t.es\/es\/#website\",\"url\":\"https:\/\/zoe-t.es\/es\/\",\"name\":\"Zoe-t\",\"description\":\"Luxury for your Hair\",\"potentialAction\":[{\"@type\":\"SearchAction\",\"target\":{\"@type\":\"EntryPoint\",\"urlTemplate\":\"https:\/\/zoe-t.es\/es\/?s={search_term_string}\"},\"query-input\":{\"@type\":\"PropertyValueSpecification\",\"valueRequired\":true,\"valueName\":\"search_term_string\"}}],\"inLanguage\":\"es\"}]}<\/script>\n<!-- \/ Yoast SEO plugin. -->","yoast_head_json":{"title":"CREATIVE LAB \ud83d\udd25 Buscando tu creatividad \ud83d\udd25 por ZOE-T","description":"Formaci\u00f3n t\u00e9cnica para profesionales. Aprenda a sacar el m\u00e1ximo partido a nuestros productos con nuestra formaci\u00f3n CREATIVE LAB.","robots":{"index":"index","follow":"follow","max-snippet":"max-snippet:-1","max-image-preview":"max-image-preview:large","max-video-preview":"max-video-preview:-1"},"canonical":"https:\/\/zoe-t.es\/es\/formacion\/creative-lab\/","og_locale":"es_ES","og_type":"article","og_title":"CREATIVE LAB \ud83d\udd25 Buscando tu creatividad \ud83d\udd25 por ZOE-T","og_description":"Formaci\u00f3n t\u00e9cnica para profesionales. Aprenda a sacar el m\u00e1ximo partido a nuestros productos con nuestra formaci\u00f3n CREATIVE LAB.","og_url":"https:\/\/zoe-t.es\/es\/formacion\/creative-lab\/","og_site_name":"Zoe-t","article_modified_time":"2020-11-11T17:29:49+00:00","twitter_card":"summary_large_image","twitter_misc":{"Tiempo de lectura":"4 minutos"},"schema":{"@context":"https:\/\/schema.org","@graph":[{"@type":"WebPage","@id":"https:\/\/zoe-t.es\/es\/formacion\/creative-lab\/","url":"https:\/\/zoe-t.es\/es\/formacion\/creative-lab\/","name":"CREATIVE LAB \ud83d\udd25 Buscando tu creatividad \ud83d\udd25 por ZOE-T","isPartOf":{"@id":"https:\/\/zoe-t.es\/es\/#website"},"datePublished":"2020-08-26T21:43:10+00:00","dateModified":"2020-11-11T17:29:49+00:00","description":"Formaci\u00f3n t\u00e9cnica para profesionales. Aprenda a sacar el m\u00e1ximo partido a nuestros productos con nuestra formaci\u00f3n CREATIVE LAB.","breadcrumb":{"@id":"https:\/\/zoe-t.es\/es\/formacion\/creative-lab\/#breadcrumb"},"inLanguage":"es","potentialAction":[{"@type":"ReadAction","target":["https:\/\/zoe-t.es\/es\/formacion\/creative-lab\/"]}]},{"@type":"BreadcrumbList","@id":"https:\/\/zoe-t.es\/es\/formacion\/creative-lab\/#breadcrumb","itemListElement":[{"@type":"ListItem","position":1,"name":"Portada","item":"https:\/\/zoe-t.es\/es\/"},{"@type":"ListItem","position":2,"name":"FORMACI\u00d3N","item":"https:\/\/zoe-t.es\/es\/formacion\/"},{"@type":"ListItem","position":3,"name":"CREATIVE LAB"}]},{"@type":"WebSite","@id":"https:\/\/zoe-t.es\/es\/#website","url":"https:\/\/zoe-t.es\/es\/","name":"Zoe-t","description":"Luxury for your Hair","potentialAction":[{"@type":"SearchAction","target":{"@type":"EntryPoint","urlTemplate":"https:\/\/zoe-t.es\/es\/?s={search_term_string}"},"query-input":{"@type":"PropertyValueSpecification","valueRequired":true,"valueName":"search_term_string"}}],"inLanguage":"es"}]}},"_links":{"self":[{"href":"https:\/\/zoe-t.es\/es\/wp-json\/wp\/v2\/pages\/2689","targetHints":{"allow":["GET"]}}],"collection":[{"href":"https:\/\/zoe-t.es\/es\/wp-json\/wp\/v2\/pages"}],"about":[{"href":"https:\/\/zoe-t.es\/es\/wp-json\/wp\/v2\/types\/page"}],"author":[{"embeddable":true,"href":"https:\/\/zoe-t.es\/es\/wp-json\/wp\/v2\/users\/1"}],"replies":[{"embeddable":true,"href":"https:\/\/zoe-t.es\/es\/wp-json\/wp\/v2\/comments?post=2689"}],"version-history":[{"count":6,"href":"https:\/\/zoe-t.es\/es\/wp-json\/wp\/v2\/pages\/2689\/revisions"}],"predecessor-version":[{"id":3609,"href":"https:\/\/zoe-t.es\/es\/wp-json\/wp\/v2\/pages\/2689\/revisions\/3609"}],"up":[{"embeddable":true,"href":"https:\/\/zoe-t.es\/es\/wp-json\/wp\/v2\/pages\/3187"}],"wp:attachment":[{"href":"https:\/\/zoe-t.es\/es\/wp-json\/wp\/v2\/media?parent=2689"}],"curies":[{"name":"wp","href":"https:\/\/api.w.org\/{rel}","templated":true}]}}