{"id":2697,"date":"2020-08-26T22:11:02","date_gmt":"2020-08-26T22:11:02","guid":{"rendered":"https:\/\/zoe-t.es\/adict\/"},"modified":"2020-11-11T16:57:43","modified_gmt":"2020-11-11T16:57:43","slug":"adict","status":"publish","type":"page","link":"https:\/\/zoe-t.es\/es\/formacion\/adict\/","title":{"rendered":"ADICT"},"content":{"rendered":"<p>[et_pb_section fb_built=\u00bb1&#8243; fullwidth=\u00bbon\u00bb _builder_version=\u00bb4.5.3&#8243; _module_preset=\u00bbdefault\u00bb][et_pb_fullwidth_image src=\u00bbhttps:\/\/zoe-t.es\/wp-content\/uploads\/2020\/10\/zoet-adict.jpg\u00bb alt=\u00bbZoe-t Adict\u00bb title_text=\u00bbZoe-t Adict\u00bb src_tablet=\u00bbhttps:\/\/zoe-t.es\/wp-content\/uploads\/2020\/10\/zoet-adict-mobile.jpg\u00bb src_phone=\u00bbhttps:\/\/zoe-t.es\/wp-content\/uploads\/2020\/10\/zoet-adict-mobile.jpg\u00bb src_last_edited=\u00bbon|phone\u00bb _builder_version=\u00bb4.6.6&#8243; _module_preset=\u00bbdefault\u00bb][\/et_pb_fullwidth_image][\/et_pb_section][et_pb_section fb_built=\u00bb1&#8243; _builder_version=\u00bb4.5.8&#8243; _module_preset=\u00bbdefault\u00bb custom_margin=\u00bb||||false|false\u00bb custom_padding=\u00bb7px||||false|false\u00bb][et_pb_row _builder_version=\u00bb4.5.8&#8243; _module_preset=\u00bbdefault\u00bb][et_pb_column type=\u00bb4_4&#8243; _builder_version=\u00bb4.5.8&#8243; _module_preset=\u00bbdefault\u00bb][et_pb_testimonial author=\u00bb\u00d3scar Guinea. Lola Navarro. Nacho Manrique\u00bb _builder_version=\u00bb4.5.8&#8243; _module_preset=\u00bbdefault\u00bb text_orientation=\u00bbcenter\u00bb]<\/p>\n<p>Creemos en las alianzas. Sumar lo que cada uno sabe hacer mejor. Gracias por sumar juntos.<\/p>\n<p>[\/et_pb_testimonial][\/et_pb_column][\/et_pb_row][et_pb_row column_structure=\u00bb1_4,1_2,1_4&#8243; _builder_version=\u00bb4.5.8&#8243; _module_preset=\u00bbdefault\u00bb][et_pb_column type=\u00bb1_4&#8243; _builder_version=\u00bb4.5.8&#8243; _module_preset=\u00bbdefault\u00bb][et_pb_text _builder_version=\u00bb4.5.8&#8243; _module_preset=\u00bbdefault\u00bb link_font=\u00bb||||||||\u00bb header_2_font=\u00bb||||||||\u00bb header_2_font_size=\u00bb18px\u00bb custom_margin=\u00bb||20px||false|false\u00bb custom_padding=\u00bb0px||8px||false|false\u00bb header_2_font_size_tablet=\u00bb18px\u00bb header_2_font_size_phone=\u00bb16px\u00bb header_2_font_size_last_edited=\u00bbon|tablet\u00bb border_color_all=\u00bb#bfbfbf\u00bb border_width_bottom=\u00bb1px\u00bb]<\/p>\n<h2><a href=\"#sec1\"><strong>ZOE-Trend<\/strong><\/a><\/h2>\n<p>Cut &amp; Color[\/et_pb_text][et_pb_text _builder_version=\u00bb4.5.8&#8243; _module_preset=\u00bbdefault\u00bb link_font=\u00bb||||||||\u00bb header_2_font=\u00bb||||||||\u00bb header_2_font_size=\u00bb18px\u00bb custom_margin=\u00bb||20px||false|false\u00bb custom_padding=\u00bb0px||8px||false|false\u00bb header_2_font_size_tablet=\u00bb18px\u00bb header_2_font_size_phone=\u00bb16px\u00bb header_2_font_size_last_edited=\u00bbon|desktop\u00bb border_color_all=\u00bb#bfbfbf\u00bb border_width_bottom=\u00bb1px\u00bb]<\/p>\n<h2><a href=\"#sec2\"><strong>COOL-HOLIC<\/strong><\/a><\/h2>\n<p>Beehive-Hairdo &amp; Styling[\/et_pb_text][et_pb_text _builder_version=\u00bb4.5.8&#8243; _module_preset=\u00bbdefault\u00bb link_font=\u00bb||||||||\u00bb header_2_font=\u00bb||||||||\u00bb header_2_font_size=\u00bb18px\u00bb custom_margin=\u00bb||20px||false|false\u00bb custom_padding=\u00bb0px||8px||false|false\u00bb header_2_font_size_tablet=\u00bb18px\u00bb header_2_font_size_phone=\u00bb16px\u00bb header_2_font_size_last_edited=\u00bbon|phone\u00bb border_color_all=\u00bb#bfbfbf\u00bb border_width_bottom=\u00bb1px\u00bb]<\/p>\n<h2><a href=\"#sec3\"><strong>ZOE-T EDITORIAL<\/strong><\/a><\/h2>\n<p>Create your Fashion Collection[\/et_pb_text][et_pb_text _builder_version=\u00bb4.5.8&#8243; _module_preset=\u00bbdefault\u00bb link_font=\u00bb||||||||\u00bb header_2_font=\u00bb||||||||\u00bb header_2_font_size=\u00bb18px\u00bb custom_margin=\u00bb||20px||false|false\u00bb custom_padding=\u00bb0px||8px||false|false\u00bb header_2_font_size_tablet=\u00bb18px\u00bb header_2_font_size_phone=\u00bb16px\u00bb header_2_font_size_last_edited=\u00bbon|desktop\u00bb border_color_all=\u00bb#bfbfbf\u00bb border_width_bottom=\u00bb1px\u00bb]<\/p>\n<h2><a href=\"#sec4\"><strong>EDUCATOR ZOE.T<\/strong><\/a><\/h2>\n<p>Trainer-Technical-Educator[\/et_pb_text][et_pb_text _builder_version=\u00bb4.5.8&#8243; _module_preset=\u00bbdefault\u00bb link_font=\u00bbRoboto||||||||\u00bb header_2_font=\u00bb||||||||\u00bb header_2_font_size=\u00bb18px\u00bb custom_margin=\u00bb||20px||false|false\u00bb custom_padding=\u00bb0px||8px||false|false\u00bb header_2_font_size_tablet=\u00bb18px\u00bb header_2_font_size_phone=\u00bb16px\u00bb header_2_font_size_last_edited=\u00bbon|desktop\u00bb border_color_all=\u00bb#bfbfbf\u00bb border_width_bottom=\u00bb1px\u00bb]<\/p>\n<h2><a href=\"#sec5\"><strong>1000 a TO 10.000<\/strong><\/a><\/h2>\n<p>Hairstilyst Successful[\/et_pb_text][\/et_pb_column][et_pb_column type=\u00bb1_2&#8243; _builder_version=\u00bb4.5.8&#8243; _module_preset=\u00bbdefault\u00bb][et_pb_text module_id=\u00bbsec1&#8243; _builder_version=\u00bb4.5.8&#8243; _module_preset=\u00bbdefault\u00bb header_font_size=\u00bb38px\u00bb]<\/p>\n<h1><span class=\"tlid-translation translation\" lang=\"en\"><span class=\"\" title=\"\"><strong>ZOE-Trend<\/strong><\/span><\/span><\/h1>\n<h2><span class=\"tlid-translation translation\" lang=\"en\"><span class=\"\" title=\"\"><strong>Cut &amp; Color Trend<\/strong><\/span><\/span><\/h2>\n<p>&nbsp;<\/p>\n<p><span class=\"tlid-translation translation\" lang=\"en\"><span class=\"\" title=\"\"><strong>TEM\u00c1TICA:<\/strong> El alumno conocer\u00e1 y practicar\u00e1 los 3 cortes y 3 t\u00e9cnicas de color junto con las claves Creativas, Motivacionales y Empresariales de la colecci\u00f3n.<br \/>\n<strong>METODOLOG\u00cdA:<\/strong> Si el formato elegido es visual, el alumno participa como espectador. Si es un formato con pr\u00e1cticas, el alumno trabaja sobre su maniqu\u00ed de pr\u00e1cticas, en tiempo real con el profesor.<\/span><\/span><\/p>\n<p>&nbsp;<\/p>\n<p style=\"text-align: left;\"><em><span class=\"tlid-translation translation\" lang=\"en\"><span class=\"\" title=\"\">Duraci\u00f3n: 1 d\u00eda de trabajo<br \/>\nHorario: Puede ser jornada intensiva o ma\u00f1ana y tarde<br \/>\nN\u00ba Asistentes: Formato visual: Capacidad M\u00e1xima<br \/>\nFormato pr\u00e1cticas: 15 alumnos | 1profesor<br \/>\n<\/span><\/span><\/em><\/p>\n<p>[\/et_pb_text][\/et_pb_column][et_pb_column type=\u00bb1_4&#8243; _builder_version=\u00bb4.5.8&#8243; _module_preset=\u00bbdefault\u00bb][et_pb_image src=\u00bbhttps:\/\/zoe-t.es\/wp-content\/uploads\/2020\/08\/zoe-trend-1.jpg\u00bb alt=\u00bbZOE-Trend\u00bb title_text=\u00bbZOE-Trend\u00bb _builder_version=\u00bb4.5.8&#8243; _module_preset=\u00bbdefault\u00bb][\/et_pb_image][\/et_pb_column][\/et_pb_row][et_pb_row column_structure=\u00bb1_4,1_2,1_4&#8243; _builder_version=\u00bb4.5.8&#8243; _module_preset=\u00bbdefault\u00bb][et_pb_column type=\u00bb1_4&#8243; _builder_version=\u00bb4.5.8&#8243; _module_preset=\u00bbdefault\u00bb][\/et_pb_column][et_pb_column type=\u00bb1_2&#8243; _builder_version=\u00bb4.5.8&#8243; _module_preset=\u00bbdefault\u00bb][et_pb_text module_id=\u00bbsec2&#8243; _builder_version=\u00bb4.5.8&#8243; _module_preset=\u00bbdefault\u00bb header_font_size=\u00bb38px\u00bb custom_padding=\u00bb4px|||||\u00bb]<\/p>\n<h1><span class=\"tlid-translation translation\" lang=\"en\"><span class=\"\" title=\"\"><strong>COOL-HOLIC<\/strong><\/span><\/span><\/h1>\n<h2><span class=\"tlid-translation translation\" lang=\"en\"><span class=\"\" title=\"\"><strong>Beehive-Hairdo &amp; Styling<\/strong><\/span><\/span><\/h2>\n<p>&nbsp;<\/p>\n<p><span style=\"text-decoration: underline;\"><strong><span class=\"tlid-translation translation\" lang=\"en\"><span class=\"\" title=\"\">Para apasionad@s de la l\u00ednea de Styling COOL by ZOE-T<\/span><\/span><\/strong><\/span><\/p>\n<p><span class=\"tlid-translation translation\" lang=\"en\"><span class=\"\" title=\"\"><strong>TEM\u00c1TICA:<\/strong> El alumno conocer\u00e1 y practicar\u00e1 recogidos y t\u00e9cnicas de ondulaci\u00f3n y posticer\u00eda. Ideal para profesionales que quieren especializarse en el mundo\u00a0 nupcial y de las fi estas e invitadas. Los mejores trucos y secretos del mundo de\u00a0 los recogidos.<br \/>\n<strong>METODOLOG\u00cdA:<\/strong> Si el formato elegido es visual, el alumno participa como espectador. Si es un formato con pr\u00e1cticas, el alumno trabaja sobre su maniqu\u00ed de pr\u00e1cticas, en tiempo real con el profesor.<br \/>\n<\/span><\/span><\/p>\n<p><em><span class=\"tlid-translation translation\" lang=\"en\"><span class=\"\" title=\"\">Duraci\u00f3n: 1 d\u00eda de trabajo<br \/>\nHorario: Puede ser jornada intensiva o ma\u00f1ana y tarde<br \/>\nN\u00ba Asistentes: Formato visual: Capacidad M\u00e1xima<br \/>\nFormato pr\u00e1cticas: 15 alumnos por | 1profesor<br \/>\n<\/span><\/span><\/em><\/p>\n<p>&nbsp;[\/et_pb_text][\/et_pb_column][et_pb_column type=\u00bb1_4&#8243; _builder_version=\u00bb4.5.8&#8243; _module_preset=\u00bbdefault\u00bb][et_pb_image src=\u00bbhttps:\/\/zoe-t.es\/wp-content\/uploads\/2020\/08\/cool-holic.jpg\u00bb alt=\u00bbcool-holic\u00bb title_text=\u00bbcool-holic\u00bb _builder_version=\u00bb4.5.8&#8243; _module_preset=\u00bbdefault\u00bb][\/et_pb_image][\/et_pb_column][\/et_pb_row][et_pb_row column_structure=\u00bb1_4,1_2,1_4&#8243; _builder_version=\u00bb4.5.8&#8243; _module_preset=\u00bbdefault\u00bb][et_pb_column type=\u00bb1_4&#8243; _builder_version=\u00bb4.5.8&#8243; _module_preset=\u00bbdefault\u00bb][\/et_pb_column][et_pb_column type=\u00bb1_2&#8243; _builder_version=\u00bb4.5.8&#8243; _module_preset=\u00bbdefault\u00bb][et_pb_text module_id=\u00bbsec3&#8243; _builder_version=\u00bb4.5.8&#8243; _module_preset=\u00bbdefault\u00bb header_font_size=\u00bb38px\u00bb]<\/p>\n<h1><span class=\"tlid-translation translation\" lang=\"en\"><span class=\"\" title=\"\"><strong>ZOE-T Editorial<br \/>\n<\/strong><\/span><\/span><\/h1>\n<h2><span class=\"tlid-translation translation\" lang=\"en\"><span class=\"\" title=\"\"><strong>Create your Fashion Collection<\/strong><\/span><\/span><\/h2>\n<p>&nbsp;<\/p>\n<p><span class=\"tlid-translation translation\" lang=\"en\"><span class=\"\" title=\"\"><strong>TEM\u00c1TICA:<\/strong> El alumno por fi n podr\u00e1 ver como se realiza en directo una sesi\u00f3n fotogr\u00e1fi ca, como se dispara para redes sociales, como se publica y como se\u00a0 vende una colecci\u00f3n. Los secretos para que cada foto de tu sal\u00f3n, genere miles\u00a0 de seguidores y puedas verlas publicadas en revistas profesionales.<br \/>\n<strong>METODOLOG\u00cdA:<\/strong> Con un fot\u00f3grafo, modelo, maquillador y estilista, el alumno estar\u00e1 viendo y realizando trabajos editoriales..<\/span><\/span><\/p>\n<p>&nbsp;<\/p>\n<p style=\"text-align: left;\"><em><span class=\"tlid-translation translation\" lang=\"en\"><span class=\"\" title=\"\">Duraci\u00f3n: 1 d\u00eda de trabajo<br \/>\nHorario: Puede ser jornada intensiva o ma\u00f1ana y tarde<br \/>\nN\u00ba Asistentes: Formato visual: Capacidad M\u00e1xima<br \/>\nFormato pr\u00e1cticas: 15 alumnos por | 1profesor<br \/>\n<\/span><\/span><\/em><\/p>\n<p>[\/et_pb_text][\/et_pb_column][et_pb_column type=\u00bb1_4&#8243; _builder_version=\u00bb4.5.8&#8243; _module_preset=\u00bbdefault\u00bb][et_pb_image src=\u00bbhttps:\/\/zoe-t.es\/wp-content\/uploads\/2020\/08\/zoet-editorial.jpg\u00bb alt=\u00bbZoe-t Editorial\u00bb title_text=\u00bbZoe-t Editorial\u00bb _builder_version=\u00bb4.5.8&#8243; _module_preset=\u00bbdefault\u00bb][\/et_pb_image][\/et_pb_column][\/et_pb_row][et_pb_row column_structure=\u00bb1_4,1_2,1_4&#8243; _builder_version=\u00bb4.5.8&#8243; _module_preset=\u00bbdefault\u00bb][et_pb_column type=\u00bb1_4&#8243; _builder_version=\u00bb4.5.8&#8243; _module_preset=\u00bbdefault\u00bb][\/et_pb_column][et_pb_column type=\u00bb1_2&#8243; _builder_version=\u00bb4.5.8&#8243; _module_preset=\u00bbdefault\u00bb][et_pb_text content_tablet=\u00bb\u00bb content_phone=\u00bb\u00bb content_last_edited=\u00bbon|phone\u00bb module_id=\u00bbsec4&#8243; _builder_version=\u00bb4.5.8&#8243; _module_preset=\u00bbdefault\u00bb header_font_size=\u00bb38px\u00bb header_font_size_tablet=\u00bb\u00bb header_font_size_phone=\u00bb34px\u00bb header_font_size_last_edited=\u00bbon|phone\u00bb header_2_font_size_tablet=\u00bb\u00bb header_2_font_size_phone=\u00bb22px\u00bb header_2_font_size_last_edited=\u00bbon|phone\u00bb]<\/p>\n<h1><span class=\"tlid-translation translation\" lang=\"en\"><span class=\"\" title=\"\"><strong>EDUCATOR ZOE-T<\/strong><\/span><\/span><\/h1>\n<h2><span class=\"tlid-translation translation\" lang=\"en\"><span class=\"\" title=\"\"><strong>Trainer-Technical-Educator<\/strong><\/span><\/span><\/h2>\n<p>&nbsp;<\/p>\n<p><span class=\"tlid-translation translation\" lang=\"en\"><span class=\"\" title=\"\"><strong>TEM\u00c1TICA:<\/strong> Tus formadores educadores descubrir\u00e1n los secretos de hablar en p\u00fablico, dominar el leguaje corporal, mantener a la audiencia conectada y\u00a0 disfrutar de su trabajo sintiendo que dominan el escenario.<br \/>\n<strong>METODOLOG\u00cdA:<\/strong> Siguiendo el m\u00e9todo \u201cL\u00e1nzate\u201d el alumno experimentar\u00e1 la conexi\u00f3n de su Cuerpo, su Coraz\u00f3n y su Mente.<\/span><\/span><\/p>\n<p>&nbsp;<\/p>\n<p style=\"text-align: left;\"><em><span class=\"tlid-translation translation\" lang=\"en\"><span class=\"\" title=\"\">Duraci\u00f3n: 1 d\u00eda \u00f3 varios en el a\u00f1o<br \/>\nHorario: Adaptado al grupo y al proyecto<br \/>\nN\u00ba Asistentes: Libre. Equipo educativo,<br \/>\ncomercial o directivo de cada compa\u00f1\u00eda.<\/span><\/span><\/em><\/p>\n<p>[\/et_pb_text][\/et_pb_column][et_pb_column type=\u00bb1_4&#8243; _builder_version=\u00bb4.5.8&#8243; _module_preset=\u00bbdefault\u00bb][et_pb_image src=\u00bbhttps:\/\/zoe-t.es\/wp-content\/uploads\/2020\/08\/educator-zoet.jpg\u00bb alt=\u00bbEducator Zoe-t\u00bb title_text=\u00bbEducator Zoe-t\u00bb _builder_version=\u00bb4.5.8&#8243; _module_preset=\u00bbdefault\u00bb][\/et_pb_image][\/et_pb_column][\/et_pb_row][et_pb_row column_structure=\u00bb1_4,1_2,1_4&#8243; _builder_version=\u00bb4.5.8&#8243; _module_preset=\u00bbdefault\u00bb][et_pb_column type=\u00bb1_4&#8243; _builder_version=\u00bb4.5.8&#8243; _module_preset=\u00bbdefault\u00bb][\/et_pb_column][et_pb_column type=\u00bb1_2&#8243; _builder_version=\u00bb4.5.8&#8243; _module_preset=\u00bbdefault\u00bb][et_pb_text module_id=\u00bbsec5&#8243; _builder_version=\u00bb4.5.8&#8243; _module_preset=\u00bbdefault\u00bb header_font=\u00bbRoboto||||||||\u00bb header_font_size=\u00bb38px\u00bb]<\/p>\n<h1><span class=\"tlid-translation translation\" lang=\"en\"><span class=\"\" title=\"\"><strong>1000 A TO 10.000<br \/>\n<\/strong><\/span><\/span><\/h1>\n<h2><span class=\"tlid-translation translation\" lang=\"en\"><span class=\"\" title=\"\"><strong>Hairstilyst Successful<\/strong><\/span><\/span><\/h2>\n<p>&nbsp;<\/p>\n<p><span class=\"tlid-translation translation\" lang=\"en\"><span class=\"\" title=\"\"><strong>TEM\u00c1TICA:<\/strong> El alumno conocer\u00e1 e integrar\u00e1 4 claves, como herramientas de transformaci\u00f3n de su negocio.<br \/>\n<strong>METODOLOG\u00cdA:<\/strong> Ejercicios y Din\u00e1micas para actualizar la programaci\u00f3n mental del alumno y volver a su sal\u00f3n con un plan de acci\u00f3n, para poner en pr\u00e1ctica.<\/span><\/span><\/p>\n<p>&nbsp;<\/p>\n<p style=\"text-align: left;\"><em><span class=\"tlid-translation translation\" lang=\"en\"><span class=\"\" title=\"\">Duraci\u00f3n: 1 d\u00eda de trabajo<br \/>\nHorario: Puede ser jornada intensiva o ma\u00f1ana y tarde<br \/>\nN\u00ba Asistentes: Capacidad m\u00e1xima<\/span><\/span><\/em><\/p>\n<p>[\/et_pb_text][\/et_pb_column][et_pb_column type=\u00bb1_4&#8243; _builder_version=\u00bb4.5.8&#8243; _module_preset=\u00bbdefault\u00bb][et_pb_image src=\u00bbhttps:\/\/zoe-t.es\/wp-content\/uploads\/2020\/08\/Hairstilyst-Successful.jpg\u00bb alt=\u00bbHairstilyst Successful\u00bb title_text=\u00bbHairstilyst Successful\u00bb _builder_version=\u00bb4.5.8&#8243; _module_preset=\u00bbdefault\u00bb][\/et_pb_image][\/et_pb_column][\/et_pb_row][\/et_pb_section]<\/p>\n","protected":false},"excerpt":{"rendered":"<p>Creemos en las alianzas. Sumar lo que cada uno sabe hacer mejor. Gracias por sumar juntos.ZOE-Trend Cut &amp; ColorCOOL-HOLIC Beehive-Hairdo &amp; StylingZOE-T EDITORIAL Create your Fashion CollectionEDUCATOR ZOE.T Trainer-Technical-Educator1000 a TO 10.000 Hairstilyst SuccessfulZOE-Trend Cut &amp; Color Trend &nbsp; TEM\u00c1TICA: El alumno conocer\u00e1 y practicar\u00e1 los 3 cortes y 3 t\u00e9cnicas de color junto con [&hellip;]<\/p>\n","protected":false},"author":1,"featured_media":0,"parent":3187,"menu_order":0,"comment_status":"closed","ping_status":"closed","template":"","meta":{"_et_pb_use_builder":"on","_et_pb_old_content":"","_et_gb_content_width":"","footnotes":""},"class_list":["post-2697","page","type-page","status-publish","hentry"],"yoast_head":"<!-- This site is optimized with the Yoast SEO plugin v26.8 - https:\/\/yoast.com\/product\/yoast-seo-wordpress\/ -->\n<title>ADICT ZOE-T - Formaci\u00f3n en estilismo, t\u00e9cnicas de color, tendencias para estilistas.<\/title>\n<meta name=\"description\" content=\"Consulta nuestras formaciones espec\u00edficas para estilistas. Nuevas t\u00e9cnicas, tendencias y mucho m\u00e1s. Aprende de los mejores profesionales.\" \/>\n<meta name=\"robots\" content=\"index, follow, max-snippet:-1, max-image-preview:large, max-video-preview:-1\" \/>\n<link rel=\"canonical\" href=\"https:\/\/zoe-t.es\/es\/formacion\/adict\/\" \/>\n<meta property=\"og:locale\" content=\"es_ES\" \/>\n<meta property=\"og:type\" content=\"article\" \/>\n<meta property=\"og:title\" content=\"ADICT ZOE-T - Formaci\u00f3n en estilismo, t\u00e9cnicas de color, tendencias para estilistas.\" \/>\n<meta property=\"og:description\" content=\"Consulta nuestras formaciones espec\u00edficas para estilistas. Nuevas t\u00e9cnicas, tendencias y mucho m\u00e1s. Aprende de los mejores profesionales.\" \/>\n<meta property=\"og:url\" content=\"https:\/\/zoe-t.es\/es\/formacion\/adict\/\" \/>\n<meta property=\"og:site_name\" content=\"Zoe-t\" \/>\n<meta property=\"article:modified_time\" content=\"2020-11-11T16:57:43+00:00\" \/>\n<meta name=\"twitter:card\" content=\"summary_large_image\" \/>\n<meta name=\"twitter:label1\" content=\"Tiempo de lectura\" \/>\n\t<meta name=\"twitter:data1\" content=\"7 minutos\" \/>\n<script type=\"application\/ld+json\" class=\"yoast-schema-graph\">{\"@context\":\"https:\/\/schema.org\",\"@graph\":[{\"@type\":\"WebPage\",\"@id\":\"https:\/\/zoe-t.es\/es\/formacion\/adict\/\",\"url\":\"https:\/\/zoe-t.es\/es\/formacion\/adict\/\",\"name\":\"ADICT ZOE-T - Formaci\u00f3n en estilismo, t\u00e9cnicas de color, tendencias para estilistas.\",\"isPartOf\":{\"@id\":\"https:\/\/zoe-t.es\/es\/#website\"},\"datePublished\":\"2020-08-26T22:11:02+00:00\",\"dateModified\":\"2020-11-11T16:57:43+00:00\",\"description\":\"Consulta nuestras formaciones espec\u00edficas para estilistas. Nuevas t\u00e9cnicas, tendencias y mucho m\u00e1s. Aprende de los mejores profesionales.\",\"breadcrumb\":{\"@id\":\"https:\/\/zoe-t.es\/es\/formacion\/adict\/#breadcrumb\"},\"inLanguage\":\"es\",\"potentialAction\":[{\"@type\":\"ReadAction\",\"target\":[\"https:\/\/zoe-t.es\/es\/formacion\/adict\/\"]}]},{\"@type\":\"BreadcrumbList\",\"@id\":\"https:\/\/zoe-t.es\/es\/formacion\/adict\/#breadcrumb\",\"itemListElement\":[{\"@type\":\"ListItem\",\"position\":1,\"name\":\"Portada\",\"item\":\"https:\/\/zoe-t.es\/es\/\"},{\"@type\":\"ListItem\",\"position\":2,\"name\":\"FORMACI\u00d3N\",\"item\":\"https:\/\/zoe-t.es\/es\/formacion\/\"},{\"@type\":\"ListItem\",\"position\":3,\"name\":\"ADICT\"}]},{\"@type\":\"WebSite\",\"@id\":\"https:\/\/zoe-t.es\/es\/#website\",\"url\":\"https:\/\/zoe-t.es\/es\/\",\"name\":\"Zoe-t\",\"description\":\"Luxury for your Hair\",\"potentialAction\":[{\"@type\":\"SearchAction\",\"target\":{\"@type\":\"EntryPoint\",\"urlTemplate\":\"https:\/\/zoe-t.es\/es\/?s={search_term_string}\"},\"query-input\":{\"@type\":\"PropertyValueSpecification\",\"valueRequired\":true,\"valueName\":\"search_term_string\"}}],\"inLanguage\":\"es\"}]}<\/script>\n<!-- \/ Yoast SEO plugin. -->","yoast_head_json":{"title":"ADICT ZOE-T - Formaci\u00f3n en estilismo, t\u00e9cnicas de color, tendencias para estilistas.","description":"Consulta nuestras formaciones espec\u00edficas para estilistas. Nuevas t\u00e9cnicas, tendencias y mucho m\u00e1s. Aprende de los mejores profesionales.","robots":{"index":"index","follow":"follow","max-snippet":"max-snippet:-1","max-image-preview":"max-image-preview:large","max-video-preview":"max-video-preview:-1"},"canonical":"https:\/\/zoe-t.es\/es\/formacion\/adict\/","og_locale":"es_ES","og_type":"article","og_title":"ADICT ZOE-T - Formaci\u00f3n en estilismo, t\u00e9cnicas de color, tendencias para estilistas.","og_description":"Consulta nuestras formaciones espec\u00edficas para estilistas. Nuevas t\u00e9cnicas, tendencias y mucho m\u00e1s. Aprende de los mejores profesionales.","og_url":"https:\/\/zoe-t.es\/es\/formacion\/adict\/","og_site_name":"Zoe-t","article_modified_time":"2020-11-11T16:57:43+00:00","twitter_card":"summary_large_image","twitter_misc":{"Tiempo de lectura":"7 minutos"},"schema":{"@context":"https:\/\/schema.org","@graph":[{"@type":"WebPage","@id":"https:\/\/zoe-t.es\/es\/formacion\/adict\/","url":"https:\/\/zoe-t.es\/es\/formacion\/adict\/","name":"ADICT ZOE-T - Formaci\u00f3n en estilismo, t\u00e9cnicas de color, tendencias para estilistas.","isPartOf":{"@id":"https:\/\/zoe-t.es\/es\/#website"},"datePublished":"2020-08-26T22:11:02+00:00","dateModified":"2020-11-11T16:57:43+00:00","description":"Consulta nuestras formaciones espec\u00edficas para estilistas. Nuevas t\u00e9cnicas, tendencias y mucho m\u00e1s. Aprende de los mejores profesionales.","breadcrumb":{"@id":"https:\/\/zoe-t.es\/es\/formacion\/adict\/#breadcrumb"},"inLanguage":"es","potentialAction":[{"@type":"ReadAction","target":["https:\/\/zoe-t.es\/es\/formacion\/adict\/"]}]},{"@type":"BreadcrumbList","@id":"https:\/\/zoe-t.es\/es\/formacion\/adict\/#breadcrumb","itemListElement":[{"@type":"ListItem","position":1,"name":"Portada","item":"https:\/\/zoe-t.es\/es\/"},{"@type":"ListItem","position":2,"name":"FORMACI\u00d3N","item":"https:\/\/zoe-t.es\/es\/formacion\/"},{"@type":"ListItem","position":3,"name":"ADICT"}]},{"@type":"WebSite","@id":"https:\/\/zoe-t.es\/es\/#website","url":"https:\/\/zoe-t.es\/es\/","name":"Zoe-t","description":"Luxury for your Hair","potentialAction":[{"@type":"SearchAction","target":{"@type":"EntryPoint","urlTemplate":"https:\/\/zoe-t.es\/es\/?s={search_term_string}"},"query-input":{"@type":"PropertyValueSpecification","valueRequired":true,"valueName":"search_term_string"}}],"inLanguage":"es"}]}},"_links":{"self":[{"href":"https:\/\/zoe-t.es\/es\/wp-json\/wp\/v2\/pages\/2697","targetHints":{"allow":["GET"]}}],"collection":[{"href":"https:\/\/zoe-t.es\/es\/wp-json\/wp\/v2\/pages"}],"about":[{"href":"https:\/\/zoe-t.es\/es\/wp-json\/wp\/v2\/types\/page"}],"author":[{"embeddable":true,"href":"https:\/\/zoe-t.es\/es\/wp-json\/wp\/v2\/users\/1"}],"replies":[{"embeddable":true,"href":"https:\/\/zoe-t.es\/es\/wp-json\/wp\/v2\/comments?post=2697"}],"version-history":[{"count":5,"href":"https:\/\/zoe-t.es\/es\/wp-json\/wp\/v2\/pages\/2697\/revisions"}],"predecessor-version":[{"id":3605,"href":"https:\/\/zoe-t.es\/es\/wp-json\/wp\/v2\/pages\/2697\/revisions\/3605"}],"up":[{"embeddable":true,"href":"https:\/\/zoe-t.es\/es\/wp-json\/wp\/v2\/pages\/3187"}],"wp:attachment":[{"href":"https:\/\/zoe-t.es\/es\/wp-json\/wp\/v2\/media?parent=2697"}],"curies":[{"name":"wp","href":"https:\/\/api.w.org\/{rel}","templated":true}]}}