{"id":6454,"date":"2024-01-30T20:39:41","date_gmt":"2024-01-30T20:39:41","guid":{"rendered":"https:\/\/zoe-t.es\/white-nature\/my-life-supreme\/my-life-supreme-purifying-ice-relax\/"},"modified":"2024-01-30T20:40:29","modified_gmt":"2024-01-30T20:40:29","slug":"my-life-supreme-purifying-ice-relax","status":"publish","type":"page","link":"https:\/\/zoe-t.es\/es\/white-nature\/my-life-supreme\/my-life-supreme-purifying-ice-relax\/","title":{"rendered":"MY.LIFE SUPREME PURIFYING ICE-RELAX"},"content":{"rendered":"<p>[et_pb_section fb_built=\u00bb1&#8243; _builder_version=\u00bb4.16&#8243; _module_preset=\u00bbdefault\u00bb custom_padding=\u00bb0px||0px||false|false\u00bb global_colors_info=\u00bb{}\u00bb][et_pb_row column_structure=\u00bb3_5,2_5&#8243; use_custom_gutter=\u00bbon\u00bb make_equal=\u00bbon\u00bb custom_padding_last_edited=\u00bbon|desktop\u00bb _builder_version=\u00bb4.24.0&#8243; _module_preset=\u00bbdefault\u00bb background_enable_color=\u00bboff\u00bb background_image=\u00bbhttps:\/\/zoe-t.es\/wp-content\/uploads\/2020\/08\/bg-white-nature-2.jpg\u00bb width=\u00bb100%\u00bb custom_margin=\u00bb||0px||false|false\u00bb custom_margin_tablet=\u00bb||-25px||false|false\u00bb custom_margin_phone=\u00bb\u00bb custom_margin_last_edited=\u00bbon|desktop\u00bb custom_padding=\u00bb0px||0px||false|false\u00bb custom_padding_tablet=\u00bb0px||0px||false|false\u00bb custom_padding_phone=\u00bb\u00bb background_last_edited=\u00bbon|phone\u00bb background_image_tablet=\u00bbhttps:\/\/zoe-t.es\/wp-content\/uploads\/2020\/08\/bg_white_nature2.jpg\u00bb background_image_phone=\u00bbhttps:\/\/zoe-t.es\/wp-content\/uploads\/2020\/08\/bg_white_nature2.jpg\u00bb background_enable_image_tablet=\u00bbon\u00bb background_enable_image_phone=\u00bbon\u00bb background_size_phone=\u00bbcover\u00bb global_colors_info=\u00bb{}\u00bb title_text_phone=\u00bbWHITE NATURE\u00bb title_text_tablet=\u00bbWHITE NATURE\u00bb alt_tablet=\u00bbWHITE NATURE\u00bb alt_phone=\u00bbWHITE NATURE\u00bb][et_pb_column type=\u00bb3_5&#8243; _builder_version=\u00bb4.24.0&#8243; _module_preset=\u00bbdefault\u00bb background_image=\u00bbhttps:\/\/zoe-t.es\/wp-content\/uploads\/2024\/01\/PURIFIYING.png\u00bb custom_padding=\u00bb185px||185px||true|false\u00bb custom_padding_tablet=\u00bb165px||165px||true|false\u00bb custom_padding_phone=\u00bb165px||165px||true|false\u00bb custom_padding_last_edited=\u00bbon|tablet\u00bb background_last_edited=\u00bbon|phone\u00bb background_image_tablet=\u00bbhttps:\/\/zoe-t.es\/wp-content\/uploads\/2024\/01\/PURIFIYING-mobile.png\u00bb background_image_phone=\u00bbhttps:\/\/zoe-t.es\/wp-content\/uploads\/2024\/01\/PURIFIYING-mobile.png\u00bb background_enable_image_tablet=\u00bbon\u00bb background_enable_image_phone=\u00bbon\u00bb background_size_tablet=\u00bbcontain\u00bb global_colors_info=\u00bb{}\u00bb alt_tablet=\u00bbMY.LIFE ANTI-HAIR LOSS\u00bb title_text_tablet=\u00bbMY.LIFE ANTI-HAIR LOSS\u00bb alt_phone=\u00bbMY.LIFE ANTI-HAIR LOSS\u00bb title_text_phone=\u00bbMY.LIFE ANTI-HAIR LOSS\u00bb][\/et_pb_column][et_pb_column type=\u00bb2_5&#8243; _builder_version=\u00bb4.16&#8243; _module_preset=\u00bbdefault\u00bb background_enable_color=\u00bboff\u00bb custom_padding=\u00bb80px|||25px|false|false\u00bb custom_padding_tablet=\u00bb0px|||0px|false|false\u00bb custom_padding_phone=\u00bb\u00bb custom_padding_last_edited=\u00bbon|desktop\u00bb global_colors_info=\u00bb{}\u00bb][et_pb_image src=\u00bbhttps:\/\/zoe-t.es\/wp-content\/uploads\/2024\/01\/my-life-supreme-purifying-ice-relax.jpg\u00bb alt=\u00bbMY.LIFE SUPREME\u00bb title_text=\u00bbMY.LIFE SUPREME\u00bb align=\u00bbcenter\u00bb align_tablet=\u00bbcenter\u00bb align_phone=\u00bb\u00bb align_last_edited=\u00bbon|tablet\u00bb _builder_version=\u00bb4.24.0&#8243; _module_preset=\u00bbdefault\u00bb width=\u00bb30%\u00bb width_tablet=\u00bb19%\u00bb width_phone=\u00bb27%\u00bb width_last_edited=\u00bbon|desktop\u00bb module_alignment=\u00bbleft\u00bb custom_margin=\u00bb14vh||||false|false\u00bb custom_margin_tablet=\u00bb0vh||||false|false\u00bb custom_margin_phone=\u00bb-3vh||||false|false\u00bb custom_margin_last_edited=\u00bbon|desktop\u00bb custom_padding=\u00bb63px||0px||false|false\u00bb custom_padding_tablet=\u00bb19px||27px||false|false\u00bb custom_padding_phone=\u00bb\u00bb custom_padding_last_edited=\u00bbon|phone\u00bb module_alignment_tablet=\u00bbcenter\u00bb module_alignment_phone=\u00bbcenter\u00bb module_alignment_last_edited=\u00bbon|phone\u00bb border_color_all=\u00bb#000000&#8243; global_colors_info=\u00bb{}\u00bb][\/et_pb_image][\/et_pb_column][\/et_pb_row][\/et_pb_section][et_pb_section fb_built=\u00bb1&#8243; _builder_version=\u00bb4.16&#8243; _module_preset=\u00bbdefault\u00bb custom_padding=\u00bb0px||0px||false|false\u00bb global_colors_info=\u00bb{}\u00bb][et_pb_row column_structure=\u00bb1_2,1_2&#8243; _builder_version=\u00bb4.16&#8243; _module_preset=\u00bbdefault\u00bb background_enable_image=\u00bboff\u00bb custom_padding=\u00bb81px||2px|||\u00bb global_colors_info=\u00bb{}\u00bb][et_pb_column type=\u00bb1_2&#8243; _builder_version=\u00bb4.16&#8243; _module_preset=\u00bbdefault\u00bb global_colors_info=\u00bb{}\u00bb][et_pb_text _builder_version=\u00bb4.24.0&#8243; _module_preset=\u00bbdefault\u00bb global_colors_info=\u00bb{}\u00bb]<\/p>\n<h1>FILOSOF\u00cdA<\/h1>\n<p>&nbsp;<\/p>\n<p><strong>MY.LIFE SUPREME:<\/strong> una amplia gama de tratamientos dedicados al bienestar del cabello y del cuero cabelludo. La mente, a trav\u00e9s del olfato, se benefi cia gracias a los principios activos que contiene el producto y de ellos se obtiene una sensaci\u00f3n de vigor y bienestar. Se propaga lentamente por todo el cuerpo, combinado con una agradable sensaci\u00f3n de relajaci\u00f3n. Una l\u00ednea de tratamiento que act\u00faa espec\u00edfi camente sobre las anomal\u00edas de la piel y el cabello y ofrece una est\u00e9tica impecable en cada aplicaci\u00f3n, de forma sencilla, r\u00e1pida y pr\u00e1ctica. Una perfecta sinergia entre tecnolog\u00eda y naturaleza, seguridad y eficacia.<\/p>\n<p>[\/et_pb_text][et_pb_image _builder_version=\u00bb4.16&#8243; _module_preset=\u00bbdefault\u00bb global_colors_info=\u00bb{}\u00bb][\/et_pb_image][\/et_pb_column][et_pb_column type=\u00bb1_2&#8243; _builder_version=\u00bb4.16&#8243; _module_preset=\u00bbdefault\u00bb global_colors_info=\u00bb{}\u00bb][et_pb_text _builder_version=\u00bb4.16&#8243; _module_preset=\u00bbdefault\u00bb text_text_color=\u00bb#ffffff\u00bb custom_padding=\u00bb||0px|||\u00bb global_colors_info=\u00bb{}\u00bb]<\/p>\n<h1>Beauty &amp; Care<br \/>Scalp and Hair<\/h1>\n<p>[\/et_pb_text][et_pb_image src=\u00bbhttps:\/\/zoe-t.es\/wp-content\/uploads\/2024\/01\/my-life-supreme.png\u00bb alt=\u00bbBeauty &amp; Care Scalp\u00bb title_text=\u00bbmy-life-supreme\u00bb _builder_version=\u00bb4.24.0&#8243; _module_preset=\u00bbdefault\u00bb width=\u00bb70%\u00bb global_colors_info=\u00bb{}\u00bb][\/et_pb_image][\/et_pb_column][\/et_pb_row][et_pb_row column_structure=\u00bb1_4,3_4&#8243; _builder_version=\u00bb4.16&#8243; _module_preset=\u00bbdefault\u00bb global_colors_info=\u00bb{}\u00bb][et_pb_column type=\u00bb1_4&#8243; _builder_version=\u00bb4.16&#8243; _module_preset=\u00bbdefault\u00bb global_colors_info=\u00bb{}\u00bb][et_pb_image src=\u00bbhttps:\/\/zoe-t.es\/wp-content\/uploads\/2024\/01\/PURIFYING-EXFOLIATING.jpg\u00bb alt=\u00bbPURIFYING,EXFOLIATINGICE-CLAY\u00bb title_text=\u00bbPURIFYING, EXFOLIATING ICE-CLAYPURIFYING-EXFOLIATING\u00bb align=\u00bbcenter\u00bb _builder_version=\u00bb4.24.0&#8243; _module_preset=\u00bbdefault\u00bb max_width=\u00bb100%\u00bb max_width_tablet=\u00bb60%\u00bb max_width_phone=\u00bb60%\u00bb max_width_last_edited=\u00bbon|phone\u00bb custom_margin=\u00bb||-3px|||\u00bb custom_padding=\u00bb0px|||||\u00bb global_colors_info=\u00bb{}\u00bb][\/et_pb_image][et_pb_text _builder_version=\u00bb4.24.0&#8243; _module_preset=\u00bbdefault\u00bb header_font=\u00bbMolengo|300|||||||\u00bb header_text_align=\u00bbcenter\u00bb header_font_size=\u00bb29px\u00bb header_2_font=\u00bbRoboto|300|||||||\u00bb text_orientation=\u00bbcenter\u00bb custom_padding=\u00bb19px||||false|false\u00bb custom_padding_tablet=\u00bb\u00bb custom_padding_phone=\u00bb\u00bb custom_padding_last_edited=\u00bbon|desktop\u00bb header_font_size_tablet=\u00bb\u00bb header_font_size_phone=\u00bb\u00bb header_font_size_last_edited=\u00bbon|desktop\u00bb border_color_top=\u00bb#006FBA\u00bb global_colors_info=\u00bb{}\u00bb]<\/p>\n<h1>PURIFYING,<br \/>EXFOLIATING<br \/>ICE-CLAY<\/h1>\n<p>400 ml<\/p>\n<p>[\/et_pb_text][\/et_pb_column][et_pb_column type=\u00bb3_4&#8243; _builder_version=\u00bb4.16&#8243; _module_preset=\u00bbdefault\u00bb global_colors_info=\u00bb{}\u00bb][et_pb_text _builder_version=\u00bb4.24.0&#8243; _module_preset=\u00bbdefault\u00bb header_text_color=\u00bb#ffffff\u00bb header_2_text_color=\u00bb#ffffff\u00bb header_3_text_color=\u00bb#ffffff\u00bb custom_padding=\u00bb60px||||false|false\u00bb global_colors_info=\u00bb{}\u00bb]<\/p>\n<p><strong>PURIFYING, EXFOLIANTING ICE-CLAY<\/strong>, producto de tratamiento a base de arcilla purifi cante. Gracias a su delicado efecto exfoliante, capaz de exfoliar y purifi car el cuero cabelludo y eliminar las impurezas del cabello. Tiene una capacidad excepcional para preparar la piel para tratamientos espec\u00edfi cos posteriores y aportar efectos benefi ciosos a trav\u00e9s de una nueva mezcla de extractos de plantas.<\/p>\n<p>BENEFICIOS:<\/p>\n<p>Tiene una acci\u00f3n suavizante, aportando una agradable sensaci\u00f3n de frescura y ligereza, dejando el cabello m\u00e1s voluminoso y suave, adem\u00e1s la presencia de extractos de cal\u00e9ndula, casta\u00f1o de indias y ortiga ayuda a reequilibrar el cuero cabelludo. Contiene aceite esencial de Alcanfor: fuerte antioxidante, capaz de eliminar los radicales libres, mostrando un efecto antimicrobiano. Su acci\u00f3n multifuncional tiene una alt\u00edsima efi cacia en cueros cabelludos seborreicos, con hiperhidrosis (sudoraci\u00f3n), caspa y descamaci\u00f3n. Su acci\u00f3n restaura la oxigenaci\u00f3n cut\u00e1nea y el estado fi siol\u00f3gico de la piel, purifi ca, refresca y desodoriza. El uso de PURIFYING ICE-CLAY en combinaci\u00f3n con PURIFYING ICE-RELAX SHAMPOO facilita la eliminaci\u00f3n de las impurezas que asfi xian el bulbo capilar.<\/p>\n<p>INSTRUCCIONES DE USO:<\/p>\n<p>Aplicar sobre el cuero cabelludo seco antes del champ\u00fa. Masajear suavemente con movimientos circulares en el cuero cabelludo y masajear a lo largo del cabello. Dejar actuar durante 5-10 minutos, transcurrido este tiempo humedecer con agua tibia y masajear delicadamente para eliminar por completo todas las impurezas, aclarar y limpiar con un champ\u00fa espec\u00edfi co. ( Ph: 3.0 \u2013 4.0 )<\/p>\n<p>[\/et_pb_text][\/et_pb_column][\/et_pb_row][et_pb_row column_structure=\u00bb1_4,3_4&#8243; _builder_version=\u00bb4.16&#8243; _module_preset=\u00bbdefault\u00bb global_colors_info=\u00bb{}\u00bb][et_pb_column type=\u00bb1_4&#8243; _builder_version=\u00bb4.16&#8243; _module_preset=\u00bbdefault\u00bb global_colors_info=\u00bb{}\u00bb][et_pb_image src=\u00bbhttps:\/\/zoe-t.es\/wp-content\/uploads\/2024\/01\/REBALANCING.png\u00bb alt=\u00bbREBALANCING,PURIFYINGESSENTIAL OIL\u00bb title_text=\u00bbREBALANCING, PURIFYING ESSENTIAL OIL\u00bb align=\u00bbcenter\u00bb _builder_version=\u00bb4.24.0&#8243; _module_preset=\u00bbdefault\u00bb max_width=\u00bb100%\u00bb max_width_tablet=\u00bb60%\u00bb max_width_phone=\u00bb60%\u00bb max_width_last_edited=\u00bbon|phone\u00bb custom_margin=\u00bb||-3px|||\u00bb custom_padding=\u00bb0px|||||\u00bb global_colors_info=\u00bb{}\u00bb][\/et_pb_image][et_pb_text _builder_version=\u00bb4.24.0&#8243; _module_preset=\u00bbdefault\u00bb header_font=\u00bbMolengo|300|||||||\u00bb header_text_align=\u00bbcenter\u00bb header_font_size=\u00bb29px\u00bb header_2_font=\u00bbRoboto|300|||||||\u00bb text_orientation=\u00bbcenter\u00bb custom_padding=\u00bb19px||||false|false\u00bb custom_padding_tablet=\u00bb\u00bb custom_padding_phone=\u00bb\u00bb custom_padding_last_edited=\u00bbon|desktop\u00bb header_font_size_tablet=\u00bb\u00bb header_font_size_phone=\u00bb\u00bb header_font_size_last_edited=\u00bbon|desktop\u00bb border_color_top=\u00bb#006FBA\u00bb global_colors_info=\u00bb{}\u00bb]<\/p>\n<h1>REBALANCING,<br \/>PURIFYING<br \/>ESSENTIAL OIL<\/h1>\n<p>125 ml<\/p>\n<p>[\/et_pb_text][\/et_pb_column][et_pb_column type=\u00bb3_4&#8243; _builder_version=\u00bb4.16&#8243; _module_preset=\u00bbdefault\u00bb global_colors_info=\u00bb{}\u00bb][et_pb_text _builder_version=\u00bb4.24.0&#8243; _module_preset=\u00bbdefault\u00bb header_text_color=\u00bb#ffffff\u00bb header_2_text_color=\u00bb#ffffff\u00bb header_3_text_color=\u00bb#ffffff\u00bb custom_padding=\u00bb60px||||false|false\u00bb global_colors_info=\u00bb{}\u00bb]<\/p>\n<p><strong>REBALANCING, PURIFYING ESSENTIAL OIL<\/strong> aceite reequilibrante que se a\u00f1ade al PURIFYING ICE-CLAY para potenciar su efecto<\/p>\n<p>BENEFICIOS:<\/p>\n<p>Est\u00e1 enriquecido con aceites esenciales como Alcanfor, Eucalipto, Salvia y Romero<\/p>\n<p>INSTRUCCIONES DE USO:<\/p>\n<p>En combinaci\u00f3n con PURIFYING ICE-CLAY interact\u00faa y aumenta su poder depurativo y reequilibrante del cuero cabelludo. La proporci\u00f3n de mezcla es 1:20 (1g. de ESSENTIAL OIL _ 20g. de ICE-CLAY), mezclar bien y aplicar sobre la piel seca, masajeando delicadamente con movimientos circulares y en los largos del cabello. Dejar actuar de 5 a 10 minutos, luego proceder con el champ\u00fa ( Ph: 6.5 \u2013 7.5 )<\/p>\n<p>[\/et_pb_text][\/et_pb_column][\/et_pb_row][et_pb_row column_structure=\u00bb1_4,3_4&#8243; _builder_version=\u00bb4.16&#8243; _module_preset=\u00bbdefault\u00bb global_colors_info=\u00bb{}\u00bb][et_pb_column type=\u00bb1_4&#8243; _builder_version=\u00bb4.16&#8243; _module_preset=\u00bbdefault\u00bb global_colors_info=\u00bb{}\u00bb][et_pb_image src=\u00bbhttps:\/\/zoe-t.es\/wp-content\/uploads\/2024\/01\/MY-LIFE-SHAMPHOO-PURIFYING.png\u00bb alt=\u00bbSHAMPOOPURIFYINGICE-EFFECT\u00bb title_text=\u00bbSHAMPOO PURIFYING ICE-EFFECT\u00bb align=\u00bbcenter\u00bb _builder_version=\u00bb4.24.0&#8243; _module_preset=\u00bbdefault\u00bb max_width=\u00bb100%\u00bb max_width_tablet=\u00bb60%\u00bb max_width_phone=\u00bb60%\u00bb max_width_last_edited=\u00bbon|phone\u00bb custom_margin=\u00bb||-3px|||\u00bb custom_padding=\u00bb0px|||||\u00bb global_colors_info=\u00bb{}\u00bb][\/et_pb_image][et_pb_text _builder_version=\u00bb4.24.0&#8243; _module_preset=\u00bbdefault\u00bb header_font=\u00bbMolengo|300|||||||\u00bb header_text_align=\u00bbcenter\u00bb header_font_size=\u00bb29px\u00bb header_2_font=\u00bbRoboto|300|||||||\u00bb text_orientation=\u00bbcenter\u00bb custom_padding=\u00bb19px||||false|false\u00bb custom_padding_tablet=\u00bb\u00bb custom_padding_phone=\u00bb\u00bb custom_padding_last_edited=\u00bbon|desktop\u00bb header_font_size_tablet=\u00bb\u00bb header_font_size_phone=\u00bb\u00bb header_font_size_last_edited=\u00bbon|desktop\u00bb border_color_top=\u00bb#006FBA\u00bb global_colors_info=\u00bb{}\u00bb]<\/p>\n<h1>SHAMPOO<br \/>PURIFYING<br \/>ICE-EFFECT<\/h1>\n<p>250 ml \/ 1000 ml<\/p>\n<p>[\/et_pb_text][\/et_pb_column][et_pb_column type=\u00bb3_4&#8243; _builder_version=\u00bb4.16&#8243; _module_preset=\u00bbdefault\u00bb global_colors_info=\u00bb{}\u00bb][et_pb_text _builder_version=\u00bb4.24.0&#8243; _module_preset=\u00bbdefault\u00bb header_text_color=\u00bb#ffffff\u00bb header_2_text_color=\u00bb#ffffff\u00bb header_3_text_color=\u00bb#ffffff\u00bb custom_padding=\u00bb60px||||false|false\u00bb global_colors_info=\u00bb{}\u00bb]<\/p>\n<p><strong>SHAMPOO PURIFYING ICE-RELAX<\/strong> act\u00faa activo contra el exceso de impurezas de la piel. Las sustancias que contiene son capaces de limpiar el cuero cabelludo sin da\u00f1ar la estructura del cabello, manteni\u00e9ndolo f\u00e1cil de peinar y aportando brillo.<\/p>\n<p>BENEFICIOS:<\/p>\n<p>Tiene una acci\u00f3n purifi cante, depurativa, antibacteriana y antiinfl amatoria, que impide el desarrollo de impurezas cut\u00e1neas. Unos pocos tratamientos son sufi cientes para limpiar y restaurar las funciones originales y el equilibrio del cuero cabelludo. Efecto refrescante.<\/p>\n<p>INSTRUCCIONES DE USO:<\/p>\n<p>Aplicar SHAMPOO PURIFYING ICE-RELAX directamente sobre el cuero cabelludo, su composici\u00f3n cremosa y densa permite una buena distribuci\u00f3n y control incluso en las zonas m\u00e1s dif\u00edciles. Masajear suavemente para una correcta homogeneizaci\u00f3n, dejar actuar 5\/8 minutos. Una vez fi nalizado el tiempo de actuaci\u00f3n, proceder a la limpieza simplemente mojando el cabello con agua caliente, de esta forma se activa el champ\u00fa y es posible masajear bien para una correcta curaci\u00f3n del cabello. Enjuague bien y proceda con un segundo champ\u00fa si es necesario.<\/p>\n<p>[\/et_pb_text][\/et_pb_column][\/et_pb_row][et_pb_row column_structure=\u00bb1_4,3_4&#8243; _builder_version=\u00bb4.16&#8243; _module_preset=\u00bbdefault\u00bb global_colors_info=\u00bb{}\u00bb][et_pb_column type=\u00bb1_4&#8243; _builder_version=\u00bb4.16&#8243; _module_preset=\u00bbdefault\u00bb global_colors_info=\u00bb{}\u00bb][et_pb_image src=\u00bbhttps:\/\/zoe-t.es\/wp-content\/uploads\/2024\/01\/MASK-PURIFYING-1.png\u00bb alt=\u00bbMASKPURIFYINGICE-EFFECT\u00bb title_text=\u00bbMASK PURIFYING ICE-EFFECT\u00bb align=\u00bbcenter\u00bb _builder_version=\u00bb4.24.0&#8243; _module_preset=\u00bbdefault\u00bb max_width=\u00bb100%\u00bb max_width_tablet=\u00bb60%\u00bb max_width_phone=\u00bb60%\u00bb max_width_last_edited=\u00bbon|phone\u00bb custom_margin=\u00bb||-3px|||\u00bb custom_padding=\u00bb0px|||||\u00bb global_colors_info=\u00bb{}\u00bb][\/et_pb_image][et_pb_text _builder_version=\u00bb4.24.0&#8243; _module_preset=\u00bbdefault\u00bb header_font=\u00bbMolengo|300|||||||\u00bb header_text_align=\u00bbcenter\u00bb header_font_size=\u00bb29px\u00bb header_2_font=\u00bbRoboto|300|||||||\u00bb text_orientation=\u00bbcenter\u00bb custom_padding=\u00bb19px||||false|false\u00bb custom_padding_tablet=\u00bb\u00bb custom_padding_phone=\u00bb\u00bb custom_padding_last_edited=\u00bbon|desktop\u00bb header_font_size_tablet=\u00bb\u00bb header_font_size_phone=\u00bb\u00bb header_font_size_last_edited=\u00bbon|desktop\u00bb border_color_top=\u00bb#006FBA\u00bb global_colors_info=\u00bb{}\u00bb]<\/p>\n<h1>MASK<br \/>PURIFYING<br \/>ICE-EFFECT<\/h1>\n<p>250 ml \/ 1000 ml<\/p>\n<p>[\/et_pb_text][\/et_pb_column][et_pb_column type=\u00bb3_4&#8243; _builder_version=\u00bb4.16&#8243; _module_preset=\u00bbdefault\u00bb global_colors_info=\u00bb{}\u00bb][et_pb_text _builder_version=\u00bb4.24.0&#8243; _module_preset=\u00bbdefault\u00bb header_text_color=\u00bb#ffffff\u00bb header_2_text_color=\u00bb#ffffff\u00bb header_3_text_color=\u00bb#ffffff\u00bb custom_padding=\u00bb60px||||false|false\u00bb global_colors_info=\u00bb{}\u00bb]<\/p>\n<p><strong>MASK PURIFYING<\/strong> para el cabello, desenredante, refrescante, hidrata y calma.<\/p>\n<p>BENEFICIOS:<\/p>\n<p>Su acci\u00f3n de intenso frescor, gracias a sus ingredientes seleccionados, aporta un alivio inmediato al cuero cabelludo y aporta al cabello luminosidad y vitalidad profundas. Gracias a sus acciones benefi ciosas, tambi\u00e9n es ideal despu\u00e9s de un entrenamiento intenso o una sudoraci\u00f3n excesiva. Excelente para todo tipo de cabello.<\/p>\n<p>INSTRUCCIONES DE USO:<\/p>\n<p>Aplicar MASK PURIFYING ICE-RELAX sobre el cabello lavado, quitando el exceso de humedad con una toalla, masajear suavemente el cuero cabelludo desde la ra\u00edz. Distribuir sobre el cabello masajeandolo y dejar actuar 3\/5 minutos. Peinar y enjuague con agua abundante.<\/p>\n<p>[\/et_pb_text][\/et_pb_column][\/et_pb_row][\/et_pb_section]<\/p>\n","protected":false},"excerpt":{"rendered":"<p>FILOSOF\u00cdA &nbsp; MY.LIFE SUPREME: una amplia gama de tratamientos dedicados al bienestar del cabello y del cuero cabelludo. La mente, a trav\u00e9s del olfato, se benefi cia gracias a los principios activos que contiene el producto y de ellos se obtiene una sensaci\u00f3n de vigor y bienestar. Se propaga lentamente por todo el cuerpo, combinado [&hellip;]<\/p>\n","protected":false},"author":1,"featured_media":0,"parent":2296,"menu_order":0,"comment_status":"closed","ping_status":"closed","template":"","meta":{"_et_pb_use_builder":"on","_et_pb_old_content":"","_et_gb_content_width":"","footnotes":""},"class_list":["post-6454","page","type-page","status-publish","hentry"],"yoast_head":"<!-- This site is optimized with the Yoast SEO plugin v26.8 - https:\/\/yoast.com\/product\/yoast-seo-wordpress\/ -->\n<title>MY.LIFE SUPREME PURIFYING ICE-RELAX - Zoe-t<\/title>\n<meta name=\"robots\" content=\"index, follow, max-snippet:-1, max-image-preview:large, max-video-preview:-1\" \/>\n<link rel=\"canonical\" href=\"https:\/\/zoe-t.es\/es\/white-nature\/my-life-supreme\/my-life-supreme-purifying-ice-relax\/\" \/>\n<meta property=\"og:locale\" content=\"es_ES\" \/>\n<meta property=\"og:type\" content=\"article\" \/>\n<meta property=\"og:title\" content=\"MY.LIFE SUPREME PURIFYING ICE-RELAX - Zoe-t\" \/>\n<meta property=\"og:description\" content=\"FILOSOF\u00cdA &nbsp; MY.LIFE SUPREME: una amplia gama de tratamientos dedicados al bienestar del cabello y del cuero cabelludo. La mente, a trav\u00e9s del olfato, se benefi cia gracias a los principios activos que contiene el producto y de ellos se obtiene una sensaci\u00f3n de vigor y bienestar. Se propaga lentamente por todo el cuerpo, combinado [&hellip;]\" \/>\n<meta property=\"og:url\" content=\"https:\/\/zoe-t.es\/es\/white-nature\/my-life-supreme\/my-life-supreme-purifying-ice-relax\/\" \/>\n<meta property=\"og:site_name\" content=\"Zoe-t\" \/>\n<meta property=\"article:modified_time\" content=\"2024-01-30T20:40:29+00:00\" \/>\n<meta name=\"twitter:card\" content=\"summary_large_image\" \/>\n<meta name=\"twitter:label1\" content=\"Tiempo de lectura\" \/>\n\t<meta name=\"twitter:data1\" content=\"11 minutos\" \/>\n<script type=\"application\/ld+json\" class=\"yoast-schema-graph\">{\"@context\":\"https:\/\/schema.org\",\"@graph\":[{\"@type\":\"WebPage\",\"@id\":\"https:\/\/zoe-t.es\/es\/white-nature\/my-life-supreme\/my-life-supreme-purifying-ice-relax\/\",\"url\":\"https:\/\/zoe-t.es\/es\/white-nature\/my-life-supreme\/my-life-supreme-purifying-ice-relax\/\",\"name\":\"MY.LIFE SUPREME PURIFYING ICE-RELAX - Zoe-t\",\"isPartOf\":{\"@id\":\"https:\/\/zoe-t.es\/es\/#website\"},\"datePublished\":\"2024-01-30T20:39:41+00:00\",\"dateModified\":\"2024-01-30T20:40:29+00:00\",\"breadcrumb\":{\"@id\":\"https:\/\/zoe-t.es\/es\/white-nature\/my-life-supreme\/my-life-supreme-purifying-ice-relax\/#breadcrumb\"},\"inLanguage\":\"es\",\"potentialAction\":[{\"@type\":\"ReadAction\",\"target\":[\"https:\/\/zoe-t.es\/es\/white-nature\/my-life-supreme\/my-life-supreme-purifying-ice-relax\/\"]}]},{\"@type\":\"BreadcrumbList\",\"@id\":\"https:\/\/zoe-t.es\/es\/white-nature\/my-life-supreme\/my-life-supreme-purifying-ice-relax\/#breadcrumb\",\"itemListElement\":[{\"@type\":\"ListItem\",\"position\":1,\"name\":\"Portada\",\"item\":\"https:\/\/zoe-t.es\/es\/\"},{\"@type\":\"ListItem\",\"position\":2,\"name\":\"WHITE NATURE\",\"item\":\"https:\/\/zoe-t.es\/es\/white-nature\/\"},{\"@type\":\"ListItem\",\"position\":3,\"name\":\"MY.LIFE SUPREME\",\"item\":\"https:\/\/zoe-t.es\/es\/white-nature\/my-life-supreme\/\"},{\"@type\":\"ListItem\",\"position\":4,\"name\":\"MY.LIFE SUPREME PURIFYING ICE-RELAX\"}]},{\"@type\":\"WebSite\",\"@id\":\"https:\/\/zoe-t.es\/es\/#website\",\"url\":\"https:\/\/zoe-t.es\/es\/\",\"name\":\"Zoe-t\",\"description\":\"Luxury for your Hair\",\"potentialAction\":[{\"@type\":\"SearchAction\",\"target\":{\"@type\":\"EntryPoint\",\"urlTemplate\":\"https:\/\/zoe-t.es\/es\/?s={search_term_string}\"},\"query-input\":{\"@type\":\"PropertyValueSpecification\",\"valueRequired\":true,\"valueName\":\"search_term_string\"}}],\"inLanguage\":\"es\"}]}<\/script>\n<!-- \/ Yoast SEO plugin. -->","yoast_head_json":{"title":"MY.LIFE SUPREME PURIFYING ICE-RELAX - Zoe-t","robots":{"index":"index","follow":"follow","max-snippet":"max-snippet:-1","max-image-preview":"max-image-preview:large","max-video-preview":"max-video-preview:-1"},"canonical":"https:\/\/zoe-t.es\/es\/white-nature\/my-life-supreme\/my-life-supreme-purifying-ice-relax\/","og_locale":"es_ES","og_type":"article","og_title":"MY.LIFE SUPREME PURIFYING ICE-RELAX - Zoe-t","og_description":"FILOSOF\u00cdA &nbsp; MY.LIFE SUPREME: una amplia gama de tratamientos dedicados al bienestar del cabello y del cuero cabelludo. La mente, a trav\u00e9s del olfato, se benefi cia gracias a los principios activos que contiene el producto y de ellos se obtiene una sensaci\u00f3n de vigor y bienestar. Se propaga lentamente por todo el cuerpo, combinado [&hellip;]","og_url":"https:\/\/zoe-t.es\/es\/white-nature\/my-life-supreme\/my-life-supreme-purifying-ice-relax\/","og_site_name":"Zoe-t","article_modified_time":"2024-01-30T20:40:29+00:00","twitter_card":"summary_large_image","twitter_misc":{"Tiempo de lectura":"11 minutos"},"schema":{"@context":"https:\/\/schema.org","@graph":[{"@type":"WebPage","@id":"https:\/\/zoe-t.es\/es\/white-nature\/my-life-supreme\/my-life-supreme-purifying-ice-relax\/","url":"https:\/\/zoe-t.es\/es\/white-nature\/my-life-supreme\/my-life-supreme-purifying-ice-relax\/","name":"MY.LIFE SUPREME PURIFYING ICE-RELAX - Zoe-t","isPartOf":{"@id":"https:\/\/zoe-t.es\/es\/#website"},"datePublished":"2024-01-30T20:39:41+00:00","dateModified":"2024-01-30T20:40:29+00:00","breadcrumb":{"@id":"https:\/\/zoe-t.es\/es\/white-nature\/my-life-supreme\/my-life-supreme-purifying-ice-relax\/#breadcrumb"},"inLanguage":"es","potentialAction":[{"@type":"ReadAction","target":["https:\/\/zoe-t.es\/es\/white-nature\/my-life-supreme\/my-life-supreme-purifying-ice-relax\/"]}]},{"@type":"BreadcrumbList","@id":"https:\/\/zoe-t.es\/es\/white-nature\/my-life-supreme\/my-life-supreme-purifying-ice-relax\/#breadcrumb","itemListElement":[{"@type":"ListItem","position":1,"name":"Portada","item":"https:\/\/zoe-t.es\/es\/"},{"@type":"ListItem","position":2,"name":"WHITE NATURE","item":"https:\/\/zoe-t.es\/es\/white-nature\/"},{"@type":"ListItem","position":3,"name":"MY.LIFE SUPREME","item":"https:\/\/zoe-t.es\/es\/white-nature\/my-life-supreme\/"},{"@type":"ListItem","position":4,"name":"MY.LIFE SUPREME PURIFYING ICE-RELAX"}]},{"@type":"WebSite","@id":"https:\/\/zoe-t.es\/es\/#website","url":"https:\/\/zoe-t.es\/es\/","name":"Zoe-t","description":"Luxury for your Hair","potentialAction":[{"@type":"SearchAction","target":{"@type":"EntryPoint","urlTemplate":"https:\/\/zoe-t.es\/es\/?s={search_term_string}"},"query-input":{"@type":"PropertyValueSpecification","valueRequired":true,"valueName":"search_term_string"}}],"inLanguage":"es"}]}},"_links":{"self":[{"href":"https:\/\/zoe-t.es\/es\/wp-json\/wp\/v2\/pages\/6454","targetHints":{"allow":["GET"]}}],"collection":[{"href":"https:\/\/zoe-t.es\/es\/wp-json\/wp\/v2\/pages"}],"about":[{"href":"https:\/\/zoe-t.es\/es\/wp-json\/wp\/v2\/types\/page"}],"author":[{"embeddable":true,"href":"https:\/\/zoe-t.es\/es\/wp-json\/wp\/v2\/users\/1"}],"replies":[{"embeddable":true,"href":"https:\/\/zoe-t.es\/es\/wp-json\/wp\/v2\/comments?post=6454"}],"version-history":[{"count":5,"href":"https:\/\/zoe-t.es\/es\/wp-json\/wp\/v2\/pages\/6454\/revisions"}],"predecessor-version":[{"id":6459,"href":"https:\/\/zoe-t.es\/es\/wp-json\/wp\/v2\/pages\/6454\/revisions\/6459"}],"up":[{"embeddable":true,"href":"https:\/\/zoe-t.es\/es\/wp-json\/wp\/v2\/pages\/2296"}],"wp:attachment":[{"href":"https:\/\/zoe-t.es\/es\/wp-json\/wp\/v2\/media?parent=6454"}],"curies":[{"name":"wp","href":"https:\/\/api.w.org\/{rel}","templated":true}]}}