{"id":6468,"date":"2024-01-30T21:00:10","date_gmt":"2024-01-30T21:00:10","guid":{"rendered":"https:\/\/zoe-t.es\/white-nature\/my-life-supreme\/my-life-supreme-hair-loss-treatment\/"},"modified":"2024-01-30T21:08:40","modified_gmt":"2024-01-30T21:08:40","slug":"my-life-supreme-hair-loss-treatment","status":"publish","type":"page","link":"https:\/\/zoe-t.es\/es\/white-nature\/my-life-supreme\/my-life-supreme-hair-loss-treatment\/","title":{"rendered":"MY.LIFE SUPREME HAIR-LOSS TREATMENT"},"content":{"rendered":"<p>[et_pb_section fb_built=\u00bb1&#8243; _builder_version=\u00bb4.16&#8243; _module_preset=\u00bbdefault\u00bb custom_padding=\u00bb0px||0px||false|false\u00bb global_colors_info=\u00bb{}\u00bb][et_pb_row column_structure=\u00bb3_5,2_5&#8243; use_custom_gutter=\u00bbon\u00bb make_equal=\u00bbon\u00bb custom_padding_last_edited=\u00bbon|desktop\u00bb _builder_version=\u00bb4.24.0&#8243; _module_preset=\u00bbdefault\u00bb background_enable_color=\u00bboff\u00bb background_image=\u00bbhttps:\/\/zoe-t.es\/wp-content\/uploads\/2020\/08\/bg-white-nature-2.jpg\u00bb width=\u00bb100%\u00bb custom_margin=\u00bb||0px||false|false\u00bb custom_margin_tablet=\u00bb||-25px||false|false\u00bb custom_margin_phone=\u00bb\u00bb custom_margin_last_edited=\u00bbon|desktop\u00bb custom_padding=\u00bb0px||0px||false|false\u00bb custom_padding_tablet=\u00bb0px||0px||false|false\u00bb custom_padding_phone=\u00bb\u00bb background_last_edited=\u00bbon|phone\u00bb background_image_tablet=\u00bbhttps:\/\/zoe-t.es\/wp-content\/uploads\/2020\/08\/bg_white_nature2.jpg\u00bb background_image_phone=\u00bbhttps:\/\/zoe-t.es\/wp-content\/uploads\/2020\/08\/bg_white_nature2.jpg\u00bb background_enable_image_tablet=\u00bbon\u00bb background_enable_image_phone=\u00bbon\u00bb background_size_phone=\u00bbcover\u00bb global_colors_info=\u00bb{}\u00bb title_text_phone=\u00bbWHITE NATURE\u00bb title_text_tablet=\u00bbWHITE NATURE\u00bb alt_tablet=\u00bbWHITE NATURE\u00bb alt_phone=\u00bbWHITE NATURE\u00bb][et_pb_column type=\u00bb3_5&#8243; _builder_version=\u00bb4.24.0&#8243; _module_preset=\u00bbdefault\u00bb background_image=\u00bbhttps:\/\/zoe-t.es\/wp-content\/uploads\/2024\/01\/HAIR-LOSS.png\u00bb custom_padding=\u00bb185px||185px||true|false\u00bb custom_padding_tablet=\u00bb165px||165px||true|false\u00bb custom_padding_phone=\u00bb165px||165px||true|false\u00bb custom_padding_last_edited=\u00bbon|tablet\u00bb background_last_edited=\u00bbon|tablet\u00bb background_image_tablet=\u00bbhttps:\/\/zoe-t.es\/wp-content\/uploads\/2024\/01\/HAIR-LOSS-mobile.png\u00bb background_image_phone=\u00bbhttps:\/\/zoe-t.es\/wp-content\/uploads\/2024\/01\/HAIR-LOSS-mobile.png\u00bb background_enable_image_tablet=\u00bbon\u00bb background_enable_image_phone=\u00bbon\u00bb background_size_tablet=\u00bbcontain\u00bb global_colors_info=\u00bb{}\u00bb alt_tablet=\u00bbMY.LIFE ANTI-HAIR LOSS\u00bb title_text_tablet=\u00bbMY.LIFE ANTI-HAIR LOSS\u00bb alt_phone=\u00bbMY.LIFE ANTI-HAIR LOSS\u00bb title_text_phone=\u00bbMY.LIFE ANTI-HAIR LOSS\u00bb][\/et_pb_column][et_pb_column type=\u00bb2_5&#8243; _builder_version=\u00bb4.16&#8243; _module_preset=\u00bbdefault\u00bb background_enable_color=\u00bboff\u00bb custom_padding=\u00bb80px|||25px|false|false\u00bb custom_padding_tablet=\u00bb0px|||0px|false|false\u00bb custom_padding_phone=\u00bb\u00bb custom_padding_last_edited=\u00bbon|desktop\u00bb global_colors_info=\u00bb{}\u00bb][et_pb_image src=\u00bbhttps:\/\/zoe-t.es\/wp-content\/uploads\/2024\/01\/my-life-supreme-purifying-hair-loss.jpg\u00bb alt=\u00bbMY.LIFE HAIR-LOSSTREATMENT\u00bb title_text=\u00bbMY.LIFE HAIR-LOSS TREATMENT\u00bb align=\u00bbcenter\u00bb align_tablet=\u00bbcenter\u00bb align_phone=\u00bb\u00bb align_last_edited=\u00bbon|tablet\u00bb _builder_version=\u00bb4.24.0&#8243; _module_preset=\u00bbdefault\u00bb width=\u00bb30%\u00bb width_tablet=\u00bb19%\u00bb width_phone=\u00bb27%\u00bb width_last_edited=\u00bbon|desktop\u00bb module_alignment=\u00bbleft\u00bb custom_margin=\u00bb14vh||||false|false\u00bb custom_margin_tablet=\u00bb0vh||||false|false\u00bb custom_margin_phone=\u00bb-3vh||||false|false\u00bb custom_margin_last_edited=\u00bbon|desktop\u00bb custom_padding=\u00bb63px||0px||false|false\u00bb custom_padding_tablet=\u00bb19px||27px||false|false\u00bb custom_padding_phone=\u00bb\u00bb custom_padding_last_edited=\u00bbon|phone\u00bb module_alignment_tablet=\u00bbcenter\u00bb module_alignment_phone=\u00bbcenter\u00bb module_alignment_last_edited=\u00bbon|phone\u00bb border_color_all=\u00bb#000000&#8243; global_colors_info=\u00bb{}\u00bb][\/et_pb_image][\/et_pb_column][\/et_pb_row][\/et_pb_section][et_pb_section fb_built=\u00bb1&#8243; _builder_version=\u00bb4.16&#8243; _module_preset=\u00bbdefault\u00bb custom_padding=\u00bb0px||0px||false|false\u00bb global_colors_info=\u00bb{}\u00bb][et_pb_row column_structure=\u00bb1_2,1_2&#8243; _builder_version=\u00bb4.16&#8243; _module_preset=\u00bbdefault\u00bb background_enable_image=\u00bboff\u00bb custom_padding=\u00bb81px||2px|||\u00bb global_colors_info=\u00bb{}\u00bb][et_pb_column type=\u00bb1_2&#8243; _builder_version=\u00bb4.16&#8243; _module_preset=\u00bbdefault\u00bb global_colors_info=\u00bb{}\u00bb][et_pb_text _builder_version=\u00bb4.24.0&#8243; _module_preset=\u00bbdefault\u00bb global_colors_info=\u00bb{}\u00bb]<\/p>\n<h1>FILOSOF\u00cdA<\/h1>\n<p>&nbsp;<\/p>\n<p><strong>MY.LIFE SUPREME<\/strong>: una amplia gama de tratamientos dedicados al bienestar del cabello y del cuero cabelludo. La mente, a trav\u00e9s del olfato, se benefi cia gracias a los principios activos que contiene el producto y de ellos se obtiene una sensaci\u00f3n de vigor y bienestar. Se propaga lentamente por todo el cuerpo, combinado con una agradable sensaci\u00f3n de relajaci\u00f3n. Una l\u00ednea de tratamiento que act\u00faa espec\u00edfi camente sobre las anomal\u00edas de la piel y el cabello y ofrece una est\u00e9tica impecable en cada aplicaci\u00f3n, de forma sencilla, r\u00e1pida y pr\u00e1ctica. Una perfecta sinergia entre tecnolog\u00eda y naturaleza, seguridad y efi cacia.<\/p>\n<p>[\/et_pb_text][et_pb_image _builder_version=\u00bb4.16&#8243; _module_preset=\u00bbdefault\u00bb global_colors_info=\u00bb{}\u00bb][\/et_pb_image][\/et_pb_column][et_pb_column type=\u00bb1_2&#8243; _builder_version=\u00bb4.16&#8243; _module_preset=\u00bbdefault\u00bb global_colors_info=\u00bb{}\u00bb][et_pb_text _builder_version=\u00bb4.16&#8243; _module_preset=\u00bbdefault\u00bb text_text_color=\u00bb#ffffff\u00bb custom_padding=\u00bb||0px|||\u00bb global_colors_info=\u00bb{}\u00bb]<\/p>\n<h1>Beauty &amp; Care<br \/>Scalp and Hair<\/h1>\n<p>[\/et_pb_text][et_pb_image src=\u00bbhttps:\/\/zoe-t.es\/wp-content\/uploads\/2024\/01\/my-life-supreme.png\u00bb alt=\u00bbBeauty &amp; Care Scalp\u00bb title_text=\u00bbmy-life-supreme\u00bb _builder_version=\u00bb4.24.0&#8243; _module_preset=\u00bbdefault\u00bb width=\u00bb70%\u00bb global_colors_info=\u00bb{}\u00bb][\/et_pb_image][\/et_pb_column][\/et_pb_row][et_pb_row column_structure=\u00bb1_4,3_4&#8243; _builder_version=\u00bb4.16&#8243; _module_preset=\u00bbdefault\u00bb global_colors_info=\u00bb{}\u00bb][et_pb_column type=\u00bb1_4&#8243; _builder_version=\u00bb4.16&#8243; _module_preset=\u00bbdefault\u00bb global_colors_info=\u00bb{}\u00bb][et_pb_image src=\u00bbhttps:\/\/zoe-t.es\/wp-content\/uploads\/2024\/01\/SERUM-ANTI-HAIR-LOSS-TREATMENT.png\u00bb alt=\u00bbSERUMANTI-HAIR LOSSTREATMENT\u00bb title_text=\u00bbSERUM ANTI-HAIR LOSS TREATMENT\u00bb align=\u00bbcenter\u00bb _builder_version=\u00bb4.24.0&#8243; _module_preset=\u00bbdefault\u00bb max_width=\u00bb100%\u00bb max_width_tablet=\u00bb60%\u00bb max_width_phone=\u00bb60%\u00bb max_width_last_edited=\u00bbon|phone\u00bb custom_margin=\u00bb||-3px|||\u00bb custom_padding=\u00bb0px|||||\u00bb global_colors_info=\u00bb{}\u00bb][\/et_pb_image][et_pb_text _builder_version=\u00bb4.24.0&#8243; _module_preset=\u00bbdefault\u00bb header_font=\u00bbMolengo|300|||||||\u00bb header_text_align=\u00bbcenter\u00bb header_font_size=\u00bb29px\u00bb header_2_font=\u00bbRoboto|300|||||||\u00bb text_orientation=\u00bbcenter\u00bb custom_padding=\u00bb19px||||false|false\u00bb custom_padding_tablet=\u00bb\u00bb custom_padding_phone=\u00bb\u00bb custom_padding_last_edited=\u00bbon|desktop\u00bb header_font_size_tablet=\u00bb\u00bb header_font_size_phone=\u00bb\u00bb header_font_size_last_edited=\u00bbon|desktop\u00bb border_color_top=\u00bb#006FBA\u00bb global_colors_info=\u00bb{}\u00bb]<\/p>\n<h1>SERUM<br \/>ANTI-HAIR LOSS<br \/>TREATMENT _ PROFESIONAL<\/h1>\n<p>BOX 125ml X 2<\/p>\n<p>[\/et_pb_text][\/et_pb_column][et_pb_column type=\u00bb3_4&#8243; _builder_version=\u00bb4.16&#8243; _module_preset=\u00bbdefault\u00bb global_colors_info=\u00bb{}\u00bb][et_pb_text _builder_version=\u00bb4.24.0&#8243; _module_preset=\u00bbdefault\u00bb header_text_color=\u00bb#ffffff\u00bb header_2_text_color=\u00bb#ffffff\u00bb header_3_text_color=\u00bb#ffffff\u00bb custom_padding=\u00bb60px||||false|false\u00bb global_colors_info=\u00bb{}\u00bb]<\/p>\n<p><strong>SERUM ANTI-HAIR LOSS TREATMENT<\/strong>. Tratamiento de choque: contrarresta efi cazmente la ca\u00edda del cabello. Es un verdadero concentrado de principios activos que inhibe la actividad de la enzima (5-alfa-reductasa), principal responsable de la miniaturizaci\u00f3n folicular y del adelgazamiento del cabello.<\/p>\n<p>BENEFICIOS:<\/p>\n<p>SERUM ANTI-HAIR LOSS TREATMENT, regenerador antica\u00edda. Reduce la ca\u00edda del cabello, regenera el cuero cabelludo y tonifi ca la fi bra capilar desde la ra\u00edz. Neutraliza los radicales libres responsables del envejecimiento prematuro del cabello. Estimula la microcirculaci\u00f3n sangu\u00ednea, favoreciendo la oxigenaci\u00f3n celular y el aporte de nutrientes.<\/p>\n<p>INSTRUCCIONES DE USO:<\/p>\n<p>Despu\u00e9s de lavar el cabello con SHAMPOO ANTI-HAIR LOSS TREATMENT, secar el exceso de humedad con una toalla. Aplicar SERUM ANTIO-HAIR LOSS TREATMENT generosa y uniformemente sobre el cuero cabelludo. Masajear con la yema de los dedos para facilitar la absorci\u00f3n de los principios activos. No enjuague. ( Ph: 4.5 \u2013 5.2 )<\/p>\n<p>[\/et_pb_text][\/et_pb_column][\/et_pb_row][et_pb_row column_structure=\u00bb1_4,3_4&#8243; _builder_version=\u00bb4.16&#8243; _module_preset=\u00bbdefault\u00bb global_colors_info=\u00bb{}\u00bb][et_pb_column type=\u00bb1_4&#8243; _builder_version=\u00bb4.16&#8243; _module_preset=\u00bbdefault\u00bb global_colors_info=\u00bb{}\u00bb][et_pb_image src=\u00bbhttps:\/\/zoe-t.es\/wp-content\/uploads\/2024\/01\/SHAMPOO-ANTI-HAIR-LOSS-TREATMENT.png\u00bb alt=\u00bbSHAMPOOANTI-HAIR LOSSTREATMENT\u00bb title_text=\u00bbSHAMPOO ANTI-HAIR LOSS TREATMENT\u00bb align=\u00bbcenter\u00bb _builder_version=\u00bb4.24.0&#8243; _module_preset=\u00bbdefault\u00bb max_width=\u00bb100%\u00bb max_width_tablet=\u00bb60%\u00bb max_width_phone=\u00bb60%\u00bb max_width_last_edited=\u00bbon|phone\u00bb custom_margin=\u00bb||-3px|||\u00bb custom_padding=\u00bb0px|||||\u00bb global_colors_info=\u00bb{}\u00bb][\/et_pb_image][et_pb_text _builder_version=\u00bb4.24.0&#8243; _module_preset=\u00bbdefault\u00bb header_font=\u00bbMolengo|300|||||||\u00bb header_text_align=\u00bbcenter\u00bb header_font_size=\u00bb29px\u00bb header_2_font=\u00bbRoboto|300|||||||\u00bb text_orientation=\u00bbcenter\u00bb custom_padding=\u00bb19px||||false|false\u00bb custom_padding_tablet=\u00bb\u00bb custom_padding_phone=\u00bb\u00bb custom_padding_last_edited=\u00bbon|desktop\u00bb header_font_size_tablet=\u00bb\u00bb header_font_size_phone=\u00bb\u00bb header_font_size_last_edited=\u00bbon|desktop\u00bb border_color_top=\u00bb#006FBA\u00bb global_colors_info=\u00bb{}\u00bb]<\/p>\n<h1>SHAMPOO<br \/>ANTI-HAIR LOSS<br \/>TREATMENT<\/h1>\n<p>250 ml \/ 1000 ml<\/p>\n<p>[\/et_pb_text][\/et_pb_column][et_pb_column type=\u00bb3_4&#8243; _builder_version=\u00bb4.16&#8243; _module_preset=\u00bbdefault\u00bb global_colors_info=\u00bb{}\u00bb][et_pb_text _builder_version=\u00bb4.24.0&#8243; _module_preset=\u00bbdefault\u00bb header_text_color=\u00bb#ffffff\u00bb header_2_text_color=\u00bb#ffffff\u00bb header_3_text_color=\u00bb#ffffff\u00bb custom_padding=\u00bb60px||||false|false\u00bb global_colors_info=\u00bb{}\u00bb]<\/p>\n<p>El <strong>SHAMPOO ANTI-HAIR LOSS TREATMENT<\/strong> ha sido formulado para la higiene del cabello y del cuero cabelludo, limpia y contrarresta la ca\u00edda. Gracias a la presencia de principios activos contra la ca\u00edda del cabello, este producto cosm\u00e9tico-funcional ayuda a fortalecer y mejorar la vitalidad de la fi bra capilar.<\/p>\n<p>BENEFICIOS:<\/p>\n<p>El principal objetivo del champ\u00fa antica\u00edda es aportar los nutrientes esenciales para el bienestar del cabello. Reactiva y estimula la microcirculaci\u00f3n superfi cial del cuero cabelludo, mejorando la oxigenaci\u00f3n y evitando la atrofi a del aparato piloseb\u00e1ceo. Contrarresta las alteraciones foliculares y activa los genes implicados en el mecanismo de reparaci\u00f3n del tejido corneo del cabello. El champ\u00fa antica\u00edda tambi\u00e9n representa un excelente aliado para devolver la densidad y la textura al cabello debilitado por circunstancias puntuales y limitadas (por ejemplo, per\u00edodos especialmente estresantes, cambios de estaci\u00f3n, etc.).<\/p>\n<p>INSTRUCCIONES DE USO:<\/p>\n<p>Aplicar SHAMPOO ANTI-HAIR LOSS TREATMENT sobre el cuero cabelludo y el cabello mojados, masajear suavemente para estimular la microcirculaci\u00f3n y facilitar la absorci\u00f3n de sustancias funcionales. Dejar actuar unos minutos para que funcione mejor. Enjuague y si es necesario, repita un segundo lavado ( Ph: 4.5 \u2013 5.5 )<\/p>\n<p>[\/et_pb_text][\/et_pb_column][\/et_pb_row][et_pb_row column_structure=\u00bb1_4,3_4&#8243; _builder_version=\u00bb4.16&#8243; _module_preset=\u00bbdefault\u00bb global_colors_info=\u00bb{}\u00bb][et_pb_column type=\u00bb1_4&#8243; _builder_version=\u00bb4.16&#8243; _module_preset=\u00bbdefault\u00bb global_colors_info=\u00bb{}\u00bb][et_pb_image src=\u00bbhttps:\/\/zoe-t.es\/wp-content\/uploads\/2024\/01\/SERUM-ANTI-HAIR-LOSS-TREATMENT_HOME.png\u00bb alt=\u00bbSERUMANTI-HAIR LOSSTREATMENT_ HOME\u00bb title_text=\u00bbSERUM ANTI-HAIR LOSS TREATMENT_ HOME\u00bb align=\u00bbcenter\u00bb _builder_version=\u00bb4.24.0&#8243; _module_preset=\u00bbdefault\u00bb max_width=\u00bb100%\u00bb max_width_tablet=\u00bb60%\u00bb max_width_phone=\u00bb60%\u00bb max_width_last_edited=\u00bbon|phone\u00bb custom_margin=\u00bb||-3px|||\u00bb custom_padding=\u00bb0px|||||\u00bb global_colors_info=\u00bb{}\u00bb][\/et_pb_image][et_pb_text _builder_version=\u00bb4.24.0&#8243; _module_preset=\u00bbdefault\u00bb header_font=\u00bbMolengo|300|||||||\u00bb header_text_align=\u00bbcenter\u00bb header_font_size=\u00bb29px\u00bb header_2_font=\u00bbRoboto|300|||||||\u00bb text_orientation=\u00bbcenter\u00bb custom_padding=\u00bb19px||||false|false\u00bb custom_padding_tablet=\u00bb\u00bb custom_padding_phone=\u00bb\u00bb custom_padding_last_edited=\u00bbon|desktop\u00bb header_font_size_tablet=\u00bb\u00bb header_font_size_phone=\u00bb\u00bb header_font_size_last_edited=\u00bbon|desktop\u00bb border_color_top=\u00bb#006FBA\u00bb global_colors_info=\u00bb{}\u00bb]<\/p>\n<h1>SERUM<br \/>ANTI-HAIR LOSS<br \/>TREATMENT_ HOME<\/h1>\n<p>250 ml SPAY<\/p>\n<p>[\/et_pb_text][\/et_pb_column][et_pb_column type=\u00bb3_4&#8243; _builder_version=\u00bb4.16&#8243; _module_preset=\u00bbdefault\u00bb global_colors_info=\u00bb{}\u00bb][et_pb_text _builder_version=\u00bb4.24.0&#8243; _module_preset=\u00bbdefault\u00bb header_text_color=\u00bb#ffffff\u00bb header_2_text_color=\u00bb#ffffff\u00bb header_3_text_color=\u00bb#ffffff\u00bb custom_padding=\u00bb60px||||false|false\u00bb global_colors_info=\u00bb{}\u00bb]<\/p>\n<p><strong>SERUM ANTI-HAIR LOSS TREATMENT<\/strong>. Tratamiento de choque: contrarresta efi cazmente la ca\u00edda del cabello. Es un verdadero concentrado de principios activos que inhibe la actividad de la enzima (5-alfa-reductasa), principal responsable de la miniaturizaci\u00f3n folicular y del adelgazamiento del cabello.<\/p>\n<p>BENEFICIOS:<\/p>\n<p>SERUM ANTI-HAIR LOSS TREATMENT, regenerador antica\u00edda. Reduce la ca\u00edda del cabello, regenera el cuero cabelludo y tonifi ca la fi bra capilar desde la ra\u00edz. Neutraliza los radicales libres responsables del envejecimiento prematuro del cabello. Estimula la microcirculaci\u00f3n sangu\u00ednea, favoreciendo la oxigenaci\u00f3n celular y el aporte de nutrientes.<\/p>\n<p>INSTRUCCIONES DE USO:<\/p>\n<p>Despu\u00e9s de lavar el cabello con SHAMPOO ANTI-HAIR LOSS TREATMENT, secar el exceso de humedad con una toalla. Aplicar SERUM ANTIO-HAIR LOSS TREATMENT generosa y uniformemente sobre el cuero cabelludo. Masajear con la yema de los dedos para facilitar la absorci\u00f3n de los principios activos. No enjuague. ( Ph: 4.5 \u2013 5.2 )<\/p>\n<p>[\/et_pb_text][\/et_pb_column][\/et_pb_row][\/et_pb_section]<\/p>\n","protected":false},"excerpt":{"rendered":"<p>FILOSOF\u00cdA &nbsp; MY.LIFE SUPREME: una amplia gama de tratamientos dedicados al bienestar del cabello y del cuero cabelludo. La mente, a trav\u00e9s del olfato, se benefi cia gracias a los principios activos que contiene el producto y de ellos se obtiene una sensaci\u00f3n de vigor y bienestar. Se propaga lentamente por todo el cuerpo, combinado [&hellip;]<\/p>\n","protected":false},"author":1,"featured_media":0,"parent":2296,"menu_order":0,"comment_status":"closed","ping_status":"closed","template":"","meta":{"_et_pb_use_builder":"on","_et_pb_old_content":"","_et_gb_content_width":"","footnotes":""},"class_list":["post-6468","page","type-page","status-publish","hentry"],"yoast_head":"<!-- This site is optimized with the Yoast SEO plugin v26.8 - https:\/\/yoast.com\/product\/yoast-seo-wordpress\/ -->\n<title>MY.LIFE SUPREME HAIR-LOSS TREATMENT - Zoe-t<\/title>\n<meta name=\"robots\" content=\"index, follow, max-snippet:-1, max-image-preview:large, max-video-preview:-1\" \/>\n<link rel=\"canonical\" href=\"https:\/\/zoe-t.es\/es\/white-nature\/my-life-supreme\/my-life-supreme-hair-loss-treatment\/\" \/>\n<meta property=\"og:locale\" content=\"es_ES\" \/>\n<meta property=\"og:type\" content=\"article\" \/>\n<meta property=\"og:title\" content=\"MY.LIFE SUPREME HAIR-LOSS TREATMENT - Zoe-t\" \/>\n<meta property=\"og:description\" content=\"FILOSOF\u00cdA &nbsp; MY.LIFE SUPREME: una amplia gama de tratamientos dedicados al bienestar del cabello y del cuero cabelludo. La mente, a trav\u00e9s del olfato, se benefi cia gracias a los principios activos que contiene el producto y de ellos se obtiene una sensaci\u00f3n de vigor y bienestar. Se propaga lentamente por todo el cuerpo, combinado [&hellip;]\" \/>\n<meta property=\"og:url\" content=\"https:\/\/zoe-t.es\/es\/white-nature\/my-life-supreme\/my-life-supreme-hair-loss-treatment\/\" \/>\n<meta property=\"og:site_name\" content=\"Zoe-t\" \/>\n<meta property=\"article:modified_time\" content=\"2024-01-30T21:08:40+00:00\" \/>\n<meta name=\"twitter:card\" content=\"summary_large_image\" \/>\n<meta name=\"twitter:label1\" content=\"Tiempo de lectura\" \/>\n\t<meta name=\"twitter:data1\" content=\"9 minutos\" \/>\n<script type=\"application\/ld+json\" class=\"yoast-schema-graph\">{\"@context\":\"https:\/\/schema.org\",\"@graph\":[{\"@type\":\"WebPage\",\"@id\":\"https:\/\/zoe-t.es\/es\/white-nature\/my-life-supreme\/my-life-supreme-hair-loss-treatment\/\",\"url\":\"https:\/\/zoe-t.es\/es\/white-nature\/my-life-supreme\/my-life-supreme-hair-loss-treatment\/\",\"name\":\"MY.LIFE SUPREME HAIR-LOSS TREATMENT - Zoe-t\",\"isPartOf\":{\"@id\":\"https:\/\/zoe-t.es\/es\/#website\"},\"datePublished\":\"2024-01-30T21:00:10+00:00\",\"dateModified\":\"2024-01-30T21:08:40+00:00\",\"breadcrumb\":{\"@id\":\"https:\/\/zoe-t.es\/es\/white-nature\/my-life-supreme\/my-life-supreme-hair-loss-treatment\/#breadcrumb\"},\"inLanguage\":\"es\",\"potentialAction\":[{\"@type\":\"ReadAction\",\"target\":[\"https:\/\/zoe-t.es\/es\/white-nature\/my-life-supreme\/my-life-supreme-hair-loss-treatment\/\"]}]},{\"@type\":\"BreadcrumbList\",\"@id\":\"https:\/\/zoe-t.es\/es\/white-nature\/my-life-supreme\/my-life-supreme-hair-loss-treatment\/#breadcrumb\",\"itemListElement\":[{\"@type\":\"ListItem\",\"position\":1,\"name\":\"Portada\",\"item\":\"https:\/\/zoe-t.es\/es\/\"},{\"@type\":\"ListItem\",\"position\":2,\"name\":\"WHITE NATURE\",\"item\":\"https:\/\/zoe-t.es\/es\/white-nature\/\"},{\"@type\":\"ListItem\",\"position\":3,\"name\":\"MY.LIFE SUPREME\",\"item\":\"https:\/\/zoe-t.es\/es\/white-nature\/my-life-supreme\/\"},{\"@type\":\"ListItem\",\"position\":4,\"name\":\"MY.LIFE SUPREME HAIR-LOSS TREATMENT\"}]},{\"@type\":\"WebSite\",\"@id\":\"https:\/\/zoe-t.es\/es\/#website\",\"url\":\"https:\/\/zoe-t.es\/es\/\",\"name\":\"Zoe-t\",\"description\":\"Luxury for your Hair\",\"potentialAction\":[{\"@type\":\"SearchAction\",\"target\":{\"@type\":\"EntryPoint\",\"urlTemplate\":\"https:\/\/zoe-t.es\/es\/?s={search_term_string}\"},\"query-input\":{\"@type\":\"PropertyValueSpecification\",\"valueRequired\":true,\"valueName\":\"search_term_string\"}}],\"inLanguage\":\"es\"}]}<\/script>\n<!-- \/ Yoast SEO plugin. -->","yoast_head_json":{"title":"MY.LIFE SUPREME HAIR-LOSS TREATMENT - Zoe-t","robots":{"index":"index","follow":"follow","max-snippet":"max-snippet:-1","max-image-preview":"max-image-preview:large","max-video-preview":"max-video-preview:-1"},"canonical":"https:\/\/zoe-t.es\/es\/white-nature\/my-life-supreme\/my-life-supreme-hair-loss-treatment\/","og_locale":"es_ES","og_type":"article","og_title":"MY.LIFE SUPREME HAIR-LOSS TREATMENT - Zoe-t","og_description":"FILOSOF\u00cdA &nbsp; MY.LIFE SUPREME: una amplia gama de tratamientos dedicados al bienestar del cabello y del cuero cabelludo. La mente, a trav\u00e9s del olfato, se benefi cia gracias a los principios activos que contiene el producto y de ellos se obtiene una sensaci\u00f3n de vigor y bienestar. Se propaga lentamente por todo el cuerpo, combinado [&hellip;]","og_url":"https:\/\/zoe-t.es\/es\/white-nature\/my-life-supreme\/my-life-supreme-hair-loss-treatment\/","og_site_name":"Zoe-t","article_modified_time":"2024-01-30T21:08:40+00:00","twitter_card":"summary_large_image","twitter_misc":{"Tiempo de lectura":"9 minutos"},"schema":{"@context":"https:\/\/schema.org","@graph":[{"@type":"WebPage","@id":"https:\/\/zoe-t.es\/es\/white-nature\/my-life-supreme\/my-life-supreme-hair-loss-treatment\/","url":"https:\/\/zoe-t.es\/es\/white-nature\/my-life-supreme\/my-life-supreme-hair-loss-treatment\/","name":"MY.LIFE SUPREME HAIR-LOSS TREATMENT - Zoe-t","isPartOf":{"@id":"https:\/\/zoe-t.es\/es\/#website"},"datePublished":"2024-01-30T21:00:10+00:00","dateModified":"2024-01-30T21:08:40+00:00","breadcrumb":{"@id":"https:\/\/zoe-t.es\/es\/white-nature\/my-life-supreme\/my-life-supreme-hair-loss-treatment\/#breadcrumb"},"inLanguage":"es","potentialAction":[{"@type":"ReadAction","target":["https:\/\/zoe-t.es\/es\/white-nature\/my-life-supreme\/my-life-supreme-hair-loss-treatment\/"]}]},{"@type":"BreadcrumbList","@id":"https:\/\/zoe-t.es\/es\/white-nature\/my-life-supreme\/my-life-supreme-hair-loss-treatment\/#breadcrumb","itemListElement":[{"@type":"ListItem","position":1,"name":"Portada","item":"https:\/\/zoe-t.es\/es\/"},{"@type":"ListItem","position":2,"name":"WHITE NATURE","item":"https:\/\/zoe-t.es\/es\/white-nature\/"},{"@type":"ListItem","position":3,"name":"MY.LIFE SUPREME","item":"https:\/\/zoe-t.es\/es\/white-nature\/my-life-supreme\/"},{"@type":"ListItem","position":4,"name":"MY.LIFE SUPREME HAIR-LOSS TREATMENT"}]},{"@type":"WebSite","@id":"https:\/\/zoe-t.es\/es\/#website","url":"https:\/\/zoe-t.es\/es\/","name":"Zoe-t","description":"Luxury for your Hair","potentialAction":[{"@type":"SearchAction","target":{"@type":"EntryPoint","urlTemplate":"https:\/\/zoe-t.es\/es\/?s={search_term_string}"},"query-input":{"@type":"PropertyValueSpecification","valueRequired":true,"valueName":"search_term_string"}}],"inLanguage":"es"}]}},"_links":{"self":[{"href":"https:\/\/zoe-t.es\/es\/wp-json\/wp\/v2\/pages\/6468","targetHints":{"allow":["GET"]}}],"collection":[{"href":"https:\/\/zoe-t.es\/es\/wp-json\/wp\/v2\/pages"}],"about":[{"href":"https:\/\/zoe-t.es\/es\/wp-json\/wp\/v2\/types\/page"}],"author":[{"embeddable":true,"href":"https:\/\/zoe-t.es\/es\/wp-json\/wp\/v2\/users\/1"}],"replies":[{"embeddable":true,"href":"https:\/\/zoe-t.es\/es\/wp-json\/wp\/v2\/comments?post=6468"}],"version-history":[{"count":4,"href":"https:\/\/zoe-t.es\/es\/wp-json\/wp\/v2\/pages\/6468\/revisions"}],"predecessor-version":[{"id":6476,"href":"https:\/\/zoe-t.es\/es\/wp-json\/wp\/v2\/pages\/6468\/revisions\/6476"}],"up":[{"embeddable":true,"href":"https:\/\/zoe-t.es\/es\/wp-json\/wp\/v2\/pages\/2296"}],"wp:attachment":[{"href":"https:\/\/zoe-t.es\/es\/wp-json\/wp\/v2\/media?parent=6468"}],"curies":[{"name":"wp","href":"https:\/\/api.w.org\/{rel}","templated":true}]}}