{"id":6483,"date":"2024-01-30T21:16:10","date_gmt":"2024-01-30T21:16:10","guid":{"rendered":"https:\/\/zoe-t.es\/white-nature\/my-life-supreme\/my-life-sebum-dandruff-control\/"},"modified":"2024-01-30T21:16:11","modified_gmt":"2024-01-30T21:16:11","slug":"my-life-sebum-dandruff-control","status":"publish","type":"page","link":"https:\/\/zoe-t.es\/es\/white-nature\/my-life-supreme\/my-life-sebum-dandruff-control\/","title":{"rendered":"MY-LIFE SEBUM-DANDRUFF CONTROL"},"content":{"rendered":"<p>[et_pb_section fb_built=\u00bb1&#8243; _builder_version=\u00bb4.16&#8243; _module_preset=\u00bbdefault\u00bb custom_padding=\u00bb0px||0px||false|false\u00bb global_colors_info=\u00bb{}\u00bb][et_pb_row column_structure=\u00bb3_5,2_5&#8243; use_custom_gutter=\u00bbon\u00bb make_equal=\u00bbon\u00bb custom_padding_last_edited=\u00bbon|desktop\u00bb _builder_version=\u00bb4.24.0&#8243; _module_preset=\u00bbdefault\u00bb background_enable_color=\u00bboff\u00bb background_image=\u00bbhttps:\/\/zoe-t.es\/wp-content\/uploads\/2020\/08\/bg_white_nature2.jpg\u00bb width=\u00bb100%\u00bb custom_margin=\u00bb||0px||false|false\u00bb custom_margin_tablet=\u00bb||-25px||false|false\u00bb custom_margin_phone=\u00bb\u00bb custom_margin_last_edited=\u00bbon|desktop\u00bb custom_padding=\u00bb0px||0px||false|false\u00bb custom_padding_tablet=\u00bb0px||0px||false|false\u00bb custom_padding_phone=\u00bb\u00bb background_last_edited=\u00bbon|phone\u00bb background_image_tablet=\u00bbhttps:\/\/zoe-t.es\/wp-content\/uploads\/2020\/08\/bg_white_nature2.jpg\u00bb background_image_phone=\u00bbhttps:\/\/zoe-t.es\/wp-content\/uploads\/2020\/08\/bg_white_nature2.jpg\u00bb background_enable_image_tablet=\u00bbon\u00bb background_enable_image_phone=\u00bbon\u00bb background_size_phone=\u00bbcover\u00bb global_colors_info=\u00bb{}\u00bb title_text_phone=\u00bbWHITE NATURE\u00bb title_text_tablet=\u00bbWHITE NATURE\u00bb alt_tablet=\u00bbWHITE NATURE\u00bb alt_phone=\u00bbWHITE NATURE\u00bb][et_pb_column type=\u00bb3_5&#8243; _builder_version=\u00bb4.24.0&#8243; _module_preset=\u00bbdefault\u00bb background_image=\u00bbhttps:\/\/zoe-t.es\/wp-content\/uploads\/2024\/01\/SEBUM.png\u00bb custom_padding=\u00bb185px||185px||true|false\u00bb custom_padding_tablet=\u00bb165px||165px||true|false\u00bb custom_padding_phone=\u00bb165px||165px||true|false\u00bb custom_padding_last_edited=\u00bbon|tablet\u00bb background_last_edited=\u00bbon|phone\u00bb background_image_tablet=\u00bbhttps:\/\/zoe-t.es\/wp-content\/uploads\/2024\/01\/SEBUM-moobile.png\u00bb background_image_phone=\u00bbhttps:\/\/zoe-t.es\/wp-content\/uploads\/2024\/01\/SEBUM-moobile.png\u00bb background_enable_image_tablet=\u00bbon\u00bb background_enable_image_phone=\u00bbon\u00bb background_size_tablet=\u00bbcontain\u00bb global_colors_info=\u00bb{}\u00bb alt_tablet=\u00bbMY.LIFE ANTI-HAIR LOSS\u00bb title_text_tablet=\u00bbMY.LIFE ANTI-HAIR LOSS\u00bb alt_phone=\u00bbMY.LIFE ANTI-HAIR LOSS\u00bb title_text_phone=\u00bbMY.LIFE ANTI-HAIR LOSS\u00bb][\/et_pb_column][et_pb_column type=\u00bb2_5&#8243; _builder_version=\u00bb4.16&#8243; _module_preset=\u00bbdefault\u00bb background_enable_color=\u00bboff\u00bb custom_padding=\u00bb80px|||25px|false|false\u00bb custom_padding_tablet=\u00bb0px|||0px|false|false\u00bb custom_padding_phone=\u00bb\u00bb custom_padding_last_edited=\u00bbon|desktop\u00bb global_colors_info=\u00bb{}\u00bb][et_pb_image src=\u00bbhttps:\/\/zoe-t.es\/wp-content\/uploads\/2024\/01\/my-life-supreme-sebum-dranduff.jpg\u00bb alt=\u00bbMY.LIFE SUPREME\u00bb title_text=\u00bbMY.LIFE SUPREME\u00bb align=\u00bbcenter\u00bb align_tablet=\u00bbcenter\u00bb align_phone=\u00bb\u00bb align_last_edited=\u00bbon|tablet\u00bb _builder_version=\u00bb4.24.0&#8243; _module_preset=\u00bbdefault\u00bb width=\u00bb30%\u00bb width_tablet=\u00bb19%\u00bb width_phone=\u00bb27%\u00bb width_last_edited=\u00bbon|desktop\u00bb module_alignment=\u00bbleft\u00bb custom_margin=\u00bb14vh||||false|false\u00bb custom_margin_tablet=\u00bb0vh||||false|false\u00bb custom_margin_phone=\u00bb-3vh||||false|false\u00bb custom_margin_last_edited=\u00bbon|desktop\u00bb custom_padding=\u00bb63px||0px||false|false\u00bb custom_padding_tablet=\u00bb19px||27px||false|false\u00bb custom_padding_phone=\u00bb\u00bb custom_padding_last_edited=\u00bbon|phone\u00bb module_alignment_tablet=\u00bbcenter\u00bb module_alignment_phone=\u00bbcenter\u00bb module_alignment_last_edited=\u00bbon|phone\u00bb border_color_all=\u00bb#000000&#8243; global_colors_info=\u00bb{}\u00bb][\/et_pb_image][\/et_pb_column][\/et_pb_row][\/et_pb_section][et_pb_section fb_built=\u00bb1&#8243; _builder_version=\u00bb4.16&#8243; _module_preset=\u00bbdefault\u00bb custom_padding=\u00bb0px||0px||false|false\u00bb global_colors_info=\u00bb{}\u00bb][et_pb_row column_structure=\u00bb1_2,1_2&#8243; _builder_version=\u00bb4.16&#8243; _module_preset=\u00bbdefault\u00bb background_enable_image=\u00bboff\u00bb custom_padding=\u00bb81px||2px|||\u00bb global_colors_info=\u00bb{}\u00bb][et_pb_column type=\u00bb1_2&#8243; _builder_version=\u00bb4.16&#8243; _module_preset=\u00bbdefault\u00bb global_colors_info=\u00bb{}\u00bb][et_pb_text _builder_version=\u00bb4.24.0&#8243; _module_preset=\u00bbdefault\u00bb global_colors_info=\u00bb{}\u00bb]<\/p>\n<h1>FILOSOF\u00cdA<\/h1>\n<p>&nbsp;<\/p>\n<p><strong>MY.LIFE SUPREME<\/strong>: una amplia gama de tratamientos dedicados al bienestar del cabello y del cuero cabelludo. La mente, a trav\u00e9s del olfato, se benefi cia gracias a los principios activos que contiene el producto y de ellos se obtiene una sensaci\u00f3n de vigor y bienestar. Se propaga lentamente por todo el cuerpo, combinado con una agradable sensaci\u00f3n de relajaci\u00f3n. Una l\u00ednea de tratamiento que act\u00faa espec\u00edfi camente sobre las anomal\u00edas de la piel y el cabello y ofrece una est\u00e9tica impecable en cada aplicaci\u00f3n, de forma sencilla, r\u00e1pida y pr\u00e1ctica. Una perfecta sinergia entre tecnolog\u00eda y naturaleza, seguridad y efi cacia.<\/p>\n<p>[\/et_pb_text][et_pb_image _builder_version=\u00bb4.16&#8243; _module_preset=\u00bbdefault\u00bb global_colors_info=\u00bb{}\u00bb][\/et_pb_image][\/et_pb_column][et_pb_column type=\u00bb1_2&#8243; _builder_version=\u00bb4.16&#8243; _module_preset=\u00bbdefault\u00bb global_colors_info=\u00bb{}\u00bb][et_pb_text _builder_version=\u00bb4.16&#8243; _module_preset=\u00bbdefault\u00bb text_text_color=\u00bb#ffffff\u00bb custom_padding=\u00bb||0px|||\u00bb global_colors_info=\u00bb{}\u00bb]<\/p>\n<h1>Beauty &amp; Care<br \/>Scalp and Hair<\/h1>\n<p>[\/et_pb_text][et_pb_image src=\u00bbhttps:\/\/zoe-t.es\/wp-content\/uploads\/2024\/01\/my-life-supreme.png\u00bb alt=\u00bbBeauty &amp; Care Scalp\u00bb title_text=\u00bbmy-life-supreme\u00bb _builder_version=\u00bb4.24.0&#8243; _module_preset=\u00bbdefault\u00bb width=\u00bb70%\u00bb global_colors_info=\u00bb{}\u00bb][\/et_pb_image][\/et_pb_column][\/et_pb_row][et_pb_row column_structure=\u00bb1_4,3_4&#8243; _builder_version=\u00bb4.16&#8243; _module_preset=\u00bbdefault\u00bb global_colors_info=\u00bb{}\u00bb][et_pb_column type=\u00bb1_4&#8243; _builder_version=\u00bb4.16&#8243; _module_preset=\u00bbdefault\u00bb global_colors_info=\u00bb{}\u00bb][et_pb_image src=\u00bbhttps:\/\/zoe-t.es\/wp-content\/uploads\/2024\/01\/SERUM-SEBUM-PROFESIONAL.png\u00bb alt=\u00bbSERUMSEBUM-DANDRUFFCONTROL _ PROFESIONAL\u00bb title_text=\u00bbSERUM SEBUM-DANDRUFF CONTROL _ PROFESIONAL\u00bb align=\u00bbcenter\u00bb _builder_version=\u00bb4.24.0&#8243; _module_preset=\u00bbdefault\u00bb max_width=\u00bb100%\u00bb max_width_tablet=\u00bb60%\u00bb max_width_phone=\u00bb60%\u00bb max_width_last_edited=\u00bbon|phone\u00bb custom_margin=\u00bb||-3px|||\u00bb custom_padding=\u00bb0px|||||\u00bb global_colors_info=\u00bb{}\u00bb][\/et_pb_image][et_pb_text _builder_version=\u00bb4.24.0&#8243; _module_preset=\u00bbdefault\u00bb header_font=\u00bbMolengo|300|||||||\u00bb header_text_align=\u00bbcenter\u00bb header_font_size=\u00bb29px\u00bb header_2_font=\u00bbRoboto|300|||||||\u00bb text_orientation=\u00bbcenter\u00bb custom_padding=\u00bb19px||||false|false\u00bb custom_padding_tablet=\u00bb\u00bb custom_padding_phone=\u00bb\u00bb custom_padding_last_edited=\u00bbon|desktop\u00bb header_font_size_tablet=\u00bb\u00bb header_font_size_phone=\u00bb\u00bb header_font_size_last_edited=\u00bbon|desktop\u00bb border_color_top=\u00bb#006FBA\u00bb global_colors_info=\u00bb{}\u00bb]<\/p>\n<h1>SERUM<br \/>ANTI-HAIR LOSS<br \/>TREATMENT _ PROFESIONAL<\/h1>\n<p>BOX 125ml X 2<\/p>\n<p>[\/et_pb_text][\/et_pb_column][et_pb_column type=\u00bb3_4&#8243; _builder_version=\u00bb4.16&#8243; _module_preset=\u00bbdefault\u00bb global_colors_info=\u00bb{}\u00bb][et_pb_text _builder_version=\u00bb4.24.0&#8243; _module_preset=\u00bbdefault\u00bb header_text_color=\u00bb#ffffff\u00bb header_2_text_color=\u00bb#ffffff\u00bb header_3_text_color=\u00bb#ffffff\u00bb custom_padding=\u00bb60px||||false|false\u00bb global_colors_info=\u00bb{}\u00bb]<\/p>\n<p><strong>SERUM SEBUM-DANDRUFF CONTROL<\/strong> es un tratamiento para el cuero cabelludo y el cabello que solubiliza componentes de naturaleza vegetal, que ejercen una acci\u00f3n anticaspa y antigrasa, con una acci\u00f3n integral.<\/p>\n<p>BENEFICIOS:<\/p>\n<p>Es un excelente colaborador para contrarrestar la producci\u00f3n excesiva de caspa y para prevenir o reducir la disfunci\u00f3n seb\u00e1cea. Act\u00faa directamente sobre la piel tonifi c\u00e1ndola y normalizando las condiciones necesarias para la eliminaci\u00f3n progresiva de la descamaci\u00f3n del cuero cabelludo.<\/p>\n<p>INSTRUCCIONES DE USO:<\/p>\n<p>Despu\u00e9s de lavar el cabello con SHAMPOO SEBUM-DANDRUFF CONTROL , secando el exceso de humedad con una toalla, aplicar SERUM SEBUM-DANDRUFF CONTROL directamente sobre el cuero cabelludo con un ligero masaje. Elimina la caspa y la grasa, previniendo su nueva aparici\u00f3n. No enjuague. (pH: 4,0 \u2013 5,2)<\/p>\n<p>[\/et_pb_text][\/et_pb_column][\/et_pb_row][et_pb_row column_structure=\u00bb1_4,3_4&#8243; _builder_version=\u00bb4.16&#8243; _module_preset=\u00bbdefault\u00bb global_colors_info=\u00bb{}\u00bb][et_pb_column type=\u00bb1_4&#8243; _builder_version=\u00bb4.16&#8243; _module_preset=\u00bbdefault\u00bb global_colors_info=\u00bb{}\u00bb][et_pb_image src=\u00bbhttps:\/\/zoe-t.es\/wp-content\/uploads\/2024\/01\/SHAMPOO-SEBUM.png\u00bb alt=\u00bbSHAMPOOSEBUM-\u00bb title_text=\u00bbSHAMPOO SEBUM-\u00bb align=\u00bbcenter\u00bb _builder_version=\u00bb4.24.0&#8243; _module_preset=\u00bbdefault\u00bb max_width=\u00bb100%\u00bb max_width_tablet=\u00bb60%\u00bb max_width_phone=\u00bb60%\u00bb max_width_last_edited=\u00bbon|phone\u00bb custom_margin=\u00bb||-3px|||\u00bb custom_padding=\u00bb0px|||||\u00bb global_colors_info=\u00bb{}\u00bb][\/et_pb_image][et_pb_text _builder_version=\u00bb4.24.0&#8243; _module_preset=\u00bbdefault\u00bb header_font=\u00bbMolengo|300|||||||\u00bb header_text_align=\u00bbcenter\u00bb header_font_size=\u00bb29px\u00bb header_2_font=\u00bbRoboto|300|||||||\u00bb text_orientation=\u00bbcenter\u00bb custom_padding=\u00bb19px||||false|false\u00bb custom_padding_tablet=\u00bb\u00bb custom_padding_phone=\u00bb\u00bb custom_padding_last_edited=\u00bbon|desktop\u00bb header_font_size_tablet=\u00bb\u00bb header_font_size_phone=\u00bb\u00bb header_font_size_last_edited=\u00bbon|desktop\u00bb border_color_top=\u00bb#006FBA\u00bb global_colors_info=\u00bb{}\u00bb]<\/p>\n<h1>SHAMPOO<br \/>SEBUM-DANDRUFF<br \/>CONTROL<\/h1>\n<p>250 ml \/ 1000 ml<\/p>\n<p>[\/et_pb_text][\/et_pb_column][et_pb_column type=\u00bb3_4&#8243; _builder_version=\u00bb4.16&#8243; _module_preset=\u00bbdefault\u00bb global_colors_info=\u00bb{}\u00bb][et_pb_text _builder_version=\u00bb4.24.0&#8243; _module_preset=\u00bbdefault\u00bb header_text_color=\u00bb#ffffff\u00bb header_2_text_color=\u00bb#ffffff\u00bb header_3_text_color=\u00bb#ffffff\u00bb custom_padding=\u00bb60px||||false|false\u00bb global_colors_info=\u00bb{}\u00bb]<\/p>\n<p><strong>SHAMPOO SEBUM.DANDRUFF CONTROL<\/strong> consiste en una base limpiadora compuesta por una serie de ingredientes de diferente naturaleza (ani\u00f3nicos, anf\u00f3teros), a los que se asocian principios activos \u00fatiles para contrarrestar la alteraci\u00f3n del cuero cabelludo en cuesti\u00f3n. Esta base, respeta las caracter\u00edsticas y realiza una buena acci\u00f3n limpiadora pero de forma delicada, para no agredir un cuero cabelludo ya alterado por la presencia de caspa y\/o grasa.<\/p>\n<p>BENEFICIOS:<\/p>\n<p>Los principios activos presentes en SHAMPOO SEBUM.DANDRUFF CONTROL ejercen una acci\u00f3n queratol\u00edtica, \u00fatil para favorecer la eliminaci\u00f3n de las escamas superfi ciales, act\u00faan con una acci\u00f3n antif\u00fangica y antibacteriana, ya que en ocasiones, el problema puede verse favorecido por la presencia y consecuente proliferaci\u00f3n de bacterias. Recordamos tambi\u00e9n las sustancias seborreguladoras, muy \u00fatiles en presencia de caspa y grasa ya que son capaces de reequilibrar y normalizar la producci\u00f3n excesiva de sebo que contribuye a la formaci\u00f3n de esta anomal\u00eda.<\/p>\n<p>INSTRUCCIONES DE USO:<\/p>\n<p>Aplicar SHAMPOO SEBUM.DANDRUFF CONTROL sobre el cuero cabelludo y el cabello h\u00famedos, masajear suavemente para favorecer la absorci\u00f3n de las sustancias funcionales. Dejar actuar unos minutos para que funcione mejor. Enjuague y si es necesario, repita un segundo lavado ( Ph: 4.5 \u2013 5.5 )<\/p>\n<p>[\/et_pb_text][\/et_pb_column][\/et_pb_row][et_pb_row column_structure=\u00bb1_4,3_4&#8243; _builder_version=\u00bb4.16&#8243; _module_preset=\u00bbdefault\u00bb global_colors_info=\u00bb{}\u00bb][et_pb_column type=\u00bb1_4&#8243; _builder_version=\u00bb4.16&#8243; _module_preset=\u00bbdefault\u00bb global_colors_info=\u00bb{}\u00bb][et_pb_image src=\u00bbhttps:\/\/zoe-t.es\/wp-content\/uploads\/2024\/01\/SERUM-SEBUM-HOME.png\u00bb alt=\u00bbSERUMSEBUM-DANDRUFFCONTROL _ HOME\u00bb title_text=\u00bbSERUM SEBUM-DANDRUFF CONTROL _ HOME\u00bb align=\u00bbcenter\u00bb _builder_version=\u00bb4.24.0&#8243; _module_preset=\u00bbdefault\u00bb max_width=\u00bb100%\u00bb max_width_tablet=\u00bb60%\u00bb max_width_phone=\u00bb60%\u00bb max_width_last_edited=\u00bbon|phone\u00bb custom_margin=\u00bb||-3px|||\u00bb custom_padding=\u00bb0px|||||\u00bb global_colors_info=\u00bb{}\u00bb][\/et_pb_image][et_pb_text _builder_version=\u00bb4.24.0&#8243; _module_preset=\u00bbdefault\u00bb header_font=\u00bbMolengo|300|||||||\u00bb header_text_align=\u00bbcenter\u00bb header_font_size=\u00bb29px\u00bb header_2_font=\u00bbRoboto|300|||||||\u00bb text_orientation=\u00bbcenter\u00bb custom_padding=\u00bb19px||||false|false\u00bb custom_padding_tablet=\u00bb\u00bb custom_padding_phone=\u00bb\u00bb custom_padding_last_edited=\u00bbon|desktop\u00bb header_font_size_tablet=\u00bb\u00bb header_font_size_phone=\u00bb\u00bb header_font_size_last_edited=\u00bbon|desktop\u00bb border_color_top=\u00bb#006FBA\u00bb global_colors_info=\u00bb{}\u00bb]<\/p>\n<h1>SERUM<br \/>SEBUM-DANDRUFF<br \/>CONTROL _ HOME<\/h1>\n<p>125 ml SPAY | BOX 125 ml X 2<\/p>\n<p>[\/et_pb_text][\/et_pb_column][et_pb_column type=\u00bb3_4&#8243; _builder_version=\u00bb4.16&#8243; _module_preset=\u00bbdefault\u00bb global_colors_info=\u00bb{}\u00bb][et_pb_text _builder_version=\u00bb4.24.0&#8243; _module_preset=\u00bbdefault\u00bb header_text_color=\u00bb#ffffff\u00bb header_2_text_color=\u00bb#ffffff\u00bb header_3_text_color=\u00bb#ffffff\u00bb custom_padding=\u00bb60px||||false|false\u00bb global_colors_info=\u00bb{}\u00bb]<\/p>\n<p><strong>SERUM SEBUM-DANDRUFF CONTROL<\/strong> es un tratamiento para el cuero cabelludo y el cabello que solubiliza componentes de naturaleza vegetal, que ejercen una acci\u00f3n anticaspa y antigrasa, con una acci\u00f3n integral.<\/p>\n<p>BENEFICIOS:<\/p>\n<p>Es un excelente colaborador para contrarrestar la producci\u00f3n excesiva de caspa y para prevenir o reducir la disfunci\u00f3n seb\u00e1cea. Act\u00faa directamente sobre la piel tonifi c\u00e1ndola y normalizando las condiciones necesarias para la eliminaci\u00f3n progresiva de la descamaci\u00f3n del cuero cabelludo.<\/p>\n<p>INSTRUCCIONES DE USO:<\/p>\n<p>Despu\u00e9s de lavar el cabello con SHAMPOO SEBUM-DANDRUFF CONTROL , secando el exceso de humedad con una toalla, aplicar SERUM SEBUM-DANDRUFF CONTROL directamente sobre el cuero cabelludo con un ligero masaje. Elimina la caspa y la grasa, previniendo su nueva aparici\u00f3n. No enjuague. (pH: 4,0 \u2013 5,2)<\/p>\n<p>[\/et_pb_text][\/et_pb_column][\/et_pb_row][\/et_pb_section]<\/p>\n","protected":false},"excerpt":{"rendered":"<p>FILOSOF\u00cdA &nbsp; MY.LIFE SUPREME: una amplia gama de tratamientos dedicados al bienestar del cabello y del cuero cabelludo. La mente, a trav\u00e9s del olfato, se benefi cia gracias a los principios activos que contiene el producto y de ellos se obtiene una sensaci\u00f3n de vigor y bienestar. Se propaga lentamente por todo el cuerpo, combinado [&hellip;]<\/p>\n","protected":false},"author":1,"featured_media":0,"parent":2296,"menu_order":0,"comment_status":"closed","ping_status":"closed","template":"","meta":{"_et_pb_use_builder":"on","_et_pb_old_content":"","_et_gb_content_width":"","footnotes":""},"class_list":["post-6483","page","type-page","status-publish","hentry"],"yoast_head":"<!-- This site is optimized with the Yoast SEO plugin v26.8 - https:\/\/yoast.com\/product\/yoast-seo-wordpress\/ -->\n<title>MY-LIFE SEBUM-DANDRUFF CONTROL - Zoe-t<\/title>\n<meta name=\"robots\" content=\"index, follow, max-snippet:-1, max-image-preview:large, max-video-preview:-1\" \/>\n<link rel=\"canonical\" href=\"https:\/\/zoe-t.es\/es\/white-nature\/my-life-supreme\/my-life-sebum-dandruff-control\/\" \/>\n<meta property=\"og:locale\" content=\"es_ES\" \/>\n<meta property=\"og:type\" content=\"article\" \/>\n<meta property=\"og:title\" content=\"MY-LIFE SEBUM-DANDRUFF CONTROL - Zoe-t\" \/>\n<meta property=\"og:description\" content=\"FILOSOF\u00cdA &nbsp; MY.LIFE SUPREME: una amplia gama de tratamientos dedicados al bienestar del cabello y del cuero cabelludo. La mente, a trav\u00e9s del olfato, se benefi cia gracias a los principios activos que contiene el producto y de ellos se obtiene una sensaci\u00f3n de vigor y bienestar. Se propaga lentamente por todo el cuerpo, combinado [&hellip;]\" \/>\n<meta property=\"og:url\" content=\"https:\/\/zoe-t.es\/es\/white-nature\/my-life-supreme\/my-life-sebum-dandruff-control\/\" \/>\n<meta property=\"og:site_name\" content=\"Zoe-t\" \/>\n<meta property=\"article:modified_time\" content=\"2024-01-30T21:16:11+00:00\" \/>\n<meta name=\"twitter:card\" content=\"summary_large_image\" \/>\n<meta name=\"twitter:label1\" content=\"Tiempo de lectura\" \/>\n\t<meta name=\"twitter:data1\" content=\"9 minutos\" \/>\n<script type=\"application\/ld+json\" class=\"yoast-schema-graph\">{\"@context\":\"https:\/\/schema.org\",\"@graph\":[{\"@type\":\"WebPage\",\"@id\":\"https:\/\/zoe-t.es\/es\/white-nature\/my-life-supreme\/my-life-sebum-dandruff-control\/\",\"url\":\"https:\/\/zoe-t.es\/es\/white-nature\/my-life-supreme\/my-life-sebum-dandruff-control\/\",\"name\":\"MY-LIFE SEBUM-DANDRUFF CONTROL - Zoe-t\",\"isPartOf\":{\"@id\":\"https:\/\/zoe-t.es\/es\/#website\"},\"datePublished\":\"2024-01-30T21:16:10+00:00\",\"dateModified\":\"2024-01-30T21:16:11+00:00\",\"breadcrumb\":{\"@id\":\"https:\/\/zoe-t.es\/es\/white-nature\/my-life-supreme\/my-life-sebum-dandruff-control\/#breadcrumb\"},\"inLanguage\":\"es\",\"potentialAction\":[{\"@type\":\"ReadAction\",\"target\":[\"https:\/\/zoe-t.es\/es\/white-nature\/my-life-supreme\/my-life-sebum-dandruff-control\/\"]}]},{\"@type\":\"BreadcrumbList\",\"@id\":\"https:\/\/zoe-t.es\/es\/white-nature\/my-life-supreme\/my-life-sebum-dandruff-control\/#breadcrumb\",\"itemListElement\":[{\"@type\":\"ListItem\",\"position\":1,\"name\":\"Portada\",\"item\":\"https:\/\/zoe-t.es\/es\/\"},{\"@type\":\"ListItem\",\"position\":2,\"name\":\"WHITE NATURE\",\"item\":\"https:\/\/zoe-t.es\/es\/white-nature\/\"},{\"@type\":\"ListItem\",\"position\":3,\"name\":\"MY.LIFE SUPREME\",\"item\":\"https:\/\/zoe-t.es\/es\/white-nature\/my-life-supreme\/\"},{\"@type\":\"ListItem\",\"position\":4,\"name\":\"MY-LIFE SEBUM-DANDRUFF CONTROL\"}]},{\"@type\":\"WebSite\",\"@id\":\"https:\/\/zoe-t.es\/es\/#website\",\"url\":\"https:\/\/zoe-t.es\/es\/\",\"name\":\"Zoe-t\",\"description\":\"Luxury for your Hair\",\"potentialAction\":[{\"@type\":\"SearchAction\",\"target\":{\"@type\":\"EntryPoint\",\"urlTemplate\":\"https:\/\/zoe-t.es\/es\/?s={search_term_string}\"},\"query-input\":{\"@type\":\"PropertyValueSpecification\",\"valueRequired\":true,\"valueName\":\"search_term_string\"}}],\"inLanguage\":\"es\"}]}<\/script>\n<!-- \/ Yoast SEO plugin. -->","yoast_head_json":{"title":"MY-LIFE SEBUM-DANDRUFF CONTROL - Zoe-t","robots":{"index":"index","follow":"follow","max-snippet":"max-snippet:-1","max-image-preview":"max-image-preview:large","max-video-preview":"max-video-preview:-1"},"canonical":"https:\/\/zoe-t.es\/es\/white-nature\/my-life-supreme\/my-life-sebum-dandruff-control\/","og_locale":"es_ES","og_type":"article","og_title":"MY-LIFE SEBUM-DANDRUFF CONTROL - Zoe-t","og_description":"FILOSOF\u00cdA &nbsp; MY.LIFE SUPREME: una amplia gama de tratamientos dedicados al bienestar del cabello y del cuero cabelludo. La mente, a trav\u00e9s del olfato, se benefi cia gracias a los principios activos que contiene el producto y de ellos se obtiene una sensaci\u00f3n de vigor y bienestar. Se propaga lentamente por todo el cuerpo, combinado [&hellip;]","og_url":"https:\/\/zoe-t.es\/es\/white-nature\/my-life-supreme\/my-life-sebum-dandruff-control\/","og_site_name":"Zoe-t","article_modified_time":"2024-01-30T21:16:11+00:00","twitter_card":"summary_large_image","twitter_misc":{"Tiempo de lectura":"9 minutos"},"schema":{"@context":"https:\/\/schema.org","@graph":[{"@type":"WebPage","@id":"https:\/\/zoe-t.es\/es\/white-nature\/my-life-supreme\/my-life-sebum-dandruff-control\/","url":"https:\/\/zoe-t.es\/es\/white-nature\/my-life-supreme\/my-life-sebum-dandruff-control\/","name":"MY-LIFE SEBUM-DANDRUFF CONTROL - Zoe-t","isPartOf":{"@id":"https:\/\/zoe-t.es\/es\/#website"},"datePublished":"2024-01-30T21:16:10+00:00","dateModified":"2024-01-30T21:16:11+00:00","breadcrumb":{"@id":"https:\/\/zoe-t.es\/es\/white-nature\/my-life-supreme\/my-life-sebum-dandruff-control\/#breadcrumb"},"inLanguage":"es","potentialAction":[{"@type":"ReadAction","target":["https:\/\/zoe-t.es\/es\/white-nature\/my-life-supreme\/my-life-sebum-dandruff-control\/"]}]},{"@type":"BreadcrumbList","@id":"https:\/\/zoe-t.es\/es\/white-nature\/my-life-supreme\/my-life-sebum-dandruff-control\/#breadcrumb","itemListElement":[{"@type":"ListItem","position":1,"name":"Portada","item":"https:\/\/zoe-t.es\/es\/"},{"@type":"ListItem","position":2,"name":"WHITE NATURE","item":"https:\/\/zoe-t.es\/es\/white-nature\/"},{"@type":"ListItem","position":3,"name":"MY.LIFE SUPREME","item":"https:\/\/zoe-t.es\/es\/white-nature\/my-life-supreme\/"},{"@type":"ListItem","position":4,"name":"MY-LIFE SEBUM-DANDRUFF CONTROL"}]},{"@type":"WebSite","@id":"https:\/\/zoe-t.es\/es\/#website","url":"https:\/\/zoe-t.es\/es\/","name":"Zoe-t","description":"Luxury for your Hair","potentialAction":[{"@type":"SearchAction","target":{"@type":"EntryPoint","urlTemplate":"https:\/\/zoe-t.es\/es\/?s={search_term_string}"},"query-input":{"@type":"PropertyValueSpecification","valueRequired":true,"valueName":"search_term_string"}}],"inLanguage":"es"}]}},"_links":{"self":[{"href":"https:\/\/zoe-t.es\/es\/wp-json\/wp\/v2\/pages\/6483","targetHints":{"allow":["GET"]}}],"collection":[{"href":"https:\/\/zoe-t.es\/es\/wp-json\/wp\/v2\/pages"}],"about":[{"href":"https:\/\/zoe-t.es\/es\/wp-json\/wp\/v2\/types\/page"}],"author":[{"embeddable":true,"href":"https:\/\/zoe-t.es\/es\/wp-json\/wp\/v2\/users\/1"}],"replies":[{"embeddable":true,"href":"https:\/\/zoe-t.es\/es\/wp-json\/wp\/v2\/comments?post=6483"}],"version-history":[{"count":2,"href":"https:\/\/zoe-t.es\/es\/wp-json\/wp\/v2\/pages\/6483\/revisions"}],"predecessor-version":[{"id":6485,"href":"https:\/\/zoe-t.es\/es\/wp-json\/wp\/v2\/pages\/6483\/revisions\/6485"}],"up":[{"embeddable":true,"href":"https:\/\/zoe-t.es\/es\/wp-json\/wp\/v2\/pages\/2296"}],"wp:attachment":[{"href":"https:\/\/zoe-t.es\/es\/wp-json\/wp\/v2\/media?parent=6483"}],"curies":[{"name":"wp","href":"https:\/\/api.w.org\/{rel}","templated":true}]}}