{"id":6625,"date":"2024-11-26T16:27:53","date_gmt":"2024-11-26T16:27:53","guid":{"rendered":"https:\/\/zoe-t.es\/black-nature\/healthy-istantly-hidra\/"},"modified":"2024-11-27T12:11:55","modified_gmt":"2024-11-27T12:11:55","slug":"healthy-istantly-hidra","status":"publish","type":"page","link":"https:\/\/zoe-t.es\/es\/black-nature\/healthy-istantly-hidra\/","title":{"rendered":"HEALTHY ISTANTLY HIDRA"},"content":{"rendered":"<p>[et_pb_section fb_built=\u00bb1&#8243; _builder_version=\u00bb4.27.3&#8243; _module_preset=\u00bbdefault\u00bb custom_padding=\u00bb0px||0px||false|false\u00bb global_colors_info=\u00bb{}\u00bb][et_pb_row column_structure=\u00bb3_5,2_5&#8243; use_custom_gutter=\u00bbon\u00bb make_equal=\u00bbon\u00bb custom_padding_last_edited=\u00bbon|desktop\u00bb _builder_version=\u00bb4.27.3&#8243; _module_preset=\u00bbdefault\u00bb background_color=\u00bb#000000&#8243; background_image=\u00bbhttps:\/\/zoe-t.es\/wp-content\/uploads\/2020\/08\/bg-black-nature-1.jpg\u00bb width=\u00bb100%\u00bb custom_margin=\u00bb||0px||false|false\u00bb custom_margin_tablet=\u00bb||-25px||false|false\u00bb custom_margin_phone=\u00bb\u00bb custom_margin_last_edited=\u00bbon|desktop\u00bb custom_padding=\u00bb0px||0px||false|false\u00bb custom_padding_tablet=\u00bb0px||0px||false|false\u00bb custom_padding_phone=\u00bb\u00bb background_last_edited=\u00bbon|tablet\u00bb background_image_tablet=\u00bbhttps:\/\/zoe-t.es\/wp-content\/uploads\/2020\/08\/bg-black-nature-2.jpg\u00bb background_image_phone=\u00bbhttps:\/\/zoe-t.es\/wp-content\/uploads\/2020\/08\/bg-black-nature-2.jpg\u00bb background_enable_image_tablet=\u00bbon\u00bb background_enable_image_phone=\u00bbon\u00bb background_size_phone=\u00bbcover\u00bb global_colors_info=\u00bb{}\u00bb title_text_phone=\u00bbbg-black-nature-2&#8243; title_text_tablet=\u00bbbg-black-nature-2&#8243;][et_pb_column type=\u00bb3_5&#8243; _builder_version=\u00bb4.27.3&#8243; _module_preset=\u00bbdefault\u00bb background_image=\u00bbhttps:\/\/zoe-t.es\/wp-content\/uploads\/2024\/11\/hidra.png\u00bb custom_padding=\u00bb185px||185px||true|false\u00bb custom_padding_tablet=\u00bb165px||165px||true|false\u00bb custom_padding_phone=\u00bb165px||165px||true|false\u00bb custom_padding_last_edited=\u00bbon|tablet\u00bb background_last_edited=\u00bbon|phone\u00bb background_image_tablet=\u00bbhttps:\/\/zoe-t.es\/wp-content\/uploads\/2024\/11\/hidra-mobile.png\u00bb background_image_phone=\u00bbhttps:\/\/zoe-t.es\/wp-content\/uploads\/2024\/11\/hidra-mobile.png\u00bb background_enable_image_tablet=\u00bbon\u00bb background_enable_image_phone=\u00bbon\u00bb background_size_tablet=\u00bbcontain\u00bb global_colors_info=\u00bb{}\u00bb alt_tablet=\u00bbHEALTHY INSTANT TREATMENT\u00bb title_text_tablet=\u00bbHEALTHY INSTANT TREATMENT\u00bb alt_phone=\u00bbHEALTHY INSTANT TREATMENT\u00bb title_text_phone=\u00bbHEALTHY INSTANT TREATMENT\u00bb][\/et_pb_column][et_pb_column type=\u00bb2_5&#8243; _builder_version=\u00bb4.16&#8243; _module_preset=\u00bbdefault\u00bb background_enable_color=\u00bboff\u00bb custom_padding=\u00bb80px|||25px|false|false\u00bb custom_padding_tablet=\u00bb0px|||0px|false|false\u00bb custom_padding_phone=\u00bb\u00bb custom_padding_last_edited=\u00bbon|desktop\u00bb global_colors_info=\u00bb{}\u00bb][et_pb_image src=\u00bbhttps:\/\/zoe-t.es\/wp-content\/uploads\/2024\/11\/hidra.jpg\u00bb alt=\u00bbHEALTHY ISTANTLY HIDRA\u00bb title_text=\u00bbHEALTHY ISTANTLY HIDRA\u00bb align=\u00bbcenter\u00bb align_tablet=\u00bbcenter\u00bb align_phone=\u00bb\u00bb align_last_edited=\u00bbon|tablet\u00bb _builder_version=\u00bb4.27.3&#8243; _module_preset=\u00bbdefault\u00bb width=\u00bb30%\u00bb width_tablet=\u00bb19%\u00bb width_phone=\u00bb27%\u00bb width_last_edited=\u00bbon|desktop\u00bb module_alignment=\u00bbleft\u00bb custom_margin=\u00bb14vh||||false|false\u00bb custom_margin_tablet=\u00bb0vh||||false|false\u00bb custom_margin_phone=\u00bb-3vh||||false|false\u00bb custom_margin_last_edited=\u00bbon|desktop\u00bb custom_padding=\u00bb63px||0px||false|false\u00bb custom_padding_tablet=\u00bb19px||27px||false|false\u00bb custom_padding_phone=\u00bb\u00bb custom_padding_last_edited=\u00bbon|phone\u00bb module_alignment_tablet=\u00bbcenter\u00bb module_alignment_phone=\u00bbcenter\u00bb module_alignment_last_edited=\u00bbon|phone\u00bb border_width_all=\u00bb2px\u00bb border_color_all=\u00bb#ffffff\u00bb global_colors_info=\u00bb{}\u00bb][\/et_pb_image][\/et_pb_column][\/et_pb_row][\/et_pb_section][et_pb_section fb_built=\u00bb1&#8243; _builder_version=\u00bb4.16&#8243; _module_preset=\u00bbdefault\u00bb background_color=\u00bb#000000&#8243; background_enable_image=\u00bboff\u00bb custom_padding=\u00bb0px||0px||false|false\u00bb global_colors_info=\u00bb{}\u00bb][et_pb_row _builder_version=\u00bb4.16&#8243; _module_preset=\u00bbdefault\u00bb global_colors_info=\u00bb{}\u00bb][et_pb_column type=\u00bb4_4&#8243; _builder_version=\u00bb4.16&#8243; _module_preset=\u00bbdefault\u00bb global_colors_info=\u00bb{}\u00bb][et_pb_text _builder_version=\u00bb4.27.3&#8243; _module_preset=\u00bbdefault\u00bb header_text_color=\u00bb#ffffff\u00bb header_font_size=\u00bb35px\u00bb header_2_text_color=\u00bb#ffffff\u00bb header_2_font_size=\u00bb22px\u00bb global_colors_info=\u00bb{}\u00bb]<\/p>\n<h1>HEALTHY INSTANTLY<\/h1>\n<h2>HIDRA<\/h2>\n<p>[\/et_pb_text][\/et_pb_column][\/et_pb_row][et_pb_row column_structure=\u00bb1_2,1_2&#8243; _builder_version=\u00bb4.16&#8243; _module_preset=\u00bbdefault\u00bb background_enable_image=\u00bboff\u00bb custom_padding=\u00bb0px||2px|||\u00bb global_colors_info=\u00bb{}\u00bb][et_pb_column type=\u00bb1_2&#8243; _builder_version=\u00bb4.16&#8243; _module_preset=\u00bbdefault\u00bb global_colors_info=\u00bb{}\u00bb][et_pb_image src=\u00bbhttps:\/\/zoe-t.es\/wp-content\/uploads\/2024\/11\/icon-hidra.png\u00bb title_text=\u00bbicon-hidra\u00bb _builder_version=\u00bb4.27.3&#8243; _module_preset=\u00bbdefault\u00bb width=\u00bb15%\u00bb width_tablet=\u00bb15%\u00bb width_phone=\u00bb14%\u00bb width_last_edited=\u00bbon|phone\u00bb global_colors_info=\u00bb{}\u00bb][\/et_pb_image][et_pb_text _builder_version=\u00bb4.27.3&#8243; _module_preset=\u00bbdefault\u00bb text_text_color=\u00bb#ffffff\u00bb header_text_color=\u00bb#ffffff\u00bb global_colors_info=\u00bb{}\u00bb]<\/p>\n<h1>FILOSOF\u00cdA<\/h1>\n<p>HEALTHY ISTANTLY HIDRA es una fuente de hidrataci\u00f3n profunda para cabellos secos sensibilizados y deshidratados.<\/p>\n<p>El cabello seco se muestra reseco, apagado, f\u00e1cil de romper. Para obtener un cabello suave y flexible y combatir el encrespamiento, es necesario aportarle los componentes de los que m\u00e1s carece: agua y l\u00edpidos. Por eso, en la l\u00ednea de productos HEALTHY ISTANTLY HIDRA utilizamos una sinergia de activos org\u00e1nicos e ingredientes altamente nutritivos que aportan al cabello brillo y sedosidad, proporcion\u00e1ndole una suavidad embriagadora.<\/p>\n<p>HEALTHY ISTANTLY HIDRA reequilibra el nivel de hidrataci\u00f3n, restaura la vitalidad y el brillo de la ra\u00edz a las puntas, a la vez que recupera la elasticidad natural del cabello. Es adecuado para un uso frecuente.<\/p>\n<p>&nbsp;<\/p>\n<p>[\/et_pb_text][\/et_pb_column][et_pb_column type=\u00bb1_2&#8243; _builder_version=\u00bb4.16&#8243; _module_preset=\u00bbdefault\u00bb global_colors_info=\u00bb{}\u00bb][et_pb_text _builder_version=\u00bb4.27.3&#8243; _module_preset=\u00bbdefault\u00bb text_text_color=\u00bb#ffffff\u00bb header_text_color=\u00bb#ffffff\u00bb custom_padding=\u00bb||0px|||\u00bb global_colors_info=\u00bb{}\u00bb]<\/p>\n<h1>Effective Instant Hair Treatments<\/h1>\n<p>[\/et_pb_text][et_pb_image src=\u00bbhttps:\/\/zoe-t.es\/wp-content\/uploads\/2024\/11\/ingredients-hidra.png\u00bb title_text=\u00bbingredients-hidra\u00bb _builder_version=\u00bb4.27.3&#8243; _module_preset=\u00bbdefault\u00bb global_colors_info=\u00bb{}\u00bb][\/et_pb_image][\/et_pb_column][\/et_pb_row][et_pb_row column_structure=\u00bb1_4,1_4,1_4,1_4&#8243; _builder_version=\u00bb4.16&#8243; _module_preset=\u00bbdefault\u00bb global_colors_info=\u00bb{}\u00bb][et_pb_column type=\u00bb1_4&#8243; _builder_version=\u00bb4.16&#8243; _module_preset=\u00bbdefault\u00bb global_colors_info=\u00bb{}\u00bb][et_pb_image src=\u00bbhttps:\/\/zoe-t.es\/wp-content\/uploads\/2024\/11\/hidra-shampoo.png\u00bb alt=\u00bbHIDRASHAMPOO\u00bb title_text=\u00bbHIDRA SHAMPOO\u00bb align=\u00bbcenter\u00bb _builder_version=\u00bb4.27.3&#8243; _module_preset=\u00bbdefault\u00bb max_width=\u00bb100%\u00bb max_width_tablet=\u00bb60%\u00bb max_width_phone=\u00bb60%\u00bb max_width_last_edited=\u00bbon|phone\u00bb custom_margin=\u00bb||-3px|||\u00bb custom_padding=\u00bb0px|||||\u00bb global_colors_info=\u00bb{}\u00bb][\/et_pb_image][et_pb_text _builder_version=\u00bb4.27.3&#8243; _module_preset=\u00bbdefault\u00bb text_text_color=\u00bb#ffffff\u00bb header_font=\u00bbMolengo|300|||||||\u00bb header_text_align=\u00bbcenter\u00bb header_text_color=\u00bb#ffffff\u00bb header_font_size=\u00bb29px\u00bb header_2_font=\u00bbRoboto|300|||||||\u00bb text_orientation=\u00bbcenter\u00bb custom_padding=\u00bb19px||||false|false\u00bb custom_padding_tablet=\u00bb\u00bb custom_padding_phone=\u00bb\u00bb custom_padding_last_edited=\u00bbon|desktop\u00bb header_font_size_tablet=\u00bb\u00bb header_font_size_phone=\u00bb\u00bb header_font_size_last_edited=\u00bbon|desktop\u00bb border_color_top=\u00bb#006FBA\u00bb global_colors_info=\u00bb{}\u00bb]<\/p>\n<h1>HIDRA<br \/>SHAMPOO<\/h1>\n<p>250 ml \/ 1000ml<\/p>\n<p>[\/et_pb_text][\/et_pb_column][et_pb_column type=\u00bb1_4&#8243; _builder_version=\u00bb4.16&#8243; _module_preset=\u00bbdefault\u00bb global_colors_info=\u00bb{}\u00bb][et_pb_text _builder_version=\u00bb4.27.4&#8243; _module_preset=\u00bbdefault\u00bb text_text_color=\u00bb#ffffff\u00bb header_text_color=\u00bb#ffffff\u00bb header_2_text_color=\u00bb#ffffff\u00bb header_3_text_color=\u00bb#ffffff\u00bb custom_padding=\u00bb60px||||false|false\u00bb hover_enabled=\u00bb0&#8243; global_colors_info=\u00bb{}\u00bb sticky_enabled=\u00bb0&#8243;]<\/p>\n<p>HIDRA SHAMPOO, limpia el cabello a la vez que lo hidrata intensamente. Restaura la vitalidad y el brillo de la ra\u00edz a las puntas y devuelve al cabello su elasticidad natural.<\/p>\n<p>BENEFICIOS<br \/>Champ\u00fa hidratante, limpia el cabello nutri\u00e9ndolo e hidrat\u00e1ndolo desde el coraz\u00f3n de la fibra capilar. Transforma el cabello seco o normal en un cabello brillante, sano y especialmente suave. Gracias a sus ingredientes activos, proporciona protecci\u00f3n y reparaci\u00f3n tanto al cabello como a la superficie del cuero cabelludo aumentando su poder acondicionador y aport\u00e1ndole propiedades altamente hidratantes. Desp\u00eddete del cabello seco y da\u00f1ado y disfruta de un cabello m\u00e1s suave y sano de la ra\u00edz a las puntas.<\/p>\n<p>MODO DE EMPLEO <br \/>Humedecer el cabello, aplicar el HIDRA SHAMPOO y masajear suavemente hasta que quede bien limpio y favorezca la correcta penetraci\u00f3n de sus principios activos, despu\u00e9s aclarar. Si es necesario, repetir la operaci\u00f3n aplicando el Champ\u00fa una segunda vez, Est\u00e1 indicado para uso frecuente y diario.<\/p>\n<p>[\/et_pb_text][\/et_pb_column][et_pb_column type=\u00bb1_4&#8243; _builder_version=\u00bb4.16&#8243; _module_preset=\u00bbdefault\u00bb global_colors_info=\u00bb{}\u00bb][et_pb_image src=\u00bbhttps:\/\/zoe-t.es\/wp-content\/uploads\/2024\/11\/hidra-mask.png\u00bb alt=\u00bbHIDRAMASK\u00bb title_text=\u00bbHIDRA MASK\u00bb align=\u00bbcenter\u00bb _builder_version=\u00bb4.27.3&#8243; _module_preset=\u00bbdefault\u00bb max_width=\u00bb100%\u00bb max_width_tablet=\u00bb60%\u00bb max_width_phone=\u00bb60%\u00bb max_width_last_edited=\u00bbon|phone\u00bb custom_margin=\u00bb||-3px|||\u00bb custom_padding=\u00bb0px|||||\u00bb global_colors_info=\u00bb{}\u00bb][\/et_pb_image][et_pb_text _builder_version=\u00bb4.27.3&#8243; _module_preset=\u00bbdefault\u00bb text_text_color=\u00bb#ffffff\u00bb header_font=\u00bbMolengo|300|||||||\u00bb header_text_align=\u00bbcenter\u00bb header_text_color=\u00bb#ffffff\u00bb header_font_size=\u00bb29px\u00bb header_2_font=\u00bbRoboto|300|||||||\u00bb text_orientation=\u00bbcenter\u00bb custom_padding=\u00bb19px||||false|false\u00bb custom_padding_tablet=\u00bb\u00bb custom_padding_phone=\u00bb\u00bb custom_padding_last_edited=\u00bbon|desktop\u00bb header_font_size_tablet=\u00bb\u00bb header_font_size_phone=\u00bb\u00bb header_font_size_last_edited=\u00bbon|desktop\u00bb border_color_top=\u00bb#006FBA\u00bb global_colors_info=\u00bb{}\u00bb]<\/p>\n<h1>HIDRA<br \/>MASK<\/h1>\n<p>250 ml \/ 1000ml<\/p>\n<p>[\/et_pb_text][\/et_pb_column][et_pb_column type=\u00bb1_4&#8243; _builder_version=\u00bb4.16&#8243; _module_preset=\u00bbdefault\u00bb global_colors_info=\u00bb{}\u00bb][et_pb_text _builder_version=\u00bb4.27.4&#8243; _module_preset=\u00bbdefault\u00bb text_text_color=\u00bb#ffffff\u00bb header_text_color=\u00bb#ffffff\u00bb header_2_text_color=\u00bb#ffffff\u00bb header_3_text_color=\u00bb#ffffff\u00bb custom_padding=\u00bb60px||||false|false\u00bb hover_enabled=\u00bb0&#8243; global_colors_info=\u00bb{}\u00bb sticky_enabled=\u00bb0&#8243;]<\/p>\n<p>HIDRA MASK, hidratante capilar. Reequilibra el nivel de hidrataci\u00f3n, restaura la vitalidad y el brillo de la ra\u00edz a las puntas. Recupera la elasticidad natural del cabello. Para un cabello suave, flexible, nutrido y brillante.<\/p>\n<p>BENEFICIOS<br \/>HIDRA MASK, nutrici\u00f3n e hidrataci\u00f3n extra para la fibra capilar. Transforma el cabello seco en un cabello brillante, sano y especialmente suave. Su poder acondicionador proviene de sus propiedades altamente hidratantes. Una certeza para dar a tu cabello un efecto suave y sano de la ra\u00edz a las puntas.<\/p>\n<p>INSTRUCCIONES DE USO<br \/>Despu\u00e9s de limpiar el cabello con HIDRA SHAMPOO, retirar el exceso de agua con una toalla y aplicar una peque\u00f1a cantidad de HIDRA MASK en largos y puntas, dejar actuar 5 minutos y aclarar con abundante agua. Est\u00e1 indicada para un uso frecuente y diario. Para un efecto m\u00e1s profundo y altamente hidratante, aplicar la HIDRA MASK, cubrir con un gorro o pa\u00f1o caliente durante unos 15 minutos y aclarar con abundante agua.<\/p>\n<p>[\/et_pb_text][\/et_pb_column][\/et_pb_row][et_pb_row column_structure=\u00bb1_4,1_4,1_4,1_4&#8243; _builder_version=\u00bb4.16&#8243; _module_preset=\u00bbdefault\u00bb global_colors_info=\u00bb{}\u00bb][et_pb_column type=\u00bb1_4&#8243; _builder_version=\u00bb4.16&#8243; _module_preset=\u00bbdefault\u00bb global_colors_info=\u00bb{}\u00bb][et_pb_image src=\u00bbhttps:\/\/zoe-t.es\/wp-content\/uploads\/2024\/11\/hidra-deity.png\u00bb alt=\u00bbHIDRADEITY\u00bb title_text=\u00bbHIDRA DEITY\u00bb align=\u00bbcenter\u00bb _builder_version=\u00bb4.27.3&#8243; _module_preset=\u00bbdefault\u00bb max_width=\u00bb100%\u00bb max_width_tablet=\u00bb60%\u00bb max_width_phone=\u00bb60%\u00bb max_width_last_edited=\u00bbon|phone\u00bb custom_margin=\u00bb||-3px|||\u00bb custom_padding=\u00bb0px|||||\u00bb global_colors_info=\u00bb{}\u00bb][\/et_pb_image][et_pb_text _builder_version=\u00bb4.27.3&#8243; _module_preset=\u00bbdefault\u00bb text_text_color=\u00bb#ffffff\u00bb header_font=\u00bbMolengo|300|||||||\u00bb header_text_align=\u00bbcenter\u00bb header_text_color=\u00bb#ffffff\u00bb header_font_size=\u00bb29px\u00bb header_2_font=\u00bbRoboto|300|||||||\u00bb text_orientation=\u00bbcenter\u00bb custom_padding=\u00bb19px||||false|false\u00bb custom_padding_tablet=\u00bb\u00bb custom_padding_phone=\u00bb\u00bb custom_padding_last_edited=\u00bbon|desktop\u00bb header_font_size_tablet=\u00bb\u00bb header_font_size_phone=\u00bb\u00bb header_font_size_last_edited=\u00bbon|desktop\u00bb border_color_top=\u00bb#006FBA\u00bb global_colors_info=\u00bb{}\u00bb]<\/p>\n<h1>HIDRA<br \/>DEITY<\/h1>\n<p>250 ml \/ 125 ml<\/p>\n<p>[\/et_pb_text][\/et_pb_column][et_pb_column type=\u00bb1_4&#8243; _builder_version=\u00bb4.16&#8243; _module_preset=\u00bbdefault\u00bb global_colors_info=\u00bb{}\u00bb][et_pb_text _builder_version=\u00bb4.27.4&#8243; _module_preset=\u00bbdefault\u00bb text_text_color=\u00bb#ffffff\u00bb header_text_color=\u00bb#ffffff\u00bb header_2_text_color=\u00bb#ffffff\u00bb header_3_text_color=\u00bb#ffffff\u00bb custom_padding=\u00bb60px||||false|false\u00bb hover_enabled=\u00bb0&#8243; global_colors_info=\u00bb{}\u00bb sticky_enabled=\u00bb0&#8243;]<\/p>\n<p>HIDRA DEITY, spray hidratante y nutritivo sin aclarado. Suaviza la fibra capilar, ayudando a desenredarla sin agredirla m\u00e1s y sin apelmazarla.<\/p>\n<p>BENEFICIOS<br \/>HIDRA DEITY, una verdadera innovaci\u00f3n, con capacidad para actuar como desincrustante y con actividad anti-sal marina. Retiene el agua en la fibra capilar, aportando suavidad y flexibilidad al cabello, adem\u00e1s de evitar su rotura, sellando las escamas y previniendo la formaci\u00f3n de puntas abiertas. La f\u00f3rmula seleccionada de ingredientes activos ayuda a purificar, hidratar y mejorar la fijaci\u00f3n y el brillo. Se utiliza especialmente en cabellos te\u00f1idos para aumentar la retenci\u00f3n del color.<\/p>\n<p>MODO DE EMPLEO<br \/>Agitar bien el envase, pulverizar sobre el cabello h\u00famedo previamente secado con toalla del exceso de agua, distribuir uniformemente sobre el largo y las puntas. Proporciona al cabello una textura suave, sedosa e hidratada. El producto no se aclara.<\/p>\n<p>[\/et_pb_text][\/et_pb_column][et_pb_column type=\u00bb1_4&#8243; _builder_version=\u00bb4.16&#8243; _module_preset=\u00bbdefault\u00bb global_colors_info=\u00bb{}\u00bb][\/et_pb_column][et_pb_column type=\u00bb1_4&#8243; _builder_version=\u00bb4.16&#8243; _module_preset=\u00bbdefault\u00bb global_colors_info=\u00bb{}\u00bb][\/et_pb_column][\/et_pb_row][\/et_pb_section]<\/p>\n","protected":false},"excerpt":{"rendered":"<p>HEALTHY INSTANTLY HIDRAFILOSOF\u00cdA HEALTHY ISTANTLY HIDRA es una fuente de hidrataci\u00f3n profunda para cabellos secos sensibilizados y deshidratados. El cabello seco se muestra reseco, apagado, f\u00e1cil de romper. Para obtener un cabello suave y flexible y combatir el encrespamiento, es necesario aportarle los componentes de los que m\u00e1s carece: agua y l\u00edpidos. Por eso, en [&hellip;]<\/p>\n","protected":false},"author":1,"featured_media":0,"parent":2135,"menu_order":0,"comment_status":"closed","ping_status":"closed","template":"","meta":{"_et_pb_use_builder":"on","_et_pb_old_content":"","_et_gb_content_width":"","footnotes":""},"class_list":["post-6625","page","type-page","status-publish","hentry"],"yoast_head":"<!-- This site is optimized with the Yoast SEO plugin v26.8 - https:\/\/yoast.com\/product\/yoast-seo-wordpress\/ -->\n<title>HEALTHY ISTANTLY HIDRA - Zoe-t<\/title>\n<meta name=\"robots\" content=\"index, follow, max-snippet:-1, max-image-preview:large, max-video-preview:-1\" \/>\n<link rel=\"canonical\" href=\"https:\/\/zoe-t.es\/es\/black-nature\/healthy-istantly-hidra\/\" \/>\n<meta property=\"og:locale\" content=\"es_ES\" \/>\n<meta property=\"og:type\" content=\"article\" \/>\n<meta property=\"og:title\" content=\"HEALTHY ISTANTLY HIDRA - Zoe-t\" \/>\n<meta property=\"og:description\" content=\"HEALTHY INSTANTLY HIDRAFILOSOF\u00cdA HEALTHY ISTANTLY HIDRA es una fuente de hidrataci\u00f3n profunda para cabellos secos sensibilizados y deshidratados. El cabello seco se muestra reseco, apagado, f\u00e1cil de romper. Para obtener un cabello suave y flexible y combatir el encrespamiento, es necesario aportarle los componentes de los que m\u00e1s carece: agua y l\u00edpidos. Por eso, en [&hellip;]\" \/>\n<meta property=\"og:url\" content=\"https:\/\/zoe-t.es\/es\/black-nature\/healthy-istantly-hidra\/\" \/>\n<meta property=\"og:site_name\" content=\"Zoe-t\" \/>\n<meta property=\"article:modified_time\" content=\"2024-11-27T12:11:55+00:00\" \/>\n<meta name=\"twitter:card\" content=\"summary_large_image\" \/>\n<meta name=\"twitter:label1\" content=\"Tiempo de lectura\" \/>\n\t<meta name=\"twitter:data1\" content=\"10 minutos\" \/>\n<script type=\"application\/ld+json\" class=\"yoast-schema-graph\">{\"@context\":\"https:\/\/schema.org\",\"@graph\":[{\"@type\":\"WebPage\",\"@id\":\"https:\/\/zoe-t.es\/es\/black-nature\/healthy-istantly-hidra\/\",\"url\":\"https:\/\/zoe-t.es\/es\/black-nature\/healthy-istantly-hidra\/\",\"name\":\"HEALTHY ISTANTLY HIDRA - Zoe-t\",\"isPartOf\":{\"@id\":\"https:\/\/zoe-t.es\/es\/#website\"},\"datePublished\":\"2024-11-26T16:27:53+00:00\",\"dateModified\":\"2024-11-27T12:11:55+00:00\",\"breadcrumb\":{\"@id\":\"https:\/\/zoe-t.es\/es\/black-nature\/healthy-istantly-hidra\/#breadcrumb\"},\"inLanguage\":\"es\",\"potentialAction\":[{\"@type\":\"ReadAction\",\"target\":[\"https:\/\/zoe-t.es\/es\/black-nature\/healthy-istantly-hidra\/\"]}]},{\"@type\":\"BreadcrumbList\",\"@id\":\"https:\/\/zoe-t.es\/es\/black-nature\/healthy-istantly-hidra\/#breadcrumb\",\"itemListElement\":[{\"@type\":\"ListItem\",\"position\":1,\"name\":\"Portada\",\"item\":\"https:\/\/zoe-t.es\/es\/\"},{\"@type\":\"ListItem\",\"position\":2,\"name\":\"BLACK NATURE\",\"item\":\"https:\/\/zoe-t.es\/es\/black-nature\/\"},{\"@type\":\"ListItem\",\"position\":3,\"name\":\"HEALTHY ISTANTLY HIDRA\"}]},{\"@type\":\"WebSite\",\"@id\":\"https:\/\/zoe-t.es\/es\/#website\",\"url\":\"https:\/\/zoe-t.es\/es\/\",\"name\":\"Zoe-t\",\"description\":\"Luxury for your Hair\",\"potentialAction\":[{\"@type\":\"SearchAction\",\"target\":{\"@type\":\"EntryPoint\",\"urlTemplate\":\"https:\/\/zoe-t.es\/es\/?s={search_term_string}\"},\"query-input\":{\"@type\":\"PropertyValueSpecification\",\"valueRequired\":true,\"valueName\":\"search_term_string\"}}],\"inLanguage\":\"es\"}]}<\/script>\n<!-- \/ Yoast SEO plugin. -->","yoast_head_json":{"title":"HEALTHY ISTANTLY HIDRA - Zoe-t","robots":{"index":"index","follow":"follow","max-snippet":"max-snippet:-1","max-image-preview":"max-image-preview:large","max-video-preview":"max-video-preview:-1"},"canonical":"https:\/\/zoe-t.es\/es\/black-nature\/healthy-istantly-hidra\/","og_locale":"es_ES","og_type":"article","og_title":"HEALTHY ISTANTLY HIDRA - Zoe-t","og_description":"HEALTHY INSTANTLY HIDRAFILOSOF\u00cdA HEALTHY ISTANTLY HIDRA es una fuente de hidrataci\u00f3n profunda para cabellos secos sensibilizados y deshidratados. El cabello seco se muestra reseco, apagado, f\u00e1cil de romper. Para obtener un cabello suave y flexible y combatir el encrespamiento, es necesario aportarle los componentes de los que m\u00e1s carece: agua y l\u00edpidos. Por eso, en [&hellip;]","og_url":"https:\/\/zoe-t.es\/es\/black-nature\/healthy-istantly-hidra\/","og_site_name":"Zoe-t","article_modified_time":"2024-11-27T12:11:55+00:00","twitter_card":"summary_large_image","twitter_misc":{"Tiempo de lectura":"10 minutos"},"schema":{"@context":"https:\/\/schema.org","@graph":[{"@type":"WebPage","@id":"https:\/\/zoe-t.es\/es\/black-nature\/healthy-istantly-hidra\/","url":"https:\/\/zoe-t.es\/es\/black-nature\/healthy-istantly-hidra\/","name":"HEALTHY ISTANTLY HIDRA - Zoe-t","isPartOf":{"@id":"https:\/\/zoe-t.es\/es\/#website"},"datePublished":"2024-11-26T16:27:53+00:00","dateModified":"2024-11-27T12:11:55+00:00","breadcrumb":{"@id":"https:\/\/zoe-t.es\/es\/black-nature\/healthy-istantly-hidra\/#breadcrumb"},"inLanguage":"es","potentialAction":[{"@type":"ReadAction","target":["https:\/\/zoe-t.es\/es\/black-nature\/healthy-istantly-hidra\/"]}]},{"@type":"BreadcrumbList","@id":"https:\/\/zoe-t.es\/es\/black-nature\/healthy-istantly-hidra\/#breadcrumb","itemListElement":[{"@type":"ListItem","position":1,"name":"Portada","item":"https:\/\/zoe-t.es\/es\/"},{"@type":"ListItem","position":2,"name":"BLACK NATURE","item":"https:\/\/zoe-t.es\/es\/black-nature\/"},{"@type":"ListItem","position":3,"name":"HEALTHY ISTANTLY HIDRA"}]},{"@type":"WebSite","@id":"https:\/\/zoe-t.es\/es\/#website","url":"https:\/\/zoe-t.es\/es\/","name":"Zoe-t","description":"Luxury for your Hair","potentialAction":[{"@type":"SearchAction","target":{"@type":"EntryPoint","urlTemplate":"https:\/\/zoe-t.es\/es\/?s={search_term_string}"},"query-input":{"@type":"PropertyValueSpecification","valueRequired":true,"valueName":"search_term_string"}}],"inLanguage":"es"}]}},"_links":{"self":[{"href":"https:\/\/zoe-t.es\/es\/wp-json\/wp\/v2\/pages\/6625","targetHints":{"allow":["GET"]}}],"collection":[{"href":"https:\/\/zoe-t.es\/es\/wp-json\/wp\/v2\/pages"}],"about":[{"href":"https:\/\/zoe-t.es\/es\/wp-json\/wp\/v2\/types\/page"}],"author":[{"embeddable":true,"href":"https:\/\/zoe-t.es\/es\/wp-json\/wp\/v2\/users\/1"}],"replies":[{"embeddable":true,"href":"https:\/\/zoe-t.es\/es\/wp-json\/wp\/v2\/comments?post=6625"}],"version-history":[{"count":4,"href":"https:\/\/zoe-t.es\/es\/wp-json\/wp\/v2\/pages\/6625\/revisions"}],"predecessor-version":[{"id":6690,"href":"https:\/\/zoe-t.es\/es\/wp-json\/wp\/v2\/pages\/6625\/revisions\/6690"}],"up":[{"embeddable":true,"href":"https:\/\/zoe-t.es\/es\/wp-json\/wp\/v2\/pages\/2135"}],"wp:attachment":[{"href":"https:\/\/zoe-t.es\/es\/wp-json\/wp\/v2\/media?parent=6625"}],"curies":[{"name":"wp","href":"https:\/\/api.w.org\/{rel}","templated":true}]}}