{"id":2305,"date":"2020-08-23T23:15:38","date_gmt":"2020-08-23T23:15:38","guid":{"rendered":"https:\/\/zoe-t.es\/white-nature\/my-life-supreme\/my-life-supreme-calming\/"},"modified":"2020-11-11T14:54:50","modified_gmt":"2020-11-11T14:54:50","slug":"my-life-supreme-calming","status":"publish","type":"page","link":"https:\/\/zoe-t.es\/it\/white-nature\/my-life-supreme\/my-life-supreme-calming\/","title":{"rendered":"MY.LIFE SUPREME CALMING"},"content":{"rendered":"<p>[et_pb_section fb_built=&#8221;1&#8243; _builder_version=&#8221;4.5.3&#8243; _module_preset=&#8221;default&#8221; custom_padding=&#8221;0px||0px||false|false&#8221;][et_pb_row column_structure=&#8221;3_5,2_5&#8243; use_custom_gutter=&#8221;on&#8221; make_equal=&#8221;on&#8221; custom_padding_last_edited=&#8221;on|desktop&#8221; _builder_version=&#8221;4.5.6&#8243; _module_preset=&#8221;default&#8221; background_color=&#8221;#000000&#8243; background_image=&#8221;https:\/\/zoe-t.es\/wp-content\/uploads\/2020\/08\/bg-white-nature-2.jpg&#8221; width=&#8221;100%&#8221; custom_margin=&#8221;||0px||false|false&#8221; custom_margin_tablet=&#8221;||-25px||false|false&#8221; custom_margin_phone=&#8221;&#8221; custom_margin_last_edited=&#8221;on|desktop&#8221; custom_padding=&#8221;0px||0px||false|false&#8221; custom_padding_tablet=&#8221;0px||0px||false|false&#8221; custom_padding_phone=&#8221;&#8221; background_last_edited=&#8221;on|phone&#8221; background_image_tablet=&#8221;https:\/\/zoe-t.es\/wp-content\/uploads\/2020\/08\/bg_white_nature2.jpg&#8221; background_image_phone=&#8221;https:\/\/zoe-t.es\/wp-content\/uploads\/2020\/08\/bg_white_nature2.jpg&#8221; background_enable_image_tablet=&#8221;on&#8221; background_enable_image_phone=&#8221;on&#8221; background_size_phone=&#8221;cover&#8221; title_text_phone=&#8221;WHITE NATURE&#8221; title_text_tablet=&#8221;WHITE NATURE&#8221; alt_tablet=&#8221;WHITE NATURE&#8221; alt_phone=&#8221;WHITE NATURE&#8221;][et_pb_column type=&#8221;3_5&#8243; _builder_version=&#8221;4.5.6&#8243; _module_preset=&#8221;default&#8221; background_image=&#8221;https:\/\/zoe-t.es\/wp-content\/uploads\/2020\/08\/mylife-calming-1.png&#8221; custom_padding=&#8221;185px||185px||true|false&#8221; custom_padding_tablet=&#8221;165px||165px||true|false&#8221; custom_padding_phone=&#8221;165px||165px||true|false&#8221; custom_padding_last_edited=&#8221;on|tablet&#8221; background_last_edited=&#8221;on|phone&#8221; background_image_tablet=&#8221;https:\/\/zoe-t.es\/wp-content\/uploads\/2020\/08\/mylife-calming-mobile-1.png&#8221; background_image_phone=&#8221;https:\/\/zoe-t.es\/wp-content\/uploads\/2020\/08\/mylife-calming-mobile-1.png&#8221; background_enable_image_tablet=&#8221;on&#8221; background_enable_image_phone=&#8221;on&#8221; background_size_tablet=&#8221;contain&#8221; alt_tablet=&#8221;MY.LIFE SUPREME CALMING&#8221; title_text_tablet=&#8221;MY.LIFE SUPREME CALMING&#8221; alt_phone=&#8221;MY.LIFE SUPREME CALMING&#8221; title_text_phone=&#8221;MY.LIFE SUPREME CALMING&#8221;][\/et_pb_column][et_pb_column type=&#8221;2_5&#8243; _builder_version=&#8221;4.5.3&#8243; _module_preset=&#8221;default&#8221; background_enable_color=&#8221;off&#8221; custom_padding=&#8221;80px|||25px|false|false&#8221; custom_padding_tablet=&#8221;0px|||0px|false|false&#8221; custom_padding_phone=&#8221;&#8221; custom_padding_last_edited=&#8221;on|desktop&#8221;][et_pb_image src=&#8221;https:\/\/zoe-t.es\/wp-content\/uploads\/2020\/08\/my-life-supreme-calming.jpg&#8221; alt=&#8221;MY.LIFE SUPREME CALMING&#8221; title_text=&#8221;MY.LIFE SUPREME CALMING&#8221; align=&#8221;center&#8221; align_tablet=&#8221;center&#8221; align_phone=&#8221;&#8221; align_last_edited=&#8221;on|tablet&#8221; _builder_version=&#8221;4.5.6&#8243; _module_preset=&#8221;default&#8221; width=&#8221;30%&#8221; width_tablet=&#8221;19%&#8221; width_phone=&#8221;27%&#8221; width_last_edited=&#8221;on|desktop&#8221; module_alignment=&#8221;left&#8221; custom_margin=&#8221;14vh||||false|false&#8221; custom_margin_tablet=&#8221;0vh||||false|false&#8221; custom_margin_phone=&#8221;-3vh||||false|false&#8221; custom_margin_last_edited=&#8221;on|desktop&#8221; custom_padding=&#8221;63px||0px||false|false&#8221; custom_padding_tablet=&#8221;19px||27px||false|false&#8221; custom_padding_phone=&#8221;&#8221; custom_padding_last_edited=&#8221;on|phone&#8221; module_alignment_tablet=&#8221;center&#8221; module_alignment_phone=&#8221;center&#8221; module_alignment_last_edited=&#8221;on|phone&#8221; border_color_all=&#8221;#000000&#8243;][\/et_pb_image][\/et_pb_column][\/et_pb_row][\/et_pb_section][et_pb_section fb_built=&#8221;1&#8243; _builder_version=&#8221;4.5.6&#8243; _module_preset=&#8221;default&#8221; custom_padding=&#8221;0px||0px||false|false&#8221;][et_pb_row column_structure=&#8221;1_2,1_2&#8243; _builder_version=&#8221;4.5.3&#8243; _module_preset=&#8221;default&#8221; background_enable_image=&#8221;off&#8221; custom_padding=&#8221;81px||2px|||&#8221;][et_pb_column type=&#8221;1_2&#8243; _builder_version=&#8221;4.5.3&#8243; _module_preset=&#8221;default&#8221;][et_pb_text _builder_version=&#8221;4.5.6&#8243; _module_preset=&#8221;default&#8221;]<\/p>\n<h1>FILOSOFIA<\/h1>\n<p><strong>MY.LIFE SUPREME<\/strong> un\u2019ampia Gamma di trattamenti studiati e dedicati al benessere dei Capelli e del Cuoi Capelluto La mente, tramite l\u2019olfatto, trae beneficio grazie ai suoi principi attivi contenuti nel prodotto e da essi deriva una sensazione di vigore e benessere che si diffonde lentamente in tutto l\u2019organismo, abbinata ad una\u00a0 piacevole percezione di rilassamento. Una linea trattante che agisce in modo specifico sulle anomalie di Cute e Capelli ed offre estrema cosmeticit\u00e0 ad ogni applicazione, in modo semplice, veloce e concreto. Una sinergia perfetta fra tecnologia e natura, sicurezza ed efficacia.<\/p>\n<p>[\/et_pb_text][et_pb_image _builder_version=&#8221;4.5.3&#8243; _module_preset=&#8221;default&#8221;][\/et_pb_image][\/et_pb_column][et_pb_column type=&#8221;1_2&#8243; _builder_version=&#8221;4.5.3&#8243; _module_preset=&#8221;default&#8221;][et_pb_text _builder_version=&#8221;4.5.6&#8243; _module_preset=&#8221;default&#8221; text_text_color=&#8221;#ffffff&#8221; custom_padding=&#8221;||0px|||&#8221;]<\/p>\n<h1>Beauty &amp; Care<br \/>\nScalp and Hair<\/h1>\n<p>[\/et_pb_text][et_pb_image src=&#8221;https:\/\/zoe-t.es\/wp-content\/uploads\/2020\/08\/my-life-calming.jpg&#8221; alt=&#8221;Beauty &amp;amp; Care Scalp and Hair&#8221; title_text=&#8221;Beauty &amp;amp; Care Scalp and Hair&#8221; _builder_version=&#8221;4.5.6&#8243; _module_preset=&#8221;default&#8221;][\/et_pb_image][\/et_pb_column][\/et_pb_row][et_pb_row column_structure=&#8221;1_4,1_4,1_4,1_4&#8243; _builder_version=&#8221;4.5.3&#8243; _module_preset=&#8221;default&#8221;][et_pb_column type=&#8221;1_4&#8243; _builder_version=&#8221;4.5.3&#8243; _module_preset=&#8221;default&#8221;][et_pb_image src=&#8221;https:\/\/zoe-t.es\/wp-content\/uploads\/2020\/08\/mylife-calming-peeling.png&#8221; alt=&#8221;CALMING PEELING&#8221; title_text=&#8221;CALMING PEELING&#8221; align=&#8221;center&#8221; _builder_version=&#8221;4.5.6&#8243; _module_preset=&#8221;default&#8221; max_width=&#8221;100%&#8221; max_width_tablet=&#8221;60%&#8221; max_width_phone=&#8221;60%&#8221; max_width_last_edited=&#8221;on|phone&#8221; custom_margin=&#8221;||-3px|||&#8221; custom_padding=&#8221;0px|||||&#8221;][\/et_pb_image][et_pb_text _builder_version=&#8221;4.5.6&#8243; _module_preset=&#8221;default&#8221; header_font=&#8221;Molengo|300|||||||&#8221; header_text_align=&#8221;center&#8221; header_font_size=&#8221;29px&#8221; header_2_font=&#8221;Roboto|300|||||||&#8221; text_orientation=&#8221;center&#8221; custom_padding=&#8221;19px||||false|false&#8221; custom_padding_tablet=&#8221;&#8221; custom_padding_phone=&#8221;&#8221; custom_padding_last_edited=&#8221;on|desktop&#8221; header_font_size_tablet=&#8221;&#8221; header_font_size_phone=&#8221;&#8221; header_font_size_last_edited=&#8221;on|desktop&#8221; border_color_top=&#8221;#006FBA&#8221;]<\/p>\n<h1>CALMING<br \/>\nPEELING<\/h1>\n<p>125 ml<br \/>\n[\/et_pb_text][\/et_pb_column][et_pb_column type=&#8221;1_4&#8243; _builder_version=&#8221;4.5.3&#8243; _module_preset=&#8221;default&#8221;][et_pb_text _builder_version=&#8221;4.5.6&#8243; _module_preset=&#8221;default&#8221; header_text_color=&#8221;#ffffff&#8221; header_2_text_color=&#8221;#ffffff&#8221; header_3_text_color=&#8221;#ffffff&#8221; custom_padding=&#8221;60px||||false|false&#8221;]Stimola efficacemente il metabolismo cellulare e l\u2019attivazione vascolare donando benessere al cuoio capelluto. Un rituale sensoriale che potenzia l\u2019efficacia dei trattamenti MY.LIFE SUPREME.<br \/>\n[\/et_pb_text][\/et_pb_column][et_pb_column type=&#8221;1_4&#8243; _builder_version=&#8221;4.5.3&#8243; _module_preset=&#8221;default&#8221;][et_pb_image src=&#8221;https:\/\/zoe-t.es\/wp-content\/uploads\/2020\/08\/mylife-calming-shampoo.png&#8221; alt=&#8221;CALMING SHAMPOO&#8221; title_text=&#8221;CALMING SHAMPOO&#8221; align=&#8221;center&#8221; _builder_version=&#8221;4.5.6&#8243; _module_preset=&#8221;default&#8221; max_width=&#8221;100%&#8221; max_width_tablet=&#8221;60%&#8221; max_width_phone=&#8221;60%&#8221; max_width_last_edited=&#8221;on|phone&#8221; custom_margin=&#8221;||-3px|||&#8221; custom_padding=&#8221;0px|||||&#8221;][\/et_pb_image][et_pb_text _builder_version=&#8221;4.5.6&#8243; _module_preset=&#8221;default&#8221; header_font=&#8221;Molengo|300|||||||&#8221; header_text_align=&#8221;center&#8221; header_font_size=&#8221;29px&#8221; header_2_font=&#8221;Roboto|300|||||||&#8221; text_orientation=&#8221;center&#8221; custom_padding=&#8221;19px||||false|false&#8221; custom_padding_tablet=&#8221;&#8221; custom_padding_phone=&#8221;&#8221; custom_padding_last_edited=&#8221;on|desktop&#8221; header_font_size_tablet=&#8221;&#8221; header_font_size_phone=&#8221;&#8221; header_font_size_last_edited=&#8221;on|desktop&#8221; border_color_top=&#8221;#006FBA&#8221;]<\/p>\n<h1>CALMING<br \/>\nSHAMPOO<\/h1>\n<p>250 ml \/ 1000 ml<br \/>\n[\/et_pb_text][\/et_pb_column][et_pb_column type=&#8221;1_4&#8243; _builder_version=&#8221;4.5.3&#8243; _module_preset=&#8221;default&#8221;][et_pb_text _builder_version=&#8221;4.5.6&#8243; _module_preset=&#8221;default&#8221; header_text_color=&#8221;#ffffff&#8221; header_2_text_color=&#8221;#ffffff&#8221; header_3_text_color=&#8221;#ffffff&#8221; custom_padding=&#8221;27px||||false|false&#8221;]\u00c8 delicato ad effetto Rilassante e Depurativo per Capelli e Cuoio Capelluto.<br \/>\n[\/et_pb_text][\/et_pb_column][\/et_pb_row][et_pb_row column_structure=&#8221;1_4,1_4,1_4,1_4&#8243; _builder_version=&#8221;4.5.3&#8243; _module_preset=&#8221;default&#8221;][et_pb_column type=&#8221;1_4&#8243; _builder_version=&#8221;4.5.3&#8243; _module_preset=&#8221;default&#8221;][et_pb_image src=&#8221;https:\/\/zoe-t.es\/wp-content\/uploads\/2020\/08\/mylife-calming-mask.png&#8221; alt=&#8221;CALMING MASK&#8221; title_text=&#8221;CALMING MASK&#8221; align=&#8221;center&#8221; _builder_version=&#8221;4.5.6&#8243; _module_preset=&#8221;default&#8221; max_width=&#8221;100%&#8221; max_width_tablet=&#8221;60%&#8221; max_width_phone=&#8221;60%&#8221; max_width_last_edited=&#8221;on|phone&#8221; custom_margin=&#8221;||-3px|||&#8221; custom_padding=&#8221;0px|||||&#8221;][\/et_pb_image][et_pb_text _builder_version=&#8221;4.5.6&#8243; _module_preset=&#8221;default&#8221; header_font=&#8221;Molengo|300|||||||&#8221; header_text_align=&#8221;center&#8221; header_font_size=&#8221;29px&#8221; header_2_font=&#8221;Roboto|300|||||||&#8221; text_orientation=&#8221;center&#8221; custom_padding=&#8221;19px||||false|false&#8221; custom_padding_tablet=&#8221;&#8221; custom_padding_phone=&#8221;&#8221; custom_padding_last_edited=&#8221;on|desktop&#8221; header_font_size_tablet=&#8221;&#8221; header_font_size_phone=&#8221;&#8221; header_font_size_last_edited=&#8221;on|desktop&#8221; border_color_top=&#8221;#006FBA&#8221;]<\/p>\n<h1>CALMING<br \/>\nMASK<\/h1>\n<p>500 ml<br \/>\n[\/et_pb_text][\/et_pb_column][et_pb_column type=&#8221;1_4&#8243; _builder_version=&#8221;4.5.3&#8243; _module_preset=&#8221;default&#8221;][et_pb_text _builder_version=&#8221;4.5.6&#8243; _module_preset=&#8221;default&#8221; header_text_color=&#8221;#ffffff&#8221; header_2_text_color=&#8221;#ffffff&#8221; header_3_text_color=&#8221;#ffffff&#8221; custom_padding=&#8221;60px||||false|false&#8221;]MY.LIFE SUPREME CALMING MASK ha sido formulada para desenredar e hidratar el cabello y el cuero cabelludo, act\u00faa proporcionando una fuerte actividad\u00a0 antioxidante y antiinflamatoria que proporciona elasticidad y compacidad: su f\u00f3rmula b\u00e1sica act\u00faa sobre un principio activo por excelencia. C\u00e9lulas madre\u00a0 vegetales.<br \/>\n[\/et_pb_text][\/et_pb_column][et_pb_column type=&#8221;1_4&#8243; _builder_version=&#8221;4.5.3&#8243; _module_preset=&#8221;default&#8221;][\/et_pb_column][et_pb_column type=&#8221;1_4&#8243; _builder_version=&#8221;4.5.3&#8243; _module_preset=&#8221;default&#8221;][\/et_pb_column][\/et_pb_row][et_pb_row _builder_version=&#8221;4.5.6&#8243; _module_preset=&#8221;default&#8221;][et_pb_column type=&#8221;4_4&#8243; _builder_version=&#8221;4.5.6&#8243; _module_preset=&#8221;default&#8221;][et_pb_text _builder_version=&#8221;4.5.6&#8243; _module_preset=&#8221;default&#8221;]<\/p>\n<h2><span class=\"tlid-translation translation\" lang=\"it\"><span class=\"\" title=\"\">Trattamento rituale<\/span><\/span><br \/>\n<span class=\"tlid-translation translation\" lang=\"it\"><span class=\"\" title=\"\">ISTRUZIONI PER L&#8217;USO<\/span><\/span><\/h2>\n<p>[\/et_pb_text][\/et_pb_column][\/et_pb_row][et_pb_row column_structure=&#8221;1_4,1_4,1_4,1_4&#8243; _builder_version=&#8221;4.5.3&#8243; _module_preset=&#8221;default&#8221;][et_pb_column type=&#8221;1_4&#8243; _builder_version=&#8221;4.5.3&#8243; _module_preset=&#8221;default&#8221;][et_pb_text _builder_version=&#8221;4.5.6&#8243; _module_preset=&#8221;default&#8221; header_font=&#8221;Molengo|300|||||||&#8221; header_text_align=&#8221;center&#8221; header_font_size=&#8221;29px&#8221; header_2_font=&#8221;Roboto|300|||||||&#8221; text_orientation=&#8221;center&#8221; custom_padding=&#8221;19px||||false|false&#8221; custom_padding_tablet=&#8221;&#8221; custom_padding_phone=&#8221;&#8221; custom_padding_last_edited=&#8221;on|desktop&#8221; header_font_size_tablet=&#8221;&#8221; header_font_size_phone=&#8221;&#8221; header_font_size_last_edited=&#8221;on|desktop&#8221; border_color_top=&#8221;#006FBA&#8221;]<\/p>\n<h1>CALMING<br \/>\nPEELING<\/h1>\n<p>[\/et_pb_text][\/et_pb_column][et_pb_column type=&#8221;1_4&#8243; _builder_version=&#8221;4.5.3&#8243; _module_preset=&#8221;default&#8221;][et_pb_text _builder_version=&#8221;4.5.6&#8243; _module_preset=&#8221;default&#8221; header_text_color=&#8221;#ffffff&#8221; header_2_text_color=&#8221;#ffffff&#8221; header_3_text_color=&#8221;#ffffff&#8221;](before MY.LIFE SUPREME\u00a0 CALMING SHAMPOO) . Apply CALMING PEELING to the\u00a0 scalp. Leave it at least 3 minutes and gently massage the scalp with fingers, to improves cell viability and rapid\u00a0 removal of metabolic toxins. Rinse and proceed to apply CALMING SHAMPOO.<br \/>\n[\/et_pb_text][\/et_pb_column][et_pb_column type=&#8221;1_4&#8243; _builder_version=&#8221;4.5.3&#8243; _module_preset=&#8221;default&#8221;][et_pb_text _builder_version=&#8221;4.5.6&#8243; _module_preset=&#8221;default&#8221; header_font=&#8221;Molengo|300|||||||&#8221; header_text_align=&#8221;center&#8221; header_font_size=&#8221;29px&#8221; header_2_font=&#8221;Roboto|300|||||||&#8221; text_orientation=&#8221;center&#8221; custom_padding=&#8221;19px||||false|false&#8221; custom_padding_tablet=&#8221;&#8221; custom_padding_phone=&#8221;&#8221; custom_padding_last_edited=&#8221;on|desktop&#8221; header_font_size_tablet=&#8221;&#8221; header_font_size_phone=&#8221;&#8221; header_font_size_last_edited=&#8221;on|desktop&#8221; border_color_top=&#8221;#006FBA&#8221;]<\/p>\n<h1>CALMING<br \/>\nSHAMPOO<\/h1>\n<p>[\/et_pb_text][\/et_pb_column][et_pb_column type=&#8221;1_4&#8243; _builder_version=&#8221;4.5.3&#8243; _module_preset=&#8221;default&#8221;][et_pb_text _builder_version=&#8221;4.5.6&#8243; _module_preset=&#8221;default&#8221; header_text_color=&#8221;#ffffff&#8221; header_2_text_color=&#8221;#ffffff&#8221; header_3_text_color=&#8221;#ffffff&#8221;]Applicare CALMING SHAMPOO per la detersione ed il benessere di Capelli e del Cuoio Capelluto. I suoi Principi Attivi in combinazione perfetta riproducono il complesso naturale, dissetando i capelli in profondit\u00e0 rendendoli morbidi, brillanti e docili al pettine. L\u2019assenza di agenti schiumogeni aggressivi, assicura una\u00a0 detersione efficace e profonda. Ripetere una Seconda applicazione di CALMING\u00a0 SHAMPOO.<br \/>\n[\/et_pb_text][\/et_pb_column][\/et_pb_row][et_pb_row column_structure=&#8221;1_4,1_4,1_4,1_4&#8243; _builder_version=&#8221;4.5.3&#8243; _module_preset=&#8221;default&#8221;][et_pb_column type=&#8221;1_4&#8243; _builder_version=&#8221;4.5.3&#8243; _module_preset=&#8221;default&#8221;][et_pb_text _builder_version=&#8221;4.5.6&#8243; _module_preset=&#8221;default&#8221; header_font=&#8221;Molengo|300|||||||&#8221; header_text_align=&#8221;center&#8221; header_font_size=&#8221;29px&#8221; header_2_font=&#8221;Roboto|300|||||||&#8221; text_orientation=&#8221;center&#8221; custom_padding=&#8221;19px||||false|false&#8221; custom_padding_tablet=&#8221;&#8221; custom_padding_phone=&#8221;&#8221; custom_padding_last_edited=&#8221;on|desktop&#8221; header_font_size_tablet=&#8221;&#8221; header_font_size_phone=&#8221;&#8221; header_font_size_last_edited=&#8221;on|desktop&#8221; border_color_top=&#8221;#006FBA&#8221;]<\/p>\n<h1>CALMING<br \/>\nMASK<\/h1>\n<p>[\/et_pb_text][\/et_pb_column][et_pb_column type=&#8221;1_4&#8243; _builder_version=&#8221;4.5.3&#8243; _module_preset=&#8221;default&#8221;][et_pb_text _builder_version=&#8221;4.5.6&#8243; _module_preset=&#8221;default&#8221; header_text_color=&#8221;#ffffff&#8221; header_2_text_color=&#8221;#ffffff&#8221; header_3_text_color=&#8221;#ffffff&#8221;]Applicare CALMING MASK per il Nutrimento ed il Benessere di Capelli e del Cuoio Capelluto. I suoi Principi Attivi in combinazione perfetta riproducono il complesso naturale, rigenerano i capelli in profondit\u00e0 rendendoli morbidi, brillanti e docili al pettine.<br \/>\n[\/et_pb_text][\/et_pb_column][et_pb_column type=&#8221;1_4&#8243; _builder_version=&#8221;4.5.3&#8243; _module_preset=&#8221;default&#8221;][\/et_pb_column][et_pb_column type=&#8221;1_4&#8243; _builder_version=&#8221;4.5.3&#8243; _module_preset=&#8221;default&#8221;][\/et_pb_column][\/et_pb_row][\/et_pb_section]<\/p>\n","protected":false},"excerpt":{"rendered":"<p>FILOSOFIA MY.LIFE SUPREME un\u2019ampia Gamma di trattamenti studiati e dedicati al benessere dei Capelli e del Cuoi Capelluto La mente, tramite l\u2019olfatto, trae beneficio grazie ai suoi principi attivi contenuti nel prodotto e da essi deriva una sensazione di vigore e benessere che si diffonde lentamente in tutto l\u2019organismo, abbinata ad una\u00a0 piacevole percezione di [&hellip;]<\/p>\n","protected":false},"author":1,"featured_media":0,"parent":2299,"menu_order":0,"comment_status":"closed","ping_status":"closed","template":"","meta":{"_et_pb_use_builder":"on","_et_pb_old_content":"","_et_gb_content_width":"","footnotes":""},"class_list":["post-2305","page","type-page","status-publish","hentry"],"yoast_head":"<!-- This site is optimized with the Yoast SEO plugin v26.8 - https:\/\/yoast.com\/product\/yoast-seo-wordpress\/ -->\n<title>MY.LIFE SUPREME CALMING \ud83d\udc9a Benessere per i tuoi capelli \ud83d\udc9a<\/title>\n<meta name=\"description\" content=\"Una linea di trattamento che agisce in modo specifico sulle anomalie della pelle e dei capelli e offre un aspetto impeccabile in ogni applicazione. \u00a1BENESSERE PER I TUOI CAPELLI!\" \/>\n<meta name=\"robots\" content=\"index, follow, max-snippet:-1, max-image-preview:large, max-video-preview:-1\" \/>\n<link rel=\"canonical\" href=\"https:\/\/zoe-t.es\/it\/white-nature\/my-life-supreme\/my-life-supreme-calming\/\" \/>\n<meta property=\"og:locale\" content=\"it_IT\" \/>\n<meta property=\"og:type\" content=\"article\" \/>\n<meta property=\"og:title\" content=\"MY.LIFE SUPREME CALMING \ud83d\udc9a Benessere per i tuoi capelli \ud83d\udc9a\" \/>\n<meta property=\"og:description\" content=\"Una linea di trattamento che agisce in modo specifico sulle anomalie della pelle e dei capelli e offre un aspetto impeccabile in ogni applicazione. \u00a1BENESSERE PER I TUOI CAPELLI!\" \/>\n<meta property=\"og:url\" content=\"https:\/\/zoe-t.es\/it\/white-nature\/my-life-supreme\/my-life-supreme-calming\/\" \/>\n<meta property=\"og:site_name\" content=\"Zoe-t\" \/>\n<meta property=\"article:modified_time\" content=\"2020-11-11T14:54:50+00:00\" \/>\n<meta name=\"twitter:card\" content=\"summary_large_image\" \/>\n<meta name=\"twitter:label1\" content=\"Tempo di lettura stimato\" \/>\n\t<meta name=\"twitter:data1\" content=\"9 minuti\" \/>\n<script type=\"application\/ld+json\" class=\"yoast-schema-graph\">{\"@context\":\"https:\/\/schema.org\",\"@graph\":[{\"@type\":\"WebPage\",\"@id\":\"https:\/\/zoe-t.es\/it\/white-nature\/my-life-supreme\/my-life-supreme-calming\/\",\"url\":\"https:\/\/zoe-t.es\/it\/white-nature\/my-life-supreme\/my-life-supreme-calming\/\",\"name\":\"MY.LIFE SUPREME CALMING \ud83d\udc9a Benessere per i tuoi capelli \ud83d\udc9a\",\"isPartOf\":{\"@id\":\"https:\/\/zoe-t.es\/it\/#website\"},\"datePublished\":\"2020-08-23T23:15:38+00:00\",\"dateModified\":\"2020-11-11T14:54:50+00:00\",\"description\":\"Una linea di trattamento che agisce in modo specifico sulle anomalie della pelle e dei capelli e offre un aspetto impeccabile in ogni applicazione. \u00a1BENESSERE PER I TUOI CAPELLI!\",\"breadcrumb\":{\"@id\":\"https:\/\/zoe-t.es\/it\/white-nature\/my-life-supreme\/my-life-supreme-calming\/#breadcrumb\"},\"inLanguage\":\"it-IT\",\"potentialAction\":[{\"@type\":\"ReadAction\",\"target\":[\"https:\/\/zoe-t.es\/it\/white-nature\/my-life-supreme\/my-life-supreme-calming\/\"]}]},{\"@type\":\"BreadcrumbList\",\"@id\":\"https:\/\/zoe-t.es\/it\/white-nature\/my-life-supreme\/my-life-supreme-calming\/#breadcrumb\",\"itemListElement\":[{\"@type\":\"ListItem\",\"position\":1,\"name\":\"Portada\",\"item\":\"https:\/\/zoe-t.es\/it\/\"},{\"@type\":\"ListItem\",\"position\":2,\"name\":\"WHITE NATURE\",\"item\":\"https:\/\/zoe-t.es\/it\/white-nature\/\"},{\"@type\":\"ListItem\",\"position\":3,\"name\":\"MY.LIFE SUPREME\",\"item\":\"https:\/\/zoe-t.es\/it\/white-nature\/my-life-supreme\/\"},{\"@type\":\"ListItem\",\"position\":4,\"name\":\"MY.LIFE SUPREME CALMING\"}]},{\"@type\":\"WebSite\",\"@id\":\"https:\/\/zoe-t.es\/it\/#website\",\"url\":\"https:\/\/zoe-t.es\/it\/\",\"name\":\"Zoe-t\",\"description\":\"Luxury for your Hair\",\"potentialAction\":[{\"@type\":\"SearchAction\",\"target\":{\"@type\":\"EntryPoint\",\"urlTemplate\":\"https:\/\/zoe-t.es\/it\/?s={search_term_string}\"},\"query-input\":{\"@type\":\"PropertyValueSpecification\",\"valueRequired\":true,\"valueName\":\"search_term_string\"}}],\"inLanguage\":\"it-IT\"}]}<\/script>\n<!-- \/ Yoast SEO plugin. -->","yoast_head_json":{"title":"MY.LIFE SUPREME CALMING \ud83d\udc9a Benessere per i tuoi capelli \ud83d\udc9a","description":"Una linea di trattamento che agisce in modo specifico sulle anomalie della pelle e dei capelli e offre un aspetto impeccabile in ogni applicazione. \u00a1BENESSERE PER I TUOI CAPELLI!","robots":{"index":"index","follow":"follow","max-snippet":"max-snippet:-1","max-image-preview":"max-image-preview:large","max-video-preview":"max-video-preview:-1"},"canonical":"https:\/\/zoe-t.es\/it\/white-nature\/my-life-supreme\/my-life-supreme-calming\/","og_locale":"it_IT","og_type":"article","og_title":"MY.LIFE SUPREME CALMING \ud83d\udc9a Benessere per i tuoi capelli \ud83d\udc9a","og_description":"Una linea di trattamento che agisce in modo specifico sulle anomalie della pelle e dei capelli e offre un aspetto impeccabile in ogni applicazione. \u00a1BENESSERE PER I TUOI CAPELLI!","og_url":"https:\/\/zoe-t.es\/it\/white-nature\/my-life-supreme\/my-life-supreme-calming\/","og_site_name":"Zoe-t","article_modified_time":"2020-11-11T14:54:50+00:00","twitter_card":"summary_large_image","twitter_misc":{"Tempo di lettura stimato":"9 minuti"},"schema":{"@context":"https:\/\/schema.org","@graph":[{"@type":"WebPage","@id":"https:\/\/zoe-t.es\/it\/white-nature\/my-life-supreme\/my-life-supreme-calming\/","url":"https:\/\/zoe-t.es\/it\/white-nature\/my-life-supreme\/my-life-supreme-calming\/","name":"MY.LIFE SUPREME CALMING \ud83d\udc9a Benessere per i tuoi capelli \ud83d\udc9a","isPartOf":{"@id":"https:\/\/zoe-t.es\/it\/#website"},"datePublished":"2020-08-23T23:15:38+00:00","dateModified":"2020-11-11T14:54:50+00:00","description":"Una linea di trattamento che agisce in modo specifico sulle anomalie della pelle e dei capelli e offre un aspetto impeccabile in ogni applicazione. \u00a1BENESSERE PER I TUOI CAPELLI!","breadcrumb":{"@id":"https:\/\/zoe-t.es\/it\/white-nature\/my-life-supreme\/my-life-supreme-calming\/#breadcrumb"},"inLanguage":"it-IT","potentialAction":[{"@type":"ReadAction","target":["https:\/\/zoe-t.es\/it\/white-nature\/my-life-supreme\/my-life-supreme-calming\/"]}]},{"@type":"BreadcrumbList","@id":"https:\/\/zoe-t.es\/it\/white-nature\/my-life-supreme\/my-life-supreme-calming\/#breadcrumb","itemListElement":[{"@type":"ListItem","position":1,"name":"Portada","item":"https:\/\/zoe-t.es\/it\/"},{"@type":"ListItem","position":2,"name":"WHITE NATURE","item":"https:\/\/zoe-t.es\/it\/white-nature\/"},{"@type":"ListItem","position":3,"name":"MY.LIFE SUPREME","item":"https:\/\/zoe-t.es\/it\/white-nature\/my-life-supreme\/"},{"@type":"ListItem","position":4,"name":"MY.LIFE SUPREME CALMING"}]},{"@type":"WebSite","@id":"https:\/\/zoe-t.es\/it\/#website","url":"https:\/\/zoe-t.es\/it\/","name":"Zoe-t","description":"Luxury for your Hair","potentialAction":[{"@type":"SearchAction","target":{"@type":"EntryPoint","urlTemplate":"https:\/\/zoe-t.es\/it\/?s={search_term_string}"},"query-input":{"@type":"PropertyValueSpecification","valueRequired":true,"valueName":"search_term_string"}}],"inLanguage":"it-IT"}]}},"_links":{"self":[{"href":"https:\/\/zoe-t.es\/it\/wp-json\/wp\/v2\/pages\/2305","targetHints":{"allow":["GET"]}}],"collection":[{"href":"https:\/\/zoe-t.es\/it\/wp-json\/wp\/v2\/pages"}],"about":[{"href":"https:\/\/zoe-t.es\/it\/wp-json\/wp\/v2\/types\/page"}],"author":[{"embeddable":true,"href":"https:\/\/zoe-t.es\/it\/wp-json\/wp\/v2\/users\/1"}],"replies":[{"embeddable":true,"href":"https:\/\/zoe-t.es\/it\/wp-json\/wp\/v2\/comments?post=2305"}],"version-history":[{"count":4,"href":"https:\/\/zoe-t.es\/it\/wp-json\/wp\/v2\/pages\/2305\/revisions"}],"predecessor-version":[{"id":3588,"href":"https:\/\/zoe-t.es\/it\/wp-json\/wp\/v2\/pages\/2305\/revisions\/3588"}],"up":[{"embeddable":true,"href":"https:\/\/zoe-t.es\/it\/wp-json\/wp\/v2\/pages\/2299"}],"wp:attachment":[{"href":"https:\/\/zoe-t.es\/it\/wp-json\/wp\/v2\/media?parent=2305"}],"curies":[{"name":"wp","href":"https:\/\/api.w.org\/{rel}","templated":true}]}}