{"id":2340,"date":"2020-08-24T09:54:25","date_gmt":"2020-08-24T09:54:25","guid":{"rendered":"https:\/\/zoe-t.es\/avviso-legale\/"},"modified":"2022-04-19T15:16:52","modified_gmt":"2022-04-19T15:16:52","slug":"avviso-legale","status":"publish","type":"page","link":"https:\/\/zoe-t.es\/it\/avviso-legale\/","title":{"rendered":"AVVISO LEGALE"},"content":{"rendered":"<p>[et_pb_section fb_built=&#8221;1&#8243; _builder_version=&#8221;4.16&#8243; _module_preset=&#8221;default&#8221; global_colors_info=&#8221;{}&#8221;][et_pb_row _builder_version=&#8221;4.16&#8243; _module_preset=&#8221;default&#8221; global_colors_info=&#8221;{}&#8221;][et_pb_column type=&#8221;4_4&#8243; _builder_version=&#8221;4.16&#8243; _module_preset=&#8221;default&#8221; global_colors_info=&#8221;{}&#8221;][et_pb_text _builder_version=&#8221;4.17.1&#8243; _module_preset=&#8221;default&#8221; hover_enabled=&#8221;0&#8243; global_colors_info=&#8221;{}&#8221; sticky_enabled=&#8221;0&#8243;]<\/p>\n<div class=\"text-wrap tlid-copy-target\">\n<div class=\"result-shield-container tlid-copy-target\" tabindex=\"0\">\n<h1><span class=\"tlid-translation translation\" lang=\"en\"><span class=\"tlid-translation translation\" lang=\"it\">AVVISO LEGALE<\/span><\/span><\/h1>\n<p>&nbsp;<\/p>\n<div class=\"text-wrap tlid-copy-target\">\n<div class=\"result-shield-container tlid-copy-target\" tabindex=\"0\">\n<p><span class=\"tlid-translation translation\" lang=\"it\">1. DATI DI IDENTIFICAZIONE:<\/span><\/p>\n<p>In ottemperanza al dovere di informazione contenuto nell&#8217;articolo 10 della legge 34\/2002, dell&#8217;11 luglio, Servizi della societ\u00e0 dell&#8217;informazione e commercio elettronico, le seguenti informazioni si riflettono di seguito: la societ\u00e0 proprietaria del dominio web \u00e8 ZOE-T COSMETICS SL con indirizzo a tal fine presso C\/ 2, nave 36, Pol. Ind. L\u2019Horta Vella 46117 B\u00e8tera (Valencia) (Spagna), numero CIF: B98844772. Email di contatto: <a href=\"mailto:info@zoe-t.es\">info@zoe-t.es<\/a> del sito web.<\/p>\n<p>2. UTENTI:<\/p>\n<p>L&#8217;accesso e \/ o l&#8217;uso di questo portale di ZOE-T COSMETICS S.L creatore del sito web attribuisce la condizione di UTENTE, che accetta, da detto accesso e \/ o utilizzo, le Condizioni Generali d&#8217;Uso qui elencate. Le predette Condizioni saranno applicabili indipendentemente dalle Condizioni Generali di Contratto che nel loro caso sono obbligatorie.<\/p>\n<p>3. UTILIZZO DEL PORTALE:<\/p>\n<p>zoe-t.es fornisce l&#8217;accesso a una moltitudine di informazioni, servizi, programmi o dati (di seguito, &#8220;i contenuti&#8221;) su Internet appartenenti a ZOE-T COSMETICS SL creatore del sito Web o dei suoi licenziatari a cui l&#8217;UTENTE pu\u00f2 avere accesso . L&#8217;UTENTE si assume la responsabilit\u00e0 per l&#8217;uso del portale. Questa responsabilit\u00e0 si estende alla registrazione necessaria per accedere a determinati servizi o contenuti. In tale registrazione, l&#8217;UTENTE sar\u00e0 responsabile di fornire informazioni veritiere e lecite. A seguito di tale registrazione, all&#8217;UTENTE pu\u00f2 essere fornita una password di cui sar\u00e0 responsabile, impegnandosi a farne un uso diligente e riservato.<\/p>\n<p>4. PROTEZIONE DEI DATI:<\/p>\n<p>ZOE-T COSMETICS SL creatore del sito web \u00e8 conforme alle linee guida della legge organica 15\/1999 del 13 dicembre sulla protezione dei dati personali, regio decreto 1720\/2007 del 21 dicembre, che approva i regolamenti per lo sviluppo della legge organica e altre normative in ogni momento in vigore, e garantisce il corretto uso e trattamento dei dati personali dell&#8217;utente. Per fare ci\u00f2, insieme a ciascun modulo di raccolta dei dati personali, nei servizi che l&#8217;utente pu\u00f2 richiedere a ZOE-T COSMETICS SL, informer\u00e0 l&#8217;utente dell&#8217;esistenza e dell&#8217;accettazione delle condizioni particolari per il trattamento dei propri dati in ogni caso , informandoli della responsabilit\u00e0 del file creato, dell&#8217;indirizzo del responsabile, della possibilit\u00e0 di esercitare i propri diritti di accesso, rettifica, cancellazione o opposizione, delle finalit\u00e0 del trattamento e della comunicazione dei dati a terzi, se del caso .<\/p>\n<p>Allo stesso modo, ZOE-T COSMETICS SL, il creatore del sito Web, informa che \u00e8 conforme alla legge 34\/2002 dell&#8217;11 luglio sui servizi della societ\u00e0 dell&#8217;informazione e del commercio elettronico e richieder\u00e0 il tuo consenso al trattamento della tua posta elettronica per scopi commerciali in ogni momento.<\/p>\n<\/div>\n<\/div>\n<div class=\"text-wrap tlid-copy-target\">\n<div class=\"result-shield-container tlid-copy-target\" tabindex=\"0\"><span class=\"tlid-translation translation\" lang=\"it\">5. PROPRIET\u00c0 INTELLETTUALE E INDUSTRIALE:<\/p>\n<p>ZOE-T COSMETICS SL, creatore del sito Web da solo o in qualit\u00e0 di cessionario, \u00e8 titolare di tutti i diritti di propriet\u00e0 intellettuale e industriale del proprio sito Web, nonch\u00e9 degli elementi in esso contenuti (a titolo di esempio, immagini, suoni, audio, video , software o testi; marchi o loghi, combinazioni di colori, struttura e design, selezione dei materiali utilizzati, programmi per computer necessari per il suo funzionamento, accesso e utilizzo, ecc.), di propriet\u00e0 di ZOE-T COSMETICS SL o dei suoi licenziatari. Tutti i diritti riservati. In virt\u00f9 di quanto disposto dagli articoli 8 e 32.1, secondo comma, della Legge sulla Propriet\u00e0 Intellettuale, la riproduzione, distribuzione e comunicazione pubblica, compreso il metodo per renderle disponibili, di tutto o parte dei contenuti di questa pagina web, per scopi commerciali scopi, con qualsiasi mezzo e con qualsiasi mezzo tecnico, senza l&#8217;autorizzazione di ZOE-T COSMETICS SL L&#8217;UTENTE si impegna a rispettare i diritti di propriet\u00e0 intellettuale e industriale di propriet\u00e0 di ZOE-T COSMETICS S.L. \u00c8 possibile visualizzare gli elementi del portale e persino stamparli, copiarli e archiviarli sul disco rigido del computer o su qualsiasi altro supporto fisico purch\u00e9 sia \u200b\u200besclusivamente ed esclusivamente per uso personale e privato. L&#8217;UTENTE deve astenersi dall&#8217;eliminare, alterare, eludere o manipolare qualsiasi dispositivo di protezione o sistema di sicurezza installato sulle pagine di ZOE-T COSMETICS S.L.<\/p>\n<p>6.ESCLUSIONE DI GARANZIE E RESPONSABILIT\u00c0:<\/p>\n<p>ZOE-T COSMETICS SL non \u00e8 responsabile, in ogni caso, per danni di qualsiasi tipo che possano causare, a titolo esemplificativo: errori od omissioni nel contenuto, mancanza di disponibilit\u00e0 del portale o trasmissione di virus o programmi dannosi o dannosi nel contenuto, pur avendo adottato tutte le misure tecnologiche necessarie per evitarlo.<\/p>\n<p>7. MODIFICHE:<\/p>\n<p>ZOE-T COSMETICS SL si riserva il diritto di apportare le modifiche che ritiene appropriate al proprio sito Web senza preavviso, potendo cambiare, eliminare o aggiungere sia il contenuto che i servizi forniti attraverso di esso e il modo in cui sono presentati o situati nel tuo portale.<\/p>\n<p>8. LINK:<\/p>\n<p>Nel caso in cui siano disponibili collegamenti o collegamenti ipertestuali ad altri siti Internet per conto del dominio, ZOE-T COSMETICS S.L non eserciter\u00e0 alcun tipo di controllo su detti siti e contenuti. In nessun caso ZOE-T COSMETICS SL si assumer\u00e0 alcuna responsabilit\u00e0 per i contenuti di qualsiasi collegamento appartenente a un sito Web di terzi, n\u00e9 garantir\u00e0 la disponibilit\u00e0 tecnica, la qualit\u00e0, l&#8217;affidabilit\u00e0, l&#8217;accuratezza, l&#8217;ampiezza, la veridicit\u00e0, la validit\u00e0 e la costituzionalit\u00e0 di qualsiasi materiale o informazioni contenute in uno qualsiasi di detti collegamenti ipertestuali o altri siti Internet. Allo stesso modo, l&#8217;inclusione di questi collegamenti esterni non implicher\u00e0 alcun tipo di associazione, fusione o partecipazione con le entit\u00e0 collegate.<\/p>\n<p>9. DIRITTO DI ESCLUSIONE:<\/p>\n<p>ZOE-T COSMETICS S.L si riserva il diritto di negare o revocare l&#8217;accesso al portale e \/ o ai servizi offerti senza preavviso, su propria richiesta o da parte di terzi, a quegli utenti che non rispettano le presenti Condizioni Generali d&#8217;Uso.<\/p>\n<p>10. GENERALE:<\/p>\n<p>ZOE-T COSMETICS S.L perseguir\u00e0 la violazione di queste condizioni e qualsiasi uso improprio del suo portale esercitando tutte le azioni civili e penali che possono corrispondere ad esso per legge.<\/p>\n<p>11. MODIFICA DELLE PRESENTI CONDIZIONI E DURATA:<\/p>\n<p>ZOE-T COSMETICS S.L pu\u00f2 modificare le condizioni qui stabilite in qualsiasi momento, debitamente pubblicate come appaiono qui.<\/p>\n<p>La validit\u00e0 delle suddette condizioni dipender\u00e0 dalla loro esposizione e rimarr\u00e0 in vigore fino a quando non saranno modificate da altri debitamente pubblicate.<\/p>\n<p>12. LEGISLAZIONE APPLICABILE E GIURISDIZIONE:<\/p>\n<p>Il rapporto tra ZOE-T COSMETICS S.L e l&#8217;UTENTE sar\u00e0 regolato dalle attuali normative spagnole e qualsiasi controversia sar\u00e0 sottoposta alle Corti e ai Tribunali della citt\u00e0 di Valencia.<\/span><\/div>\n<\/div>\n<\/div>\n<\/div>\n<p>[\/et_pb_text][\/et_pb_column][\/et_pb_row][\/et_pb_section]<\/p>\n","protected":false},"excerpt":{"rendered":"<p>AVVISO LEGALE &nbsp; 1. DATI DI IDENTIFICAZIONE: In ottemperanza al dovere di informazione contenuto nell&#8217;articolo 10 della legge 34\/2002, dell&#8217;11 luglio, Servizi della societ\u00e0 dell&#8217;informazione e commercio elettronico, le seguenti informazioni si riflettono di seguito: la societ\u00e0 proprietaria del dominio web \u00e8 ZOE-T COSMETICS SL con indirizzo a tal fine presso C\/ 2, nave 36, [&hellip;]<\/p>\n","protected":false},"author":1,"featured_media":0,"parent":0,"menu_order":0,"comment_status":"closed","ping_status":"closed","template":"","meta":{"_et_pb_use_builder":"on","_et_pb_old_content":"","_et_gb_content_width":"","footnotes":""},"class_list":["post-2340","page","type-page","status-publish","hentry"],"yoast_head":"<!-- This site is optimized with the Yoast SEO plugin v26.8 - https:\/\/yoast.com\/product\/yoast-seo-wordpress\/ -->\n<title>AVVISO LEGALE - Zoe-t<\/title>\n<meta name=\"robots\" content=\"index, follow, max-snippet:-1, max-image-preview:large, max-video-preview:-1\" \/>\n<link rel=\"canonical\" href=\"https:\/\/zoe-t.es\/it\/avviso-legale\/\" \/>\n<meta property=\"og:locale\" content=\"it_IT\" \/>\n<meta property=\"og:type\" content=\"article\" \/>\n<meta property=\"og:title\" content=\"AVVISO LEGALE - Zoe-t\" \/>\n<meta property=\"og:description\" content=\"AVVISO LEGALE &nbsp; 1. DATI DI IDENTIFICAZIONE: In ottemperanza al dovere di informazione contenuto nell&#039;articolo 10 della legge 34\/2002, dell&#039;11 luglio, Servizi della societ\u00e0 dell&#039;informazione e commercio elettronico, le seguenti informazioni si riflettono di seguito: la societ\u00e0 proprietaria del dominio web \u00e8 ZOE-T COSMETICS SL con indirizzo a tal fine presso C\/ 2, nave 36, [&hellip;]\" \/>\n<meta property=\"og:url\" content=\"https:\/\/zoe-t.es\/it\/avviso-legale\/\" \/>\n<meta property=\"og:site_name\" content=\"Zoe-t\" \/>\n<meta property=\"article:modified_time\" content=\"2022-04-19T15:16:52+00:00\" \/>\n<meta name=\"twitter:card\" content=\"summary_large_image\" \/>\n<meta name=\"twitter:label1\" content=\"Tempo di lettura stimato\" \/>\n\t<meta name=\"twitter:data1\" content=\"5 minuti\" \/>\n<script type=\"application\/ld+json\" class=\"yoast-schema-graph\">{\"@context\":\"https:\/\/schema.org\",\"@graph\":[{\"@type\":\"WebPage\",\"@id\":\"https:\/\/zoe-t.es\/it\/avviso-legale\/\",\"url\":\"https:\/\/zoe-t.es\/it\/avviso-legale\/\",\"name\":\"AVVISO LEGALE - Zoe-t\",\"isPartOf\":{\"@id\":\"https:\/\/zoe-t.es\/it\/#website\"},\"datePublished\":\"2020-08-24T09:54:25+00:00\",\"dateModified\":\"2022-04-19T15:16:52+00:00\",\"breadcrumb\":{\"@id\":\"https:\/\/zoe-t.es\/it\/avviso-legale\/#breadcrumb\"},\"inLanguage\":\"it-IT\",\"potentialAction\":[{\"@type\":\"ReadAction\",\"target\":[\"https:\/\/zoe-t.es\/it\/avviso-legale\/\"]}]},{\"@type\":\"BreadcrumbList\",\"@id\":\"https:\/\/zoe-t.es\/it\/avviso-legale\/#breadcrumb\",\"itemListElement\":[{\"@type\":\"ListItem\",\"position\":1,\"name\":\"Portada\",\"item\":\"https:\/\/zoe-t.es\/it\/\"},{\"@type\":\"ListItem\",\"position\":2,\"name\":\"AVVISO LEGALE\"}]},{\"@type\":\"WebSite\",\"@id\":\"https:\/\/zoe-t.es\/it\/#website\",\"url\":\"https:\/\/zoe-t.es\/it\/\",\"name\":\"Zoe-t\",\"description\":\"Luxury for your Hair\",\"potentialAction\":[{\"@type\":\"SearchAction\",\"target\":{\"@type\":\"EntryPoint\",\"urlTemplate\":\"https:\/\/zoe-t.es\/it\/?s={search_term_string}\"},\"query-input\":{\"@type\":\"PropertyValueSpecification\",\"valueRequired\":true,\"valueName\":\"search_term_string\"}}],\"inLanguage\":\"it-IT\"}]}<\/script>\n<!-- \/ Yoast SEO plugin. -->","yoast_head_json":{"title":"AVVISO LEGALE - Zoe-t","robots":{"index":"index","follow":"follow","max-snippet":"max-snippet:-1","max-image-preview":"max-image-preview:large","max-video-preview":"max-video-preview:-1"},"canonical":"https:\/\/zoe-t.es\/it\/avviso-legale\/","og_locale":"it_IT","og_type":"article","og_title":"AVVISO LEGALE - Zoe-t","og_description":"AVVISO LEGALE &nbsp; 1. DATI DI IDENTIFICAZIONE: In ottemperanza al dovere di informazione contenuto nell'articolo 10 della legge 34\/2002, dell'11 luglio, Servizi della societ\u00e0 dell'informazione e commercio elettronico, le seguenti informazioni si riflettono di seguito: la societ\u00e0 proprietaria del dominio web \u00e8 ZOE-T COSMETICS SL con indirizzo a tal fine presso C\/ 2, nave 36, [&hellip;]","og_url":"https:\/\/zoe-t.es\/it\/avviso-legale\/","og_site_name":"Zoe-t","article_modified_time":"2022-04-19T15:16:52+00:00","twitter_card":"summary_large_image","twitter_misc":{"Tempo di lettura stimato":"5 minuti"},"schema":{"@context":"https:\/\/schema.org","@graph":[{"@type":"WebPage","@id":"https:\/\/zoe-t.es\/it\/avviso-legale\/","url":"https:\/\/zoe-t.es\/it\/avviso-legale\/","name":"AVVISO LEGALE - Zoe-t","isPartOf":{"@id":"https:\/\/zoe-t.es\/it\/#website"},"datePublished":"2020-08-24T09:54:25+00:00","dateModified":"2022-04-19T15:16:52+00:00","breadcrumb":{"@id":"https:\/\/zoe-t.es\/it\/avviso-legale\/#breadcrumb"},"inLanguage":"it-IT","potentialAction":[{"@type":"ReadAction","target":["https:\/\/zoe-t.es\/it\/avviso-legale\/"]}]},{"@type":"BreadcrumbList","@id":"https:\/\/zoe-t.es\/it\/avviso-legale\/#breadcrumb","itemListElement":[{"@type":"ListItem","position":1,"name":"Portada","item":"https:\/\/zoe-t.es\/it\/"},{"@type":"ListItem","position":2,"name":"AVVISO LEGALE"}]},{"@type":"WebSite","@id":"https:\/\/zoe-t.es\/it\/#website","url":"https:\/\/zoe-t.es\/it\/","name":"Zoe-t","description":"Luxury for your Hair","potentialAction":[{"@type":"SearchAction","target":{"@type":"EntryPoint","urlTemplate":"https:\/\/zoe-t.es\/it\/?s={search_term_string}"},"query-input":{"@type":"PropertyValueSpecification","valueRequired":true,"valueName":"search_term_string"}}],"inLanguage":"it-IT"}]}},"_links":{"self":[{"href":"https:\/\/zoe-t.es\/it\/wp-json\/wp\/v2\/pages\/2340","targetHints":{"allow":["GET"]}}],"collection":[{"href":"https:\/\/zoe-t.es\/it\/wp-json\/wp\/v2\/pages"}],"about":[{"href":"https:\/\/zoe-t.es\/it\/wp-json\/wp\/v2\/types\/page"}],"author":[{"embeddable":true,"href":"https:\/\/zoe-t.es\/it\/wp-json\/wp\/v2\/users\/1"}],"replies":[{"embeddable":true,"href":"https:\/\/zoe-t.es\/it\/wp-json\/wp\/v2\/comments?post=2340"}],"version-history":[{"count":4,"href":"https:\/\/zoe-t.es\/it\/wp-json\/wp\/v2\/pages\/2340\/revisions"}],"predecessor-version":[{"id":5772,"href":"https:\/\/zoe-t.es\/it\/wp-json\/wp\/v2\/pages\/2340\/revisions\/5772"}],"wp:attachment":[{"href":"https:\/\/zoe-t.es\/it\/wp-json\/wp\/v2\/media?parent=2340"}],"curies":[{"name":"wp","href":"https:\/\/api.w.org\/{rel}","templated":true}]}}