{"id":2349,"date":"2020-08-24T10:00:00","date_gmt":"2020-08-24T10:00:00","guid":{"rendered":"https:\/\/zoe-t.es\/politica-sulla-riservatezza\/"},"modified":"2022-04-19T15:21:10","modified_gmt":"2022-04-19T15:21:10","slug":"politica-sulla-riservatezza","status":"publish","type":"page","link":"https:\/\/zoe-t.es\/it\/politica-sulla-riservatezza\/","title":{"rendered":"POLITICA SULLA RISERVATEZZA"},"content":{"rendered":"<p>[et_pb_section fb_built=&#8221;1&#8243; _builder_version=&#8221;4.16&#8243; _module_preset=&#8221;default&#8221; global_colors_info=&#8221;{}&#8221;][et_pb_row _builder_version=&#8221;4.16&#8243; _module_preset=&#8221;default&#8221; global_colors_info=&#8221;{}&#8221;][et_pb_column type=&#8221;4_4&#8243; _builder_version=&#8221;4.16&#8243; _module_preset=&#8221;default&#8221; global_colors_info=&#8221;{}&#8221;][et_pb_text _builder_version=&#8221;4.17.1&#8243; _module_preset=&#8221;default&#8221; hover_enabled=&#8221;0&#8243; global_colors_info=&#8221;{}&#8221; sticky_enabled=&#8221;0&#8243;]<\/p>\n<h1><span class=\"tlid-translation translation\" lang=\"it\">POLITICA SULLA RISERVATEZZA<\/span><\/h1>\n<p><span class=\"tlid-translation translation\" lang=\"it\">1. Finalit\u00e0 dei dati raccolti e CONSENSO al trattamento.<\/span><\/p>\n<p>In conformit\u00e0 con le disposizioni dell&#8217;articolo 5 della LOPD, l&#8217;UTENTE \u00e8 informato che, attraverso i moduli di registrazione web, vengono raccolti i dati di commenti o iscrizioni, che vengono memorizzati in un file, con l&#8217;esclusivo scopo di inviare comunicazioni elettroniche, quali: bollettini (newsletter), nuove voci (post), offerte commerciali, nonch\u00e9 altre comunicazioni che zoe-t.es ritiene interessanti per i suoi UTENTI. I campi contrassegnati come obbligatori, sono essenziali per il raggiungimento dello scopo dichiarato. Solo il proprietario avr\u00e0 accesso ai loro dati e in nessun caso questi dati saranno trasferiti, condivisi, trasferiti o venduti a terzi. L&#8217;accettazione dell&#8217;informativa sulla privacy sar\u00e0 intesa a tutti gli effetti come prestazione del CONSENSO ESPRESSO ED INEGUITO &#8211; dell&#8217;articolo 6 della LOPD &#8211; dell&#8217;UTENTE al trattamento dei dati personali nei termini stabiliti nel presente documento, nonch\u00e9 del trasferimento dei dati che avviene esclusivamente per l&#8217;ubicazione fisica delle strutture dei fornitori di servizi e degli incaricati del trattamento dei dati.<\/p>\n<p>2. Conformit\u00e0 alle normative applicabili.<\/p>\n<p>zoe-t.es \u00e8 conforme alle linee guida della legge organica 15\/1999 del 13 dicembre sulla protezione dei dati personali, regio decreto 1720\/2007 del 21 dicembre, che approva i regolamenti per lo sviluppo di detta legge organica e altri regolamenti in vigore e applicabile in ogni momento, garantendo il corretto utilizzo e trattamento dei dati personali dell&#8217;utente. Allo stesso modo, zoe-t.es informa di essere conforme alla Legge 34\/2002 dell&#8217;11 luglio, sui servizi della societ\u00e0 dell&#8217;informazione e del commercio elettronico e richieder\u00e0 in ogni momento il consenso dell&#8217;UTENTE per il trattamento della propria posta elettronica a fini commerciali. In conformit\u00e0 con le disposizioni della LOPD, ti informiamo che i dati forniti, nonch\u00e9 quelli derivati \u200b\u200bdalla tua navigazione, possono essere memorizzati nei file di zoe-t.es ed elaborati allo scopo di soddisfare la tua richiesta e mantenere il rapporto che si instaura nei moduli che sottoscrivi. Inoltre, l&#8217;UTENTE acconsente al trattamento dei propri dati al fine di informarlo, con qualsiasi mezzo, compresa la posta elettronica, dei prodotti e servizi zoe-t.es. In caso di mancata autorizzazione al trattamento dei propri dati per la finalit\u00e0 sopra indicata, l&#8217;UTENTE pu\u00f2 esercitare il proprio diritto di opporsi al trattamento dei propri dati secondo i termini e le condizioni di seguito riportate nella sezione \u201cEsercizio dei diritti ARCO\u201d.<\/p>\n<p>3. Misure di sicurezza<\/p>\n<p>zoe-t.es ti informa di aver implementato le misure di sicurezza tecniche e organizzative necessarie per garantire la sicurezza dei tuoi dati personali ed evitarne l&#8217;alterazione, la perdita e il trattamento e \/ o l&#8217;accesso non autorizzati, tenendo conto dello stato della tecnologia, della natura dei dati memorizzati e dei rischi a cui sono esposti, siano essi derivanti dall&#8217;azione umana o dall&#8217;ambiente fisico o naturale. Il tutto in conformit\u00e0 con le disposizioni dell&#8217;articolo 9 della LOPD e del titolo VIII della RLOPD. Allo stesso modo, zoe-t.es ha stabilito misure aggiuntive per rafforzare la riservatezza e l&#8217;integrit\u00e0 delle informazioni nella sua organizzazione. Mantenere costantemente la supervisione, il controllo e la valutazione dei processi per garantire il rispetto della riservatezza dei dati.<\/p>\n<p>4. Esercizio dei diritti di ARCO: accesso, rettifica, cancellazione e opposizione<\/p>\n<p>I soggetti che hanno fornito i propri dati tramite il sito zoe-t.es, possono rivolgersi al titolare dello stesso per esercitare liberamente i propri diritti di accesso, rettifica, cancellazione e opposizione in merito ai dati incorporati nei propri archivi. L&#8217;interessato potr\u00e0 esercitare i propri diritti mediante una comunicazione scritta indirizzata a zoe-t.es con il riferimento \u201cProtezione dei dati personali\u201d, specificando i propri dati, dimostrando la propria identit\u00e0 e le ragioni della richiesta al seguente indirizzo: Zoe-t Cosmetics S. L C\/ 2, nave 36<br \/>\nPol. Ind. L\u2019Horta Vella<br \/>\n46117 B\u00e8tera (Valencia)<br \/>\nSpain (Spagna) 961 93 70 45 Puoi anche esercitare i diritti ARCO, tramite l&#8217;email: info@zoe-t.es<\/p>\n<p><span class=\"tlid-translation translation\" lang=\"it\">5. Collegamenti o collegamenti esterni<\/span><\/p>\n<p>Come servizio per i nostri visitatori, il nostro sito web pu\u00f2 includere collegamenti ipertestuali ad altri siti che non sono gestiti o controllati da zoe-t.es. Pertanto zoe-t.es non garantisce, n\u00e9 \u00e8 responsabile della legalit\u00e0, affidabilit\u00e0, utilit\u00e0, veridicit\u00e0 e tempestivit\u00e0 dei contenuti di tali siti web o delle loro pratiche sulla privacy. Si prega di notare che le loro pratiche sulla privacy possono differire dalle nostre prima di fornire le vostre informazioni personali a questi siti web non webseo.es.<\/p>\n<p>6. Modifica della Privacy Policy<\/p>\n<p>zoe-t.es si riserva il diritto di modificare la propria Informativa sulla privacy, secondo i propri criteri, motivati \u200b\u200bda una modifica legislativa, giurisprudenziale o dottrinale dell&#8217;Agenzia spagnola per la protezione dei dati. Qualsiasi modifica dell&#8217;Informativa sulla privacy sar\u00e0 pubblicata almeno dieci giorni prima della sua effettiva applicazione. L&#8217;utilizzo del Web dopo dette modifiche ne implicher\u00e0 l&#8217;accettazione.<\/p>\n<p>7. Responsabili del fascicolo e incaricati del trattamento.<\/p>\n<p>La persona responsabile del file di dati \u00e8 ZOE-T COSMETICS S.L. In qualit\u00e0 di responsabili del trattamento diversi dal suddetto incaricato: zoe-t.es ha appaltato i servizi di hosting a XTUDIO NETWORKS, S.L.U. (Identificato con il marchio SERED), con sede legale in C \/ Progreso 177, A Rua, 32350, Ourense, iscritta nel registro delle imprese di Orense, Volume: 833, Libro: 0, Folio: 186, Foglio: OR-13698 con CIF: B-32435315, che fornisce i servizi di web hosting. \u00c8 possibile consultare l&#8217;informativa sulla privacy e altri aspetti legali di detta societ\u00e0 al seguente link: https:\/\/sered.net\/politica-de-privacidad.<\/p>\n<p>8. Non vuoi ricevere informazioni da noi o vuoi revocare il tuo consenso?<\/p>\n<p>In conformit\u00e0 con le disposizioni della legge 34\/20023, dell&#8217;11 giugno, Servizi della societ\u00e0 dell&#8217;informazione e del commercio elettronico, puoi opporti in qualsiasi momento all&#8217;uso delle tue informazioni per scopi pubblicitari, ricerche di mercato o sviluppo di sondaggi sulla soddisfazione, nonch\u00e9 revocare il consenso in qualsiasi momento (senza effetto retroattivo). Per fare ci\u00f2, \u00e8 necessario inviare un&#8217;e-mail all&#8217;indirizzo info@zoe-t.es Se hai ricevuto pubblicit\u00e0 tramite e-mail, puoi anche opporti a tale e-mail, facendo clic sul collegamento in essa contenuto seguendo le istruzioni fornite. Un altro modo pi\u00f9 semplice sarebbe accedere al tuo account utente e selezionare le opzioni corrispondenti. Tieni presente che i nostri sistemi potrebbero richiedere un periodo di tempo che in nessun caso superer\u00e0 le 48 ore affinch\u00e9 la tua opposizione o revoca abbia effetto, restando inteso che durante tale periodo di tempo puoi continuare a ricevere messaggi. In relazione alla gestione dei tuoi dati associati ai profili social di ZOE-T COSMETICS S.L, l&#8217;esercizio del diritto di accesso dipender\u00e0 dalle funzionalit\u00e0 del social network e dalle possibilit\u00e0 di accesso alle informazioni dei profili utente. In relazione ai diritti di accesso e rettifica, raccomandiamo che possa essere soddisfatto solo in relazione a quelle informazioni che sono sotto il controllo di ZOE-T COSMETICS S.L. Puoi anche smettere di interagire, seguire o ricevere informazioni dai profili social di ZOE-T COSMETICS S.L, cancellare i contenuti che non ti interessano pi\u00f9 o limitare chi condivide i tuoi collegamenti, attraverso i meccanismi previsti nei diversi social network. L&#8217;utente pu\u00f2 accedere alle politiche sulla privacy di ogni Social Network, nonch\u00e9 configurare il proprio profilo per garantire la propria privacy. ZOE-T COSMETICS S.L incoraggia gli utenti a familiarizzare con le condizioni di utilizzo dei diversi social network prima di iniziare a utilizzarli.<\/p>\n<p>Facebook: https:\/\/www.facebook.com\/help\/323540651073243\/<br \/>\nGoogle: http:\/\/www.google.es\/intl\/es\/policies\/privacy\/<br \/>\nTwitter: https:\/\/twitter.com\/privacy<\/p>\n<p>9. Plugin sociali<\/p>\n<p>Sul nostro sito web ti offriamo collegamenti e servizi relativi a diversi social network (es. &#8220;Mi piace&#8221; Facebook). Se sei un membro di un social network e fai clic sul collegamento corrispondente, il provider del social network pu\u00f2 collegare i dati del tuo profilo con le informazioni della tua visita a detto sito web. Pertanto, \u00e8 conveniente informarti sulle funzioni e le politiche sul trattamento dei dati personali del rispettivo social network, se accedi a una delle nostre pagine web con uno qualsiasi dei tuoi profili sui social network o condividi informazioni attraverso di essi. Puoi accedere alle politiche sulla privacy dei diversi social network in qualsiasi momento, nonch\u00e9 configurare il tuo profilo per garantire la tua privacy. Ti invitiamo a familiarizzare con le condizioni di utilizzo di questi social network prima di iniziare a utilizzarli:<\/p>\n<p>Facebook: https:\/\/www.facebook.com\/help\/323540651073243\/<br \/>\nGoogle: http:\/\/www.google.es\/intl\/es\/policies\/privacy\/<br \/>\nTwitter: https:\/\/twitter.com\/privacy<\/p>\n<p>10. Accettazione e consenso<\/p>\n<p>L&#8217;Utente dichiara di essere stato informato delle condizioni in materia di protezione dei dati personali, accettando e prestando il consenso al trattamento degli stessi da parte di ZOE-T COSMETICS S.L con le modalit\u00e0 e per le finalit\u00e0 indicate in avviso legale. <span class=\"tlid-translation translation\" lang=\"it\"><span class=\"\" title=\"\">11. Modifiche a questa politica sulla privacy<\/span> <span class=\"\" title=\"\">ZOE-T COSMETICS S.L si riserva il diritto di modificare questa politica per adattarla alla nuova legislazione o giurisprudenza, nonch\u00e9 alle pratiche del settore.<\/span> <span class=\"\" title=\"\">In tali casi, il Fornitore annuncer\u00e0 in questa pagina le modifiche introdotte con ragionevole anticipo della loro attuazione.<\/span><\/span>[\/et_pb_text][\/et_pb_column][\/et_pb_row][\/et_pb_section]<\/p>\n","protected":false},"excerpt":{"rendered":"<p>POLITICA SULLA RISERVATEZZA 1. Finalit\u00e0 dei dati raccolti e CONSENSO al trattamento. In conformit\u00e0 con le disposizioni dell&#8217;articolo 5 della LOPD, l&#8217;UTENTE \u00e8 informato che, attraverso i moduli di registrazione web, vengono raccolti i dati di commenti o iscrizioni, che vengono memorizzati in un file, con l&#8217;esclusivo scopo di inviare comunicazioni elettroniche, quali: bollettini (newsletter), [&hellip;]<\/p>\n","protected":false},"author":1,"featured_media":0,"parent":0,"menu_order":0,"comment_status":"closed","ping_status":"closed","template":"","meta":{"_et_pb_use_builder":"on","_et_pb_old_content":"","_et_gb_content_width":"","footnotes":""},"class_list":["post-2349","page","type-page","status-publish","hentry"],"yoast_head":"<!-- This site is optimized with the Yoast SEO plugin v26.8 - https:\/\/yoast.com\/product\/yoast-seo-wordpress\/ -->\n<title>POLITICA SULLA RISERVATEZZA - Zoe-t<\/title>\n<meta name=\"robots\" content=\"index, follow, max-snippet:-1, max-image-preview:large, max-video-preview:-1\" \/>\n<link rel=\"canonical\" href=\"https:\/\/zoe-t.es\/it\/politica-sulla-riservatezza\/\" \/>\n<meta property=\"og:locale\" content=\"it_IT\" \/>\n<meta property=\"og:type\" content=\"article\" \/>\n<meta property=\"og:title\" content=\"POLITICA SULLA RISERVATEZZA - Zoe-t\" \/>\n<meta property=\"og:description\" content=\"POLITICA SULLA RISERVATEZZA 1. Finalit\u00e0 dei dati raccolti e CONSENSO al trattamento. In conformit\u00e0 con le disposizioni dell&#039;articolo 5 della LOPD, l&#039;UTENTE \u00e8 informato che, attraverso i moduli di registrazione web, vengono raccolti i dati di commenti o iscrizioni, che vengono memorizzati in un file, con l&#039;esclusivo scopo di inviare comunicazioni elettroniche, quali: bollettini (newsletter), [&hellip;]\" \/>\n<meta property=\"og:url\" content=\"https:\/\/zoe-t.es\/it\/politica-sulla-riservatezza\/\" \/>\n<meta property=\"og:site_name\" content=\"Zoe-t\" \/>\n<meta property=\"article:modified_time\" content=\"2022-04-19T15:21:10+00:00\" \/>\n<meta name=\"twitter:card\" content=\"summary_large_image\" \/>\n<meta name=\"twitter:label1\" content=\"Tempo di lettura stimato\" \/>\n\t<meta name=\"twitter:data1\" content=\"7 minuti\" \/>\n<script type=\"application\/ld+json\" class=\"yoast-schema-graph\">{\"@context\":\"https:\/\/schema.org\",\"@graph\":[{\"@type\":\"WebPage\",\"@id\":\"https:\/\/zoe-t.es\/it\/politica-sulla-riservatezza\/\",\"url\":\"https:\/\/zoe-t.es\/it\/politica-sulla-riservatezza\/\",\"name\":\"POLITICA SULLA RISERVATEZZA - Zoe-t\",\"isPartOf\":{\"@id\":\"https:\/\/zoe-t.es\/it\/#website\"},\"datePublished\":\"2020-08-24T10:00:00+00:00\",\"dateModified\":\"2022-04-19T15:21:10+00:00\",\"breadcrumb\":{\"@id\":\"https:\/\/zoe-t.es\/it\/politica-sulla-riservatezza\/#breadcrumb\"},\"inLanguage\":\"it-IT\",\"potentialAction\":[{\"@type\":\"ReadAction\",\"target\":[\"https:\/\/zoe-t.es\/it\/politica-sulla-riservatezza\/\"]}]},{\"@type\":\"BreadcrumbList\",\"@id\":\"https:\/\/zoe-t.es\/it\/politica-sulla-riservatezza\/#breadcrumb\",\"itemListElement\":[{\"@type\":\"ListItem\",\"position\":1,\"name\":\"Portada\",\"item\":\"https:\/\/zoe-t.es\/it\/\"},{\"@type\":\"ListItem\",\"position\":2,\"name\":\"POLITICA SULLA RISERVATEZZA\"}]},{\"@type\":\"WebSite\",\"@id\":\"https:\/\/zoe-t.es\/it\/#website\",\"url\":\"https:\/\/zoe-t.es\/it\/\",\"name\":\"Zoe-t\",\"description\":\"Luxury for your Hair\",\"potentialAction\":[{\"@type\":\"SearchAction\",\"target\":{\"@type\":\"EntryPoint\",\"urlTemplate\":\"https:\/\/zoe-t.es\/it\/?s={search_term_string}\"},\"query-input\":{\"@type\":\"PropertyValueSpecification\",\"valueRequired\":true,\"valueName\":\"search_term_string\"}}],\"inLanguage\":\"it-IT\"}]}<\/script>\n<!-- \/ Yoast SEO plugin. -->","yoast_head_json":{"title":"POLITICA SULLA RISERVATEZZA - Zoe-t","robots":{"index":"index","follow":"follow","max-snippet":"max-snippet:-1","max-image-preview":"max-image-preview:large","max-video-preview":"max-video-preview:-1"},"canonical":"https:\/\/zoe-t.es\/it\/politica-sulla-riservatezza\/","og_locale":"it_IT","og_type":"article","og_title":"POLITICA SULLA RISERVATEZZA - Zoe-t","og_description":"POLITICA SULLA RISERVATEZZA 1. Finalit\u00e0 dei dati raccolti e CONSENSO al trattamento. In conformit\u00e0 con le disposizioni dell'articolo 5 della LOPD, l'UTENTE \u00e8 informato che, attraverso i moduli di registrazione web, vengono raccolti i dati di commenti o iscrizioni, che vengono memorizzati in un file, con l'esclusivo scopo di inviare comunicazioni elettroniche, quali: bollettini (newsletter), [&hellip;]","og_url":"https:\/\/zoe-t.es\/it\/politica-sulla-riservatezza\/","og_site_name":"Zoe-t","article_modified_time":"2022-04-19T15:21:10+00:00","twitter_card":"summary_large_image","twitter_misc":{"Tempo di lettura stimato":"7 minuti"},"schema":{"@context":"https:\/\/schema.org","@graph":[{"@type":"WebPage","@id":"https:\/\/zoe-t.es\/it\/politica-sulla-riservatezza\/","url":"https:\/\/zoe-t.es\/it\/politica-sulla-riservatezza\/","name":"POLITICA SULLA RISERVATEZZA - Zoe-t","isPartOf":{"@id":"https:\/\/zoe-t.es\/it\/#website"},"datePublished":"2020-08-24T10:00:00+00:00","dateModified":"2022-04-19T15:21:10+00:00","breadcrumb":{"@id":"https:\/\/zoe-t.es\/it\/politica-sulla-riservatezza\/#breadcrumb"},"inLanguage":"it-IT","potentialAction":[{"@type":"ReadAction","target":["https:\/\/zoe-t.es\/it\/politica-sulla-riservatezza\/"]}]},{"@type":"BreadcrumbList","@id":"https:\/\/zoe-t.es\/it\/politica-sulla-riservatezza\/#breadcrumb","itemListElement":[{"@type":"ListItem","position":1,"name":"Portada","item":"https:\/\/zoe-t.es\/it\/"},{"@type":"ListItem","position":2,"name":"POLITICA SULLA RISERVATEZZA"}]},{"@type":"WebSite","@id":"https:\/\/zoe-t.es\/it\/#website","url":"https:\/\/zoe-t.es\/it\/","name":"Zoe-t","description":"Luxury for your Hair","potentialAction":[{"@type":"SearchAction","target":{"@type":"EntryPoint","urlTemplate":"https:\/\/zoe-t.es\/it\/?s={search_term_string}"},"query-input":{"@type":"PropertyValueSpecification","valueRequired":true,"valueName":"search_term_string"}}],"inLanguage":"it-IT"}]}},"_links":{"self":[{"href":"https:\/\/zoe-t.es\/it\/wp-json\/wp\/v2\/pages\/2349","targetHints":{"allow":["GET"]}}],"collection":[{"href":"https:\/\/zoe-t.es\/it\/wp-json\/wp\/v2\/pages"}],"about":[{"href":"https:\/\/zoe-t.es\/it\/wp-json\/wp\/v2\/types\/page"}],"author":[{"embeddable":true,"href":"https:\/\/zoe-t.es\/it\/wp-json\/wp\/v2\/users\/1"}],"replies":[{"embeddable":true,"href":"https:\/\/zoe-t.es\/it\/wp-json\/wp\/v2\/comments?post=2349"}],"version-history":[{"count":8,"href":"https:\/\/zoe-t.es\/it\/wp-json\/wp\/v2\/pages\/2349\/revisions"}],"predecessor-version":[{"id":5775,"href":"https:\/\/zoe-t.es\/it\/wp-json\/wp\/v2\/pages\/2349\/revisions\/5775"}],"wp:attachment":[{"href":"https:\/\/zoe-t.es\/it\/wp-json\/wp\/v2\/media?parent=2349"}],"curies":[{"name":"wp","href":"https:\/\/api.w.org\/{rel}","templated":true}]}}