{"id":2355,"date":"2020-08-24T10:07:48","date_gmt":"2020-08-24T10:07:48","guid":{"rendered":"https:\/\/zoe-t.es\/cookie-politici\/"},"modified":"2020-08-24T10:07:48","modified_gmt":"2020-08-24T10:07:48","slug":"cookie-politici","status":"publish","type":"page","link":"https:\/\/zoe-t.es\/it\/cookie-politici\/","title":{"rendered":"COOKIE POLITICI"},"content":{"rendered":"<p>[et_pb_section fb_built=&#8221;1&#8243; _builder_version=&#8221;4.5.7&#8243; _module_preset=&#8221;default&#8221;][et_pb_row _builder_version=&#8221;4.5.7&#8243; _module_preset=&#8221;default&#8221;][et_pb_column type=&#8221;4_4&#8243; _builder_version=&#8221;4.5.7&#8243; _module_preset=&#8221;default&#8221;][et_pb_text _builder_version=&#8221;4.5.7&#8243; _module_preset=&#8221;default&#8221; hover_enabled=&#8221;0&#8243;]<\/p>\n<h1><span class=\"tlid-translation translation\" lang=\"it\">COOKIE POLITICI<\/span><\/h1>\n<p>&nbsp;<\/p>\n<p><span class=\"tlid-translation translation\" lang=\"it\">Un cookie \u00e8 un piccolo file di testo che viene memorizzato nel tuo browser quando visiti quasi tutte le pagine web. La sua utilit\u00e0 \u00e8 che il web \u00e8 in grado di ricordare la tua visita quando torni a sfogliare quella pagina. I cookie solitamente memorizzano informazioni di natura tecnica, preferenze personali, personalizzazione dei contenuti, statistiche di utilizzo, collegamenti a social network, accesso agli account utente, ecc. Lo scopo del cookie \u00e8 quello di adattare il contenuto del web al tuo profilo e alle tue esigenze, senza i cookie i servizi offerti da qualsiasi pagina sarebbero notevolmente ridotti. Se desideri consultare maggiori informazioni su cosa sono i cookie, cosa memorizzano, come eliminarli, disattivarli, ecc., Vai a questo link.<\/span><\/p>\n<h3><span class=\"tlid-translation translation\" lang=\"it\"><br \/>\nCookie utilizzati in questo sito<\/span><\/h3>\n<p><span class=\"tlid-translation translation\" lang=\"it\"><br \/>\nSeguendo le linee guida dell&#8217;Agenzia spagnola per la protezione dei dati, procediamo a dettagliare l&#8217;uso dei cookie fatto da questo sito Web per informarti il \u200b\u200bpi\u00f9 accuratamente possibile.<\/p>\n<p>Questo sito web utilizza i seguenti cookie propri:<\/p>\n<p>Cookie di sessione, per garantire che gli utenti che scrivono commenti sul blog siano applicazioni umane e non automatizzate. In questo modo si combatte lo spam.<\/p>\n<p>Questo sito utilizza i seguenti cookie di terze parti:<\/p>\n<p>Google Analytics: memorizza i cookie per poter compilare statistiche sul traffico e sul volume delle visite a questo sito web. Utilizzando questo sito Web acconsenti al trattamento delle informazioni su di te da parte di Google. Pertanto, l&#8217;esercizio di qualsiasi diritto al riguardo deve essere fatto comunicando direttamente con Google.<br \/>\nSocial network: ogni social network utilizza i propri cookie in modo che tu possa fare clic su pulsanti come Mi piace o Condividi.<\/span><\/p>\n<h3><span class=\"tlid-translation translation\" lang=\"it\"><br \/>\nDisattivazione o eliminazione dei cookie<\/span><\/h3>\n<p><span class=\"tlid-translation translation\" lang=\"it\"><br \/>\nIn qualsiasi momento puoi esercitare il tuo diritto di disattivare o eliminare i cookie da questo sito web. Queste azioni vengono eseguite in modo diverso a seconda del browser che stai utilizzando. Ecco una guida rapida ai browser pi\u00f9 diffusi.<\/span><\/p>\n<h3><span class=\"tlid-translation translation\" lang=\"it\">Note aggiuntive<\/span><\/h3>\n<ul>\n<li><span class=\"tlid-translation translation\" lang=\"it\">N\u00e9 questo sito web n\u00e9 i suoi rappresentanti legali sono responsabili del contenuto o della veridicit\u00e0 delle politiche sulla privacy che le terze parti menzionate in questa politica sui cookie possono avere.<\/span><\/li>\n<li><span class=\"tlid-translation translation\" lang=\"it\">I browser web sono gli strumenti preposti alla memorizzazione dei cookie e da questo luogo \u00e8 necessario esercitare il diritto di eliminarli o disattivarli. N\u00e9 questo sito web n\u00e9 i suoi rappresentanti legali possono garantire la corretta o non corretta gestione dei cookie da parte dei suddetti browser.<\/span><\/li>\n<li><span class=\"tlid-translation translation\" lang=\"it\">In alcuni casi \u00e8 necessario installare i cookie in modo che il browser non dimentichi la tua decisione di non accettarli.<\/span><\/li>\n<li><span class=\"tlid-translation translation\" lang=\"it\">Nel caso dei cookie di Google Analytics, questa societ\u00e0 memorizza i cookie su server ubicati negli Stati Uniti e si impegna a non condividerli con terze parti, salvo nei casi in cui sia necessario per il funzionamento del sistema o quando la legge lo richieda un effetto. Secondo Google, non salva il tuo indirizzo IP. Google Inc. \u00e8 una societ\u00e0 che aderisce all&#8217;Accordo Safe Harbor che garantisce che tutti i dati trasferiti saranno trattati con un livello di protezione conforme alle normative europee. \u00c8 possibile consultare informazioni dettagliate al riguardo a <a href=\"http:\/\/safeharbor.export.gov\/companyinfo.aspx?id=16626\" target=\"_blank\" rel=\"noopener noreferrer\">questo link<\/a>. Se desideri informazioni sull&#8217;utilizzo che Google d\u00e0 dei cookie alleghiamo <a href=\"https:\/\/developers.google.com\/analytics\/devguides\/collection\/analyticsjs\/cookie-usage?hl=es&amp;csw=1\" target=\"_blank\" rel=\"noopener noreferrer\">quest&#8217;altro link<\/a>.<\/span><\/li>\n<li><span class=\"tlid-translation translation\" lang=\"it\">Per qualsiasi domanda o dubbio sulla presente cookie policy, non esitare a contattarci tramite la sezione contatti.<\/span><\/li>\n<\/ul>\n<p>&nbsp;<br \/>\n[\/et_pb_text][\/et_pb_column][\/et_pb_row][\/et_pb_section]<\/p>\n","protected":false},"excerpt":{"rendered":"<p>COOKIE POLITICI &nbsp; Un cookie \u00e8 un piccolo file di testo che viene memorizzato nel tuo browser quando visiti quasi tutte le pagine web. La sua utilit\u00e0 \u00e8 che il web \u00e8 in grado di ricordare la tua visita quando torni a sfogliare quella pagina. I cookie solitamente memorizzano informazioni di natura tecnica, preferenze personali, [&hellip;]<\/p>\n","protected":false},"author":1,"featured_media":0,"parent":0,"menu_order":0,"comment_status":"closed","ping_status":"closed","template":"","meta":{"_et_pb_use_builder":"on","_et_pb_old_content":"","_et_gb_content_width":"","footnotes":""},"class_list":["post-2355","page","type-page","status-publish","hentry"],"yoast_head":"<!-- This site is optimized with the Yoast SEO plugin v26.8 - https:\/\/yoast.com\/product\/yoast-seo-wordpress\/ -->\n<title>COOKIE POLITICI - Zoe-t<\/title>\n<meta name=\"robots\" content=\"index, follow, max-snippet:-1, max-image-preview:large, max-video-preview:-1\" \/>\n<link rel=\"canonical\" href=\"https:\/\/zoe-t.es\/it\/cookie-politici\/\" \/>\n<meta property=\"og:locale\" content=\"it_IT\" \/>\n<meta property=\"og:type\" content=\"article\" \/>\n<meta property=\"og:title\" content=\"COOKIE POLITICI - Zoe-t\" \/>\n<meta property=\"og:description\" content=\"COOKIE POLITICI &nbsp; Un cookie \u00e8 un piccolo file di testo che viene memorizzato nel tuo browser quando visiti quasi tutte le pagine web. La sua utilit\u00e0 \u00e8 che il web \u00e8 in grado di ricordare la tua visita quando torni a sfogliare quella pagina. I cookie solitamente memorizzano informazioni di natura tecnica, preferenze personali, [&hellip;]\" \/>\n<meta property=\"og:url\" content=\"https:\/\/zoe-t.es\/it\/cookie-politici\/\" \/>\n<meta property=\"og:site_name\" content=\"Zoe-t\" \/>\n<meta name=\"twitter:card\" content=\"summary_large_image\" \/>\n<meta name=\"twitter:label1\" content=\"Tempo di lettura stimato\" \/>\n\t<meta name=\"twitter:data1\" content=\"3 minuti\" \/>\n<script type=\"application\/ld+json\" class=\"yoast-schema-graph\">{\"@context\":\"https:\/\/schema.org\",\"@graph\":[{\"@type\":\"WebPage\",\"@id\":\"https:\/\/zoe-t.es\/it\/cookie-politici\/\",\"url\":\"https:\/\/zoe-t.es\/it\/cookie-politici\/\",\"name\":\"COOKIE POLITICI - Zoe-t\",\"isPartOf\":{\"@id\":\"https:\/\/zoe-t.es\/it\/#website\"},\"datePublished\":\"2020-08-24T10:07:48+00:00\",\"breadcrumb\":{\"@id\":\"https:\/\/zoe-t.es\/it\/cookie-politici\/#breadcrumb\"},\"inLanguage\":\"it-IT\",\"potentialAction\":[{\"@type\":\"ReadAction\",\"target\":[\"https:\/\/zoe-t.es\/it\/cookie-politici\/\"]}]},{\"@type\":\"BreadcrumbList\",\"@id\":\"https:\/\/zoe-t.es\/it\/cookie-politici\/#breadcrumb\",\"itemListElement\":[{\"@type\":\"ListItem\",\"position\":1,\"name\":\"Portada\",\"item\":\"https:\/\/zoe-t.es\/it\/\"},{\"@type\":\"ListItem\",\"position\":2,\"name\":\"COOKIE POLITICI\"}]},{\"@type\":\"WebSite\",\"@id\":\"https:\/\/zoe-t.es\/it\/#website\",\"url\":\"https:\/\/zoe-t.es\/it\/\",\"name\":\"Zoe-t\",\"description\":\"Luxury for your Hair\",\"potentialAction\":[{\"@type\":\"SearchAction\",\"target\":{\"@type\":\"EntryPoint\",\"urlTemplate\":\"https:\/\/zoe-t.es\/it\/?s={search_term_string}\"},\"query-input\":{\"@type\":\"PropertyValueSpecification\",\"valueRequired\":true,\"valueName\":\"search_term_string\"}}],\"inLanguage\":\"it-IT\"}]}<\/script>\n<!-- \/ Yoast SEO plugin. -->","yoast_head_json":{"title":"COOKIE POLITICI - Zoe-t","robots":{"index":"index","follow":"follow","max-snippet":"max-snippet:-1","max-image-preview":"max-image-preview:large","max-video-preview":"max-video-preview:-1"},"canonical":"https:\/\/zoe-t.es\/it\/cookie-politici\/","og_locale":"it_IT","og_type":"article","og_title":"COOKIE POLITICI - Zoe-t","og_description":"COOKIE POLITICI &nbsp; Un cookie \u00e8 un piccolo file di testo che viene memorizzato nel tuo browser quando visiti quasi tutte le pagine web. La sua utilit\u00e0 \u00e8 che il web \u00e8 in grado di ricordare la tua visita quando torni a sfogliare quella pagina. I cookie solitamente memorizzano informazioni di natura tecnica, preferenze personali, [&hellip;]","og_url":"https:\/\/zoe-t.es\/it\/cookie-politici\/","og_site_name":"Zoe-t","twitter_card":"summary_large_image","twitter_misc":{"Tempo di lettura stimato":"3 minuti"},"schema":{"@context":"https:\/\/schema.org","@graph":[{"@type":"WebPage","@id":"https:\/\/zoe-t.es\/it\/cookie-politici\/","url":"https:\/\/zoe-t.es\/it\/cookie-politici\/","name":"COOKIE POLITICI - Zoe-t","isPartOf":{"@id":"https:\/\/zoe-t.es\/it\/#website"},"datePublished":"2020-08-24T10:07:48+00:00","breadcrumb":{"@id":"https:\/\/zoe-t.es\/it\/cookie-politici\/#breadcrumb"},"inLanguage":"it-IT","potentialAction":[{"@type":"ReadAction","target":["https:\/\/zoe-t.es\/it\/cookie-politici\/"]}]},{"@type":"BreadcrumbList","@id":"https:\/\/zoe-t.es\/it\/cookie-politici\/#breadcrumb","itemListElement":[{"@type":"ListItem","position":1,"name":"Portada","item":"https:\/\/zoe-t.es\/it\/"},{"@type":"ListItem","position":2,"name":"COOKIE POLITICI"}]},{"@type":"WebSite","@id":"https:\/\/zoe-t.es\/it\/#website","url":"https:\/\/zoe-t.es\/it\/","name":"Zoe-t","description":"Luxury for your Hair","potentialAction":[{"@type":"SearchAction","target":{"@type":"EntryPoint","urlTemplate":"https:\/\/zoe-t.es\/it\/?s={search_term_string}"},"query-input":{"@type":"PropertyValueSpecification","valueRequired":true,"valueName":"search_term_string"}}],"inLanguage":"it-IT"}]}},"_links":{"self":[{"href":"https:\/\/zoe-t.es\/it\/wp-json\/wp\/v2\/pages\/2355","targetHints":{"allow":["GET"]}}],"collection":[{"href":"https:\/\/zoe-t.es\/it\/wp-json\/wp\/v2\/pages"}],"about":[{"href":"https:\/\/zoe-t.es\/it\/wp-json\/wp\/v2\/types\/page"}],"author":[{"embeddable":true,"href":"https:\/\/zoe-t.es\/it\/wp-json\/wp\/v2\/users\/1"}],"replies":[{"embeddable":true,"href":"https:\/\/zoe-t.es\/it\/wp-json\/wp\/v2\/comments?post=2355"}],"version-history":[{"count":2,"href":"https:\/\/zoe-t.es\/it\/wp-json\/wp\/v2\/pages\/2355\/revisions"}],"predecessor-version":[{"id":2357,"href":"https:\/\/zoe-t.es\/it\/wp-json\/wp\/v2\/pages\/2355\/revisions\/2357"}],"wp:attachment":[{"href":"https:\/\/zoe-t.es\/it\/wp-json\/wp\/v2\/media?parent=2355"}],"curies":[{"name":"wp","href":"https:\/\/api.w.org\/{rel}","templated":true}]}}