{"id":2458,"date":"2020-08-25T17:27:16","date_gmt":"2020-08-25T17:27:16","guid":{"rendered":"https:\/\/zoe-t.es\/concepto\/"},"modified":"2020-11-08T16:40:55","modified_gmt":"2020-11-08T16:40:55","slug":"concepto","status":"publish","type":"page","link":"https:\/\/zoe-t.es\/it\/concepto\/","title":{"rendered":"CONCETTO"},"content":{"rendered":"<p>[et_pb_section fb_built=&#8221;1&#8243; fullwidth=&#8221;on&#8221; _builder_version=&#8221;4.5.3&#8243; _module_preset=&#8221;default&#8221;][et_pb_fullwidth_header text_orientation=&#8221;center&#8221; background_overlay_color=&#8221;rgba(0,0,0,0.3)&#8221; _builder_version=&#8221;4.5.8&#8243; _module_preset=&#8221;default&#8221; title_font=&#8221;Roboto|100|||||||&#8221; title_text_align=&#8221;center&#8221; title_font_size=&#8221;72px&#8221; subhead_font=&#8221;Roboto|100|||||||&#8221; subhead_font_size=&#8221;30px&#8221; background_image=&#8221;https:\/\/zoe-t.es\/wp-content\/uploads\/2020\/08\/zoet-company-1.jpg&#8221; module_alignment=&#8221;center&#8221; min_height=&#8221;300px&#8221; min_height_tablet=&#8221;&#8221; min_height_phone=&#8221;300px&#8221; min_height_last_edited=&#8221;on|tablet&#8221; custom_padding=&#8221;65px||||false|false&#8221; custom_padding_tablet=&#8221;&#8221; custom_padding_phone=&#8221;&#8221; custom_padding_last_edited=&#8221;on|desktop&#8221; title_font_size_tablet=&#8221;&#8221; title_font_size_phone=&#8221;&#8221; title_font_size_last_edited=&#8221;on|phone&#8221;][\/et_pb_fullwidth_header][\/et_pb_section][et_pb_section fb_built=&#8221;1&#8243; _builder_version=&#8221;4.5.7&#8243; _module_preset=&#8221;default&#8221; background_color=&#8221;#f3f4ee&#8221; background_image=&#8221;https:\/\/zoe-t.es\/wp-content\/uploads\/2020\/08\/zoet-company-white.jpg&#8221; background_size=&#8221;contain&#8221; background_position=&#8221;bottom_left&#8221; background_last_edited=&#8221;on|phone&#8221; background_position_phone=&#8221;bottom_right&#8221;][et_pb_row use_custom_gutter=&#8221;on&#8221; custom_padding_last_edited=&#8221;on|phone&#8221; _builder_version=&#8221;4.5.3&#8243; _module_preset=&#8221;default&#8221; width_tablet=&#8221;80%&#8221; width_phone=&#8221;&#8221; width_last_edited=&#8221;on|desktop&#8221; custom_padding=&#8221;|||0px|false|false&#8221; custom_padding_tablet=&#8221;|||0px|false|false&#8221; custom_padding_phone=&#8221;|||0px|false|false&#8221;][et_pb_column type=&#8221;4_4&#8243; _builder_version=&#8221;4.5.3&#8243; _module_preset=&#8221;default&#8221;][et_pb_text _builder_version=&#8221;4.5.7&#8243; _module_preset=&#8221;default&#8221; text_text_color=&#8221;#000000&#8243; header_font=&#8221;Molengo|100|||||||&#8221; header_text_color=&#8221;#000000&#8243; header_font_size=&#8221;36px&#8221; text_orientation=&#8221;right&#8221; background_layout=&#8221;dark&#8221; header_font_size_tablet=&#8221;&#8221; header_font_size_phone=&#8221;&#8221; header_font_size_last_edited=&#8221;on|tablet&#8221; text_orientation_tablet=&#8221;left&#8221; text_orientation_phone=&#8221;left&#8221; text_orientation_last_edited=&#8221;on|desktop&#8221;]<\/p>\n<h1>Filosofia<\/h1>\n<p>Condividete le esigenze dei nostri partner e clienti, creando qualit\u00e0, tecnologia, design e competitivit\u00e0.<br \/> Products formulated with the aim to achieve excellent results in the m\u00e1ximum respect of the scalp and hair.<\/p>\n<p>Per noi il benessere nella bellezza, l&#8217;esperienza sensoriale, uno stile di vita dove ogni persona trova questa identit\u00e0.<br \/> Adottiamo sistemi di formulazione per tutelare la salute dei consumatori e l&#8217;impatto ambientale.<br \/> In parole semplici, le sostanze che compongono le formule dei nostri prodotti, sono attentamente calibrate per ogni molecola che possono attraccare e renderle utili ed efficaci.<\/p>\n<p>L&#8217;esperienza ci ha insegnato l&#8217;importanza di essere scelti dai giusti partner, le buone relazioni e la fiducia nei nostri fornitori, tutto questo ci permette di soddisfare le loro esigenze.<br \/> Il nostro obiettivo principale \u00e8 rafforzare le partnership, condividere idee, risorse ed esperienze per raggiungere obiettivi comuni.<\/p>\n<p>[\/et_pb_text][\/et_pb_column][\/et_pb_row][\/et_pb_section][et_pb_section fb_built=&#8221;1&#8243; _builder_version=&#8221;4.5.7&#8243; _module_preset=&#8221;default&#8221; background_image=&#8221;https:\/\/zoe-t.es\/wp-content\/uploads\/2020\/08\/zoet-company-tech.jpg&#8221; background_size=&#8221;initial&#8221; background_position=&#8221;center_right&#8221; background_last_edited=&#8221;on|desktop&#8221; background_size_tablet=&#8221;contain&#8221; background_position_phone=&#8221;bottom_right&#8221; background_repeat_phone=&#8221;no-repeat&#8221; background_blend_phone=&#8221;normal&#8221;][et_pb_row column_structure=&#8221;1_2,1_2&#8243; use_custom_gutter=&#8221;on&#8221; _builder_version=&#8221;4.5.3&#8243; _module_preset=&#8221;default&#8221; custom_margin=&#8221;||||false|false&#8221; custom_padding=&#8221;||||false|false&#8221;][et_pb_column type=&#8221;1_2&#8243; _builder_version=&#8221;4.5.3&#8243; _module_preset=&#8221;default&#8221;][et_pb_text _builder_version=&#8221;4.5.7&#8243; _module_preset=&#8221;default&#8221; text_text_color=&#8221;#000000&#8243; header_font=&#8221;Molengo|100|||||||&#8221; header_text_color=&#8221;#000000&#8243; header_font_size=&#8221;36px&#8221; background_layout=&#8221;dark&#8221; header_font_size_tablet=&#8221;&#8221; header_font_size_phone=&#8221;&#8221; header_font_size_last_edited=&#8221;on|tablet&#8221;]<\/p>\n<h1>Tecniche avanzate<br \/> in Cosmetici per capelli<\/h1>\n<p>I nostri tecnici della cosmetica per capelli lavorano ogni giorno alla ricerca di nuovi prodotti innovativi che forniscano soluzioni pratiche ed efficaci ai vari problemi presentati dai capelli.<\/p>\n<p>Il nostro desiderio \u00e8 adottare i prodotti professionali di alta qualit\u00e0 con nuovi principi attivi naturali.<\/p>\n<p>[\/et_pb_text][\/et_pb_column][et_pb_column type=&#8221;1_2&#8243; _builder_version=&#8221;4.5.3&#8243; _module_preset=&#8221;default&#8221; custom_padding=&#8221;0px||0px||false|false&#8221;][\/et_pb_column][\/et_pb_row][\/et_pb_section]<\/p>\n","protected":false},"excerpt":{"rendered":"<p>Filosofia Condividete le esigenze dei nostri partner e clienti, creando qualit\u00e0, tecnologia, design e competitivit\u00e0. Products formulated with the aim to achieve excellent results in the m\u00e1ximum respect of the scalp and hair. Per noi il benessere nella bellezza, l&#8217;esperienza sensoriale, uno stile di vita dove ogni persona trova questa identit\u00e0. Adottiamo sistemi di formulazione [&hellip;]<\/p>\n","protected":false},"author":1,"featured_media":0,"parent":0,"menu_order":0,"comment_status":"closed","ping_status":"closed","template":"","meta":{"_et_pb_use_builder":"on","_et_pb_old_content":"","_et_gb_content_width":"","footnotes":""},"class_list":["post-2458","page","type-page","status-publish","hentry"],"yoast_head":"<!-- This site is optimized with the Yoast SEO plugin v26.8 - https:\/\/yoast.com\/product\/yoast-seo-wordpress\/ -->\n<title>\ud83d\udc4c Prodotti per parrucchieri professionali - Made in Spain &amp; Italy - Zoe-t<\/title>\n<meta name=\"description\" content=\"\u27a4 Prodotti per parrucchieri professionali formulati con l&#039;obiettivo di ottenere ottimi risultati nel massimo rispetto del cuoio capelluto e dei capelli.\" \/>\n<meta name=\"robots\" content=\"index, follow, max-snippet:-1, max-image-preview:large, max-video-preview:-1\" \/>\n<link rel=\"canonical\" href=\"https:\/\/zoe-t.es\/it\/concepto\/\" \/>\n<meta property=\"og:locale\" content=\"it_IT\" \/>\n<meta property=\"og:type\" content=\"article\" \/>\n<meta property=\"og:title\" content=\"\ud83d\udc4c Prodotti per parrucchieri professionali - Made in Spain &amp; Italy - Zoe-t\" \/>\n<meta property=\"og:description\" content=\"\u27a4 Prodotti per parrucchieri professionali formulati con l&#039;obiettivo di ottenere ottimi risultati nel massimo rispetto del cuoio capelluto e dei capelli.\" \/>\n<meta property=\"og:url\" content=\"https:\/\/zoe-t.es\/it\/concepto\/\" \/>\n<meta property=\"og:site_name\" content=\"Zoe-t\" \/>\n<meta property=\"article:modified_time\" content=\"2020-11-08T16:40:55+00:00\" \/>\n<meta name=\"twitter:card\" content=\"summary_large_image\" \/>\n<meta name=\"twitter:label1\" content=\"Tempo di lettura stimato\" \/>\n\t<meta name=\"twitter:data1\" content=\"3 minuti\" \/>\n<script type=\"application\/ld+json\" class=\"yoast-schema-graph\">{\"@context\":\"https:\/\/schema.org\",\"@graph\":[{\"@type\":\"WebPage\",\"@id\":\"https:\/\/zoe-t.es\/it\/concepto\/\",\"url\":\"https:\/\/zoe-t.es\/it\/concepto\/\",\"name\":\"\ud83d\udc4c Prodotti per parrucchieri professionali - Made in Spain & Italy - Zoe-t\",\"isPartOf\":{\"@id\":\"https:\/\/zoe-t.es\/it\/#website\"},\"datePublished\":\"2020-08-25T17:27:16+00:00\",\"dateModified\":\"2020-11-08T16:40:55+00:00\",\"description\":\"\u27a4 Prodotti per parrucchieri professionali formulati con l'obiettivo di ottenere ottimi risultati nel massimo rispetto del cuoio capelluto e dei capelli.\",\"breadcrumb\":{\"@id\":\"https:\/\/zoe-t.es\/it\/concepto\/#breadcrumb\"},\"inLanguage\":\"it-IT\",\"potentialAction\":[{\"@type\":\"ReadAction\",\"target\":[\"https:\/\/zoe-t.es\/it\/concepto\/\"]}]},{\"@type\":\"BreadcrumbList\",\"@id\":\"https:\/\/zoe-t.es\/it\/concepto\/#breadcrumb\",\"itemListElement\":[{\"@type\":\"ListItem\",\"position\":1,\"name\":\"Portada\",\"item\":\"https:\/\/zoe-t.es\/it\/\"},{\"@type\":\"ListItem\",\"position\":2,\"name\":\"CONCETTO\"}]},{\"@type\":\"WebSite\",\"@id\":\"https:\/\/zoe-t.es\/it\/#website\",\"url\":\"https:\/\/zoe-t.es\/it\/\",\"name\":\"Zoe-t\",\"description\":\"Luxury for your Hair\",\"potentialAction\":[{\"@type\":\"SearchAction\",\"target\":{\"@type\":\"EntryPoint\",\"urlTemplate\":\"https:\/\/zoe-t.es\/it\/?s={search_term_string}\"},\"query-input\":{\"@type\":\"PropertyValueSpecification\",\"valueRequired\":true,\"valueName\":\"search_term_string\"}}],\"inLanguage\":\"it-IT\"}]}<\/script>\n<!-- \/ Yoast SEO plugin. -->","yoast_head_json":{"title":"\ud83d\udc4c Prodotti per parrucchieri professionali - Made in Spain & Italy - Zoe-t","description":"\u27a4 Prodotti per parrucchieri professionali formulati con l'obiettivo di ottenere ottimi risultati nel massimo rispetto del cuoio capelluto e dei capelli.","robots":{"index":"index","follow":"follow","max-snippet":"max-snippet:-1","max-image-preview":"max-image-preview:large","max-video-preview":"max-video-preview:-1"},"canonical":"https:\/\/zoe-t.es\/it\/concepto\/","og_locale":"it_IT","og_type":"article","og_title":"\ud83d\udc4c Prodotti per parrucchieri professionali - Made in Spain & Italy - Zoe-t","og_description":"\u27a4 Prodotti per parrucchieri professionali formulati con l'obiettivo di ottenere ottimi risultati nel massimo rispetto del cuoio capelluto e dei capelli.","og_url":"https:\/\/zoe-t.es\/it\/concepto\/","og_site_name":"Zoe-t","article_modified_time":"2020-11-08T16:40:55+00:00","twitter_card":"summary_large_image","twitter_misc":{"Tempo di lettura stimato":"3 minuti"},"schema":{"@context":"https:\/\/schema.org","@graph":[{"@type":"WebPage","@id":"https:\/\/zoe-t.es\/it\/concepto\/","url":"https:\/\/zoe-t.es\/it\/concepto\/","name":"\ud83d\udc4c Prodotti per parrucchieri professionali - Made in Spain & Italy - Zoe-t","isPartOf":{"@id":"https:\/\/zoe-t.es\/it\/#website"},"datePublished":"2020-08-25T17:27:16+00:00","dateModified":"2020-11-08T16:40:55+00:00","description":"\u27a4 Prodotti per parrucchieri professionali formulati con l'obiettivo di ottenere ottimi risultati nel massimo rispetto del cuoio capelluto e dei capelli.","breadcrumb":{"@id":"https:\/\/zoe-t.es\/it\/concepto\/#breadcrumb"},"inLanguage":"it-IT","potentialAction":[{"@type":"ReadAction","target":["https:\/\/zoe-t.es\/it\/concepto\/"]}]},{"@type":"BreadcrumbList","@id":"https:\/\/zoe-t.es\/it\/concepto\/#breadcrumb","itemListElement":[{"@type":"ListItem","position":1,"name":"Portada","item":"https:\/\/zoe-t.es\/it\/"},{"@type":"ListItem","position":2,"name":"CONCETTO"}]},{"@type":"WebSite","@id":"https:\/\/zoe-t.es\/it\/#website","url":"https:\/\/zoe-t.es\/it\/","name":"Zoe-t","description":"Luxury for your Hair","potentialAction":[{"@type":"SearchAction","target":{"@type":"EntryPoint","urlTemplate":"https:\/\/zoe-t.es\/it\/?s={search_term_string}"},"query-input":{"@type":"PropertyValueSpecification","valueRequired":true,"valueName":"search_term_string"}}],"inLanguage":"it-IT"}]}},"_links":{"self":[{"href":"https:\/\/zoe-t.es\/it\/wp-json\/wp\/v2\/pages\/2458","targetHints":{"allow":["GET"]}}],"collection":[{"href":"https:\/\/zoe-t.es\/it\/wp-json\/wp\/v2\/pages"}],"about":[{"href":"https:\/\/zoe-t.es\/it\/wp-json\/wp\/v2\/types\/page"}],"author":[{"embeddable":true,"href":"https:\/\/zoe-t.es\/it\/wp-json\/wp\/v2\/users\/1"}],"replies":[{"embeddable":true,"href":"https:\/\/zoe-t.es\/it\/wp-json\/wp\/v2\/comments?post=2458"}],"version-history":[{"count":10,"href":"https:\/\/zoe-t.es\/it\/wp-json\/wp\/v2\/pages\/2458\/revisions"}],"predecessor-version":[{"id":3415,"href":"https:\/\/zoe-t.es\/it\/wp-json\/wp\/v2\/pages\/2458\/revisions\/3415"}],"wp:attachment":[{"href":"https:\/\/zoe-t.es\/it\/wp-json\/wp\/v2\/media?parent=2458"}],"curies":[{"name":"wp","href":"https:\/\/api.w.org\/{rel}","templated":true}]}}