{"id":6628,"date":"2024-11-26T16:32:37","date_gmt":"2024-11-26T16:32:37","guid":{"rendered":"https:\/\/zoe-t.es\/black-nature\/healthy-istantly-hidra\/"},"modified":"2024-11-27T12:10:26","modified_gmt":"2024-11-27T12:10:26","slug":"healthy-istantly-hidra","status":"publish","type":"page","link":"https:\/\/zoe-t.es\/it\/black-nature\/healthy-istantly-hidra\/","title":{"rendered":"HEALTHY ISTANTLY HIDRA"},"content":{"rendered":"<p>[et_pb_section fb_built=&#8221;1&#8243; _builder_version=&#8221;4.27.3&#8243; _module_preset=&#8221;default&#8221; custom_padding=&#8221;0px||0px||false|false&#8221; global_colors_info=&#8221;{}&#8221;][et_pb_row column_structure=&#8221;3_5,2_5&#8243; use_custom_gutter=&#8221;on&#8221; make_equal=&#8221;on&#8221; custom_padding_last_edited=&#8221;on|desktop&#8221; _builder_version=&#8221;4.27.3&#8243; _module_preset=&#8221;default&#8221; background_color=&#8221;#000000&#8243; background_image=&#8221;https:\/\/zoe-t.es\/wp-content\/uploads\/2020\/08\/bg-black-nature-1.jpg&#8221; width=&#8221;100%&#8221; custom_margin=&#8221;||0px||false|false&#8221; custom_margin_tablet=&#8221;||-25px||false|false&#8221; custom_margin_phone=&#8221;&#8221; custom_margin_last_edited=&#8221;on|desktop&#8221; custom_padding=&#8221;0px||0px||false|false&#8221; custom_padding_tablet=&#8221;0px||0px||false|false&#8221; custom_padding_phone=&#8221;&#8221; background_last_edited=&#8221;on|tablet&#8221; background_image_tablet=&#8221;https:\/\/zoe-t.es\/wp-content\/uploads\/2020\/08\/bg-black-nature-2.jpg&#8221; background_image_phone=&#8221;https:\/\/zoe-t.es\/wp-content\/uploads\/2020\/08\/bg-black-nature-2.jpg&#8221; background_enable_image_tablet=&#8221;on&#8221; background_enable_image_phone=&#8221;on&#8221; background_size_phone=&#8221;cover&#8221; global_colors_info=&#8221;{}&#8221; title_text_phone=&#8221;bg-black-nature-2&#8243; title_text_tablet=&#8221;bg-black-nature-2&#8243;][et_pb_column type=&#8221;3_5&#8243; _builder_version=&#8221;4.27.3&#8243; _module_preset=&#8221;default&#8221; background_image=&#8221;https:\/\/zoe-t.es\/wp-content\/uploads\/2024\/11\/hidra.png&#8221; custom_padding=&#8221;185px||185px||true|false&#8221; custom_padding_tablet=&#8221;165px||165px||true|false&#8221; custom_padding_phone=&#8221;165px||165px||true|false&#8221; custom_padding_last_edited=&#8221;on|tablet&#8221; background_last_edited=&#8221;on|phone&#8221; background_image_tablet=&#8221;https:\/\/zoe-t.es\/wp-content\/uploads\/2024\/11\/hidra-mobile.png&#8221; background_image_phone=&#8221;https:\/\/zoe-t.es\/wp-content\/uploads\/2024\/11\/hidra-mobile.png&#8221; background_enable_image_tablet=&#8221;on&#8221; background_enable_image_phone=&#8221;on&#8221; background_size_tablet=&#8221;contain&#8221; global_colors_info=&#8221;{}&#8221; alt_tablet=&#8221;HEALTHY INSTANT TREATMENT&#8221; title_text_tablet=&#8221;HEALTHY INSTANT TREATMENT&#8221; alt_phone=&#8221;HEALTHY INSTANT TREATMENT&#8221; title_text_phone=&#8221;HEALTHY INSTANT TREATMENT&#8221;][\/et_pb_column][et_pb_column type=&#8221;2_5&#8243; _builder_version=&#8221;4.16&#8243; _module_preset=&#8221;default&#8221; background_enable_color=&#8221;off&#8221; custom_padding=&#8221;80px|||25px|false|false&#8221; custom_padding_tablet=&#8221;0px|||0px|false|false&#8221; custom_padding_phone=&#8221;&#8221; custom_padding_last_edited=&#8221;on|desktop&#8221; global_colors_info=&#8221;{}&#8221;][et_pb_image src=&#8221;https:\/\/zoe-t.es\/wp-content\/uploads\/2024\/11\/hidra.jpg&#8221; alt=&#8221;HEALTHY ISTANTLY HIDRA&#8221; title_text=&#8221;HEALTHY ISTANTLY HIDRA&#8221; align=&#8221;center&#8221; align_tablet=&#8221;center&#8221; align_phone=&#8221;&#8221; align_last_edited=&#8221;on|tablet&#8221; _builder_version=&#8221;4.27.3&#8243; _module_preset=&#8221;default&#8221; width=&#8221;30%&#8221; width_tablet=&#8221;19%&#8221; width_phone=&#8221;27%&#8221; width_last_edited=&#8221;on|desktop&#8221; module_alignment=&#8221;left&#8221; custom_margin=&#8221;14vh||||false|false&#8221; custom_margin_tablet=&#8221;0vh||||false|false&#8221; custom_margin_phone=&#8221;-3vh||||false|false&#8221; custom_margin_last_edited=&#8221;on|desktop&#8221; custom_padding=&#8221;63px||0px||false|false&#8221; custom_padding_tablet=&#8221;19px||27px||false|false&#8221; custom_padding_phone=&#8221;&#8221; custom_padding_last_edited=&#8221;on|phone&#8221; module_alignment_tablet=&#8221;center&#8221; module_alignment_phone=&#8221;center&#8221; module_alignment_last_edited=&#8221;on|phone&#8221; border_width_all=&#8221;2px&#8221; border_color_all=&#8221;#ffffff&#8221; global_colors_info=&#8221;{}&#8221;][\/et_pb_image][\/et_pb_column][\/et_pb_row][\/et_pb_section][et_pb_section fb_built=&#8221;1&#8243; _builder_version=&#8221;4.16&#8243; _module_preset=&#8221;default&#8221; background_color=&#8221;#000000&#8243; background_enable_image=&#8221;off&#8221; custom_padding=&#8221;0px||0px||false|false&#8221; global_colors_info=&#8221;{}&#8221;][et_pb_row _builder_version=&#8221;4.16&#8243; _module_preset=&#8221;default&#8221; global_colors_info=&#8221;{}&#8221;][et_pb_column type=&#8221;4_4&#8243; _builder_version=&#8221;4.16&#8243; _module_preset=&#8221;default&#8221; global_colors_info=&#8221;{}&#8221;][et_pb_text _builder_version=&#8221;4.27.3&#8243; _module_preset=&#8221;default&#8221; header_text_color=&#8221;#ffffff&#8221; header_font_size=&#8221;35px&#8221; header_2_text_color=&#8221;#ffffff&#8221; header_2_font_size=&#8221;22px&#8221; global_colors_info=&#8221;{}&#8221;]<\/p>\n<h1>HEALTHY INSTANTLY<\/h1>\n<h2>HIDRA<\/h2>\n<p>[\/et_pb_text][\/et_pb_column][\/et_pb_row][et_pb_row column_structure=&#8221;1_2,1_2&#8243; _builder_version=&#8221;4.16&#8243; _module_preset=&#8221;default&#8221; background_enable_image=&#8221;off&#8221; custom_padding=&#8221;0px||2px|||&#8221; global_colors_info=&#8221;{}&#8221;][et_pb_column type=&#8221;1_2&#8243; _builder_version=&#8221;4.16&#8243; _module_preset=&#8221;default&#8221; global_colors_info=&#8221;{}&#8221;][et_pb_image src=&#8221;https:\/\/zoe-t.es\/wp-content\/uploads\/2024\/11\/icon-hidra.png&#8221; title_text=&#8221;icon-hidra&#8221; _builder_version=&#8221;4.27.3&#8243; _module_preset=&#8221;default&#8221; width=&#8221;15%&#8221; width_tablet=&#8221;15%&#8221; width_phone=&#8221;14%&#8221; width_last_edited=&#8221;on|phone&#8221; global_colors_info=&#8221;{}&#8221;][\/et_pb_image][et_pb_text _builder_version=&#8221;4.27.3&#8243; _module_preset=&#8221;default&#8221; text_text_color=&#8221;#ffffff&#8221; header_text_color=&#8221;#ffffff&#8221; global_colors_info=&#8221;{}&#8221;]<\/p>\n<h1>FILOSOFIA<\/h1>\n<p>HEALTHY ISTANTLY HIDRA \u00e8 Sorgente di idratazione profonda per capelli secchi, sensibilizzati, disidratati<\/p>\n<p>I capelli secchi appaiono aridi, opachi, facili alla rottura, per ottenere capelli morbidi ed elastici e per contrastare l\u2019effetto crespo, occorre apportare loro le componenti di cui sono maggiormente carenti: acqua e lipidi. Per questo nella linea prodotti HEALTHY ISTANTLY HIDRA utilizziamo una sinergia di attivi bio e ingredienti<\/p>\n<p>massimamente nutrienti che rendono i capelli lucenti e setosi, donando loro una morbidezza inebriante. HEALTHY ISTANTLY HIDRA riequilibra il livello di idratazione, restituisce vitalit\u00e0 e lucentezza dalla radice alle punte recuperando la naturale elasticit\u00e0 del capello. \u00c8 adatto per un uso frequente.<\/p>\n<p>&nbsp;<\/p>\n<p>[\/et_pb_text][\/et_pb_column][et_pb_column type=&#8221;1_2&#8243; _builder_version=&#8221;4.16&#8243; _module_preset=&#8221;default&#8221; global_colors_info=&#8221;{}&#8221;][et_pb_text _builder_version=&#8221;4.27.3&#8243; _module_preset=&#8221;default&#8221; text_text_color=&#8221;#ffffff&#8221; header_text_color=&#8221;#ffffff&#8221; custom_padding=&#8221;||0px|||&#8221; global_colors_info=&#8221;{}&#8221;]<\/p>\n<h1>Effective Instant Hair Treatments<\/h1>\n<p>[\/et_pb_text][et_pb_image src=&#8221;https:\/\/zoe-t.es\/wp-content\/uploads\/2024\/11\/ingredients-hidra.png&#8221; title_text=&#8221;ingredients-hidra&#8221; _builder_version=&#8221;4.27.3&#8243; _module_preset=&#8221;default&#8221; global_colors_info=&#8221;{}&#8221;][\/et_pb_image][\/et_pb_column][\/et_pb_row][et_pb_row column_structure=&#8221;1_4,1_4,1_4,1_4&#8243; _builder_version=&#8221;4.16&#8243; _module_preset=&#8221;default&#8221; global_colors_info=&#8221;{}&#8221;][et_pb_column type=&#8221;1_4&#8243; _builder_version=&#8221;4.16&#8243; _module_preset=&#8221;default&#8221; global_colors_info=&#8221;{}&#8221;][et_pb_image src=&#8221;https:\/\/zoe-t.es\/wp-content\/uploads\/2024\/11\/hidra-shampoo.png&#8221; alt=&#8221;HIDRASHAMPOO&#8221; title_text=&#8221;HIDRA SHAMPOO&#8221; align=&#8221;center&#8221; _builder_version=&#8221;4.27.3&#8243; _module_preset=&#8221;default&#8221; max_width=&#8221;100%&#8221; max_width_tablet=&#8221;60%&#8221; max_width_phone=&#8221;60%&#8221; max_width_last_edited=&#8221;on|phone&#8221; custom_margin=&#8221;||-3px|||&#8221; custom_padding=&#8221;0px|||||&#8221; global_colors_info=&#8221;{}&#8221;][\/et_pb_image][et_pb_text _builder_version=&#8221;4.27.3&#8243; _module_preset=&#8221;default&#8221; text_text_color=&#8221;#ffffff&#8221; header_font=&#8221;Molengo|300|||||||&#8221; header_text_align=&#8221;center&#8221; header_text_color=&#8221;#ffffff&#8221; header_font_size=&#8221;29px&#8221; header_2_font=&#8221;Roboto|300|||||||&#8221; text_orientation=&#8221;center&#8221; custom_padding=&#8221;19px||||false|false&#8221; custom_padding_tablet=&#8221;&#8221; custom_padding_phone=&#8221;&#8221; custom_padding_last_edited=&#8221;on|desktop&#8221; header_font_size_tablet=&#8221;&#8221; header_font_size_phone=&#8221;&#8221; header_font_size_last_edited=&#8221;on|desktop&#8221; border_color_top=&#8221;#006FBA&#8221; global_colors_info=&#8221;{}&#8221;]<\/p>\n<h1>HIDRA<br \/>SHAMPOO<\/h1>\n<p>250 ml \/ 1000ml<\/p>\n<p>[\/et_pb_text][\/et_pb_column][et_pb_column type=&#8221;1_4&#8243; _builder_version=&#8221;4.16&#8243; _module_preset=&#8221;default&#8221; global_colors_info=&#8221;{}&#8221;][et_pb_text _builder_version=&#8221;4.27.4&#8243; _module_preset=&#8221;default&#8221; text_text_color=&#8221;#ffffff&#8221; header_text_color=&#8221;#ffffff&#8221; header_2_text_color=&#8221;#ffffff&#8221; header_3_text_color=&#8221;#ffffff&#8221; custom_padding=&#8221;60px||||false|false&#8221; hover_enabled=&#8221;0&#8243; global_colors_info=&#8221;{}&#8221; sticky_enabled=&#8221;0&#8243;]<\/p>\n<p>HIDRA SHAMPOO, Deterge i capelli fornendo un\u2019idratazione intensa. Ridona vitalit\u00e0 e lucentezza dalla radice alle punte e ripristina la naturale elasticit\u00e0 dei capelli.<\/p>\n<p>BENEFICI <br \/>Shampoo idratante, deterge i capelli nutrendoli e idratandoli dal cuore della fi bra capillare. Trasforma i capelli secchi o normali in capelli lucenti, sani e particolarmente morbidi. Grazie ai suoi principi Attivi fornisce protezione e riparazione sia ai capelli che alla superfi cie del cuoio capelluto aumentando il potere condizionante e gli conferisce propriet\u00e0 altamente idratanti. D\u00ec addio ai tuoi capelli secchi e danneggiati e goditi capelli pi\u00f9 morbidi e sani dalla radice alle punte.<\/p>\n<p>ISTRUZIONI PER L\u2019USO<br \/>Bagnare i capelli, applicare HIDRA SHAMPOO e Massaggiare delicatamente fi no ad ottenere una buona igienizzazione e favorire la giusta penetrazione dei suoi Principi attivi, procedere a risciacquare. Se necessario , ripetere l\u2019operazione applicando lo Shampoo una seconda volta, \u00c8 adatto per un uso frequente e quotidiano.<\/p>\n<p>[\/et_pb_text][\/et_pb_column][et_pb_column type=&#8221;1_4&#8243; _builder_version=&#8221;4.16&#8243; _module_preset=&#8221;default&#8221; global_colors_info=&#8221;{}&#8221;][et_pb_image src=&#8221;https:\/\/zoe-t.es\/wp-content\/uploads\/2024\/11\/hidra-mask.png&#8221; alt=&#8221;HIDRAMASK&#8221; title_text=&#8221;HIDRA MASK&#8221; align=&#8221;center&#8221; _builder_version=&#8221;4.27.3&#8243; _module_preset=&#8221;default&#8221; max_width=&#8221;100%&#8221; max_width_tablet=&#8221;60%&#8221; max_width_phone=&#8221;60%&#8221; max_width_last_edited=&#8221;on|phone&#8221; custom_margin=&#8221;||-3px|||&#8221; custom_padding=&#8221;0px|||||&#8221; global_colors_info=&#8221;{}&#8221;][\/et_pb_image][et_pb_text _builder_version=&#8221;4.27.3&#8243; _module_preset=&#8221;default&#8221; text_text_color=&#8221;#ffffff&#8221; header_font=&#8221;Molengo|300|||||||&#8221; header_text_align=&#8221;center&#8221; header_text_color=&#8221;#ffffff&#8221; header_font_size=&#8221;29px&#8221; header_2_font=&#8221;Roboto|300|||||||&#8221; text_orientation=&#8221;center&#8221; custom_padding=&#8221;19px||||false|false&#8221; custom_padding_tablet=&#8221;&#8221; custom_padding_phone=&#8221;&#8221; custom_padding_last_edited=&#8221;on|desktop&#8221; header_font_size_tablet=&#8221;&#8221; header_font_size_phone=&#8221;&#8221; header_font_size_last_edited=&#8221;on|desktop&#8221; border_color_top=&#8221;#006FBA&#8221; global_colors_info=&#8221;{}&#8221;]<\/p>\n<h1>HIDRA<br \/>MASK<\/h1>\n<p>250 ml \/ 1000ml<\/p>\n<p>[\/et_pb_text][\/et_pb_column][et_pb_column type=&#8221;1_4&#8243; _builder_version=&#8221;4.16&#8243; _module_preset=&#8221;default&#8221; global_colors_info=&#8221;{}&#8221;][et_pb_text _builder_version=&#8221;4.27.4&#8243; _module_preset=&#8221;default&#8221; text_text_color=&#8221;#ffffff&#8221; header_text_color=&#8221;#ffffff&#8221; header_2_text_color=&#8221;#ffffff&#8221; header_3_text_color=&#8221;#ffffff&#8221; custom_padding=&#8221;60px||||false|false&#8221; hover_enabled=&#8221;0&#8243; global_colors_info=&#8221;{}&#8221; sticky_enabled=&#8221;0&#8243;]<\/p>\n<p>HIDRA MASK, idratante per capelli. Riequilibra il livello di idratazione, restituisce vitalit\u00e0 e lucentezza dalla radice alle punte. Recupera la naturale elasticit\u00e0 del capello. Per capelli morbidi, elastici, nutriti e lucenti.<\/p>\n<p>BENEFICI <br \/>HIDRA MASK Un nutrimento e un\u2019idratazione extra per la fi bra capillare. Trasforma i capelli secchi in capelli lucenti, sani e particolarmente morbidi. Il potere condizionante le viene conferito grazie alle sue propriet\u00e0 altamente idratanti. Una certezza nell\u2019apportare ai tuoi capelli un effetto morbido e sano dalla radice alle punte.<\/p>\n<p>ISTRUZIONI PER L\u2019USO <br \/>Dopo aver igienizzato i capelli con HIDRA SHAMPOO , tamponare l\u2019acqua in eccesso e applicare una piccola quantit\u00e0 di HIDRA MASK su lunghezza e punte, lasciare in posa 5 minuti e procedere a risciacquare con abbondante acqua. \u00c8 adatto per un uso frequente e quotidiano. Per ottenere un effetto piu\u2019 profondo e altamente idratante, applicare HIDRA MASK, coprire con una cuffi a o panno caldo per 15 minuti circa e risciacquare con abbondante acqua.<\/p>\n<p>[\/et_pb_text][\/et_pb_column][\/et_pb_row][et_pb_row column_structure=&#8221;1_4,1_4,1_4,1_4&#8243; _builder_version=&#8221;4.16&#8243; _module_preset=&#8221;default&#8221; global_colors_info=&#8221;{}&#8221;][et_pb_column type=&#8221;1_4&#8243; _builder_version=&#8221;4.16&#8243; _module_preset=&#8221;default&#8221; global_colors_info=&#8221;{}&#8221;][et_pb_image src=&#8221;https:\/\/zoe-t.es\/wp-content\/uploads\/2024\/11\/hidra-deity.png&#8221; alt=&#8221;HIDRADEITY&#8221; title_text=&#8221;HIDRA DEITY&#8221; align=&#8221;center&#8221; _builder_version=&#8221;4.27.3&#8243; _module_preset=&#8221;default&#8221; max_width=&#8221;100%&#8221; max_width_tablet=&#8221;60%&#8221; max_width_phone=&#8221;60%&#8221; max_width_last_edited=&#8221;on|phone&#8221; custom_margin=&#8221;||-3px|||&#8221; custom_padding=&#8221;0px|||||&#8221; global_colors_info=&#8221;{}&#8221;][\/et_pb_image][et_pb_text _builder_version=&#8221;4.27.3&#8243; _module_preset=&#8221;default&#8221; text_text_color=&#8221;#ffffff&#8221; header_font=&#8221;Molengo|300|||||||&#8221; header_text_align=&#8221;center&#8221; header_text_color=&#8221;#ffffff&#8221; header_font_size=&#8221;29px&#8221; header_2_font=&#8221;Roboto|300|||||||&#8221; text_orientation=&#8221;center&#8221; custom_padding=&#8221;19px||||false|false&#8221; custom_padding_tablet=&#8221;&#8221; custom_padding_phone=&#8221;&#8221; custom_padding_last_edited=&#8221;on|desktop&#8221; header_font_size_tablet=&#8221;&#8221; header_font_size_phone=&#8221;&#8221; header_font_size_last_edited=&#8221;on|desktop&#8221; border_color_top=&#8221;#006FBA&#8221; global_colors_info=&#8221;{}&#8221;]<\/p>\n<h1>HIDRA<br \/>DEITY<\/h1>\n<p>250 ml \/ 125 ml<\/p>\n<p>[\/et_pb_text][\/et_pb_column][et_pb_column type=&#8221;1_4&#8243; _builder_version=&#8221;4.16&#8243; _module_preset=&#8221;default&#8221; global_colors_info=&#8221;{}&#8221;][et_pb_text _builder_version=&#8221;4.27.4&#8243; _module_preset=&#8221;default&#8221; text_text_color=&#8221;#ffffff&#8221; header_text_color=&#8221;#ffffff&#8221; header_2_text_color=&#8221;#ffffff&#8221; header_3_text_color=&#8221;#ffffff&#8221; custom_padding=&#8221;60px||||false|false&#8221; hover_enabled=&#8221;0&#8243; global_colors_info=&#8221;{}&#8221; sticky_enabled=&#8221;0&#8243;]<\/p>\n<p>HIDRA DEITY, Idratante e Nutriente Spray senza risciacquo. Ammorbidisce la fi bra capillare aiutando a districarla senza ulteriori aggressioni e senza appesantire<\/p>\n<p>BENEFICI <br \/>HIDRA DEITY Una vera e propria innovazione, con capacit\u00e0 di agire come Anticalcare e con attivit\u00e0 anti Sale Marino. trattiene l\u2019acqua nella fi bra capillare, rendendo i capelli morbidi ed elastici oltre a prevenirne la rottura, a sigillare le squame e ad evitare la formazione delle doppie punte. La formula selezionata di pricipi attivi contribuiscono a purifi care, idratare e a migliorare la tenuta e la brillantezza. Usato particolarmente su capelli colorati per incrementare la ritenzione del Colore.<\/p>\n<p>ISTRUZIONI PER L\u2019USO<br \/>Agitare bene il contenitore, vaporizzare sui capelli umidi precedentemente tamponati dall\u2019acqua in eccesso, distribuire uniformemente su lunghezza e punte. Dona ai capelli una texture idratata morbida, setosa. Il prodotto non si risciacqua.<\/p>\n<p>[\/et_pb_text][\/et_pb_column][et_pb_column type=&#8221;1_4&#8243; _builder_version=&#8221;4.16&#8243; _module_preset=&#8221;default&#8221; global_colors_info=&#8221;{}&#8221;][\/et_pb_column][et_pb_column type=&#8221;1_4&#8243; _builder_version=&#8221;4.16&#8243; _module_preset=&#8221;default&#8221; global_colors_info=&#8221;{}&#8221;][\/et_pb_column][\/et_pb_row][\/et_pb_section]<\/p>\n","protected":false},"excerpt":{"rendered":"<p>HEALTHY INSTANTLY HIDRAFILOSOFIA HEALTHY ISTANTLY HIDRA \u00e8 Sorgente di idratazione profonda per capelli secchi, sensibilizzati, disidratati I capelli secchi appaiono aridi, opachi, facili alla rottura, per ottenere capelli morbidi ed elastici e per contrastare l\u2019effetto crespo, occorre apportare loro le componenti di cui sono maggiormente carenti: acqua e lipidi. Per questo nella linea prodotti HEALTHY [&hellip;]<\/p>\n","protected":false},"author":1,"featured_media":0,"parent":2141,"menu_order":0,"comment_status":"closed","ping_status":"closed","template":"","meta":{"_et_pb_use_builder":"on","_et_pb_old_content":"","_et_gb_content_width":"","footnotes":""},"class_list":["post-6628","page","type-page","status-publish","hentry"],"yoast_head":"<!-- This site is optimized with the Yoast SEO plugin v26.8 - https:\/\/yoast.com\/product\/yoast-seo-wordpress\/ -->\n<title>HEALTHY ISTANTLY HIDRA - Zoe-t<\/title>\n<meta name=\"robots\" content=\"index, follow, max-snippet:-1, max-image-preview:large, max-video-preview:-1\" \/>\n<link rel=\"canonical\" href=\"https:\/\/zoe-t.es\/it\/black-nature\/healthy-istantly-hidra\/\" \/>\n<meta property=\"og:locale\" content=\"it_IT\" \/>\n<meta property=\"og:type\" content=\"article\" \/>\n<meta property=\"og:title\" content=\"HEALTHY ISTANTLY HIDRA - Zoe-t\" \/>\n<meta property=\"og:description\" content=\"HEALTHY INSTANTLY HIDRAFILOSOFIA HEALTHY ISTANTLY HIDRA \u00e8 Sorgente di idratazione profonda per capelli secchi, sensibilizzati, disidratati I capelli secchi appaiono aridi, opachi, facili alla rottura, per ottenere capelli morbidi ed elastici e per contrastare l\u2019effetto crespo, occorre apportare loro le componenti di cui sono maggiormente carenti: acqua e lipidi. Per questo nella linea prodotti HEALTHY [&hellip;]\" \/>\n<meta property=\"og:url\" content=\"https:\/\/zoe-t.es\/it\/black-nature\/healthy-istantly-hidra\/\" \/>\n<meta property=\"og:site_name\" content=\"Zoe-t\" \/>\n<meta property=\"article:modified_time\" content=\"2024-11-27T12:10:26+00:00\" \/>\n<meta name=\"twitter:card\" content=\"summary_large_image\" \/>\n<meta name=\"twitter:label1\" content=\"Tempo di lettura stimato\" \/>\n\t<meta name=\"twitter:data1\" content=\"9 minuti\" \/>\n<script type=\"application\/ld+json\" class=\"yoast-schema-graph\">{\"@context\":\"https:\/\/schema.org\",\"@graph\":[{\"@type\":\"WebPage\",\"@id\":\"https:\/\/zoe-t.es\/it\/black-nature\/healthy-istantly-hidra\/\",\"url\":\"https:\/\/zoe-t.es\/it\/black-nature\/healthy-istantly-hidra\/\",\"name\":\"HEALTHY ISTANTLY HIDRA - Zoe-t\",\"isPartOf\":{\"@id\":\"https:\/\/zoe-t.es\/it\/#website\"},\"datePublished\":\"2024-11-26T16:32:37+00:00\",\"dateModified\":\"2024-11-27T12:10:26+00:00\",\"breadcrumb\":{\"@id\":\"https:\/\/zoe-t.es\/it\/black-nature\/healthy-istantly-hidra\/#breadcrumb\"},\"inLanguage\":\"it-IT\",\"potentialAction\":[{\"@type\":\"ReadAction\",\"target\":[\"https:\/\/zoe-t.es\/it\/black-nature\/healthy-istantly-hidra\/\"]}]},{\"@type\":\"BreadcrumbList\",\"@id\":\"https:\/\/zoe-t.es\/it\/black-nature\/healthy-istantly-hidra\/#breadcrumb\",\"itemListElement\":[{\"@type\":\"ListItem\",\"position\":1,\"name\":\"Portada\",\"item\":\"https:\/\/zoe-t.es\/it\/\"},{\"@type\":\"ListItem\",\"position\":2,\"name\":\"BLACK NATURE\",\"item\":\"https:\/\/zoe-t.es\/it\/black-nature\/\"},{\"@type\":\"ListItem\",\"position\":3,\"name\":\"HEALTHY ISTANTLY HIDRA\"}]},{\"@type\":\"WebSite\",\"@id\":\"https:\/\/zoe-t.es\/it\/#website\",\"url\":\"https:\/\/zoe-t.es\/it\/\",\"name\":\"Zoe-t\",\"description\":\"Luxury for your Hair\",\"potentialAction\":[{\"@type\":\"SearchAction\",\"target\":{\"@type\":\"EntryPoint\",\"urlTemplate\":\"https:\/\/zoe-t.es\/it\/?s={search_term_string}\"},\"query-input\":{\"@type\":\"PropertyValueSpecification\",\"valueRequired\":true,\"valueName\":\"search_term_string\"}}],\"inLanguage\":\"it-IT\"}]}<\/script>\n<!-- \/ Yoast SEO plugin. -->","yoast_head_json":{"title":"HEALTHY ISTANTLY HIDRA - Zoe-t","robots":{"index":"index","follow":"follow","max-snippet":"max-snippet:-1","max-image-preview":"max-image-preview:large","max-video-preview":"max-video-preview:-1"},"canonical":"https:\/\/zoe-t.es\/it\/black-nature\/healthy-istantly-hidra\/","og_locale":"it_IT","og_type":"article","og_title":"HEALTHY ISTANTLY HIDRA - Zoe-t","og_description":"HEALTHY INSTANTLY HIDRAFILOSOFIA HEALTHY ISTANTLY HIDRA \u00e8 Sorgente di idratazione profonda per capelli secchi, sensibilizzati, disidratati I capelli secchi appaiono aridi, opachi, facili alla rottura, per ottenere capelli morbidi ed elastici e per contrastare l\u2019effetto crespo, occorre apportare loro le componenti di cui sono maggiormente carenti: acqua e lipidi. Per questo nella linea prodotti HEALTHY [&hellip;]","og_url":"https:\/\/zoe-t.es\/it\/black-nature\/healthy-istantly-hidra\/","og_site_name":"Zoe-t","article_modified_time":"2024-11-27T12:10:26+00:00","twitter_card":"summary_large_image","twitter_misc":{"Tempo di lettura stimato":"9 minuti"},"schema":{"@context":"https:\/\/schema.org","@graph":[{"@type":"WebPage","@id":"https:\/\/zoe-t.es\/it\/black-nature\/healthy-istantly-hidra\/","url":"https:\/\/zoe-t.es\/it\/black-nature\/healthy-istantly-hidra\/","name":"HEALTHY ISTANTLY HIDRA - Zoe-t","isPartOf":{"@id":"https:\/\/zoe-t.es\/it\/#website"},"datePublished":"2024-11-26T16:32:37+00:00","dateModified":"2024-11-27T12:10:26+00:00","breadcrumb":{"@id":"https:\/\/zoe-t.es\/it\/black-nature\/healthy-istantly-hidra\/#breadcrumb"},"inLanguage":"it-IT","potentialAction":[{"@type":"ReadAction","target":["https:\/\/zoe-t.es\/it\/black-nature\/healthy-istantly-hidra\/"]}]},{"@type":"BreadcrumbList","@id":"https:\/\/zoe-t.es\/it\/black-nature\/healthy-istantly-hidra\/#breadcrumb","itemListElement":[{"@type":"ListItem","position":1,"name":"Portada","item":"https:\/\/zoe-t.es\/it\/"},{"@type":"ListItem","position":2,"name":"BLACK NATURE","item":"https:\/\/zoe-t.es\/it\/black-nature\/"},{"@type":"ListItem","position":3,"name":"HEALTHY ISTANTLY HIDRA"}]},{"@type":"WebSite","@id":"https:\/\/zoe-t.es\/it\/#website","url":"https:\/\/zoe-t.es\/it\/","name":"Zoe-t","description":"Luxury for your Hair","potentialAction":[{"@type":"SearchAction","target":{"@type":"EntryPoint","urlTemplate":"https:\/\/zoe-t.es\/it\/?s={search_term_string}"},"query-input":{"@type":"PropertyValueSpecification","valueRequired":true,"valueName":"search_term_string"}}],"inLanguage":"it-IT"}]}},"_links":{"self":[{"href":"https:\/\/zoe-t.es\/it\/wp-json\/wp\/v2\/pages\/6628","targetHints":{"allow":["GET"]}}],"collection":[{"href":"https:\/\/zoe-t.es\/it\/wp-json\/wp\/v2\/pages"}],"about":[{"href":"https:\/\/zoe-t.es\/it\/wp-json\/wp\/v2\/types\/page"}],"author":[{"embeddable":true,"href":"https:\/\/zoe-t.es\/it\/wp-json\/wp\/v2\/users\/1"}],"replies":[{"embeddable":true,"href":"https:\/\/zoe-t.es\/it\/wp-json\/wp\/v2\/comments?post=6628"}],"version-history":[{"count":4,"href":"https:\/\/zoe-t.es\/it\/wp-json\/wp\/v2\/pages\/6628\/revisions"}],"predecessor-version":[{"id":6688,"href":"https:\/\/zoe-t.es\/it\/wp-json\/wp\/v2\/pages\/6628\/revisions\/6688"}],"up":[{"embeddable":true,"href":"https:\/\/zoe-t.es\/it\/wp-json\/wp\/v2\/pages\/2141"}],"wp:attachment":[{"href":"https:\/\/zoe-t.es\/it\/wp-json\/wp\/v2\/media?parent=6628"}],"curies":[{"name":"wp","href":"https:\/\/api.w.org\/{rel}","templated":true}]}}