{"id":6770,"date":"2024-11-27T17:35:33","date_gmt":"2024-11-27T17:35:33","guid":{"rendered":"https:\/\/zoe-t.es\/white-nature\/wonder-up-color\/"},"modified":"2024-11-27T17:35:34","modified_gmt":"2024-11-27T17:35:34","slug":"wonder-up-color","status":"publish","type":"page","link":"https:\/\/zoe-t.es\/it\/white-nature\/wonder-up-color\/","title":{"rendered":"WONDER UP COLOR"},"content":{"rendered":"<p>[et_pb_section fb_built=&#8221;1&#8243; _builder_version=&#8221;4.16&#8243; _module_preset=&#8221;default&#8221; custom_padding=&#8221;0px||0px||false|false&#8221; global_colors_info=&#8221;{}&#8221;][et_pb_row column_structure=&#8221;3_5,2_5&#8243; use_custom_gutter=&#8221;on&#8221; make_equal=&#8221;on&#8221; custom_padding_last_edited=&#8221;on|desktop&#8221; _builder_version=&#8221;4.27.4&#8243; _module_preset=&#8221;default&#8221; background_color=&#8221;#000000&#8243; background_image=&#8221;https:\/\/zoe-t.es\/wp-content\/uploads\/2020\/08\/bg-white-nature-2.jpg&#8221; width=&#8221;100%&#8221; custom_margin=&#8221;||0px||false|false&#8221; custom_margin_tablet=&#8221;||-25px||false|false&#8221; custom_margin_phone=&#8221;&#8221; custom_margin_last_edited=&#8221;on|desktop&#8221; custom_padding=&#8221;0px||0px||false|false&#8221; custom_padding_tablet=&#8221;0px||0px||false|false&#8221; custom_padding_phone=&#8221;&#8221; hover_enabled=&#8221;0&#8243; background_last_edited=&#8221;on|phone&#8221; background_image_tablet=&#8221;https:\/\/zoe-t.es\/wp-content\/uploads\/2020\/08\/bg_white_nature2.jpg&#8221; background_image_phone=&#8221;https:\/\/zoe-t.es\/wp-content\/uploads\/2020\/08\/bg_white_nature2.jpg&#8221; background_enable_image_tablet=&#8221;on&#8221; background_enable_image_phone=&#8221;on&#8221; background_size_phone=&#8221;cover&#8221; global_colors_info=&#8221;{}&#8221; title_text_phone=&#8221;WHITE NATURE&#8221; title_text_tablet=&#8221;WHITE NATURE&#8221; alt_tablet=&#8221;WHITE NATURE&#8221; alt_phone=&#8221;WHITE NATURE&#8221; sticky_enabled=&#8221;0&#8243;][et_pb_column type=&#8221;3_5&#8243; _builder_version=&#8221;4.27.4&#8243; _module_preset=&#8221;default&#8221; background_image=&#8221;https:\/\/zoe-t.es\/wp-content\/uploads\/2024\/11\/wonder-up.png&#8221; custom_padding=&#8221;185px||185px||true|false&#8221; custom_padding_tablet=&#8221;165px||165px||true|false&#8221; custom_padding_phone=&#8221;165px||165px||true|false&#8221; custom_padding_last_edited=&#8221;on|tablet&#8221; hover_enabled=&#8221;0&#8243; background_last_edited=&#8221;on|phone&#8221; background_image_tablet=&#8221;https:\/\/zoe-t.es\/wp-content\/uploads\/2024\/11\/wonder-up-mobile.png&#8221; background_image_phone=&#8221;https:\/\/zoe-t.es\/wp-content\/uploads\/2024\/11\/wonder-up-mobile.png&#8221; background_enable_image_tablet=&#8221;on&#8221; background_enable_image_phone=&#8221;on&#8221; background_size_tablet=&#8221;contain&#8221; global_colors_info=&#8221;{}&#8221; alt_tablet=&#8221;WAY COLOR&#8221; title_text_tablet=&#8221;WAY COLOR&#8221; alt_phone=&#8221;WAY COLOR&#8221; title_text_phone=&#8221;WAY COLOR&#8221; alt=&#8221;WONDER UP COLOR&#8221; title_text=&#8221;wonder-up-mobile&#8221; sticky_enabled=&#8221;0&#8243;][\/et_pb_column][et_pb_column type=&#8221;2_5&#8243; _builder_version=&#8221;4.16&#8243; _module_preset=&#8221;default&#8221; background_enable_color=&#8221;off&#8221; custom_padding=&#8221;80px|||25px|false|false&#8221; custom_padding_tablet=&#8221;0px|||0px|false|false&#8221; custom_padding_phone=&#8221;&#8221; custom_padding_last_edited=&#8221;on|desktop&#8221; global_colors_info=&#8221;{}&#8221;][et_pb_image src=&#8221;https:\/\/zoe-t.es\/wp-content\/uploads\/2024\/11\/wonder-up-color.jpg&#8221; alt=&#8221;WONDER UP COLOR&#8221; title_text=&#8221;wonder-up-color&#8221; align=&#8221;center&#8221; align_tablet=&#8221;center&#8221; align_phone=&#8221;&#8221; align_last_edited=&#8221;on|tablet&#8221; _builder_version=&#8221;4.27.4&#8243; _module_preset=&#8221;default&#8221; width=&#8221;30%&#8221; width_tablet=&#8221;19%&#8221; width_phone=&#8221;27%&#8221; width_last_edited=&#8221;on|desktop&#8221; module_alignment=&#8221;left&#8221; custom_margin=&#8221;14vh||||false|false&#8221; custom_margin_tablet=&#8221;0vh||||false|false&#8221; custom_margin_phone=&#8221;-3vh||||false|false&#8221; custom_margin_last_edited=&#8221;on|desktop&#8221; custom_padding=&#8221;63px||0px||false|false&#8221; custom_padding_tablet=&#8221;19px||27px||false|false&#8221; custom_padding_phone=&#8221;&#8221; custom_padding_last_edited=&#8221;on|phone&#8221; hover_enabled=&#8221;0&#8243; module_alignment_tablet=&#8221;center&#8221; module_alignment_phone=&#8221;center&#8221; module_alignment_last_edited=&#8221;on|phone&#8221; border_color_all=&#8221;#000000&#8243; global_colors_info=&#8221;{}&#8221; sticky_enabled=&#8221;0&#8243;][\/et_pb_image][\/et_pb_column][\/et_pb_row][\/et_pb_section][et_pb_section fb_built=&#8221;1&#8243; _builder_version=&#8221;4.16&#8243; _module_preset=&#8221;default&#8221; custom_padding=&#8221;0px||0px||false|false&#8221; global_colors_info=&#8221;{}&#8221;][et_pb_row column_structure=&#8221;1_2,1_2&#8243; _builder_version=&#8221;4.16&#8243; _module_preset=&#8221;default&#8221; background_enable_image=&#8221;off&#8221; custom_padding=&#8221;81px||2px|||&#8221; global_colors_info=&#8221;{}&#8221;][et_pb_column type=&#8221;1_2&#8243; _builder_version=&#8221;4.16&#8243; _module_preset=&#8221;default&#8221; global_colors_info=&#8221;{}&#8221;][et_pb_text _builder_version=&#8221;4.27.4&#8243; _module_preset=&#8221;default&#8221; hover_enabled=&#8221;0&#8243; global_colors_info=&#8221;{}&#8221; sticky_enabled=&#8221;0&#8243;]<\/p>\n<h1>FILOSOFIA<\/h1>\n<p>&nbsp;<\/p>\n<p>WONDER UP COLOR \u00e8 la colorazione professionale in grado di soddisfare le nuove richieste di mercato, permettendo di aumentare la gamma dei servizi offerti nel salone e la redditivit\u00e0 del reparto colore.<\/p>\n<p>La colorazione ideale per le tutte le Donne, offre la possibilit\u00e0 di cambiare il colore dei capelli quando lo si desidera, in base alle esigenze e ai desideri di ognuna o, perch\u00e9 no, in base alla stagione. Cambiare colore \u00e8 facile e sicuro perch\u00e9 non altera la cuticola del capello.<\/p>\n<p>WONDER UP COLOR Rispetta la naturale struttura dei capelli e dona lucentezza straordinaria, la sua formula rivoluzionaria libera la creativit\u00e0 di ogni colorista, consentendo di creare look unici e multisfaccettati.<\/p>\n<p>L\u2019innovativa tecnologia in Olio\/Gel a solo deposito, semplice, rapida e versatile, offre risultati cromatici infiniti e personalizzati che consentono di cambiare stile con facilit\u00e0.<\/p>\n<p>La speciale formula \u00e8 ideale per le cuti pi\u00f9 sensibili e garantisce capelli dall\u2019aspetto sano e vibrante.<\/p>\n<p>LA RIVOLUZIONE DEL COLOR: WONDER UP COLOR contiene \u201cHIGH-TECH COMPLEX\u201d che ha il compito di raggiungere destinazioni e risultati ben precisi su capelli e cute, ulteriormente arricchita di principi attivi vegetali, come Rosemary Extract e White Tea Extract.<\/p>\n<p>Cruelty free, 100% Vegan,priva di Ammoniaca, PPD e Resorcina.<\/p>\n<p>La sua texture in Olio\/Gel garantisce una distribuzione del colore omogenea e senza colature, rendendo l\u2019applicazione semplice, precisa e affidabile.<\/p>\n<p>&nbsp;<\/p>\n<p>[\/et_pb_text][et_pb_image _builder_version=&#8221;4.16&#8243; _module_preset=&#8221;default&#8221; global_colors_info=&#8221;{}&#8221;][\/et_pb_image][\/et_pb_column][et_pb_column type=&#8221;1_2&#8243; _builder_version=&#8221;4.16&#8243; _module_preset=&#8221;default&#8221; global_colors_info=&#8221;{}&#8221;][et_pb_text _builder_version=&#8221;4.27.4&#8243; _module_preset=&#8221;default&#8221; text_text_color=&#8221;#ffffff&#8221; custom_padding=&#8221;||0px|||&#8221; hover_enabled=&#8221;0&#8243; global_colors_info=&#8221;{}&#8221; sticky_enabled=&#8221;0&#8243;]<\/p>\n<h1>WONDER UP, Live your COLOR<\/h1>\n<h2>Coloring, Toning, Reflexive, Correct<\/h2>\n<p>[\/et_pb_text][et_pb_image src=&#8221;https:\/\/zoe-t.es\/wp-content\/uploads\/2024\/11\/ingredients.png&#8221; alt=&#8221;Professional Hair CREAM COLOR&#8221; title_text=&#8221;ingredients&#8221; _builder_version=&#8221;4.27.4&#8243; _module_preset=&#8221;default&#8221; hover_enabled=&#8221;0&#8243; global_colors_info=&#8221;{}&#8221; sticky_enabled=&#8221;0&#8243;][\/et_pb_image][\/et_pb_column][\/et_pb_row][et_pb_row column_structure=&#8221;1_4,3_4&#8243; _builder_version=&#8221;4.16&#8243; _module_preset=&#8221;default&#8221; global_colors_info=&#8221;{}&#8221;][et_pb_column type=&#8221;1_4&#8243; _builder_version=&#8221;4.16&#8243; _module_preset=&#8221;default&#8221; global_colors_info=&#8221;{}&#8221;][et_pb_image src=&#8221;https:\/\/zoe-t.es\/wp-content\/uploads\/2024\/11\/wonder-up-box.jpg&#8221; alt=&#8221;Wonder Up Color Box&#8221; title_text=&#8221;Wonder Up Color Box&#8221; align=&#8221;center&#8221; _builder_version=&#8221;4.27.4&#8243; _module_preset=&#8221;default&#8221; max_width=&#8221;100%&#8221; max_width_tablet=&#8221;60%&#8221; max_width_phone=&#8221;60%&#8221; max_width_last_edited=&#8221;on|phone&#8221; custom_margin=&#8221;||-3px|||&#8221; custom_padding=&#8221;0px|||||&#8221; hover_enabled=&#8221;0&#8243; global_colors_info=&#8221;{}&#8221; sticky_enabled=&#8221;0&#8243;][\/et_pb_image][et_pb_text _builder_version=&#8221;4.27.4&#8243; _module_preset=&#8221;default&#8221; header_font=&#8221;Molengo|300|||||||&#8221; header_text_align=&#8221;center&#8221; header_font_size=&#8221;29px&#8221; header_2_font=&#8221;Roboto|300|||||||&#8221; text_orientation=&#8221;center&#8221; custom_padding=&#8221;19px||||false|false&#8221; custom_padding_tablet=&#8221;&#8221; custom_padding_phone=&#8221;&#8221; custom_padding_last_edited=&#8221;on|desktop&#8221; hover_enabled=&#8221;0&#8243; header_font_size_tablet=&#8221;&#8221; header_font_size_phone=&#8221;&#8221; header_font_size_last_edited=&#8221;on|desktop&#8221; border_color_top=&#8221;#006FBA&#8221; global_colors_info=&#8221;{}&#8221; sticky_enabled=&#8221;0&#8243;]<\/p>\n<h1>Wonder Up Color<br \/>Box x2 60ml<\/h1>\n<p>[\/et_pb_text][\/et_pb_column][et_pb_column type=&#8221;3_4&#8243; _builder_version=&#8221;4.16&#8243; _module_preset=&#8221;default&#8221; global_colors_info=&#8221;{}&#8221;][et_pb_text _builder_version=&#8221;4.27.4&#8243; _module_preset=&#8221;default&#8221; header_text_color=&#8221;#ffffff&#8221; header_2_text_color=&#8221;#ffffff&#8221; header_3_text_color=&#8221;#ffffff&#8221; custom_padding=&#8221;60px||||false|false&#8221; hover_enabled=&#8221;0&#8243; global_colors_info=&#8221;{}&#8221; sticky_enabled=&#8221;0&#8243;]<\/p>\n<p>Innovativo sistema di colorazione (Demi color) a base di un esclusivo HIGH-TECH COMPLEX perfetto per colorare i capelli senza ammoniaca e senza compromessi. La formulazione in olio\/ gel garantisce brillantezza, uniformit\u00e0 del colore e il massimo di copertura dei capelli bianchi. WONDER UP COLOR \u00e8 la colorazione 100% vegan e cruelty free, perfetta per un cambiamento rispettoso della salute dei tuoi capelli.<\/p>\n<p>BENEFICI <br \/>Tecnologia Brevettata a pH Dolce, l\u2019esclusivo HIGH-TECH COMPLEX sviluppato in Green Concept gli permette di agire direttamente sul pH rendendolo perfettamente equilibrato. La sua Texture in Olio\/gel sviluppata in Smart Concept e a Viscosit\u00e0 controllata, facilit\u00e0 l\u2019applicazione rendendo uniforme le sue Performance, migliora la sua penetrazione e previene le irritazioni e gli effetti indesiderati senza il rischio di colature<\/p>\n<p>ISTRUZIONI PER L\u2019USO<\/p>\n<p>Per Colorazione: agitare WONDER UP COLOR prima dell\u2019uso. Miscelare in una ciotola non metallica con WONDER UP ACTIVATOR (Rapporto 1:1) ed applicare in modo uniforme sui capelli asciutti e non lavati. Lasciare in posa per 15\/20 minuti e risciacquare con abbondante acqua. Per Tonalizzare Meches o Ravvivare il Rifl esso: agitare WONDER UP COLOR prima dell\u2019uso. Miscelare in una ciotola non metallica con WONDER UP ACTIVATOR (Rapporto 1:1) ed applicare in modo uniforme Lasciare in posa da 10\/15 a seconda della condizione e del grado di ricettivit\u00e0 del capello e del risultato che si vuole ottenere e risciacquare con abbondante acqua.<\/p>\n<p>[\/et_pb_text][\/et_pb_column][\/et_pb_row][et_pb_row column_structure=&#8221;1_4,3_4&#8243; _builder_version=&#8221;4.16&#8243; _module_preset=&#8221;default&#8221; global_colors_info=&#8221;{}&#8221;][et_pb_column type=&#8221;1_4&#8243; _builder_version=&#8221;4.16&#8243; _module_preset=&#8221;default&#8221; global_colors_info=&#8221;{}&#8221;][et_pb_image src=&#8221;https:\/\/zoe-t.es\/wp-content\/uploads\/2024\/11\/wonder-up-activator.png&#8221; alt=&#8221;Wonder Up Activator&#8221; title_text=&#8221;Wonder Up Activator&#8221; align=&#8221;center&#8221; _builder_version=&#8221;4.27.4&#8243; _module_preset=&#8221;default&#8221; max_width=&#8221;100%&#8221; max_width_tablet=&#8221;60%&#8221; max_width_phone=&#8221;60%&#8221; max_width_last_edited=&#8221;on|phone&#8221; custom_margin=&#8221;||-3px|||&#8221; custom_padding=&#8221;0px|||||&#8221; hover_enabled=&#8221;0&#8243; global_colors_info=&#8221;{}&#8221; sticky_enabled=&#8221;0&#8243;][\/et_pb_image][et_pb_text _builder_version=&#8221;4.27.4&#8243; _module_preset=&#8221;default&#8221; header_font=&#8221;Molengo|300|||||||&#8221; header_text_align=&#8221;center&#8221; header_font_size=&#8221;29px&#8221; header_2_font=&#8221;Roboto|300|||||||&#8221; text_orientation=&#8221;center&#8221; custom_padding=&#8221;19px||||false|false&#8221; custom_padding_tablet=&#8221;&#8221; custom_padding_phone=&#8221;&#8221; custom_padding_last_edited=&#8221;on|desktop&#8221; hover_enabled=&#8221;0&#8243; header_font_size_tablet=&#8221;&#8221; header_font_size_phone=&#8221;&#8221; header_font_size_last_edited=&#8221;on|desktop&#8221; border_color_top=&#8221;#006FBA&#8221; global_colors_info=&#8221;{}&#8221; sticky_enabled=&#8221;0&#8243;]<\/p>\n<h1>Wonder Up Activator<br \/>1000ml.<\/h1>\n<p>[\/et_pb_text][\/et_pb_column][et_pb_column type=&#8221;3_4&#8243; _builder_version=&#8221;4.16&#8243; _module_preset=&#8221;default&#8221; global_colors_info=&#8221;{}&#8221;][et_pb_text _builder_version=&#8221;4.27.4&#8243; _module_preset=&#8221;default&#8221; header_text_color=&#8221;#ffffff&#8221; header_2_text_color=&#8221;#ffffff&#8221; header_3_text_color=&#8221;#ffffff&#8221; custom_padding=&#8221;60px||||false|false&#8221; hover_enabled=&#8221;0&#8243; global_colors_info=&#8221;{}&#8221; sticky_enabled=&#8221;0&#8243;]<\/p>\n<p>Grazie alla sua formula stabilizzata e calibrata, agisce donando al trattamento Colore un risultato piu\u2019 durature ed effi cace.<\/p>\n<p>BENEFICI<br \/>Il Perossido di Idrogeno meglio conosciuto con il nome di Acqua Ossigenata o nella sua sigla H2O2 possiede 2 atomi di idrogeno e 2 di ossigeno ed \u00e8 un elemento principale per la colorazione dei capelli per diversi fattori: per la sua Acidit\u00e0 e per il processo di Ossidazione. WONDER UP ACTIVATOR si presenta con una Textur in Crema e misura Acqua ossigenata stabilizzata in emulsione a 3,5 Volumi (1,05%) ed \u00e8 indispensabile seguire le regole di colorazioni per avere il massimo della sua espressione.. \u00c8 fondamentale rispettare il rapporto di miscelazione tra WONDER UP COLOR e WONDER UP ACTIVATOR segnato sulla confezione poich\u00e9 una eccessiva o inferiore quantit\u00e0 di acqua ossigenata potrebbe ostacolare il buon risultato delle sue prestazioni <\/p>\n<p>ISTRUZIONI PER L\u2019USO <br \/>agitare il fl acone WONDER UP ACTIVATOR prima dell\u2019uso. Miscelare in una ciotola non metallica con WONDER UP COLOR (Rapporto 1:1) fi no a che non si formi una texture omogenea ed applicare in modo uniforme sui capelli. Lasciare in posa e risciacquare con abbondante acqua.<\/p>\n<p>[\/et_pb_text][\/et_pb_column][\/et_pb_row][\/et_pb_section]<\/p>\n","protected":false},"excerpt":{"rendered":"<p>FILOSOFIA &nbsp; WONDER UP COLOR \u00e8 la colorazione professionale in grado di soddisfare le nuove richieste di mercato, permettendo di aumentare la gamma dei servizi offerti nel salone e la redditivit\u00e0 del reparto colore. La colorazione ideale per le tutte le Donne, offre la possibilit\u00e0 di cambiare il colore dei capelli quando lo si desidera, [&hellip;]<\/p>\n","protected":false},"author":1,"featured_media":0,"parent":2240,"menu_order":0,"comment_status":"closed","ping_status":"closed","template":"","meta":{"_et_pb_use_builder":"on","_et_pb_old_content":"","_et_gb_content_width":"","footnotes":""},"class_list":["post-6770","page","type-page","status-publish","hentry"],"yoast_head":"<!-- This site is optimized with the Yoast SEO plugin v26.8 - https:\/\/yoast.com\/product\/yoast-seo-wordpress\/ -->\n<title>WONDER UP COLOR - Zoe-t<\/title>\n<meta name=\"robots\" content=\"index, follow, max-snippet:-1, max-image-preview:large, max-video-preview:-1\" \/>\n<link rel=\"canonical\" href=\"https:\/\/zoe-t.es\/it\/white-nature\/wonder-up-color\/\" \/>\n<meta property=\"og:locale\" content=\"it_IT\" \/>\n<meta property=\"og:type\" content=\"article\" \/>\n<meta property=\"og:title\" content=\"WONDER UP COLOR - Zoe-t\" \/>\n<meta property=\"og:description\" content=\"FILOSOFIA &nbsp; WONDER UP COLOR \u00e8 la colorazione professionale in grado di soddisfare le nuove richieste di mercato, permettendo di aumentare la gamma dei servizi offerti nel salone e la redditivit\u00e0 del reparto colore. La colorazione ideale per le tutte le Donne, offre la possibilit\u00e0 di cambiare il colore dei capelli quando lo si desidera, [&hellip;]\" \/>\n<meta property=\"og:url\" content=\"https:\/\/zoe-t.es\/it\/white-nature\/wonder-up-color\/\" \/>\n<meta property=\"og:site_name\" content=\"Zoe-t\" \/>\n<meta property=\"article:modified_time\" content=\"2024-11-27T17:35:34+00:00\" \/>\n<meta name=\"twitter:card\" content=\"summary_large_image\" \/>\n<meta name=\"twitter:label1\" content=\"Tempo di lettura stimato\" \/>\n\t<meta name=\"twitter:data1\" content=\"8 minuti\" \/>\n<script type=\"application\/ld+json\" class=\"yoast-schema-graph\">{\"@context\":\"https:\/\/schema.org\",\"@graph\":[{\"@type\":\"WebPage\",\"@id\":\"https:\/\/zoe-t.es\/it\/white-nature\/wonder-up-color\/\",\"url\":\"https:\/\/zoe-t.es\/it\/white-nature\/wonder-up-color\/\",\"name\":\"WONDER UP COLOR - Zoe-t\",\"isPartOf\":{\"@id\":\"https:\/\/zoe-t.es\/it\/#website\"},\"datePublished\":\"2024-11-27T17:35:33+00:00\",\"dateModified\":\"2024-11-27T17:35:34+00:00\",\"breadcrumb\":{\"@id\":\"https:\/\/zoe-t.es\/it\/white-nature\/wonder-up-color\/#breadcrumb\"},\"inLanguage\":\"it-IT\",\"potentialAction\":[{\"@type\":\"ReadAction\",\"target\":[\"https:\/\/zoe-t.es\/it\/white-nature\/wonder-up-color\/\"]}]},{\"@type\":\"BreadcrumbList\",\"@id\":\"https:\/\/zoe-t.es\/it\/white-nature\/wonder-up-color\/#breadcrumb\",\"itemListElement\":[{\"@type\":\"ListItem\",\"position\":1,\"name\":\"Portada\",\"item\":\"https:\/\/zoe-t.es\/it\/\"},{\"@type\":\"ListItem\",\"position\":2,\"name\":\"WHITE NATURE\",\"item\":\"https:\/\/zoe-t.es\/it\/white-nature\/\"},{\"@type\":\"ListItem\",\"position\":3,\"name\":\"WONDER UP COLOR\"}]},{\"@type\":\"WebSite\",\"@id\":\"https:\/\/zoe-t.es\/it\/#website\",\"url\":\"https:\/\/zoe-t.es\/it\/\",\"name\":\"Zoe-t\",\"description\":\"Luxury for your Hair\",\"potentialAction\":[{\"@type\":\"SearchAction\",\"target\":{\"@type\":\"EntryPoint\",\"urlTemplate\":\"https:\/\/zoe-t.es\/it\/?s={search_term_string}\"},\"query-input\":{\"@type\":\"PropertyValueSpecification\",\"valueRequired\":true,\"valueName\":\"search_term_string\"}}],\"inLanguage\":\"it-IT\"}]}<\/script>\n<!-- \/ Yoast SEO plugin. -->","yoast_head_json":{"title":"WONDER UP COLOR - Zoe-t","robots":{"index":"index","follow":"follow","max-snippet":"max-snippet:-1","max-image-preview":"max-image-preview:large","max-video-preview":"max-video-preview:-1"},"canonical":"https:\/\/zoe-t.es\/it\/white-nature\/wonder-up-color\/","og_locale":"it_IT","og_type":"article","og_title":"WONDER UP COLOR - Zoe-t","og_description":"FILOSOFIA &nbsp; WONDER UP COLOR \u00e8 la colorazione professionale in grado di soddisfare le nuove richieste di mercato, permettendo di aumentare la gamma dei servizi offerti nel salone e la redditivit\u00e0 del reparto colore. La colorazione ideale per le tutte le Donne, offre la possibilit\u00e0 di cambiare il colore dei capelli quando lo si desidera, [&hellip;]","og_url":"https:\/\/zoe-t.es\/it\/white-nature\/wonder-up-color\/","og_site_name":"Zoe-t","article_modified_time":"2024-11-27T17:35:34+00:00","twitter_card":"summary_large_image","twitter_misc":{"Tempo di lettura stimato":"8 minuti"},"schema":{"@context":"https:\/\/schema.org","@graph":[{"@type":"WebPage","@id":"https:\/\/zoe-t.es\/it\/white-nature\/wonder-up-color\/","url":"https:\/\/zoe-t.es\/it\/white-nature\/wonder-up-color\/","name":"WONDER UP COLOR - Zoe-t","isPartOf":{"@id":"https:\/\/zoe-t.es\/it\/#website"},"datePublished":"2024-11-27T17:35:33+00:00","dateModified":"2024-11-27T17:35:34+00:00","breadcrumb":{"@id":"https:\/\/zoe-t.es\/it\/white-nature\/wonder-up-color\/#breadcrumb"},"inLanguage":"it-IT","potentialAction":[{"@type":"ReadAction","target":["https:\/\/zoe-t.es\/it\/white-nature\/wonder-up-color\/"]}]},{"@type":"BreadcrumbList","@id":"https:\/\/zoe-t.es\/it\/white-nature\/wonder-up-color\/#breadcrumb","itemListElement":[{"@type":"ListItem","position":1,"name":"Portada","item":"https:\/\/zoe-t.es\/it\/"},{"@type":"ListItem","position":2,"name":"WHITE NATURE","item":"https:\/\/zoe-t.es\/it\/white-nature\/"},{"@type":"ListItem","position":3,"name":"WONDER UP COLOR"}]},{"@type":"WebSite","@id":"https:\/\/zoe-t.es\/it\/#website","url":"https:\/\/zoe-t.es\/it\/","name":"Zoe-t","description":"Luxury for your Hair","potentialAction":[{"@type":"SearchAction","target":{"@type":"EntryPoint","urlTemplate":"https:\/\/zoe-t.es\/it\/?s={search_term_string}"},"query-input":{"@type":"PropertyValueSpecification","valueRequired":true,"valueName":"search_term_string"}}],"inLanguage":"it-IT"}]}},"_links":{"self":[{"href":"https:\/\/zoe-t.es\/it\/wp-json\/wp\/v2\/pages\/6770","targetHints":{"allow":["GET"]}}],"collection":[{"href":"https:\/\/zoe-t.es\/it\/wp-json\/wp\/v2\/pages"}],"about":[{"href":"https:\/\/zoe-t.es\/it\/wp-json\/wp\/v2\/types\/page"}],"author":[{"embeddable":true,"href":"https:\/\/zoe-t.es\/it\/wp-json\/wp\/v2\/users\/1"}],"replies":[{"embeddable":true,"href":"https:\/\/zoe-t.es\/it\/wp-json\/wp\/v2\/comments?post=6770"}],"version-history":[{"count":2,"href":"https:\/\/zoe-t.es\/it\/wp-json\/wp\/v2\/pages\/6770\/revisions"}],"predecessor-version":[{"id":6772,"href":"https:\/\/zoe-t.es\/it\/wp-json\/wp\/v2\/pages\/6770\/revisions\/6772"}],"up":[{"embeddable":true,"href":"https:\/\/zoe-t.es\/it\/wp-json\/wp\/v2\/pages\/2240"}],"wp:attachment":[{"href":"https:\/\/zoe-t.es\/it\/wp-json\/wp\/v2\/media?parent=6770"}],"curies":[{"name":"wp","href":"https:\/\/api.w.org\/{rel}","templated":true}]}}